{"id":51653,"date":"2025-06-16T09:44:49","date_gmt":"2025-06-16T06:44:49","guid":{"rendered":"https:\/\/reginett.ee\/?post_type=product&#038;p=51653"},"modified":"2026-04-30T09:16:44","modified_gmt":"2026-04-30T06:16:44","slug":"nullpoorderaadiusega-niiduk-toro-timecutter-mr4275t-uus","status":"publish","type":"product","link":"https:\/\/reginett.ee\/ru\/toode\/nullpoorderaadiusega-niiduk-toro-timecutter-mr4275t-uus\/","title":{"rendered":"Nullp\u00f6\u00f6rderaadiusega niiduk TORO Timecutter MR4275T Kohler"},"content":{"rendered":"<blockquote><p><strong>TORO TimeCutter MR4275T<\/strong> on nii hea man\u00f6\u00f6verdusv\u00f5imega zeroturn, et v\u00f5ite senise niitmise aja poolitada! Spetsiaalselt projekteeritud kiireks, teov\u00f5imeliseks ja k\u00f5rgkvaliteediliseks niitmiseks. Kaks lihtsalt kasutatavat juhtimiskangi asendavad murutraktori juhtimis-seadmeid \u2013 rooli, gaasipedaali ja pidurit.<br \/>\n<strong>Kohler 24,5 hj V-Twin mootor<\/strong><br \/>\n2x h\u00fcdrostaatiline \u00fclekanne<\/p><\/blockquote>\n<h3><strong>Professionaali veri<\/strong><\/h3>\n<p>Nende muruniidukite veenides voolab l\u00e4binisti meie kommertsniidukite veri, pakkudes teile sama tehnoloogiat ja vastupidavust, mida ootavad professionaalid, et saada t\u00f6\u00f6 iga kord korralikult tehtud juba esimese katsega.<\/p>\n<h3><strong>Kohler V-Twin mootor<\/strong><\/h3>\n<p>Kohler mootorid on valmistatud silmas pidades professionaalide vajadusi. V\u00f5ite kindlad olla selle vastupidavuses ja kvaliteedis.<\/p>\n<h3><strong>107 cm (42\u201c) keevis l\u00f5ikekorpus<\/strong><\/h3>\n<p>Toro valmistatud kommertsklassi keeviskorpus tagab aastatepikkuse t\u00f6\u00f6kindluse ja parima j\u00f5udluse.<\/p>\n<h3><strong>K\u00f5rge seljatoe ja k\u00e4etugedega iste<\/strong><\/h3>\n<p>Astuge keerukatele t\u00f6\u00f6dele vastu stiilse niidukiga, millel on k\u00e4sit\u00f6\u00f6na valminud \u00fclimalt mugav ja selga toetav iste.<\/p>\n<h3><strong>2 x H\u00fcdrosataatiline \u00fclekanne<\/strong><\/h3>\n<p>S\u00f5ltumatu 2x h\u00fcdrostaatiline veo\u00fclekanne annab masinale tundliku reageerimise ja null-p\u00f6\u00f6rdega man\u00f6\u00f6verdamise v\u00f5ime. P\u00fcsivaks vastupidavuseks ja paremaks j\u00f5udluseks on eraldi seisvad k\u00e4igukastid mis on kinnitatud Toro t\u00e4israamile ja toestatud p\u00f5iklattidega.<\/p>\n<h3><strong>Smart Speed kiirusekontroll<\/strong><\/h3>\n<p>Saate kontrolli oma niidukiiruse \u00fcle, samal ajal ohverdamata terade l\u00f5ike kiirust.<\/p>\n<h3><strong>MyRIDE vedrustuss\u00fcsteem<\/strong><\/h3>\n<p>Kaitske oma keha karmi maastiku eest ja v\u00e4ltige aeglast niitmist, kasutades MyRIDE vedrustuss\u00fcsteemi. T\u00e4nu MyRIDE\u2019ile on teil tegevusest hea \u00fclevaade ja niiduk summutab k\u00f5ik maastiku ebatasasustest tingitud p\u00f5rutused, ilma et need teid m\u00f5jutaksid.<\/p>\n<h3><strong>Looduse eest kaitstud<\/strong><\/h3>\n<p>Porilauad kaitsevad teid niites emakese looduse eest. Erinevalt meie konkurentidest kuuluvad need k\u00f5igi TimeCutterite standardvarustusse. Lisaks sellele, et porilauad kaitsevad mootorit poripritsmete eest, hoiavad need ka teie selja puhtana.<\/p>\n","protected":false},"excerpt":{"rendered":"<p><strong>TORO TimeCutter MR4275T<\/strong> on nii hea man\u00f6\u00f6verdusv\u00f5imega, et v\u00f5ite senise niitmise aja poolitada! Spetsiaalselt projekteeritud kiireks, teov\u00f5imeliseks ja k\u00f5rgkvaliteediliseks niitmiseks. Kaks lihtsalt kasutatavat juhtimiskangi asendavad murutraktori juhtimis-seadmeid \u2013 rooli, gaasipedaali ja pidurit.<br \/>\n708cc (24,5 hj) Toro\u00ae V-Twin mootor<br \/>\n2x h\u00fcdrostaatiline \u00fclekanne<br \/>\nGarantii: 3 aastat limiteeritud<\/p>\n","protected":false},"featured_media":52791,"comment_status":"open","ping_status":"closed","template":"","meta":{"_acf_changed":false,"_et_pb_use_builder":"","_et_pb_old_content":"","_et_gb_content_width":"","inline_featured_image":false},"pwb-brand":[148],"product_brand":[],"product_cat":[134,26,149,57],"product_tag":[93,94],"class_list":{"0":"post-51653","1":"product","2":"type-product","3":"status-publish","4":"has-post-thumbnail","6":"pwb-brand-toro","7":"product_cat-eripakkumised","8":"product_cat-murutraktorid","9":"product_cat-toro","10":"product_cat-zeroturnid","11":"product_tag-nullpoorderaadiusega","12":"product_tag-zeroturn","13":"product_shipping_class-rasked-asjad","15":"first","16":"outofstock","17":"sale","18":"shipping-taxable","19":"purchasable","20":"product-type-simple"},"acf":[],"yoast_head":"<!-- This site is optimized with the Yoast SEO plugin v26.6 - https:\/\/yoast.com\/wordpress\/plugins\/seo\/ -->\n<title>TORO Timecutter MR4275T. Nullp\u00f6\u00f6rderaadiusega niidukid<\/title>\n<meta name=\"description\" content=\"Toro TimeCutter MR4275T on nii hea man\u00f6\u00f6verdusv\u00f5imega zeroturn, et v\u00f5ite senise niitmise aja poolitada! Spetsiaalselt projekteeritud kiireks\" \/>\n<meta name=\"robots\" content=\"index, follow, max-snippet:-1, max-image-preview:large, max-video-preview:-1\" \/>\n<link rel=\"canonical\" href=\"https:\/\/reginett.ee\/toode\/nullpoorderaadiusega-niiduk-toro-timecutter-mr4275t-uus\/\" \/>\n<meta property=\"og:locale\" content=\"ru_RU\" \/>\n<meta property=\"og:type\" content=\"article\" \/>\n<meta property=\"og:title\" content=\"TORO Timecutter MR4275T. Nullp\u00f6\u00f6rderaadiusega niidukid\" \/>\n<meta property=\"og:description\" content=\"Toro TimeCutter MR4275T on nii hea man\u00f6\u00f6verdusv\u00f5imega zeroturn, et v\u00f5ite senise niitmise aja poolitada! Spetsiaalselt projekteeritud kiireks\" \/>\n<meta property=\"og:url\" content=\"https:\/\/reginett.ee\/toode\/nullpoorderaadiusega-niiduk-toro-timecutter-mr4275t-uus\/\" \/>\n<meta property=\"og:site_name\" content=\"Reginett\" \/>\n<meta property=\"article:modified_time\" content=\"2026-04-30T06:16:44+00:00\" \/>\n<meta property=\"og:image\" content=\"https:\/\/reginett.ee\/wp-content\/uploads\/2020\/04\/TORO-MX4275T.jpg\" \/>\n\t<meta property=\"og:image:width\" content=\"680\" \/>\n\t<meta property=\"og:image:height\" content=\"372\" \/>\n\t<meta property=\"og:image:type\" content=\"image\/jpeg\" \/>\n<meta name=\"twitter:card\" content=\"summary_large_image\" \/>\n<meta name=\"twitter:label1\" content=\"\u041f\u0440\u0438\u043c\u0435\u0440\u043d\u043e\u0435 \u0432\u0440\u0435\u043c\u044f \u0434\u043b\u044f \u0447\u0442\u0435\u043d\u0438\u044f\" \/>\n\t<meta name=\"twitter:data1\" content=\"2 \u043c\u0438\u043d\u0443\u0442\u044b\" \/>\n<script type=\"application\/ld+json\" class=\"yoast-schema-graph\">{\"@context\":\"https:\/\/schema.org\",\"@graph\":[{\"@type\":\"WebPage\",\"@id\":\"https:\/\/reginett.ee\/toode\/nullpoorderaadiusega-niiduk-toro-timecutter-mr4275t-uus\/\",\"url\":\"https:\/\/reginett.ee\/toode\/nullpoorderaadiusega-niiduk-toro-timecutter-mr4275t-uus\/\",\"name\":\"TORO Timecutter MR4275T. Nullp\u00f6\u00f6rderaadiusega niidukid\",\"isPartOf\":{\"@id\":\"https:\/\/reginett.ee\/#website\"},\"primaryImageOfPage\":{\"@id\":\"https:\/\/reginett.ee\/toode\/nullpoorderaadiusega-niiduk-toro-timecutter-mr4275t-uus\/#primaryimage\"},\"image\":{\"@id\":\"https:\/\/reginett.ee\/toode\/nullpoorderaadiusega-niiduk-toro-timecutter-mr4275t-uus\/#primaryimage\"},\"thumbnailUrl\":\"https:\/\/reginett.ee\/wp-content\/uploads\/2020\/04\/TORO-MX4275T.jpg\",\"datePublished\":\"2025-06-16T06:44:49+00:00\",\"dateModified\":\"2026-04-30T06:16:44+00:00\",\"description\":\"Toro TimeCutter MR4275T on nii hea man\u00f6\u00f6verdusv\u00f5imega zeroturn, et v\u00f5ite senise niitmise aja poolitada! Spetsiaalselt projekteeritud kiireks\",\"breadcrumb\":{\"@id\":\"https:\/\/reginett.ee\/toode\/nullpoorderaadiusega-niiduk-toro-timecutter-mr4275t-uus\/#breadcrumb\"},\"inLanguage\":\"ru-RU\",\"potentialAction\":[{\"@type\":\"ReadAction\",\"target\":[\"https:\/\/reginett.ee\/toode\/nullpoorderaadiusega-niiduk-toro-timecutter-mr4275t-uus\/\"]}]},{\"@type\":\"ImageObject\",\"inLanguage\":\"ru-RU\",\"@id\":\"https:\/\/reginett.ee\/toode\/nullpoorderaadiusega-niiduk-toro-timecutter-mr4275t-uus\/#primaryimage\",\"url\":\"https:\/\/reginett.ee\/wp-content\/uploads\/2020\/04\/TORO-MX4275T.jpg\",\"contentUrl\":\"https:\/\/reginett.ee\/wp-content\/uploads\/2020\/04\/TORO-MX4275T.jpg\",\"width\":680,\"height\":372,\"caption\":\"TORO-MX4275T\"},{\"@type\":\"BreadcrumbList\",\"@id\":\"https:\/\/reginett.ee\/toode\/nullpoorderaadiusega-niiduk-toro-timecutter-mr4275t-uus\/#breadcrumb\",\"itemListElement\":[{\"@type\":\"ListItem\",\"position\":1,\"name\":\"Home\",\"item\":\"https:\/\/reginett.ee\/ru\/\"},{\"@type\":\"ListItem\",\"position\":2,\"name\":\"Tooted\",\"item\":\"https:\/\/reginett.ee\/tooted\/\"},{\"@type\":\"ListItem\",\"position\":3,\"name\":\"Nullp\u00f6\u00f6rderaadiusega niiduk TORO Timecutter MR4275T Kohler\"}]},{\"@type\":\"WebSite\",\"@id\":\"https:\/\/reginett.ee\/#website\",\"url\":\"https:\/\/reginett.ee\/\",\"name\":\"Reginett\",\"description\":\"Parimad robotniidukid\",\"potentialAction\":[{\"@type\":\"SearchAction\",\"target\":{\"@type\":\"EntryPoint\",\"urlTemplate\":\"https:\/\/reginett.ee\/?s={search_term_string}\"},\"query-input\":{\"@type\":\"PropertyValueSpecification\",\"valueRequired\":true,\"valueName\":\"search_term_string\"}}],\"inLanguage\":\"ru-RU\"}]}<\/script>\n<!-- \/ Yoast SEO plugin. -->","yoast_head_json":{"title":"TORO Timecutter MR4275T. Nullp\u00f6\u00f6rderaadiusega niidukid","description":"Toro TimeCutter MR4275T on nii hea man\u00f6\u00f6verdusv\u00f5imega zeroturn, et v\u00f5ite senise niitmise aja poolitada! Spetsiaalselt projekteeritud kiireks","robots":{"index":"index","follow":"follow","max-snippet":"max-snippet:-1","max-image-preview":"max-image-preview:large","max-video-preview":"max-video-preview:-1"},"canonical":"https:\/\/reginett.ee\/toode\/nullpoorderaadiusega-niiduk-toro-timecutter-mr4275t-uus\/","og_locale":"ru_RU","og_type":"article","og_title":"TORO Timecutter MR4275T. Nullp\u00f6\u00f6rderaadiusega niidukid","og_description":"Toro TimeCutter MR4275T on nii hea man\u00f6\u00f6verdusv\u00f5imega zeroturn, et v\u00f5ite senise niitmise aja poolitada! Spetsiaalselt projekteeritud kiireks","og_url":"https:\/\/reginett.ee\/toode\/nullpoorderaadiusega-niiduk-toro-timecutter-mr4275t-uus\/","og_site_name":"Reginett","article_modified_time":"2026-04-30T06:16:44+00:00","og_image":[{"width":680,"height":372,"url":"https:\/\/reginett.ee\/wp-content\/uploads\/2020\/04\/TORO-MX4275T.jpg","type":"image\/jpeg"}],"twitter_card":"summary_large_image","twitter_misc":{"\u041f\u0440\u0438\u043c\u0435\u0440\u043d\u043e\u0435 \u0432\u0440\u0435\u043c\u044f \u0434\u043b\u044f \u0447\u0442\u0435\u043d\u0438\u044f":"2 \u043c\u0438\u043d\u0443\u0442\u044b"},"schema":{"@context":"https:\/\/schema.org","@graph":[{"@type":"WebPage","@id":"https:\/\/reginett.ee\/toode\/nullpoorderaadiusega-niiduk-toro-timecutter-mr4275t-uus\/","url":"https:\/\/reginett.ee\/toode\/nullpoorderaadiusega-niiduk-toro-timecutter-mr4275t-uus\/","name":"TORO Timecutter MR4275T. Nullp\u00f6\u00f6rderaadiusega niidukid","isPartOf":{"@id":"https:\/\/reginett.ee\/#website"},"primaryImageOfPage":{"@id":"https:\/\/reginett.ee\/toode\/nullpoorderaadiusega-niiduk-toro-timecutter-mr4275t-uus\/#primaryimage"},"image":{"@id":"https:\/\/reginett.ee\/toode\/nullpoorderaadiusega-niiduk-toro-timecutter-mr4275t-uus\/#primaryimage"},"thumbnailUrl":"https:\/\/reginett.ee\/wp-content\/uploads\/2020\/04\/TORO-MX4275T.jpg","datePublished":"2025-06-16T06:44:49+00:00","dateModified":"2026-04-30T06:16:44+00:00","description":"Toro TimeCutter MR4275T on nii hea man\u00f6\u00f6verdusv\u00f5imega zeroturn, et v\u00f5ite senise niitmise aja poolitada! Spetsiaalselt projekteeritud kiireks","breadcrumb":{"@id":"https:\/\/reginett.ee\/toode\/nullpoorderaadiusega-niiduk-toro-timecutter-mr4275t-uus\/#breadcrumb"},"inLanguage":"ru-RU","potentialAction":[{"@type":"ReadAction","target":["https:\/\/reginett.ee\/toode\/nullpoorderaadiusega-niiduk-toro-timecutter-mr4275t-uus\/"]}]},{"@type":"ImageObject","inLanguage":"ru-RU","@id":"https:\/\/reginett.ee\/toode\/nullpoorderaadiusega-niiduk-toro-timecutter-mr4275t-uus\/#primaryimage","url":"https:\/\/reginett.ee\/wp-content\/uploads\/2020\/04\/TORO-MX4275T.jpg","contentUrl":"https:\/\/reginett.ee\/wp-content\/uploads\/2020\/04\/TORO-MX4275T.jpg","width":680,"height":372,"caption":"TORO-MX4275T"},{"@type":"BreadcrumbList","@id":"https:\/\/reginett.ee\/toode\/nullpoorderaadiusega-niiduk-toro-timecutter-mr4275t-uus\/#breadcrumb","itemListElement":[{"@type":"ListItem","position":1,"name":"Home","item":"https:\/\/reginett.ee\/ru\/"},{"@type":"ListItem","position":2,"name":"Tooted","item":"https:\/\/reginett.ee\/tooted\/"},{"@type":"ListItem","position":3,"name":"Nullp\u00f6\u00f6rderaadiusega niiduk TORO Timecutter MR4275T Kohler"}]},{"@type":"WebSite","@id":"https:\/\/reginett.ee\/#website","url":"https:\/\/reginett.ee\/","name":"Reginett","description":"Parimad robotniidukid","potentialAction":[{"@type":"SearchAction","target":{"@type":"EntryPoint","urlTemplate":"https:\/\/reginett.ee\/?s={search_term_string}"},"query-input":{"@type":"PropertyValueSpecification","valueRequired":true,"valueName":"search_term_string"}}],"inLanguage":"ru-RU"}]}},"brands":[{"id":148,"name":"Toro","slug":"toro"}],"_links":{"self":[{"href":"https:\/\/reginett.ee\/ru\/wp-json\/wp\/v2\/product\/51653","targetHints":{"allow":["GET"]}}],"collection":[{"href":"https:\/\/reginett.ee\/ru\/wp-json\/wp\/v2\/product"}],"about":[{"href":"https:\/\/reginett.ee\/ru\/wp-json\/wp\/v2\/types\/product"}],"replies":[{"embeddable":true,"href":"https:\/\/reginett.ee\/ru\/wp-json\/wp\/v2\/comments?post=51653"}],"wp:featuredmedia":[{"embeddable":true,"href":"https:\/\/reginett.ee\/ru\/wp-json\/wp\/v2\/media\/52791"}],"wp:attachment":[{"href":"https:\/\/reginett.ee\/ru\/wp-json\/wp\/v2\/media?parent=51653"}],"wp:term":[{"taxonomy":"pwb-brand","embeddable":true,"href":"https:\/\/reginett.ee\/ru\/wp-json\/wp\/v2\/pwb-brand?post=51653"},{"taxonomy":"product_brand","embeddable":true,"href":"https:\/\/reginett.ee\/ru\/wp-json\/wp\/v2\/product_brand?post=51653"},{"taxonomy":"product_cat","embeddable":true,"href":"https:\/\/reginett.ee\/ru\/wp-json\/wp\/v2\/product_cat?post=51653"},{"taxonomy":"product_tag","embeddable":true,"href":"https:\/\/reginett.ee\/ru\/wp-json\/wp\/v2\/product_tag?post=51653"}],"curies":[{"name":"wp","href":"https:\/\/api.w.org\/{rel}","templated":true}]}}