{"id":51516,"date":"2024-08-03T10:25:51","date_gmt":"2024-08-03T07:25:51","guid":{"rendered":"https:\/\/reginett.ee\/?post_type=product&#038;p=51516"},"modified":"2025-04-21T14:54:16","modified_gmt":"2025-04-21T11:54:16","slug":"muruniiduk-husqvarna-lb146pi","status":"publish","type":"product","link":"https:\/\/reginett.ee\/ru\/toode\/muruniiduk-husqvarna-lb146pi\/","title":{"rendered":"Muruniiduk Husqvarna LB146"},"content":{"rendered":"<p><strong>Husqvarna LB146<\/strong> on suurep\u00e4rase mult\u0161imisj\u00f5udlusega ja lihtsasti k\u00e4ivitatav, v\u00e4ga kerge, l\u00fckatav niiduk. Kerge komposiitmaterjalist korpus ja ergonoomiline k\u00e4epide tagavad parima man\u00f6\u00f6verdamisv\u00f5ime ning t\u00e4iustatud mult\u0161imistera l\u00f5ikab muru peenikesteks ja v\u00e4ikesteks libledeks, mis lagunevad kiiresti ega vaja kokkukogumist Nii v\u00e4heneb ka v\u00e4etamise vajadus &#8212; muru v\u00e4etab end ise.<\/p>\n<h3>Ergonoomiline k\u00e4epide<\/h3>\n<p>Ergonoomiline nurga all olev k\u00e4epide koos veo-ja pidurihoovaga teeb kasutamise mugavaks.<\/p>\n<h3>Lihtsalt kokkuk\u00e4iv k\u00e4epide<\/h3>\n<p>Kokkuk\u00e4iv k\u00e4epide lihtsustab transportimist ja v\u00f5tab v\u00e4hem ruumi hoiustamisel.<\/p>\n<p>&nbsp;<\/p>\n<p>&nbsp;<\/p>\n","protected":false},"excerpt":{"rendered":"<p>Husqvarna LB146 on suurep\u00e4rase mult\u0161imisj\u00f5udlusega ja lihtsasti k\u00e4ivitatav, v\u00e4ga kerge, l\u00fckatav niiduk. Kerge komposiitmaterjalist korpus ja ergonoomiline k\u00e4epide tagavad parima man\u00f6\u00f6verdamisv\u00f5ime ning t\u00e4iustatud mult\u0161imistera l\u00f5ikab muru peenikesteks ja v\u00e4ikesteks libledeks, mis lagunevad kiiresti ega vaja kokkukogumist Nii v\u00e4heneb ka v\u00e4etamise vajadus &#8212; muru v\u00e4etab end ise.<\/p>\n","protected":false},"featured_media":25355,"comment_status":"open","ping_status":"closed","template":"","meta":{"_acf_changed":false,"_et_pb_use_builder":"","_et_pb_old_content":"","_et_gb_content_width":"","inline_featured_image":false},"pwb-brand":[147],"product_brand":[],"product_cat":[134,37,25],"product_tag":[113],"class_list":{"0":"post-51516","1":"product","2":"type-product","3":"status-publish","4":"has-post-thumbnail","6":"pwb-brand-husqvarna","7":"product_cat-eripakkumised","8":"product_cat-husqvarna","9":"product_cat-muruniidukid","10":"product_tag-muruniiduk","11":"product_shipping_class-soodsam-kuller-15-eur","13":"first","14":"outofstock","15":"sale","16":"shipping-taxable","17":"purchasable","18":"product-type-simple"},"acf":[],"yoast_head":"<!-- This site is optimized with the Yoast SEO plugin v26.6 - https:\/\/yoast.com\/wordpress\/plugins\/seo\/ -->\n<title>Muruniiduk Husqvarna LB146P. Husqvarna muruniidukid Reginetist<\/title>\n<meta name=\"robots\" content=\"index, follow, max-snippet:-1, max-image-preview:large, max-video-preview:-1\" \/>\n<link rel=\"canonical\" href=\"https:\/\/reginett.ee\/toode\/muruniiduk-husqvarna-lb146pi\/\" \/>\n<meta property=\"og:locale\" content=\"ru_RU\" \/>\n<meta property=\"og:type\" content=\"article\" \/>\n<meta property=\"og:title\" content=\"Muruniiduk Husqvarna LB146P. Husqvarna muruniidukid Reginetist\" \/>\n<meta property=\"og:description\" content=\"Husqvarna LB146 on suurep\u00e4rase mult\u0161imisj\u00f5udlusega ja lihtsasti k\u00e4ivitatav, v\u00e4ga kerge, l\u00fckatav niiduk. Kerge komposiitmaterjalist korpus ja ergonoomiline k\u00e4epide tagavad parima man\u00f6\u00f6verdamisv\u00f5ime ning t\u00e4iustatud mult\u0161imistera l\u00f5ikab muru peenikesteks ja v\u00e4ikesteks libledeks, mis lagunevad kiiresti ega vaja kokkukogumist Nii v\u00e4heneb ka v\u00e4etamise vajadus - muru v\u00e4etab end ise.\" \/>\n<meta property=\"og:url\" content=\"https:\/\/reginett.ee\/toode\/muruniiduk-husqvarna-lb146pi\/\" \/>\n<meta property=\"og:site_name\" content=\"Reginett\" \/>\n<meta property=\"article:modified_time\" content=\"2025-04-21T11:54:16+00:00\" \/>\n<meta property=\"og:image\" content=\"https:\/\/reginett.ee\/wp-content\/uploads\/2020\/01\/Husqvarna-LB246PI.jpg\" \/>\n\t<meta property=\"og:image:width\" content=\"680\" \/>\n\t<meta property=\"og:image:height\" content=\"372\" \/>\n\t<meta property=\"og:image:type\" content=\"image\/jpeg\" \/>\n<meta name=\"twitter:card\" content=\"summary_large_image\" \/>\n<meta name=\"twitter:label1\" content=\"\u041f\u0440\u0438\u043c\u0435\u0440\u043d\u043e\u0435 \u0432\u0440\u0435\u043c\u044f \u0434\u043b\u044f \u0447\u0442\u0435\u043d\u0438\u044f\" \/>\n\t<meta name=\"twitter:data1\" content=\"1 \u043c\u0438\u043d\u0443\u0442\u0430\" \/>\n<script type=\"application\/ld+json\" class=\"yoast-schema-graph\">{\"@context\":\"https:\/\/schema.org\",\"@graph\":[{\"@type\":\"WebPage\",\"@id\":\"https:\/\/reginett.ee\/toode\/muruniiduk-husqvarna-lb146pi\/\",\"url\":\"https:\/\/reginett.ee\/toode\/muruniiduk-husqvarna-lb146pi\/\",\"name\":\"Muruniiduk Husqvarna LB146P. Husqvarna muruniidukid Reginetist\",\"isPartOf\":{\"@id\":\"https:\/\/reginett.ee\/#website\"},\"primaryImageOfPage\":{\"@id\":\"https:\/\/reginett.ee\/toode\/muruniiduk-husqvarna-lb146pi\/#primaryimage\"},\"image\":{\"@id\":\"https:\/\/reginett.ee\/toode\/muruniiduk-husqvarna-lb146pi\/#primaryimage\"},\"thumbnailUrl\":\"https:\/\/reginett.ee\/wp-content\/uploads\/2020\/01\/Husqvarna-LB246PI.jpg\",\"datePublished\":\"2024-08-03T07:25:51+00:00\",\"dateModified\":\"2025-04-21T11:54:16+00:00\",\"breadcrumb\":{\"@id\":\"https:\/\/reginett.ee\/toode\/muruniiduk-husqvarna-lb146pi\/#breadcrumb\"},\"inLanguage\":\"ru-RU\",\"potentialAction\":[{\"@type\":\"ReadAction\",\"target\":[\"https:\/\/reginett.ee\/toode\/muruniiduk-husqvarna-lb146pi\/\"]}]},{\"@type\":\"ImageObject\",\"inLanguage\":\"ru-RU\",\"@id\":\"https:\/\/reginett.ee\/toode\/muruniiduk-husqvarna-lb146pi\/#primaryimage\",\"url\":\"https:\/\/reginett.ee\/wp-content\/uploads\/2020\/01\/Husqvarna-LB246PI.jpg\",\"contentUrl\":\"https:\/\/reginett.ee\/wp-content\/uploads\/2020\/01\/Husqvarna-LB246PI.jpg\",\"width\":680,\"height\":372},{\"@type\":\"BreadcrumbList\",\"@id\":\"https:\/\/reginett.ee\/toode\/muruniiduk-husqvarna-lb146pi\/#breadcrumb\",\"itemListElement\":[{\"@type\":\"ListItem\",\"position\":1,\"name\":\"Home\",\"item\":\"https:\/\/reginett.ee\/ru\/\"},{\"@type\":\"ListItem\",\"position\":2,\"name\":\"Tooted\",\"item\":\"https:\/\/reginett.ee\/tooted\/\"},{\"@type\":\"ListItem\",\"position\":3,\"name\":\"Muruniiduk Husqvarna LB146\"}]},{\"@type\":\"WebSite\",\"@id\":\"https:\/\/reginett.ee\/#website\",\"url\":\"https:\/\/reginett.ee\/\",\"name\":\"Reginett\",\"description\":\"Parimad robotniidukid\",\"potentialAction\":[{\"@type\":\"SearchAction\",\"target\":{\"@type\":\"EntryPoint\",\"urlTemplate\":\"https:\/\/reginett.ee\/?s={search_term_string}\"},\"query-input\":{\"@type\":\"PropertyValueSpecification\",\"valueRequired\":true,\"valueName\":\"search_term_string\"}}],\"inLanguage\":\"ru-RU\"}]}<\/script>\n<!-- \/ Yoast SEO plugin. -->","yoast_head_json":{"title":"Muruniiduk Husqvarna LB146P. Husqvarna muruniidukid Reginetist","robots":{"index":"index","follow":"follow","max-snippet":"max-snippet:-1","max-image-preview":"max-image-preview:large","max-video-preview":"max-video-preview:-1"},"canonical":"https:\/\/reginett.ee\/toode\/muruniiduk-husqvarna-lb146pi\/","og_locale":"ru_RU","og_type":"article","og_title":"Muruniiduk Husqvarna LB146P. Husqvarna muruniidukid Reginetist","og_description":"Husqvarna LB146 on suurep\u00e4rase mult\u0161imisj\u00f5udlusega ja lihtsasti k\u00e4ivitatav, v\u00e4ga kerge, l\u00fckatav niiduk. Kerge komposiitmaterjalist korpus ja ergonoomiline k\u00e4epide tagavad parima man\u00f6\u00f6verdamisv\u00f5ime ning t\u00e4iustatud mult\u0161imistera l\u00f5ikab muru peenikesteks ja v\u00e4ikesteks libledeks, mis lagunevad kiiresti ega vaja kokkukogumist Nii v\u00e4heneb ka v\u00e4etamise vajadus - muru v\u00e4etab end ise.","og_url":"https:\/\/reginett.ee\/toode\/muruniiduk-husqvarna-lb146pi\/","og_site_name":"Reginett","article_modified_time":"2025-04-21T11:54:16+00:00","og_image":[{"width":680,"height":372,"url":"https:\/\/reginett.ee\/wp-content\/uploads\/2020\/01\/Husqvarna-LB246PI.jpg","type":"image\/jpeg"}],"twitter_card":"summary_large_image","twitter_misc":{"\u041f\u0440\u0438\u043c\u0435\u0440\u043d\u043e\u0435 \u0432\u0440\u0435\u043c\u044f \u0434\u043b\u044f \u0447\u0442\u0435\u043d\u0438\u044f":"1 \u043c\u0438\u043d\u0443\u0442\u0430"},"schema":{"@context":"https:\/\/schema.org","@graph":[{"@type":"WebPage","@id":"https:\/\/reginett.ee\/toode\/muruniiduk-husqvarna-lb146pi\/","url":"https:\/\/reginett.ee\/toode\/muruniiduk-husqvarna-lb146pi\/","name":"Muruniiduk Husqvarna LB146P. Husqvarna muruniidukid Reginetist","isPartOf":{"@id":"https:\/\/reginett.ee\/#website"},"primaryImageOfPage":{"@id":"https:\/\/reginett.ee\/toode\/muruniiduk-husqvarna-lb146pi\/#primaryimage"},"image":{"@id":"https:\/\/reginett.ee\/toode\/muruniiduk-husqvarna-lb146pi\/#primaryimage"},"thumbnailUrl":"https:\/\/reginett.ee\/wp-content\/uploads\/2020\/01\/Husqvarna-LB246PI.jpg","datePublished":"2024-08-03T07:25:51+00:00","dateModified":"2025-04-21T11:54:16+00:00","breadcrumb":{"@id":"https:\/\/reginett.ee\/toode\/muruniiduk-husqvarna-lb146pi\/#breadcrumb"},"inLanguage":"ru-RU","potentialAction":[{"@type":"ReadAction","target":["https:\/\/reginett.ee\/toode\/muruniiduk-husqvarna-lb146pi\/"]}]},{"@type":"ImageObject","inLanguage":"ru-RU","@id":"https:\/\/reginett.ee\/toode\/muruniiduk-husqvarna-lb146pi\/#primaryimage","url":"https:\/\/reginett.ee\/wp-content\/uploads\/2020\/01\/Husqvarna-LB246PI.jpg","contentUrl":"https:\/\/reginett.ee\/wp-content\/uploads\/2020\/01\/Husqvarna-LB246PI.jpg","width":680,"height":372},{"@type":"BreadcrumbList","@id":"https:\/\/reginett.ee\/toode\/muruniiduk-husqvarna-lb146pi\/#breadcrumb","itemListElement":[{"@type":"ListItem","position":1,"name":"Home","item":"https:\/\/reginett.ee\/ru\/"},{"@type":"ListItem","position":2,"name":"Tooted","item":"https:\/\/reginett.ee\/tooted\/"},{"@type":"ListItem","position":3,"name":"Muruniiduk Husqvarna LB146"}]},{"@type":"WebSite","@id":"https:\/\/reginett.ee\/#website","url":"https:\/\/reginett.ee\/","name":"Reginett","description":"Parimad robotniidukid","potentialAction":[{"@type":"SearchAction","target":{"@type":"EntryPoint","urlTemplate":"https:\/\/reginett.ee\/?s={search_term_string}"},"query-input":{"@type":"PropertyValueSpecification","valueRequired":true,"valueName":"search_term_string"}}],"inLanguage":"ru-RU"}]}},"brands":[{"id":147,"name":"Husqvarna","slug":"husqvarna"}],"_links":{"self":[{"href":"https:\/\/reginett.ee\/ru\/wp-json\/wp\/v2\/product\/51516","targetHints":{"allow":["GET"]}}],"collection":[{"href":"https:\/\/reginett.ee\/ru\/wp-json\/wp\/v2\/product"}],"about":[{"href":"https:\/\/reginett.ee\/ru\/wp-json\/wp\/v2\/types\/product"}],"replies":[{"embeddable":true,"href":"https:\/\/reginett.ee\/ru\/wp-json\/wp\/v2\/comments?post=51516"}],"wp:featuredmedia":[{"embeddable":true,"href":"https:\/\/reginett.ee\/ru\/wp-json\/wp\/v2\/media\/25355"}],"wp:attachment":[{"href":"https:\/\/reginett.ee\/ru\/wp-json\/wp\/v2\/media?parent=51516"}],"wp:term":[{"taxonomy":"pwb-brand","embeddable":true,"href":"https:\/\/reginett.ee\/ru\/wp-json\/wp\/v2\/pwb-brand?post=51516"},{"taxonomy":"product_brand","embeddable":true,"href":"https:\/\/reginett.ee\/ru\/wp-json\/wp\/v2\/product_brand?post=51516"},{"taxonomy":"product_cat","embeddable":true,"href":"https:\/\/reginett.ee\/ru\/wp-json\/wp\/v2\/product_cat?post=51516"},{"taxonomy":"product_tag","embeddable":true,"href":"https:\/\/reginett.ee\/ru\/wp-json\/wp\/v2\/product_tag?post=51516"}],"curies":[{"name":"wp","href":"https:\/\/api.w.org\/{rel}","templated":true}]}}