{"id":51487,"date":"2020-04-03T18:37:06","date_gmt":"2020-04-03T15:37:06","guid":{"rendered":"https:\/\/reginett.ee\/?post_type=product&#038;p=51487"},"modified":"2026-01-06T17:17:52","modified_gmt":"2026-01-06T14:17:52","slug":"trummelniiduk-husqvarna-novolette-540","status":"publish","type":"product","link":"https:\/\/reginett.ee\/ru\/toode\/trummelniiduk-husqvarna-novolette-540\/","title":{"rendered":"Trummelniiduk Husqvarna Novolette 540"},"content":{"rendered":"<p>Husqvarna Novolette 540 on k\u00e4siniiduk, milles on takistus ja m\u00fcra minimaalne. See on praegu saadaval olevatest k\u00e4siniidukitest k\u00f5ige vaiksem. Niidukile saab lisada ka koguja.<\/p>\n<h3>H\u00f5\u00f5rdevabade l\u00f5iketeradega vaikne niiduk<\/h3>\n<p>H\u00f5\u00f5rdumise puudumine tera ja l\u00f5ikeriba vahel v\u00e4hendab tekitatavat m\u00fcra. See on \u00fcks vaiksemaid k\u00e4siniidukitest, mida on ka kerge l\u00fckata.<\/p>\n<h3>Eriti tugev trummel ja l\u00f5iketera<\/h3>\n<p>Parim niitmistulemus ja vastupidavus<\/p>\n<h3>Ergonoomiline k\u00e4epide<\/h3>\n<p>Ergonoomilise kujuga k\u00e4epide, pehme kattega.<\/p>\n<h3>Vastupidavad rattad<\/h3>\n<p>Vastupidavad ja kergelt liikuvad rattad.<\/p>\n<h3>Koguja saadaval lisavarustusena<\/h3>\n<p>Kogujaga niitmisel j\u00e4\u00e4b muru eriti puhtaks<\/p>\n<h3>Topeltkuullaagritega rattad<\/h3>\n<p>Parimaks niitmistulemuseks<\/p>\n","protected":false},"excerpt":{"rendered":"<p>Husqvarna Novolette 540 on k\u00e4siniiduk, milles on takistus ja m\u00fcra minimaalne. See on praegu saadaval olevatest k\u00e4siniidukitest k\u00f5ige vaiksem. Niidukile saab lisada ka koguja.<\/p>\n","protected":false},"featured_media":52857,"comment_status":"open","ping_status":"closed","template":"","meta":{"_acf_changed":false,"_et_pb_use_builder":"","_et_pb_old_content":"","_et_gb_content_width":"","inline_featured_image":false},"pwb-brand":[],"product_brand":[],"product_cat":[37,25],"product_tag":[114,113,115],"class_list":{"0":"post-51487","1":"product","2":"type-product","3":"status-publish","4":"has-post-thumbnail","6":"product_cat-husqvarna","7":"product_cat-muruniidukid","8":"product_tag-kasiniiduk","9":"product_tag-muruniiduk","10":"product_tag-trummelniiduk","12":"first","13":"outofstock","14":"shipping-taxable","15":"purchasable","16":"product-type-simple"},"acf":[],"yoast_head":"<!-- This site is optimized with the Yoast SEO plugin v26.6 - https:\/\/yoast.com\/wordpress\/plugins\/seo\/ -->\n<title>Trummelniiduk Husqvarna Novolette 540 - Reginett<\/title>\n<meta name=\"robots\" content=\"index, follow, max-snippet:-1, max-image-preview:large, max-video-preview:-1\" \/>\n<link rel=\"canonical\" href=\"https:\/\/reginett.ee\/toode\/trummelniiduk-husqvarna-novolette-540\/\" \/>\n<meta property=\"og:locale\" content=\"ru_RU\" \/>\n<meta property=\"og:type\" content=\"article\" \/>\n<meta property=\"og:title\" content=\"Trummelniiduk Husqvarna Novolette 540 - Reginett\" \/>\n<meta property=\"og:description\" content=\"Husqvarna Novolette 540 on k\u00e4siniiduk, milles on takistus ja m\u00fcra minimaalne. See on praegu saadaval olevatest k\u00e4siniidukitest k\u00f5ige vaiksem. Niidukile saab lisada ka koguja.\" \/>\n<meta property=\"og:url\" content=\"https:\/\/reginett.ee\/toode\/trummelniiduk-husqvarna-novolette-540\/\" \/>\n<meta property=\"og:site_name\" content=\"Reginett\" \/>\n<meta property=\"article:modified_time\" content=\"2026-01-06T14:17:52+00:00\" \/>\n<meta property=\"og:image\" content=\"https:\/\/reginett.ee\/wp-content\/uploads\/2020\/04\/Novolette.jpg\" \/>\n\t<meta property=\"og:image:width\" content=\"680\" \/>\n\t<meta property=\"og:image:height\" content=\"372\" \/>\n\t<meta property=\"og:image:type\" content=\"image\/jpeg\" \/>\n<meta name=\"twitter:card\" content=\"summary_large_image\" \/>\n<script type=\"application\/ld+json\" class=\"yoast-schema-graph\">{\"@context\":\"https:\/\/schema.org\",\"@graph\":[{\"@type\":\"WebPage\",\"@id\":\"https:\/\/reginett.ee\/toode\/trummelniiduk-husqvarna-novolette-540\/\",\"url\":\"https:\/\/reginett.ee\/toode\/trummelniiduk-husqvarna-novolette-540\/\",\"name\":\"Trummelniiduk Husqvarna Novolette 540 - Reginett\",\"isPartOf\":{\"@id\":\"https:\/\/reginett.ee\/#website\"},\"primaryImageOfPage\":{\"@id\":\"https:\/\/reginett.ee\/toode\/trummelniiduk-husqvarna-novolette-540\/#primaryimage\"},\"image\":{\"@id\":\"https:\/\/reginett.ee\/toode\/trummelniiduk-husqvarna-novolette-540\/#primaryimage\"},\"thumbnailUrl\":\"https:\/\/reginett.ee\/wp-content\/uploads\/2020\/04\/Novolette.jpg\",\"datePublished\":\"2020-04-03T15:37:06+00:00\",\"dateModified\":\"2026-01-06T14:17:52+00:00\",\"breadcrumb\":{\"@id\":\"https:\/\/reginett.ee\/toode\/trummelniiduk-husqvarna-novolette-540\/#breadcrumb\"},\"inLanguage\":\"ru-RU\",\"potentialAction\":[{\"@type\":\"ReadAction\",\"target\":[\"https:\/\/reginett.ee\/toode\/trummelniiduk-husqvarna-novolette-540\/\"]}]},{\"@type\":\"ImageObject\",\"inLanguage\":\"ru-RU\",\"@id\":\"https:\/\/reginett.ee\/toode\/trummelniiduk-husqvarna-novolette-540\/#primaryimage\",\"url\":\"https:\/\/reginett.ee\/wp-content\/uploads\/2020\/04\/Novolette.jpg\",\"contentUrl\":\"https:\/\/reginett.ee\/wp-content\/uploads\/2020\/04\/Novolette.jpg\",\"width\":680,\"height\":372,\"caption\":\"Novolette\"},{\"@type\":\"BreadcrumbList\",\"@id\":\"https:\/\/reginett.ee\/toode\/trummelniiduk-husqvarna-novolette-540\/#breadcrumb\",\"itemListElement\":[{\"@type\":\"ListItem\",\"position\":1,\"name\":\"Home\",\"item\":\"https:\/\/reginett.ee\/ru\/\"},{\"@type\":\"ListItem\",\"position\":2,\"name\":\"Tooted\",\"item\":\"https:\/\/reginett.ee\/tooted\/\"},{\"@type\":\"ListItem\",\"position\":3,\"name\":\"Trummelniiduk Husqvarna Novolette 540\"}]},{\"@type\":\"WebSite\",\"@id\":\"https:\/\/reginett.ee\/#website\",\"url\":\"https:\/\/reginett.ee\/\",\"name\":\"Reginett\",\"description\":\"Parimad robotniidukid\",\"potentialAction\":[{\"@type\":\"SearchAction\",\"target\":{\"@type\":\"EntryPoint\",\"urlTemplate\":\"https:\/\/reginett.ee\/?s={search_term_string}\"},\"query-input\":{\"@type\":\"PropertyValueSpecification\",\"valueRequired\":true,\"valueName\":\"search_term_string\"}}],\"inLanguage\":\"ru-RU\"}]}<\/script>\n<!-- \/ Yoast SEO plugin. -->","yoast_head_json":{"title":"Trummelniiduk Husqvarna Novolette 540 - Reginett","robots":{"index":"index","follow":"follow","max-snippet":"max-snippet:-1","max-image-preview":"max-image-preview:large","max-video-preview":"max-video-preview:-1"},"canonical":"https:\/\/reginett.ee\/toode\/trummelniiduk-husqvarna-novolette-540\/","og_locale":"ru_RU","og_type":"article","og_title":"Trummelniiduk Husqvarna Novolette 540 - Reginett","og_description":"Husqvarna Novolette 540 on k\u00e4siniiduk, milles on takistus ja m\u00fcra minimaalne. See on praegu saadaval olevatest k\u00e4siniidukitest k\u00f5ige vaiksem. Niidukile saab lisada ka koguja.","og_url":"https:\/\/reginett.ee\/toode\/trummelniiduk-husqvarna-novolette-540\/","og_site_name":"Reginett","article_modified_time":"2026-01-06T14:17:52+00:00","og_image":[{"width":680,"height":372,"url":"https:\/\/reginett.ee\/wp-content\/uploads\/2020\/04\/Novolette.jpg","type":"image\/jpeg"}],"twitter_card":"summary_large_image","schema":{"@context":"https:\/\/schema.org","@graph":[{"@type":"WebPage","@id":"https:\/\/reginett.ee\/toode\/trummelniiduk-husqvarna-novolette-540\/","url":"https:\/\/reginett.ee\/toode\/trummelniiduk-husqvarna-novolette-540\/","name":"Trummelniiduk Husqvarna Novolette 540 - Reginett","isPartOf":{"@id":"https:\/\/reginett.ee\/#website"},"primaryImageOfPage":{"@id":"https:\/\/reginett.ee\/toode\/trummelniiduk-husqvarna-novolette-540\/#primaryimage"},"image":{"@id":"https:\/\/reginett.ee\/toode\/trummelniiduk-husqvarna-novolette-540\/#primaryimage"},"thumbnailUrl":"https:\/\/reginett.ee\/wp-content\/uploads\/2020\/04\/Novolette.jpg","datePublished":"2020-04-03T15:37:06+00:00","dateModified":"2026-01-06T14:17:52+00:00","breadcrumb":{"@id":"https:\/\/reginett.ee\/toode\/trummelniiduk-husqvarna-novolette-540\/#breadcrumb"},"inLanguage":"ru-RU","potentialAction":[{"@type":"ReadAction","target":["https:\/\/reginett.ee\/toode\/trummelniiduk-husqvarna-novolette-540\/"]}]},{"@type":"ImageObject","inLanguage":"ru-RU","@id":"https:\/\/reginett.ee\/toode\/trummelniiduk-husqvarna-novolette-540\/#primaryimage","url":"https:\/\/reginett.ee\/wp-content\/uploads\/2020\/04\/Novolette.jpg","contentUrl":"https:\/\/reginett.ee\/wp-content\/uploads\/2020\/04\/Novolette.jpg","width":680,"height":372,"caption":"Novolette"},{"@type":"BreadcrumbList","@id":"https:\/\/reginett.ee\/toode\/trummelniiduk-husqvarna-novolette-540\/#breadcrumb","itemListElement":[{"@type":"ListItem","position":1,"name":"Home","item":"https:\/\/reginett.ee\/ru\/"},{"@type":"ListItem","position":2,"name":"Tooted","item":"https:\/\/reginett.ee\/tooted\/"},{"@type":"ListItem","position":3,"name":"Trummelniiduk Husqvarna Novolette 540"}]},{"@type":"WebSite","@id":"https:\/\/reginett.ee\/#website","url":"https:\/\/reginett.ee\/","name":"Reginett","description":"Parimad robotniidukid","potentialAction":[{"@type":"SearchAction","target":{"@type":"EntryPoint","urlTemplate":"https:\/\/reginett.ee\/?s={search_term_string}"},"query-input":{"@type":"PropertyValueSpecification","valueRequired":true,"valueName":"search_term_string"}}],"inLanguage":"ru-RU"}]}},"brands":[],"_links":{"self":[{"href":"https:\/\/reginett.ee\/ru\/wp-json\/wp\/v2\/product\/51487","targetHints":{"allow":["GET"]}}],"collection":[{"href":"https:\/\/reginett.ee\/ru\/wp-json\/wp\/v2\/product"}],"about":[{"href":"https:\/\/reginett.ee\/ru\/wp-json\/wp\/v2\/types\/product"}],"replies":[{"embeddable":true,"href":"https:\/\/reginett.ee\/ru\/wp-json\/wp\/v2\/comments?post=51487"}],"wp:featuredmedia":[{"embeddable":true,"href":"https:\/\/reginett.ee\/ru\/wp-json\/wp\/v2\/media\/52857"}],"wp:attachment":[{"href":"https:\/\/reginett.ee\/ru\/wp-json\/wp\/v2\/media?parent=51487"}],"wp:term":[{"taxonomy":"pwb-brand","embeddable":true,"href":"https:\/\/reginett.ee\/ru\/wp-json\/wp\/v2\/pwb-brand?post=51487"},{"taxonomy":"product_brand","embeddable":true,"href":"https:\/\/reginett.ee\/ru\/wp-json\/wp\/v2\/product_brand?post=51487"},{"taxonomy":"product_cat","embeddable":true,"href":"https:\/\/reginett.ee\/ru\/wp-json\/wp\/v2\/product_cat?post=51487"},{"taxonomy":"product_tag","embeddable":true,"href":"https:\/\/reginett.ee\/ru\/wp-json\/wp\/v2\/product_tag?post=51487"}],"curies":[{"name":"wp","href":"https:\/\/api.w.org\/{rel}","templated":true}]}}