{"id":51484,"date":"2020-04-03T18:08:37","date_gmt":"2020-04-03T18:08:37","guid":{"rendered":"https:\/\/reginett.ee\/?post_type=product&#038;p=51484"},"modified":"2021-05-26T08:48:57","modified_gmt":"2021-05-26T08:48:57","slug":"trummelniiduk-husqvarna-novocut-64","status":"publish","type":"product","link":"https:\/\/reginett.ee\/ru\/toode\/trummelniiduk-husqvarna-novocut-64\/","title":{"rendered":"Trummelniiduk Husqvarna Novocut 64"},"content":{"rendered":"<p>Husqvarna Novocut 64 on ainulaadne omadus \u2013 sellel saab l\u00f5ikek\u00f5rguseks seadistada kuni 55 mm. Seet\u00f5ttu saab selle niidukiga niita ka k\u00f5rget rohtu. Ideaalne sellise muru hooldamiseks, mida korrap\u00e4raselt ei p\u00fcgata.<\/p>\n<h3>Eriti tugev trummel ja l\u00f5iketera<\/h3>\n<p>Parim niitmistulemus ja vastupidavus<\/p>\n<h3>L\u00f5ikek\u00f5rguse seadistamine<\/h3>\n<p>V\u00e4ga kerge l\u00fckata k\u00f5rgemas rohus. Sobib kasutamiseks aias kus ei niideta korrap\u00e4rase sagedusega. Lihtne l\u00f5ikek\u00f5rguse reguleerimine kuni 55mm.<\/p>\n<h3>Vastupidavad rattad<\/h3>\n<p>Vastupidavad ja kergelt liikuvad rattad.<\/p>\n<h3>Koguja saadaval lisavarustusena<\/h3>\n<p>Kogujaga niitmisel j\u00e4\u00e4b muru eriti puhtaks<\/p>\n<p>&nbsp;<\/p>\n","protected":false},"excerpt":{"rendered":"<p>Husqvarna Novocut 64 on ainulaadne omadus \u2013 sellel saab l\u00f5ikek\u00f5rguseks seadistada kuni 55 mm. Seet\u00f5ttu saab selle niidukiga niita ka k\u00f5rget rohtu. Ideaalne sellise muru hooldamiseks, mida korrap\u00e4raselt ei p\u00fcgata.<\/p>\n","protected":false},"featured_media":52858,"comment_status":"open","ping_status":"closed","template":"","meta":{"_acf_changed":false,"_et_pb_use_builder":"","_et_pb_old_content":"","_et_gb_content_width":"","inline_featured_image":false},"pwb-brand":[],"product_brand":[],"product_cat":[37,25],"product_tag":[114,113,115],"class_list":{"0":"post-51484","1":"product","2":"type-product","3":"status-publish","4":"has-post-thumbnail","6":"product_cat-husqvarna","7":"product_cat-muruniidukid","8":"product_tag-kasiniiduk","9":"product_tag-muruniiduk","10":"product_tag-trummelniiduk","12":"first","13":"outofstock","14":"shipping-taxable","15":"purchasable","16":"product-type-simple"},"acf":[],"yoast_head":"<!-- This site is optimized with the Yoast SEO plugin v26.6 - https:\/\/yoast.com\/wordpress\/plugins\/seo\/ -->\n<title>Trummelniiduk Husqvarna Novocut 64 - Reginett<\/title>\n<meta name=\"robots\" content=\"index, follow, max-snippet:-1, max-image-preview:large, max-video-preview:-1\" \/>\n<link rel=\"canonical\" href=\"https:\/\/reginett.ee\/ru\/toode\/trummelniiduk-husqvarna-novocut-64\/\" \/>\n<meta property=\"og:locale\" content=\"ru_RU\" \/>\n<meta property=\"og:type\" content=\"article\" \/>\n<meta property=\"og:title\" content=\"Trummelniiduk Husqvarna Novocut 64 - Reginett\" \/>\n<meta property=\"og:description\" content=\"Husqvarna Novocut 64 on ainulaadne omadus \u2013 sellel saab l\u00f5ikek\u00f5rguseks seadistada kuni 55 mm. Seet\u00f5ttu saab selle niidukiga niita ka k\u00f5rget rohtu. Ideaalne sellise muru hooldamiseks, mida korrap\u00e4raselt ei p\u00fcgata.\" \/>\n<meta property=\"og:url\" content=\"https:\/\/reginett.ee\/ru\/toode\/trummelniiduk-husqvarna-novocut-64\/\" \/>\n<meta property=\"og:site_name\" content=\"Reginett\" \/>\n<meta property=\"article:modified_time\" content=\"2021-05-26T08:48:57+00:00\" \/>\n<meta property=\"og:image\" content=\"https:\/\/reginett.ee\/wp-content\/uploads\/2020\/04\/Novocut-64.jpg\" \/>\n\t<meta property=\"og:image:width\" content=\"680\" \/>\n\t<meta property=\"og:image:height\" content=\"372\" \/>\n\t<meta property=\"og:image:type\" content=\"image\/jpeg\" \/>\n<meta name=\"twitter:card\" content=\"summary_large_image\" \/>\n<script type=\"application\/ld+json\" class=\"yoast-schema-graph\">{\"@context\":\"https:\/\/schema.org\",\"@graph\":[{\"@type\":\"WebPage\",\"@id\":\"https:\/\/reginett.ee\/ru\/toode\/trummelniiduk-husqvarna-novocut-64\/\",\"url\":\"https:\/\/reginett.ee\/ru\/toode\/trummelniiduk-husqvarna-novocut-64\/\",\"name\":\"Trummelniiduk Husqvarna Novocut 64 - Reginett\",\"isPartOf\":{\"@id\":\"https:\/\/reginett.ee\/#website\"},\"primaryImageOfPage\":{\"@id\":\"https:\/\/reginett.ee\/ru\/toode\/trummelniiduk-husqvarna-novocut-64\/#primaryimage\"},\"image\":{\"@id\":\"https:\/\/reginett.ee\/ru\/toode\/trummelniiduk-husqvarna-novocut-64\/#primaryimage\"},\"thumbnailUrl\":\"https:\/\/reginett.ee\/wp-content\/uploads\/2020\/04\/Novocut-64.jpg\",\"datePublished\":\"2020-04-03T18:08:37+00:00\",\"dateModified\":\"2021-05-26T08:48:57+00:00\",\"breadcrumb\":{\"@id\":\"https:\/\/reginett.ee\/ru\/toode\/trummelniiduk-husqvarna-novocut-64\/#breadcrumb\"},\"inLanguage\":\"ru-RU\",\"potentialAction\":[{\"@type\":\"ReadAction\",\"target\":[\"https:\/\/reginett.ee\/ru\/toode\/trummelniiduk-husqvarna-novocut-64\/\"]}]},{\"@type\":\"ImageObject\",\"inLanguage\":\"ru-RU\",\"@id\":\"https:\/\/reginett.ee\/ru\/toode\/trummelniiduk-husqvarna-novocut-64\/#primaryimage\",\"url\":\"https:\/\/reginett.ee\/wp-content\/uploads\/2020\/04\/Novocut-64.jpg\",\"contentUrl\":\"https:\/\/reginett.ee\/wp-content\/uploads\/2020\/04\/Novocut-64.jpg\",\"width\":680,\"height\":372,\"caption\":\"Novocut 64\"},{\"@type\":\"BreadcrumbList\",\"@id\":\"https:\/\/reginett.ee\/ru\/toode\/trummelniiduk-husqvarna-novocut-64\/#breadcrumb\",\"itemListElement\":[{\"@type\":\"ListItem\",\"position\":1,\"name\":\"Home\",\"item\":\"https:\/\/reginett.ee\/ru\/\"},{\"@type\":\"ListItem\",\"position\":2,\"name\":\"Tooted\",\"item\":\"https:\/\/reginett.ee\/tooted\/\"},{\"@type\":\"ListItem\",\"position\":3,\"name\":\"Trummelniiduk Husqvarna Novocut 64\"}]},{\"@type\":\"WebSite\",\"@id\":\"https:\/\/reginett.ee\/#website\",\"url\":\"https:\/\/reginett.ee\/\",\"name\":\"Reginett\",\"description\":\"Parimad robotniidukid\",\"potentialAction\":[{\"@type\":\"SearchAction\",\"target\":{\"@type\":\"EntryPoint\",\"urlTemplate\":\"https:\/\/reginett.ee\/?s={search_term_string}\"},\"query-input\":{\"@type\":\"PropertyValueSpecification\",\"valueRequired\":true,\"valueName\":\"search_term_string\"}}],\"inLanguage\":\"ru-RU\"}]}<\/script>\n<!-- \/ Yoast SEO plugin. -->","yoast_head_json":{"title":"Trummelniiduk Husqvarna Novocut 64 - Reginett","robots":{"index":"index","follow":"follow","max-snippet":"max-snippet:-1","max-image-preview":"max-image-preview:large","max-video-preview":"max-video-preview:-1"},"canonical":"https:\/\/reginett.ee\/ru\/toode\/trummelniiduk-husqvarna-novocut-64\/","og_locale":"ru_RU","og_type":"article","og_title":"Trummelniiduk Husqvarna Novocut 64 - Reginett","og_description":"Husqvarna Novocut 64 on ainulaadne omadus \u2013 sellel saab l\u00f5ikek\u00f5rguseks seadistada kuni 55 mm. Seet\u00f5ttu saab selle niidukiga niita ka k\u00f5rget rohtu. Ideaalne sellise muru hooldamiseks, mida korrap\u00e4raselt ei p\u00fcgata.","og_url":"https:\/\/reginett.ee\/ru\/toode\/trummelniiduk-husqvarna-novocut-64\/","og_site_name":"Reginett","article_modified_time":"2021-05-26T08:48:57+00:00","og_image":[{"width":680,"height":372,"url":"https:\/\/reginett.ee\/wp-content\/uploads\/2020\/04\/Novocut-64.jpg","type":"image\/jpeg"}],"twitter_card":"summary_large_image","schema":{"@context":"https:\/\/schema.org","@graph":[{"@type":"WebPage","@id":"https:\/\/reginett.ee\/ru\/toode\/trummelniiduk-husqvarna-novocut-64\/","url":"https:\/\/reginett.ee\/ru\/toode\/trummelniiduk-husqvarna-novocut-64\/","name":"Trummelniiduk Husqvarna Novocut 64 - Reginett","isPartOf":{"@id":"https:\/\/reginett.ee\/#website"},"primaryImageOfPage":{"@id":"https:\/\/reginett.ee\/ru\/toode\/trummelniiduk-husqvarna-novocut-64\/#primaryimage"},"image":{"@id":"https:\/\/reginett.ee\/ru\/toode\/trummelniiduk-husqvarna-novocut-64\/#primaryimage"},"thumbnailUrl":"https:\/\/reginett.ee\/wp-content\/uploads\/2020\/04\/Novocut-64.jpg","datePublished":"2020-04-03T18:08:37+00:00","dateModified":"2021-05-26T08:48:57+00:00","breadcrumb":{"@id":"https:\/\/reginett.ee\/ru\/toode\/trummelniiduk-husqvarna-novocut-64\/#breadcrumb"},"inLanguage":"ru-RU","potentialAction":[{"@type":"ReadAction","target":["https:\/\/reginett.ee\/ru\/toode\/trummelniiduk-husqvarna-novocut-64\/"]}]},{"@type":"ImageObject","inLanguage":"ru-RU","@id":"https:\/\/reginett.ee\/ru\/toode\/trummelniiduk-husqvarna-novocut-64\/#primaryimage","url":"https:\/\/reginett.ee\/wp-content\/uploads\/2020\/04\/Novocut-64.jpg","contentUrl":"https:\/\/reginett.ee\/wp-content\/uploads\/2020\/04\/Novocut-64.jpg","width":680,"height":372,"caption":"Novocut 64"},{"@type":"BreadcrumbList","@id":"https:\/\/reginett.ee\/ru\/toode\/trummelniiduk-husqvarna-novocut-64\/#breadcrumb","itemListElement":[{"@type":"ListItem","position":1,"name":"Home","item":"https:\/\/reginett.ee\/ru\/"},{"@type":"ListItem","position":2,"name":"Tooted","item":"https:\/\/reginett.ee\/tooted\/"},{"@type":"ListItem","position":3,"name":"Trummelniiduk Husqvarna Novocut 64"}]},{"@type":"WebSite","@id":"https:\/\/reginett.ee\/#website","url":"https:\/\/reginett.ee\/","name":"Reginett","description":"Parimad robotniidukid","potentialAction":[{"@type":"SearchAction","target":{"@type":"EntryPoint","urlTemplate":"https:\/\/reginett.ee\/?s={search_term_string}"},"query-input":{"@type":"PropertyValueSpecification","valueRequired":true,"valueName":"search_term_string"}}],"inLanguage":"ru-RU"}]}},"brands":[],"_links":{"self":[{"href":"https:\/\/reginett.ee\/ru\/wp-json\/wp\/v2\/product\/51484","targetHints":{"allow":["GET"]}}],"collection":[{"href":"https:\/\/reginett.ee\/ru\/wp-json\/wp\/v2\/product"}],"about":[{"href":"https:\/\/reginett.ee\/ru\/wp-json\/wp\/v2\/types\/product"}],"replies":[{"embeddable":true,"href":"https:\/\/reginett.ee\/ru\/wp-json\/wp\/v2\/comments?post=51484"}],"wp:featuredmedia":[{"embeddable":true,"href":"https:\/\/reginett.ee\/ru\/wp-json\/wp\/v2\/media\/52858"}],"wp:attachment":[{"href":"https:\/\/reginett.ee\/ru\/wp-json\/wp\/v2\/media?parent=51484"}],"wp:term":[{"taxonomy":"pwb-brand","embeddable":true,"href":"https:\/\/reginett.ee\/ru\/wp-json\/wp\/v2\/pwb-brand?post=51484"},{"taxonomy":"product_brand","embeddable":true,"href":"https:\/\/reginett.ee\/ru\/wp-json\/wp\/v2\/product_brand?post=51484"},{"taxonomy":"product_cat","embeddable":true,"href":"https:\/\/reginett.ee\/ru\/wp-json\/wp\/v2\/product_cat?post=51484"},{"taxonomy":"product_tag","embeddable":true,"href":"https:\/\/reginett.ee\/ru\/wp-json\/wp\/v2\/product_tag?post=51484"}],"curies":[{"name":"wp","href":"https:\/\/api.w.org\/{rel}","templated":true}]}}