{"id":51482,"date":"2022-04-28T17:57:43","date_gmt":"2022-04-28T14:57:43","guid":{"rendered":"https:\/\/reginett.ee\/?post_type=product&#038;p=51482"},"modified":"2025-01-09T11:57:30","modified_gmt":"2025-01-09T08:57:30","slug":"trummelniiduk-husqvarna-exclusive-54","status":"publish","type":"product","link":"https:\/\/reginett.ee\/ru\/toode\/trummelniiduk-husqvarna-exclusive-54\/","title":{"rendered":"Trummelniiduk Husqvarna Exclusive 54"},"content":{"rendered":"<p>Husqvarna Exclusive 54 on tavap\u00e4rane vastupidav trummel-k\u00e4siniiduk. Kergesti k\u00e4sitsetav, vastupidav ja niidab suurep\u00e4raselt, mille poolest meie niidukid teiste seast silma paistavadki.<\/p>\n<h3>Eriti tugev trummel ja l\u00f5iketera<\/h3>\n<p>Parim niitmistulemus ja vastupidavus<\/p>\n<h3>Vastupidavad rattad<\/h3>\n<p>Vastupidavad ja kergelt liikuvad rattad.<\/p>\n<h3>Koguja saadaval lisavarustusena<\/h3>\n<p>Kogujaga niitmisel j\u00e4\u00e4b muru eriti puhtaks<\/p>\n<p>&nbsp;<\/p>\n","protected":false},"excerpt":{"rendered":"<p>Husqvarna Exclusive 54 on tavap\u00e4rane vastupidav trummel-k\u00e4siniiduk. Kergesti k\u00e4sitsetav, vastupidav ja niidab suurep\u00e4raselt, mille poolest meie niidukid teiste seast silma paistavadki.<\/p>\n","protected":false},"featured_media":52858,"comment_status":"open","ping_status":"closed","template":"","meta":{"_acf_changed":false,"_et_pb_use_builder":"","_et_pb_old_content":"","_et_gb_content_width":"","inline_featured_image":false},"pwb-brand":[],"product_brand":[],"product_cat":[37,25],"product_tag":[114,113,115],"class_list":{"0":"post-51482","1":"product","2":"type-product","3":"status-publish","4":"has-post-thumbnail","6":"product_cat-husqvarna","7":"product_cat-muruniidukid","8":"product_tag-kasiniiduk","9":"product_tag-muruniiduk","10":"product_tag-trummelniiduk","11":"product_shipping_class-soodsam-kuller-15-eur","13":"first","14":"instock","15":"shipping-taxable","16":"purchasable","17":"product-type-simple"},"acf":[],"yoast_head":"<!-- This site is optimized with the Yoast SEO plugin v26.6 - https:\/\/yoast.com\/wordpress\/plugins\/seo\/ -->\n<title>Trummelniiduk Husqvarna Exclusive 54. Soodsad muruniidukid Reginetist<\/title>\n<meta name=\"description\" content=\"Husqvarna Exclusive 54 on tavap\u00e4rane vastupidav trummel-k\u00e4siniiduk. Kergesti k\u00e4sitsetav, vastupidav ja niidab suurep\u00e4raselt.\" \/>\n<meta name=\"robots\" content=\"index, follow, max-snippet:-1, max-image-preview:large, max-video-preview:-1\" \/>\n<link rel=\"canonical\" href=\"https:\/\/reginett.ee\/toode\/trummelniiduk-husqvarna-exclusive-54\/\" \/>\n<meta property=\"og:locale\" content=\"ru_RU\" \/>\n<meta property=\"og:type\" content=\"article\" \/>\n<meta property=\"og:title\" content=\"Trummelniiduk Husqvarna Exclusive 54. Soodsad muruniidukid Reginetist\" \/>\n<meta property=\"og:description\" content=\"Husqvarna Exclusive 54 on tavap\u00e4rane vastupidav trummel-k\u00e4siniiduk. Kergesti k\u00e4sitsetav, vastupidav ja niidab suurep\u00e4raselt.\" \/>\n<meta property=\"og:url\" content=\"https:\/\/reginett.ee\/toode\/trummelniiduk-husqvarna-exclusive-54\/\" \/>\n<meta property=\"og:site_name\" content=\"Reginett\" \/>\n<meta property=\"article:modified_time\" content=\"2025-01-09T08:57:30+00:00\" \/>\n<meta property=\"og:image\" content=\"https:\/\/reginett.ee\/wp-content\/uploads\/2020\/04\/Novocut-64.jpg\" \/>\n\t<meta property=\"og:image:width\" content=\"680\" \/>\n\t<meta property=\"og:image:height\" content=\"372\" \/>\n\t<meta property=\"og:image:type\" content=\"image\/jpeg\" \/>\n<meta name=\"twitter:card\" content=\"summary_large_image\" \/>\n<script type=\"application\/ld+json\" class=\"yoast-schema-graph\">{\"@context\":\"https:\/\/schema.org\",\"@graph\":[{\"@type\":\"WebPage\",\"@id\":\"https:\/\/reginett.ee\/toode\/trummelniiduk-husqvarna-exclusive-54\/\",\"url\":\"https:\/\/reginett.ee\/toode\/trummelniiduk-husqvarna-exclusive-54\/\",\"name\":\"Trummelniiduk Husqvarna Exclusive 54. Soodsad muruniidukid Reginetist\",\"isPartOf\":{\"@id\":\"https:\/\/reginett.ee\/#website\"},\"primaryImageOfPage\":{\"@id\":\"https:\/\/reginett.ee\/toode\/trummelniiduk-husqvarna-exclusive-54\/#primaryimage\"},\"image\":{\"@id\":\"https:\/\/reginett.ee\/toode\/trummelniiduk-husqvarna-exclusive-54\/#primaryimage\"},\"thumbnailUrl\":\"https:\/\/reginett.ee\/wp-content\/uploads\/2020\/04\/Novocut-64.jpg\",\"datePublished\":\"2022-04-28T14:57:43+00:00\",\"dateModified\":\"2025-01-09T08:57:30+00:00\",\"description\":\"Husqvarna Exclusive 54 on tavap\u00e4rane vastupidav trummel-k\u00e4siniiduk. Kergesti k\u00e4sitsetav, vastupidav ja niidab suurep\u00e4raselt.\",\"breadcrumb\":{\"@id\":\"https:\/\/reginett.ee\/toode\/trummelniiduk-husqvarna-exclusive-54\/#breadcrumb\"},\"inLanguage\":\"ru-RU\",\"potentialAction\":[{\"@type\":\"ReadAction\",\"target\":[\"https:\/\/reginett.ee\/toode\/trummelniiduk-husqvarna-exclusive-54\/\"]}]},{\"@type\":\"ImageObject\",\"inLanguage\":\"ru-RU\",\"@id\":\"https:\/\/reginett.ee\/toode\/trummelniiduk-husqvarna-exclusive-54\/#primaryimage\",\"url\":\"https:\/\/reginett.ee\/wp-content\/uploads\/2020\/04\/Novocut-64.jpg\",\"contentUrl\":\"https:\/\/reginett.ee\/wp-content\/uploads\/2020\/04\/Novocut-64.jpg\",\"width\":680,\"height\":372,\"caption\":\"Novocut 64\"},{\"@type\":\"BreadcrumbList\",\"@id\":\"https:\/\/reginett.ee\/toode\/trummelniiduk-husqvarna-exclusive-54\/#breadcrumb\",\"itemListElement\":[{\"@type\":\"ListItem\",\"position\":1,\"name\":\"Home\",\"item\":\"https:\/\/reginett.ee\/ru\/\"},{\"@type\":\"ListItem\",\"position\":2,\"name\":\"Tooted\",\"item\":\"https:\/\/reginett.ee\/tooted\/\"},{\"@type\":\"ListItem\",\"position\":3,\"name\":\"Trummelniiduk Husqvarna Exclusive 54\"}]},{\"@type\":\"WebSite\",\"@id\":\"https:\/\/reginett.ee\/#website\",\"url\":\"https:\/\/reginett.ee\/\",\"name\":\"Reginett\",\"description\":\"Parimad robotniidukid\",\"potentialAction\":[{\"@type\":\"SearchAction\",\"target\":{\"@type\":\"EntryPoint\",\"urlTemplate\":\"https:\/\/reginett.ee\/?s={search_term_string}\"},\"query-input\":{\"@type\":\"PropertyValueSpecification\",\"valueRequired\":true,\"valueName\":\"search_term_string\"}}],\"inLanguage\":\"ru-RU\"}]}<\/script>\n<!-- \/ Yoast SEO plugin. -->","yoast_head_json":{"title":"Trummelniiduk Husqvarna Exclusive 54. Soodsad muruniidukid Reginetist","description":"Husqvarna Exclusive 54 on tavap\u00e4rane vastupidav trummel-k\u00e4siniiduk. Kergesti k\u00e4sitsetav, vastupidav ja niidab suurep\u00e4raselt.","robots":{"index":"index","follow":"follow","max-snippet":"max-snippet:-1","max-image-preview":"max-image-preview:large","max-video-preview":"max-video-preview:-1"},"canonical":"https:\/\/reginett.ee\/toode\/trummelniiduk-husqvarna-exclusive-54\/","og_locale":"ru_RU","og_type":"article","og_title":"Trummelniiduk Husqvarna Exclusive 54. Soodsad muruniidukid Reginetist","og_description":"Husqvarna Exclusive 54 on tavap\u00e4rane vastupidav trummel-k\u00e4siniiduk. Kergesti k\u00e4sitsetav, vastupidav ja niidab suurep\u00e4raselt.","og_url":"https:\/\/reginett.ee\/toode\/trummelniiduk-husqvarna-exclusive-54\/","og_site_name":"Reginett","article_modified_time":"2025-01-09T08:57:30+00:00","og_image":[{"width":680,"height":372,"url":"https:\/\/reginett.ee\/wp-content\/uploads\/2020\/04\/Novocut-64.jpg","type":"image\/jpeg"}],"twitter_card":"summary_large_image","schema":{"@context":"https:\/\/schema.org","@graph":[{"@type":"WebPage","@id":"https:\/\/reginett.ee\/toode\/trummelniiduk-husqvarna-exclusive-54\/","url":"https:\/\/reginett.ee\/toode\/trummelniiduk-husqvarna-exclusive-54\/","name":"Trummelniiduk Husqvarna Exclusive 54. Soodsad muruniidukid Reginetist","isPartOf":{"@id":"https:\/\/reginett.ee\/#website"},"primaryImageOfPage":{"@id":"https:\/\/reginett.ee\/toode\/trummelniiduk-husqvarna-exclusive-54\/#primaryimage"},"image":{"@id":"https:\/\/reginett.ee\/toode\/trummelniiduk-husqvarna-exclusive-54\/#primaryimage"},"thumbnailUrl":"https:\/\/reginett.ee\/wp-content\/uploads\/2020\/04\/Novocut-64.jpg","datePublished":"2022-04-28T14:57:43+00:00","dateModified":"2025-01-09T08:57:30+00:00","description":"Husqvarna Exclusive 54 on tavap\u00e4rane vastupidav trummel-k\u00e4siniiduk. Kergesti k\u00e4sitsetav, vastupidav ja niidab suurep\u00e4raselt.","breadcrumb":{"@id":"https:\/\/reginett.ee\/toode\/trummelniiduk-husqvarna-exclusive-54\/#breadcrumb"},"inLanguage":"ru-RU","potentialAction":[{"@type":"ReadAction","target":["https:\/\/reginett.ee\/toode\/trummelniiduk-husqvarna-exclusive-54\/"]}]},{"@type":"ImageObject","inLanguage":"ru-RU","@id":"https:\/\/reginett.ee\/toode\/trummelniiduk-husqvarna-exclusive-54\/#primaryimage","url":"https:\/\/reginett.ee\/wp-content\/uploads\/2020\/04\/Novocut-64.jpg","contentUrl":"https:\/\/reginett.ee\/wp-content\/uploads\/2020\/04\/Novocut-64.jpg","width":680,"height":372,"caption":"Novocut 64"},{"@type":"BreadcrumbList","@id":"https:\/\/reginett.ee\/toode\/trummelniiduk-husqvarna-exclusive-54\/#breadcrumb","itemListElement":[{"@type":"ListItem","position":1,"name":"Home","item":"https:\/\/reginett.ee\/ru\/"},{"@type":"ListItem","position":2,"name":"Tooted","item":"https:\/\/reginett.ee\/tooted\/"},{"@type":"ListItem","position":3,"name":"Trummelniiduk Husqvarna Exclusive 54"}]},{"@type":"WebSite","@id":"https:\/\/reginett.ee\/#website","url":"https:\/\/reginett.ee\/","name":"Reginett","description":"Parimad robotniidukid","potentialAction":[{"@type":"SearchAction","target":{"@type":"EntryPoint","urlTemplate":"https:\/\/reginett.ee\/?s={search_term_string}"},"query-input":{"@type":"PropertyValueSpecification","valueRequired":true,"valueName":"search_term_string"}}],"inLanguage":"ru-RU"}]}},"brands":[],"_links":{"self":[{"href":"https:\/\/reginett.ee\/ru\/wp-json\/wp\/v2\/product\/51482","targetHints":{"allow":["GET"]}}],"collection":[{"href":"https:\/\/reginett.ee\/ru\/wp-json\/wp\/v2\/product"}],"about":[{"href":"https:\/\/reginett.ee\/ru\/wp-json\/wp\/v2\/types\/product"}],"replies":[{"embeddable":true,"href":"https:\/\/reginett.ee\/ru\/wp-json\/wp\/v2\/comments?post=51482"}],"wp:featuredmedia":[{"embeddable":true,"href":"https:\/\/reginett.ee\/ru\/wp-json\/wp\/v2\/media\/52858"}],"wp:attachment":[{"href":"https:\/\/reginett.ee\/ru\/wp-json\/wp\/v2\/media?parent=51482"}],"wp:term":[{"taxonomy":"pwb-brand","embeddable":true,"href":"https:\/\/reginett.ee\/ru\/wp-json\/wp\/v2\/pwb-brand?post=51482"},{"taxonomy":"product_brand","embeddable":true,"href":"https:\/\/reginett.ee\/ru\/wp-json\/wp\/v2\/product_brand?post=51482"},{"taxonomy":"product_cat","embeddable":true,"href":"https:\/\/reginett.ee\/ru\/wp-json\/wp\/v2\/product_cat?post=51482"},{"taxonomy":"product_tag","embeddable":true,"href":"https:\/\/reginett.ee\/ru\/wp-json\/wp\/v2\/product_tag?post=51482"}],"curies":[{"name":"wp","href":"https:\/\/api.w.org\/{rel}","templated":true}]}}