{"id":51478,"date":"2024-08-03T13:13:50","date_gmt":"2024-08-03T10:13:50","guid":{"rendered":"https:\/\/reginett.ee\/?post_type=product&#038;p=51478"},"modified":"2024-08-05T13:57:20","modified_gmt":"2024-08-05T10:57:20","slug":"tolmuimeja-husqvarna-wdc220","status":"publish","type":"product","link":"https:\/\/reginett.ee\/ru\/toode\/tolmuimeja-husqvarna-wdc220\/","title":{"rendered":"Tolmuimeja Husqvarna WDC220"},"content":{"rendered":"<p>Husqvarna WDC220 on kompaktne tolmuimeja, mis on m\u00f5eldud nii kuiva tolmu kui ka vedelike imemiseks. Vastupidav mootor ja pestav PET filter tagavad toote vastupidavuse. Igap\u00e4evast kasutusmugavust lisavad suure mahutavusega konteiner ning konteineri t\u00f5stesang.<\/p>\n<h3>Pestav PET-filtrikassett<\/h3>\n<p>Filter on t\u00f6\u00f6tatud v\u00e4lja eriti pika t\u00f6\u00f6ea tagamiseks, mis v\u00e4hendab teie hoolduskulusid. Filtril on k\u00f5rge filtreerimist\u00f5husus ja sama filtrit saab kasutada nii m\u00e4rgade kui ka kuivade t\u00f6\u00f6de jaoks.<\/p>\n<h3>Pool-automaatne filtripuhastus<\/h3>\n<p>Lihtne ja kiire filtri puhastus \u00f5huimpulsside abil. Suurendab Husqvarna WDC220 tolmuimejal produktiivsust ja lisab mugavust<\/p>\n<h3>Konteineri t\u00f5stesang<\/h3>\n<p>T\u00e4nu konteineri t\u00f5stesangale on mugav mahutit t\u00fchjendada &#8212; lihtsalt \u00fchenda lahti pealiskaan.<\/p>\n<h3>Vastupidavad rattad ja rullikud<\/h3>\n<p>Suured ja vastupidavad rattad tagavad toote stabiilse p\u00fcsimise pinnasel. 360 kraadi p\u00f6\u00f6rlevad rullikud tagavad masina hea man\u00f6\u00f6verdatavuse.<\/p>\n<h3>Lisatarvikute hoidik<\/h3>\n<p>K\u00f5ikidele komplekti kuuluvatele osadel, nagu voolik, toitejuhe ja otsikud on oma hoiukoht tolmuimejal. Hoiustamiseks on vaja v\u00e4hem ruumi ja pole karta, et midagi l\u00e4heb kaduma.<\/p>\n<h3>Fliismaterjalist filtrikott<\/h3>\n<p>Vastupidav fliismaterjalist filtrikott hoiab tolmu kinni ja v\u00e4ldib t\u00fchendamisel selle lendumist.<\/p>\n<h3>Puhumisfunktsioon<\/h3>\n<p>V\u00e4ljalaskeava juures on Husqvarna WDC220 mudelil t\u00e4iendav voolikusisend. \u00dchendage imivoolik ja seadet saab kasutada puhurina kitsaste kohtade puhastamiseks v\u00f5i lehtede ja muu prahi kokkupuhumiseks.<\/p>\n<p>&nbsp;<\/p>\n","protected":false},"excerpt":{"rendered":"<p>Husqvarna WDC220 on kompaktne tolmuimeja, mis on m\u00f5eldud nii kuiva tolmu kui ka vedelike imemiseks. Vastupidav mootor ja pestav PET filter tagavad toote vastupidavuse. Igap\u00e4evast kasutusmugavust lisavad suure mahutavusega konteiner ning konteineri t\u00f5stesang.<\/p>\n","protected":false},"featured_media":52827,"comment_status":"open","ping_status":"closed","template":"","meta":{"_acf_changed":false,"_et_pb_use_builder":"","_et_pb_old_content":"","_et_gb_content_width":"","inline_featured_image":false},"pwb-brand":[147],"product_brand":[],"product_cat":[134,37,28],"product_tag":[112],"class_list":{"0":"post-51478","1":"product","2":"type-product","3":"status-publish","4":"has-post-thumbnail","6":"pwb-brand-husqvarna","7":"product_cat-eripakkumised","8":"product_cat-husqvarna","9":"product_cat-puhastustehnika","10":"product_tag-tolmuimeja","11":"product_shipping_class-soodsam-kuller-15-eur","13":"first","14":"instock","15":"sale","16":"shipping-taxable","17":"purchasable","18":"product-type-simple"},"acf":[],"yoast_head":"<!-- This site is optimized with the Yoast SEO plugin v26.6 - https:\/\/yoast.com\/wordpress\/plugins\/seo\/ -->\n<title>Tolmuimeja Husqvarna WDC220. V\u00f5imas Husqvarna tolmuimeja<\/title>\n<meta name=\"description\" content=\"Husqvarna WDC220 on kompaktne tolmuimeja, mis on m\u00f5eldud nii kuiva tolmu kui ka vedelike imemiseks. Vastupidav mootor ja pestav PET\" \/>\n<meta name=\"robots\" content=\"index, follow, max-snippet:-1, max-image-preview:large, max-video-preview:-1\" \/>\n<link rel=\"canonical\" href=\"https:\/\/reginett.ee\/toode\/tolmuimeja-husqvarna-wdc220\/\" \/>\n<meta property=\"og:locale\" content=\"ru_RU\" \/>\n<meta property=\"og:type\" content=\"article\" \/>\n<meta property=\"og:title\" content=\"Tolmuimeja Husqvarna WDC220. V\u00f5imas Husqvarna tolmuimeja\" \/>\n<meta property=\"og:description\" content=\"Husqvarna WDC220 on kompaktne tolmuimeja, mis on m\u00f5eldud nii kuiva tolmu kui ka vedelike imemiseks. Vastupidav mootor ja pestav PET\" \/>\n<meta property=\"og:url\" content=\"https:\/\/reginett.ee\/toode\/tolmuimeja-husqvarna-wdc220\/\" \/>\n<meta property=\"og:site_name\" content=\"Reginett\" \/>\n<meta property=\"article:modified_time\" content=\"2024-08-05T10:57:20+00:00\" \/>\n<meta property=\"og:image\" content=\"https:\/\/reginett.ee\/wp-content\/uploads\/2020\/04\/Husqvarna-WDC220.jpg\" \/>\n\t<meta property=\"og:image:width\" content=\"680\" \/>\n\t<meta property=\"og:image:height\" content=\"372\" \/>\n\t<meta property=\"og:image:type\" content=\"image\/jpeg\" \/>\n<meta name=\"twitter:card\" content=\"summary_large_image\" \/>\n<meta name=\"twitter:label1\" content=\"\u041f\u0440\u0438\u043c\u0435\u0440\u043d\u043e\u0435 \u0432\u0440\u0435\u043c\u044f \u0434\u043b\u044f \u0447\u0442\u0435\u043d\u0438\u044f\" \/>\n\t<meta name=\"twitter:data1\" content=\"1 \u043c\u0438\u043d\u0443\u0442\u0430\" \/>\n<script type=\"application\/ld+json\" class=\"yoast-schema-graph\">{\"@context\":\"https:\/\/schema.org\",\"@graph\":[{\"@type\":\"WebPage\",\"@id\":\"https:\/\/reginett.ee\/toode\/tolmuimeja-husqvarna-wdc220\/\",\"url\":\"https:\/\/reginett.ee\/toode\/tolmuimeja-husqvarna-wdc220\/\",\"name\":\"Tolmuimeja Husqvarna WDC220. V\u00f5imas Husqvarna tolmuimeja\",\"isPartOf\":{\"@id\":\"https:\/\/reginett.ee\/#website\"},\"primaryImageOfPage\":{\"@id\":\"https:\/\/reginett.ee\/toode\/tolmuimeja-husqvarna-wdc220\/#primaryimage\"},\"image\":{\"@id\":\"https:\/\/reginett.ee\/toode\/tolmuimeja-husqvarna-wdc220\/#primaryimage\"},\"thumbnailUrl\":\"https:\/\/reginett.ee\/wp-content\/uploads\/2020\/04\/Husqvarna-WDC220.jpg\",\"datePublished\":\"2024-08-03T10:13:50+00:00\",\"dateModified\":\"2024-08-05T10:57:20+00:00\",\"description\":\"Husqvarna WDC220 on kompaktne tolmuimeja, mis on m\u00f5eldud nii kuiva tolmu kui ka vedelike imemiseks. Vastupidav mootor ja pestav PET\",\"breadcrumb\":{\"@id\":\"https:\/\/reginett.ee\/toode\/tolmuimeja-husqvarna-wdc220\/#breadcrumb\"},\"inLanguage\":\"ru-RU\",\"potentialAction\":[{\"@type\":\"ReadAction\",\"target\":[\"https:\/\/reginett.ee\/toode\/tolmuimeja-husqvarna-wdc220\/\"]}]},{\"@type\":\"ImageObject\",\"inLanguage\":\"ru-RU\",\"@id\":\"https:\/\/reginett.ee\/toode\/tolmuimeja-husqvarna-wdc220\/#primaryimage\",\"url\":\"https:\/\/reginett.ee\/wp-content\/uploads\/2020\/04\/Husqvarna-WDC220.jpg\",\"contentUrl\":\"https:\/\/reginett.ee\/wp-content\/uploads\/2020\/04\/Husqvarna-WDC220.jpg\",\"width\":680,\"height\":372,\"caption\":\"Husqvarna WDC220\"},{\"@type\":\"BreadcrumbList\",\"@id\":\"https:\/\/reginett.ee\/toode\/tolmuimeja-husqvarna-wdc220\/#breadcrumb\",\"itemListElement\":[{\"@type\":\"ListItem\",\"position\":1,\"name\":\"Home\",\"item\":\"https:\/\/reginett.ee\/ru\/\"},{\"@type\":\"ListItem\",\"position\":2,\"name\":\"Tooted\",\"item\":\"https:\/\/reginett.ee\/tooted\/\"},{\"@type\":\"ListItem\",\"position\":3,\"name\":\"Tolmuimeja Husqvarna WDC220\"}]},{\"@type\":\"WebSite\",\"@id\":\"https:\/\/reginett.ee\/#website\",\"url\":\"https:\/\/reginett.ee\/\",\"name\":\"Reginett\",\"description\":\"Parimad robotniidukid\",\"potentialAction\":[{\"@type\":\"SearchAction\",\"target\":{\"@type\":\"EntryPoint\",\"urlTemplate\":\"https:\/\/reginett.ee\/?s={search_term_string}\"},\"query-input\":{\"@type\":\"PropertyValueSpecification\",\"valueRequired\":true,\"valueName\":\"search_term_string\"}}],\"inLanguage\":\"ru-RU\"}]}<\/script>\n<!-- \/ Yoast SEO plugin. -->","yoast_head_json":{"title":"Tolmuimeja Husqvarna WDC220. V\u00f5imas Husqvarna tolmuimeja","description":"Husqvarna WDC220 on kompaktne tolmuimeja, mis on m\u00f5eldud nii kuiva tolmu kui ka vedelike imemiseks. Vastupidav mootor ja pestav PET","robots":{"index":"index","follow":"follow","max-snippet":"max-snippet:-1","max-image-preview":"max-image-preview:large","max-video-preview":"max-video-preview:-1"},"canonical":"https:\/\/reginett.ee\/toode\/tolmuimeja-husqvarna-wdc220\/","og_locale":"ru_RU","og_type":"article","og_title":"Tolmuimeja Husqvarna WDC220. V\u00f5imas Husqvarna tolmuimeja","og_description":"Husqvarna WDC220 on kompaktne tolmuimeja, mis on m\u00f5eldud nii kuiva tolmu kui ka vedelike imemiseks. Vastupidav mootor ja pestav PET","og_url":"https:\/\/reginett.ee\/toode\/tolmuimeja-husqvarna-wdc220\/","og_site_name":"Reginett","article_modified_time":"2024-08-05T10:57:20+00:00","og_image":[{"width":680,"height":372,"url":"https:\/\/reginett.ee\/wp-content\/uploads\/2020\/04\/Husqvarna-WDC220.jpg","type":"image\/jpeg"}],"twitter_card":"summary_large_image","twitter_misc":{"\u041f\u0440\u0438\u043c\u0435\u0440\u043d\u043e\u0435 \u0432\u0440\u0435\u043c\u044f \u0434\u043b\u044f \u0447\u0442\u0435\u043d\u0438\u044f":"1 \u043c\u0438\u043d\u0443\u0442\u0430"},"schema":{"@context":"https:\/\/schema.org","@graph":[{"@type":"WebPage","@id":"https:\/\/reginett.ee\/toode\/tolmuimeja-husqvarna-wdc220\/","url":"https:\/\/reginett.ee\/toode\/tolmuimeja-husqvarna-wdc220\/","name":"Tolmuimeja Husqvarna WDC220. V\u00f5imas Husqvarna tolmuimeja","isPartOf":{"@id":"https:\/\/reginett.ee\/#website"},"primaryImageOfPage":{"@id":"https:\/\/reginett.ee\/toode\/tolmuimeja-husqvarna-wdc220\/#primaryimage"},"image":{"@id":"https:\/\/reginett.ee\/toode\/tolmuimeja-husqvarna-wdc220\/#primaryimage"},"thumbnailUrl":"https:\/\/reginett.ee\/wp-content\/uploads\/2020\/04\/Husqvarna-WDC220.jpg","datePublished":"2024-08-03T10:13:50+00:00","dateModified":"2024-08-05T10:57:20+00:00","description":"Husqvarna WDC220 on kompaktne tolmuimeja, mis on m\u00f5eldud nii kuiva tolmu kui ka vedelike imemiseks. Vastupidav mootor ja pestav PET","breadcrumb":{"@id":"https:\/\/reginett.ee\/toode\/tolmuimeja-husqvarna-wdc220\/#breadcrumb"},"inLanguage":"ru-RU","potentialAction":[{"@type":"ReadAction","target":["https:\/\/reginett.ee\/toode\/tolmuimeja-husqvarna-wdc220\/"]}]},{"@type":"ImageObject","inLanguage":"ru-RU","@id":"https:\/\/reginett.ee\/toode\/tolmuimeja-husqvarna-wdc220\/#primaryimage","url":"https:\/\/reginett.ee\/wp-content\/uploads\/2020\/04\/Husqvarna-WDC220.jpg","contentUrl":"https:\/\/reginett.ee\/wp-content\/uploads\/2020\/04\/Husqvarna-WDC220.jpg","width":680,"height":372,"caption":"Husqvarna WDC220"},{"@type":"BreadcrumbList","@id":"https:\/\/reginett.ee\/toode\/tolmuimeja-husqvarna-wdc220\/#breadcrumb","itemListElement":[{"@type":"ListItem","position":1,"name":"Home","item":"https:\/\/reginett.ee\/ru\/"},{"@type":"ListItem","position":2,"name":"Tooted","item":"https:\/\/reginett.ee\/tooted\/"},{"@type":"ListItem","position":3,"name":"Tolmuimeja Husqvarna WDC220"}]},{"@type":"WebSite","@id":"https:\/\/reginett.ee\/#website","url":"https:\/\/reginett.ee\/","name":"Reginett","description":"Parimad robotniidukid","potentialAction":[{"@type":"SearchAction","target":{"@type":"EntryPoint","urlTemplate":"https:\/\/reginett.ee\/?s={search_term_string}"},"query-input":{"@type":"PropertyValueSpecification","valueRequired":true,"valueName":"search_term_string"}}],"inLanguage":"ru-RU"}]}},"brands":[{"id":147,"name":"Husqvarna","slug":"husqvarna"}],"_links":{"self":[{"href":"https:\/\/reginett.ee\/ru\/wp-json\/wp\/v2\/product\/51478","targetHints":{"allow":["GET"]}}],"collection":[{"href":"https:\/\/reginett.ee\/ru\/wp-json\/wp\/v2\/product"}],"about":[{"href":"https:\/\/reginett.ee\/ru\/wp-json\/wp\/v2\/types\/product"}],"replies":[{"embeddable":true,"href":"https:\/\/reginett.ee\/ru\/wp-json\/wp\/v2\/comments?post=51478"}],"wp:featuredmedia":[{"embeddable":true,"href":"https:\/\/reginett.ee\/ru\/wp-json\/wp\/v2\/media\/52827"}],"wp:attachment":[{"href":"https:\/\/reginett.ee\/ru\/wp-json\/wp\/v2\/media?parent=51478"}],"wp:term":[{"taxonomy":"pwb-brand","embeddable":true,"href":"https:\/\/reginett.ee\/ru\/wp-json\/wp\/v2\/pwb-brand?post=51478"},{"taxonomy":"product_brand","embeddable":true,"href":"https:\/\/reginett.ee\/ru\/wp-json\/wp\/v2\/product_brand?post=51478"},{"taxonomy":"product_cat","embeddable":true,"href":"https:\/\/reginett.ee\/ru\/wp-json\/wp\/v2\/product_cat?post=51478"},{"taxonomy":"product_tag","embeddable":true,"href":"https:\/\/reginett.ee\/ru\/wp-json\/wp\/v2\/product_tag?post=51478"}],"curies":[{"name":"wp","href":"https:\/\/api.w.org\/{rel}","templated":true}]}}