{"id":51444,"date":"2025-12-01T11:59:26","date_gmt":"2025-12-01T08:59:26","guid":{"rendered":"https:\/\/reginett.ee\/?post_type=product&#038;p=51444"},"modified":"2026-01-07T17:52:39","modified_gmt":"2026-01-07T14:52:39","slug":"lehepuhur-husqvarna-125bvx","status":"publish","type":"product","link":"https:\/\/reginett.ee\/ru\/toode\/lehepuhur-husqvarna-125bvx\/","title":{"rendered":"Lehepuhur Husqvarna 125BVx"},"content":{"rendered":"<p>Husqvarna 125BVx on k\u00e4eshoitav, suure puhumisv\u00f5imsusega ja kasutajas\u00f5bralik lehepuhur, mida saab kasutada ka leheimurina. Sobiv mudel kodukasutuseks. H\u00e4sti tasakaalustatud ja kompaktne. Kerge k\u00e4ivitada t\u00e4nu Smart Start\u00ae tehnoloogiale. Komplektis \u00fcmar ja lame otsik, lehekogumiskott ja mult\u0161eritera.<\/p>\n<h3>Mult\u0161ifunktsioon<\/h3>\n<p>Mult\u0161iterad peenestavad kogutavad lehed, suurendades kogumiskoti mahutavust.<\/p>\n<h3>\u00dchel joonel k\u00e4epide ja puhumistoru<\/h3>\n<p>Puhumistoru asetseb \u00fchel joonel<\/p>\n<h3>Automaatselt tagastuv stoppl\u00fcliti<\/h3>\n<p>Automaatselt l\u00fclitub tagasi sissel\u00fclitatud asendisse kergeks k\u00e4ivitamiseks.<\/p>\n<h3>P\u00fcsikiirusehoidik<\/h3>\n<p>Puhumise kiiruse fikseerimine, et oleks mugavam t\u00f6\u00f6tada.<\/p>\n<h3>Reguleeritav toru pikkus<\/h3>\n<p>Puhumistoru pikkust saab muuta.<\/p>\n<h3>Smart Start\u00ae<\/h3>\n<p>Masin k\u00e4ivitub kergelt ja minimaalse vaevaga. K\u00e4ivitusn\u00f6\u00f6ri takistus on kuni 40% v\u00e4iksem.<\/p>\n<h3>Imemisfunktsioon<\/h3>\n<p>Puhuri saab seadistada imemisfunktsioonile, lehtede ja prahi kogumiseks.<\/p>\n<h3>K\u00e4ep\u00e4rased juhikud<\/h3>\n<p>Juhikud on loogiliselt ja k\u00e4ep\u00e4raselt grupeeritud<\/p>\n<h3>Mugav k\u00e4epide<\/h3>\n<p>Pehmendusega mugav k\u00e4epide.<\/p>\n","protected":false},"excerpt":{"rendered":"<p>Husqvarna 125BVx on k\u00e4eshoitav, suure puhumisv\u00f5imsusega ja kasutajas\u00f5bralik lehepuhur, mida saab kasutada ka leheimurina. Sobiv mudel kodukasutuseks. H\u00e4sti tasakaalustatud ja kompaktne. Kerge k\u00e4ivitada t\u00e4nu Smart Start\u00ae tehnoloogiale. Komplektis \u00fcmar ja lame otsik, lehekogumiskott ja mult\u0161eritera.<\/p>\n","protected":false},"featured_media":52723,"comment_status":"open","ping_status":"closed","template":"","meta":{"_acf_changed":false,"_et_pb_use_builder":"","_et_pb_old_content":"","_et_gb_content_width":"","inline_featured_image":false},"pwb-brand":[],"product_brand":[],"product_cat":[37,50],"product_tag":[105,106],"class_list":{"0":"post-51444","1":"product","2":"type-product","3":"status-publish","4":"has-post-thumbnail","6":"product_cat-husqvarna","7":"product_cat-lehepuhurid","8":"product_tag-lehepuhur","9":"product_tag-puhur","11":"first","12":"instock","13":"shipping-taxable","14":"purchasable","15":"product-type-simple"},"acf":[],"yoast_head":"<!-- This site is optimized with the Yoast SEO plugin v26.6 - https:\/\/yoast.com\/wordpress\/plugins\/seo\/ -->\n<title>Lehepuhur Husqvarna 125BVX. Parimad lehepuhurid Reginetist<\/title>\n<meta name=\"description\" content=\"Husqvarna 125BVx on k\u00e4eshoitav, suure puhumisv\u00f5imsusega ja kasutajas\u00f5bralik lehepuhur, mida saab kasutada ka leheimurina\" \/>\n<meta name=\"robots\" content=\"index, follow, max-snippet:-1, max-image-preview:large, max-video-preview:-1\" \/>\n<link rel=\"canonical\" href=\"https:\/\/reginett.ee\/toode\/lehepuhur-husqvarna-125bvx\/\" \/>\n<meta property=\"og:locale\" content=\"ru_RU\" \/>\n<meta property=\"og:type\" content=\"article\" \/>\n<meta property=\"og:title\" content=\"Lehepuhur Husqvarna 125BVX. Parimad lehepuhurid Reginetist\" \/>\n<meta property=\"og:description\" content=\"Husqvarna 125BVx on k\u00e4eshoitav, suure puhumisv\u00f5imsusega ja kasutajas\u00f5bralik lehepuhur, mida saab kasutada ka leheimurina\" \/>\n<meta property=\"og:url\" content=\"https:\/\/reginett.ee\/toode\/lehepuhur-husqvarna-125bvx\/\" \/>\n<meta property=\"og:site_name\" content=\"Reginett\" \/>\n<meta property=\"article:modified_time\" content=\"2026-01-07T14:52:39+00:00\" \/>\n<meta property=\"og:image\" content=\"https:\/\/reginett.ee\/wp-content\/uploads\/2020\/04\/Husqvarna-125BVX.jpg\" \/>\n\t<meta property=\"og:image:width\" content=\"680\" \/>\n\t<meta property=\"og:image:height\" content=\"372\" \/>\n\t<meta property=\"og:image:type\" content=\"image\/jpeg\" \/>\n<meta name=\"twitter:card\" content=\"summary_large_image\" \/>\n<meta name=\"twitter:label1\" content=\"\u041f\u0440\u0438\u043c\u0435\u0440\u043d\u043e\u0435 \u0432\u0440\u0435\u043c\u044f \u0434\u043b\u044f \u0447\u0442\u0435\u043d\u0438\u044f\" \/>\n\t<meta name=\"twitter:data1\" content=\"1 \u043c\u0438\u043d\u0443\u0442\u0430\" \/>\n<script type=\"application\/ld+json\" class=\"yoast-schema-graph\">{\"@context\":\"https:\/\/schema.org\",\"@graph\":[{\"@type\":\"WebPage\",\"@id\":\"https:\/\/reginett.ee\/toode\/lehepuhur-husqvarna-125bvx\/\",\"url\":\"https:\/\/reginett.ee\/toode\/lehepuhur-husqvarna-125bvx\/\",\"name\":\"Lehepuhur Husqvarna 125BVX. Parimad lehepuhurid Reginetist\",\"isPartOf\":{\"@id\":\"https:\/\/reginett.ee\/#website\"},\"primaryImageOfPage\":{\"@id\":\"https:\/\/reginett.ee\/toode\/lehepuhur-husqvarna-125bvx\/#primaryimage\"},\"image\":{\"@id\":\"https:\/\/reginett.ee\/toode\/lehepuhur-husqvarna-125bvx\/#primaryimage\"},\"thumbnailUrl\":\"https:\/\/reginett.ee\/wp-content\/uploads\/2020\/04\/Husqvarna-125BVX.jpg\",\"datePublished\":\"2025-12-01T08:59:26+00:00\",\"dateModified\":\"2026-01-07T14:52:39+00:00\",\"description\":\"Husqvarna 125BVx on k\u00e4eshoitav, suure puhumisv\u00f5imsusega ja kasutajas\u00f5bralik lehepuhur, mida saab kasutada ka leheimurina\",\"breadcrumb\":{\"@id\":\"https:\/\/reginett.ee\/toode\/lehepuhur-husqvarna-125bvx\/#breadcrumb\"},\"inLanguage\":\"ru-RU\",\"potentialAction\":[{\"@type\":\"ReadAction\",\"target\":[\"https:\/\/reginett.ee\/toode\/lehepuhur-husqvarna-125bvx\/\"]}]},{\"@type\":\"ImageObject\",\"inLanguage\":\"ru-RU\",\"@id\":\"https:\/\/reginett.ee\/toode\/lehepuhur-husqvarna-125bvx\/#primaryimage\",\"url\":\"https:\/\/reginett.ee\/wp-content\/uploads\/2020\/04\/Husqvarna-125BVX.jpg\",\"contentUrl\":\"https:\/\/reginett.ee\/wp-content\/uploads\/2020\/04\/Husqvarna-125BVX.jpg\",\"width\":680,\"height\":372,\"caption\":\"Husqvarna 125BVX\"},{\"@type\":\"BreadcrumbList\",\"@id\":\"https:\/\/reginett.ee\/toode\/lehepuhur-husqvarna-125bvx\/#breadcrumb\",\"itemListElement\":[{\"@type\":\"ListItem\",\"position\":1,\"name\":\"Home\",\"item\":\"https:\/\/reginett.ee\/ru\/\"},{\"@type\":\"ListItem\",\"position\":2,\"name\":\"Tooted\",\"item\":\"https:\/\/reginett.ee\/tooted\/\"},{\"@type\":\"ListItem\",\"position\":3,\"name\":\"Lehepuhur Husqvarna 125BVx\"}]},{\"@type\":\"WebSite\",\"@id\":\"https:\/\/reginett.ee\/#website\",\"url\":\"https:\/\/reginett.ee\/\",\"name\":\"Reginett\",\"description\":\"Parimad robotniidukid\",\"potentialAction\":[{\"@type\":\"SearchAction\",\"target\":{\"@type\":\"EntryPoint\",\"urlTemplate\":\"https:\/\/reginett.ee\/?s={search_term_string}\"},\"query-input\":{\"@type\":\"PropertyValueSpecification\",\"valueRequired\":true,\"valueName\":\"search_term_string\"}}],\"inLanguage\":\"ru-RU\"}]}<\/script>\n<!-- \/ Yoast SEO plugin. -->","yoast_head_json":{"title":"Lehepuhur Husqvarna 125BVX. Parimad lehepuhurid Reginetist","description":"Husqvarna 125BVx on k\u00e4eshoitav, suure puhumisv\u00f5imsusega ja kasutajas\u00f5bralik lehepuhur, mida saab kasutada ka leheimurina","robots":{"index":"index","follow":"follow","max-snippet":"max-snippet:-1","max-image-preview":"max-image-preview:large","max-video-preview":"max-video-preview:-1"},"canonical":"https:\/\/reginett.ee\/toode\/lehepuhur-husqvarna-125bvx\/","og_locale":"ru_RU","og_type":"article","og_title":"Lehepuhur Husqvarna 125BVX. Parimad lehepuhurid Reginetist","og_description":"Husqvarna 125BVx on k\u00e4eshoitav, suure puhumisv\u00f5imsusega ja kasutajas\u00f5bralik lehepuhur, mida saab kasutada ka leheimurina","og_url":"https:\/\/reginett.ee\/toode\/lehepuhur-husqvarna-125bvx\/","og_site_name":"Reginett","article_modified_time":"2026-01-07T14:52:39+00:00","og_image":[{"width":680,"height":372,"url":"https:\/\/reginett.ee\/wp-content\/uploads\/2020\/04\/Husqvarna-125BVX.jpg","type":"image\/jpeg"}],"twitter_card":"summary_large_image","twitter_misc":{"\u041f\u0440\u0438\u043c\u0435\u0440\u043d\u043e\u0435 \u0432\u0440\u0435\u043c\u044f \u0434\u043b\u044f \u0447\u0442\u0435\u043d\u0438\u044f":"1 \u043c\u0438\u043d\u0443\u0442\u0430"},"schema":{"@context":"https:\/\/schema.org","@graph":[{"@type":"WebPage","@id":"https:\/\/reginett.ee\/toode\/lehepuhur-husqvarna-125bvx\/","url":"https:\/\/reginett.ee\/toode\/lehepuhur-husqvarna-125bvx\/","name":"Lehepuhur Husqvarna 125BVX. Parimad lehepuhurid Reginetist","isPartOf":{"@id":"https:\/\/reginett.ee\/#website"},"primaryImageOfPage":{"@id":"https:\/\/reginett.ee\/toode\/lehepuhur-husqvarna-125bvx\/#primaryimage"},"image":{"@id":"https:\/\/reginett.ee\/toode\/lehepuhur-husqvarna-125bvx\/#primaryimage"},"thumbnailUrl":"https:\/\/reginett.ee\/wp-content\/uploads\/2020\/04\/Husqvarna-125BVX.jpg","datePublished":"2025-12-01T08:59:26+00:00","dateModified":"2026-01-07T14:52:39+00:00","description":"Husqvarna 125BVx on k\u00e4eshoitav, suure puhumisv\u00f5imsusega ja kasutajas\u00f5bralik lehepuhur, mida saab kasutada ka leheimurina","breadcrumb":{"@id":"https:\/\/reginett.ee\/toode\/lehepuhur-husqvarna-125bvx\/#breadcrumb"},"inLanguage":"ru-RU","potentialAction":[{"@type":"ReadAction","target":["https:\/\/reginett.ee\/toode\/lehepuhur-husqvarna-125bvx\/"]}]},{"@type":"ImageObject","inLanguage":"ru-RU","@id":"https:\/\/reginett.ee\/toode\/lehepuhur-husqvarna-125bvx\/#primaryimage","url":"https:\/\/reginett.ee\/wp-content\/uploads\/2020\/04\/Husqvarna-125BVX.jpg","contentUrl":"https:\/\/reginett.ee\/wp-content\/uploads\/2020\/04\/Husqvarna-125BVX.jpg","width":680,"height":372,"caption":"Husqvarna 125BVX"},{"@type":"BreadcrumbList","@id":"https:\/\/reginett.ee\/toode\/lehepuhur-husqvarna-125bvx\/#breadcrumb","itemListElement":[{"@type":"ListItem","position":1,"name":"Home","item":"https:\/\/reginett.ee\/ru\/"},{"@type":"ListItem","position":2,"name":"Tooted","item":"https:\/\/reginett.ee\/tooted\/"},{"@type":"ListItem","position":3,"name":"Lehepuhur Husqvarna 125BVx"}]},{"@type":"WebSite","@id":"https:\/\/reginett.ee\/#website","url":"https:\/\/reginett.ee\/","name":"Reginett","description":"Parimad robotniidukid","potentialAction":[{"@type":"SearchAction","target":{"@type":"EntryPoint","urlTemplate":"https:\/\/reginett.ee\/?s={search_term_string}"},"query-input":{"@type":"PropertyValueSpecification","valueRequired":true,"valueName":"search_term_string"}}],"inLanguage":"ru-RU"}]}},"brands":[],"_links":{"self":[{"href":"https:\/\/reginett.ee\/ru\/wp-json\/wp\/v2\/product\/51444","targetHints":{"allow":["GET"]}}],"collection":[{"href":"https:\/\/reginett.ee\/ru\/wp-json\/wp\/v2\/product"}],"about":[{"href":"https:\/\/reginett.ee\/ru\/wp-json\/wp\/v2\/types\/product"}],"replies":[{"embeddable":true,"href":"https:\/\/reginett.ee\/ru\/wp-json\/wp\/v2\/comments?post=51444"}],"wp:featuredmedia":[{"embeddable":true,"href":"https:\/\/reginett.ee\/ru\/wp-json\/wp\/v2\/media\/52723"}],"wp:attachment":[{"href":"https:\/\/reginett.ee\/ru\/wp-json\/wp\/v2\/media?parent=51444"}],"wp:term":[{"taxonomy":"pwb-brand","embeddable":true,"href":"https:\/\/reginett.ee\/ru\/wp-json\/wp\/v2\/pwb-brand?post=51444"},{"taxonomy":"product_brand","embeddable":true,"href":"https:\/\/reginett.ee\/ru\/wp-json\/wp\/v2\/product_brand?post=51444"},{"taxonomy":"product_cat","embeddable":true,"href":"https:\/\/reginett.ee\/ru\/wp-json\/wp\/v2\/product_cat?post=51444"},{"taxonomy":"product_tag","embeddable":true,"href":"https:\/\/reginett.ee\/ru\/wp-json\/wp\/v2\/product_tag?post=51444"}],"curies":[{"name":"wp","href":"https:\/\/api.w.org\/{rel}","templated":true}]}}