{"id":51441,"date":"2020-03-31T11:12:44","date_gmt":"2020-03-31T08:12:44","guid":{"rendered":"https:\/\/reginett.ee\/?post_type=product&#038;p=51441"},"modified":"2024-01-15T12:24:54","modified_gmt":"2024-01-15T09:24:54","slug":"4-takti-bensiin-aspen","status":"publish","type":"product","link":"https:\/\/reginett.ee\/ru\/toode\/4-takti-bensiin-aspen\/","title":{"rendered":"4 takti bensiin Aspen"},"content":{"rendered":"<p>Aspen 4 on alk\u00fclaatbensiin kasutamiseks j\u00e4rgmistes mehhanismides: muruniidukid, rootorkultivaatorid, lumepuhurid, paadid ja muud 4-taktilised v\u00e4ikemootorid. Aspen 4 hoiab klapid ja kolvid puhtana, annab mootorile pikema kasutusea ja suurema t\u00f6\u00f6kindluse. Aspen 4 v\u00f5ib s\u00e4ilitada pikka aega kartmata kvaliteedi halvenemist. Aspen 4 alk\u00fclaatbensiini omadused s\u00e4ilivad 3-5 aastat, samas kui tavabensiinil vaid 3-5 kuud.<\/p>\n<h3>V\u00f5rdlus tavabensiiniga<\/h3>\n<p>Tavabensiini toodetakse toornafta rafineerimisel, kus erinevaid fraktsioone t\u00f6\u00f6deldakse ja seej\u00e4rel segatakse kokku. Bensiin ei koosne seega ainult \u00fchest ainest, vaid on mitme erineva aine segu. Tavaline bensiinijaamas m\u00fc\u00fcdav bensiin sisaldab umbes 100 erinevat ainet, mis k\u00f5ik avaldavad erinevat m\u00f5ju ka tervisele ja keskkonnale. Paljud komponendid sealhulgas on aga \u00e4\u00e4rmiselt ohtlikud nii inimestele kui ka keskkonnale.<br \/>\nAlk\u00fclaatbensiini toodetakse s\u00fcnteetiliselt toornafta rafineerimisel saadud puhastest j\u00e4\u00e4kgaasidest. Tulemuseks on v\u00e4ga puhas bensiin, mis koosneb ainult umbes 10 erinevast ainest ja ei sisalda selliseid ohtlikke koostisosasi nagu benseen, aromaatsed s\u00fcsivesinikud, v\u00e4\u00e4vel ja olefiinid. Aspen alk\u00fclaatbensiinid on eelk\u00f5ige v\u00e4lja t\u00f6\u00f6tatud terviseriskide ja keskkonnaohtude v\u00e4hendamiseks koost\u00f6\u00f6s professionaalsete l\u00f5ppkasutajatega. See t\u00e4hendab, et bensiini aurudest ja heitgaasidest tulenevad terviseriskid on Aspen toodete puhul viidud miinimumini.<\/p>\n","protected":false},"excerpt":{"rendered":"<p>Aspen 4 on alk\u00fclaatbensiin kasutamiseks j\u00e4rgmistes mehhanismides: muruniidukid, rootorkultivaatorid, lumepuhurid, paadid ja muud 4-taktilised v\u00e4ikemootorid. Aspen 4 hoiab klapid ja kolvid puhtana, annab mootorile pikema kasutusea ja suurema t\u00f6\u00f6kindluse. Aspen 4 v\u00f5ib s\u00e4ilitada pikka aega kartmata kvaliteedi halvenemist. Aspen 4 alk\u00fclaatbensiini omadused s\u00e4ilivad 3-5 aastat, samas kui tavabensiinil vaid 3-5 kuu<\/p>\n","protected":false},"featured_media":52770,"comment_status":"open","ping_status":"closed","template":"","meta":{"_acf_changed":false,"_et_pb_use_builder":"","_et_pb_old_content":"","_et_gb_content_width":"","inline_featured_image":false},"pwb-brand":[],"product_brand":[],"product_cat":[27],"product_tag":[111,110,108],"class_list":{"0":"post-51441","1":"product","2":"type-product","3":"status-publish","4":"has-post-thumbnail","6":"product_cat-tooriistad-ja-tarvikud","7":"product_tag-aspen","8":"product_tag-bensiin","9":"product_tag-kutus","11":"first","12":"instock","13":"shipping-taxable","14":"purchasable","15":"product-type-simple"},"acf":[],"yoast_head":"<!-- This site is optimized with the Yoast SEO plugin v26.6 - https:\/\/yoast.com\/wordpress\/plugins\/seo\/ -->\n<title>4 takti bensiin Aspen - Reginett<\/title>\n<meta name=\"robots\" content=\"index, follow, max-snippet:-1, max-image-preview:large, max-video-preview:-1\" \/>\n<link rel=\"canonical\" href=\"https:\/\/reginett.ee\/toode\/4-takti-bensiin-aspen\/\" \/>\n<meta property=\"og:locale\" content=\"ru_RU\" \/>\n<meta property=\"og:type\" content=\"article\" \/>\n<meta property=\"og:title\" content=\"4 takti bensiin Aspen - Reginett\" \/>\n<meta property=\"og:description\" content=\"Aspen 4 on alk\u00fclaatbensiin kasutamiseks j\u00e4rgmistes mehhanismides: muruniidukid, rootorkultivaatorid, lumepuhurid, paadid ja muud 4-taktilised v\u00e4ikemootorid. Aspen 4 hoiab klapid ja kolvid puhtana, annab mootorile pikema kasutusea ja suurema t\u00f6\u00f6kindluse. Aspen 4 v\u00f5ib s\u00e4ilitada pikka aega kartmata kvaliteedi halvenemist. Aspen 4 alk\u00fclaatbensiini omadused s\u00e4ilivad 3-5 aastat, samas kui tavabensiinil vaid 3-5 kuu\" \/>\n<meta property=\"og:url\" content=\"https:\/\/reginett.ee\/toode\/4-takti-bensiin-aspen\/\" \/>\n<meta property=\"og:site_name\" content=\"Reginett\" \/>\n<meta property=\"article:modified_time\" content=\"2024-01-15T09:24:54+00:00\" \/>\n<meta property=\"og:image\" content=\"https:\/\/reginett.ee\/wp-content\/uploads\/2020\/03\/Apen-4T.jpg\" \/>\n\t<meta property=\"og:image:width\" content=\"680\" \/>\n\t<meta property=\"og:image:height\" content=\"372\" \/>\n\t<meta property=\"og:image:type\" content=\"image\/jpeg\" \/>\n<meta name=\"twitter:card\" content=\"summary_large_image\" \/>\n<meta name=\"twitter:label1\" content=\"\u041f\u0440\u0438\u043c\u0435\u0440\u043d\u043e\u0435 \u0432\u0440\u0435\u043c\u044f \u0434\u043b\u044f \u0447\u0442\u0435\u043d\u0438\u044f\" \/>\n\t<meta name=\"twitter:data1\" content=\"1 \u043c\u0438\u043d\u0443\u0442\u0430\" \/>\n<script type=\"application\/ld+json\" class=\"yoast-schema-graph\">{\"@context\":\"https:\/\/schema.org\",\"@graph\":[{\"@type\":\"WebPage\",\"@id\":\"https:\/\/reginett.ee\/toode\/4-takti-bensiin-aspen\/\",\"url\":\"https:\/\/reginett.ee\/toode\/4-takti-bensiin-aspen\/\",\"name\":\"4 takti bensiin Aspen - Reginett\",\"isPartOf\":{\"@id\":\"https:\/\/reginett.ee\/#website\"},\"primaryImageOfPage\":{\"@id\":\"https:\/\/reginett.ee\/toode\/4-takti-bensiin-aspen\/#primaryimage\"},\"image\":{\"@id\":\"https:\/\/reginett.ee\/toode\/4-takti-bensiin-aspen\/#primaryimage\"},\"thumbnailUrl\":\"https:\/\/reginett.ee\/wp-content\/uploads\/2020\/03\/Apen-4T.jpg\",\"datePublished\":\"2020-03-31T08:12:44+00:00\",\"dateModified\":\"2024-01-15T09:24:54+00:00\",\"breadcrumb\":{\"@id\":\"https:\/\/reginett.ee\/toode\/4-takti-bensiin-aspen\/#breadcrumb\"},\"inLanguage\":\"ru-RU\",\"potentialAction\":[{\"@type\":\"ReadAction\",\"target\":[\"https:\/\/reginett.ee\/toode\/4-takti-bensiin-aspen\/\"]}]},{\"@type\":\"ImageObject\",\"inLanguage\":\"ru-RU\",\"@id\":\"https:\/\/reginett.ee\/toode\/4-takti-bensiin-aspen\/#primaryimage\",\"url\":\"https:\/\/reginett.ee\/wp-content\/uploads\/2020\/03\/Apen-4T.jpg\",\"contentUrl\":\"https:\/\/reginett.ee\/wp-content\/uploads\/2020\/03\/Apen-4T.jpg\",\"width\":680,\"height\":372,\"caption\":\"Apen 4T\"},{\"@type\":\"BreadcrumbList\",\"@id\":\"https:\/\/reginett.ee\/toode\/4-takti-bensiin-aspen\/#breadcrumb\",\"itemListElement\":[{\"@type\":\"ListItem\",\"position\":1,\"name\":\"Home\",\"item\":\"https:\/\/reginett.ee\/ru\/\"},{\"@type\":\"ListItem\",\"position\":2,\"name\":\"Tooted\",\"item\":\"https:\/\/reginett.ee\/tooted\/\"},{\"@type\":\"ListItem\",\"position\":3,\"name\":\"4 takti bensiin Aspen\"}]},{\"@type\":\"WebSite\",\"@id\":\"https:\/\/reginett.ee\/#website\",\"url\":\"https:\/\/reginett.ee\/\",\"name\":\"Reginett\",\"description\":\"Parimad robotniidukid\",\"potentialAction\":[{\"@type\":\"SearchAction\",\"target\":{\"@type\":\"EntryPoint\",\"urlTemplate\":\"https:\/\/reginett.ee\/?s={search_term_string}\"},\"query-input\":{\"@type\":\"PropertyValueSpecification\",\"valueRequired\":true,\"valueName\":\"search_term_string\"}}],\"inLanguage\":\"ru-RU\"}]}<\/script>\n<!-- \/ Yoast SEO plugin. -->","yoast_head_json":{"title":"4 takti bensiin Aspen - Reginett","robots":{"index":"index","follow":"follow","max-snippet":"max-snippet:-1","max-image-preview":"max-image-preview:large","max-video-preview":"max-video-preview:-1"},"canonical":"https:\/\/reginett.ee\/toode\/4-takti-bensiin-aspen\/","og_locale":"ru_RU","og_type":"article","og_title":"4 takti bensiin Aspen - Reginett","og_description":"Aspen 4 on alk\u00fclaatbensiin kasutamiseks j\u00e4rgmistes mehhanismides: muruniidukid, rootorkultivaatorid, lumepuhurid, paadid ja muud 4-taktilised v\u00e4ikemootorid. Aspen 4 hoiab klapid ja kolvid puhtana, annab mootorile pikema kasutusea ja suurema t\u00f6\u00f6kindluse. Aspen 4 v\u00f5ib s\u00e4ilitada pikka aega kartmata kvaliteedi halvenemist. Aspen 4 alk\u00fclaatbensiini omadused s\u00e4ilivad 3-5 aastat, samas kui tavabensiinil vaid 3-5 kuu","og_url":"https:\/\/reginett.ee\/toode\/4-takti-bensiin-aspen\/","og_site_name":"Reginett","article_modified_time":"2024-01-15T09:24:54+00:00","og_image":[{"width":680,"height":372,"url":"https:\/\/reginett.ee\/wp-content\/uploads\/2020\/03\/Apen-4T.jpg","type":"image\/jpeg"}],"twitter_card":"summary_large_image","twitter_misc":{"\u041f\u0440\u0438\u043c\u0435\u0440\u043d\u043e\u0435 \u0432\u0440\u0435\u043c\u044f \u0434\u043b\u044f \u0447\u0442\u0435\u043d\u0438\u044f":"1 \u043c\u0438\u043d\u0443\u0442\u0430"},"schema":{"@context":"https:\/\/schema.org","@graph":[{"@type":"WebPage","@id":"https:\/\/reginett.ee\/toode\/4-takti-bensiin-aspen\/","url":"https:\/\/reginett.ee\/toode\/4-takti-bensiin-aspen\/","name":"4 takti bensiin Aspen - Reginett","isPartOf":{"@id":"https:\/\/reginett.ee\/#website"},"primaryImageOfPage":{"@id":"https:\/\/reginett.ee\/toode\/4-takti-bensiin-aspen\/#primaryimage"},"image":{"@id":"https:\/\/reginett.ee\/toode\/4-takti-bensiin-aspen\/#primaryimage"},"thumbnailUrl":"https:\/\/reginett.ee\/wp-content\/uploads\/2020\/03\/Apen-4T.jpg","datePublished":"2020-03-31T08:12:44+00:00","dateModified":"2024-01-15T09:24:54+00:00","breadcrumb":{"@id":"https:\/\/reginett.ee\/toode\/4-takti-bensiin-aspen\/#breadcrumb"},"inLanguage":"ru-RU","potentialAction":[{"@type":"ReadAction","target":["https:\/\/reginett.ee\/toode\/4-takti-bensiin-aspen\/"]}]},{"@type":"ImageObject","inLanguage":"ru-RU","@id":"https:\/\/reginett.ee\/toode\/4-takti-bensiin-aspen\/#primaryimage","url":"https:\/\/reginett.ee\/wp-content\/uploads\/2020\/03\/Apen-4T.jpg","contentUrl":"https:\/\/reginett.ee\/wp-content\/uploads\/2020\/03\/Apen-4T.jpg","width":680,"height":372,"caption":"Apen 4T"},{"@type":"BreadcrumbList","@id":"https:\/\/reginett.ee\/toode\/4-takti-bensiin-aspen\/#breadcrumb","itemListElement":[{"@type":"ListItem","position":1,"name":"Home","item":"https:\/\/reginett.ee\/ru\/"},{"@type":"ListItem","position":2,"name":"Tooted","item":"https:\/\/reginett.ee\/tooted\/"},{"@type":"ListItem","position":3,"name":"4 takti bensiin Aspen"}]},{"@type":"WebSite","@id":"https:\/\/reginett.ee\/#website","url":"https:\/\/reginett.ee\/","name":"Reginett","description":"Parimad robotniidukid","potentialAction":[{"@type":"SearchAction","target":{"@type":"EntryPoint","urlTemplate":"https:\/\/reginett.ee\/?s={search_term_string}"},"query-input":{"@type":"PropertyValueSpecification","valueRequired":true,"valueName":"search_term_string"}}],"inLanguage":"ru-RU"}]}},"brands":[],"_links":{"self":[{"href":"https:\/\/reginett.ee\/ru\/wp-json\/wp\/v2\/product\/51441","targetHints":{"allow":["GET"]}}],"collection":[{"href":"https:\/\/reginett.ee\/ru\/wp-json\/wp\/v2\/product"}],"about":[{"href":"https:\/\/reginett.ee\/ru\/wp-json\/wp\/v2\/types\/product"}],"replies":[{"embeddable":true,"href":"https:\/\/reginett.ee\/ru\/wp-json\/wp\/v2\/comments?post=51441"}],"wp:featuredmedia":[{"embeddable":true,"href":"https:\/\/reginett.ee\/ru\/wp-json\/wp\/v2\/media\/52770"}],"wp:attachment":[{"href":"https:\/\/reginett.ee\/ru\/wp-json\/wp\/v2\/media?parent=51441"}],"wp:term":[{"taxonomy":"pwb-brand","embeddable":true,"href":"https:\/\/reginett.ee\/ru\/wp-json\/wp\/v2\/pwb-brand?post=51441"},{"taxonomy":"product_brand","embeddable":true,"href":"https:\/\/reginett.ee\/ru\/wp-json\/wp\/v2\/product_brand?post=51441"},{"taxonomy":"product_cat","embeddable":true,"href":"https:\/\/reginett.ee\/ru\/wp-json\/wp\/v2\/product_cat?post=51441"},{"taxonomy":"product_tag","embeddable":true,"href":"https:\/\/reginett.ee\/ru\/wp-json\/wp\/v2\/product_tag?post=51441"}],"curies":[{"name":"wp","href":"https:\/\/api.w.org\/{rel}","templated":true}]}}