{"id":51437,"date":"2020-03-31T10:35:59","date_gmt":"2020-03-31T07:35:59","guid":{"rendered":"https:\/\/reginett.ee\/?post_type=product&#038;p=51437"},"modified":"2022-09-09T14:33:15","modified_gmt":"2022-09-09T11:33:15","slug":"2-takti-bensiin-aspen","status":"publish","type":"product","link":"https:\/\/reginett.ee\/ru\/toode\/2-takti-bensiin-aspen\/","title":{"rendered":"2 takti bensiin Aspen"},"content":{"rendered":"<p>Aspen on valmissegatud bensiin, mis sisaldab 2% t\u00e4iss\u00fcnteetilist kahetaktilist \u00f5li. Bensiini Aspen 2 kasutatakse k\u00f5igis kahetaktilistes mootorites peale p\u00e4ramootorite, mis vajavad erilise p\u00e4ramootori\u00f5liga segatud bensiini.<br \/>\nsisaldab 2% t\u00e4iss\u00fcnteetilist biolagunevat 2-takti \u00f5li mis vastab kvaliteediklassile ISO-L-EGD ja JASO FD<br \/>\nAspen 2 hoiab mootori puhtama ning parandab mootori j\u00f5udlust, mis tagab masina pikema t\u00f6\u00f6ea.<br \/>\nAspen 2 garanteerib toote kvaliteedi s\u00e4ilimise 3-5 aastat.<\/p>\n<p>V\u00f5rdlus tavabensiiniga<\/p>\n<p>Tavabensiini toodetakse toornafta rafineerimisel, kus erinevaid fraktsioone t\u00f6\u00f6deldakse ja seej\u00e4rel segatakse kokku. Bensiin ei koosne seega ainult \u00fchest ainest, vaid on mitme erineva aine segu. Tavaline bensiinijaamas m\u00fc\u00fcdav bensiin sisaldab umbes 100 erinevat ainet, mis k\u00f5ik avaldavad erinevat m\u00f5ju ka tervisele ja keskkonnale. Paljud komponendid sealhulgas on aga \u00e4\u00e4rmiselt ohtlikud nii inimestele kui ka keskkonnale.<br \/>\nAlk\u00fclaatbensiini toodetakse s\u00fcnteetiliselt toornafta rafineerimisel saadud puhastest j\u00e4\u00e4kgaasidest. Tulemuseks on v\u00e4ga puhas bensiin, mis koosneb ainult umbes 10 erinevast ainest ja ei sisalda selliseid ohtlikke koostisosasi nagu benseen, aromaatsed s\u00fcsivesinikud, v\u00e4\u00e4vel ja olefiinid. Aspen alk\u00fclaatbensiinid on eelk\u00f5ige v\u00e4lja t\u00f6\u00f6tatud terviseriskide ja keskkonnaohtude v\u00e4hendamiseks koost\u00f6\u00f6s professionaalsete l\u00f5ppkasutajatega. See t\u00e4hendab, et bensiini aurudest ja heitgaasidest tulenevad terviseriskid on Aspen toodete puhul viidud miinimumini.<\/p>\n","protected":false},"excerpt":{"rendered":"<p>Aspen on valmissegatud bensiin, mis sisaldab 2% t\u00e4iss\u00fcnteetilist kahetaktilist \u00f5li. Bensiini Aspen 2 kasutatakse k\u00f5igis kahetaktilistes mootorites peale p\u00e4ramootorite, mis vajavad erilise p\u00e4ramootori\u00f5liga segatud bensiini.<\/p>\n","protected":false},"featured_media":52771,"comment_status":"open","ping_status":"closed","template":"","meta":{"_acf_changed":false,"_et_pb_use_builder":"","_et_pb_old_content":"","_et_gb_content_width":"","inline_featured_image":false},"pwb-brand":[],"product_brand":[],"product_cat":[27],"product_tag":[109,107,108],"class_list":{"0":"post-51437","1":"product","2":"type-product","3":"status-publish","4":"has-post-thumbnail","6":"product_cat-tooriistad-ja-tarvikud","7":"product_tag-alkulaatbesniin","8":"product_tag-besniin","9":"product_tag-kutus","11":"first","12":"instock","13":"shipping-taxable","14":"purchasable","15":"product-type-simple"},"acf":[],"yoast_head":"<!-- This site is optimized with the Yoast SEO plugin v26.6 - https:\/\/yoast.com\/wordpress\/plugins\/seo\/ -->\n<title>2 takti bensiin Aspen - Reginett<\/title>\n<meta name=\"robots\" content=\"index, follow, max-snippet:-1, max-image-preview:large, max-video-preview:-1\" \/>\n<link rel=\"canonical\" href=\"https:\/\/reginett.ee\/toode\/2-takti-bensiin-aspen\/\" \/>\n<meta property=\"og:locale\" content=\"ru_RU\" \/>\n<meta property=\"og:type\" content=\"article\" \/>\n<meta property=\"og:title\" content=\"2 takti bensiin Aspen - Reginett\" \/>\n<meta property=\"og:description\" content=\"Aspen on valmissegatud bensiin, mis sisaldab 2% t\u00e4iss\u00fcnteetilist kahetaktilist \u00f5li. Bensiini Aspen 2 kasutatakse k\u00f5igis kahetaktilistes mootorites peale p\u00e4ramootorite, mis vajavad erilise p\u00e4ramootori\u00f5liga segatud bensiini.\" \/>\n<meta property=\"og:url\" content=\"https:\/\/reginett.ee\/toode\/2-takti-bensiin-aspen\/\" \/>\n<meta property=\"og:site_name\" content=\"Reginett\" \/>\n<meta property=\"article:modified_time\" content=\"2022-09-09T11:33:15+00:00\" \/>\n<meta property=\"og:image\" content=\"https:\/\/reginett.ee\/wp-content\/uploads\/2020\/03\/Aspen-2T.jpg\" \/>\n\t<meta property=\"og:image:width\" content=\"680\" \/>\n\t<meta property=\"og:image:height\" content=\"372\" \/>\n\t<meta property=\"og:image:type\" content=\"image\/jpeg\" \/>\n<meta name=\"twitter:card\" content=\"summary_large_image\" \/>\n<meta name=\"twitter:label1\" content=\"\u041f\u0440\u0438\u043c\u0435\u0440\u043d\u043e\u0435 \u0432\u0440\u0435\u043c\u044f \u0434\u043b\u044f \u0447\u0442\u0435\u043d\u0438\u044f\" \/>\n\t<meta name=\"twitter:data1\" content=\"1 \u043c\u0438\u043d\u0443\u0442\u0430\" \/>\n<script type=\"application\/ld+json\" class=\"yoast-schema-graph\">{\"@context\":\"https:\/\/schema.org\",\"@graph\":[{\"@type\":\"WebPage\",\"@id\":\"https:\/\/reginett.ee\/toode\/2-takti-bensiin-aspen\/\",\"url\":\"https:\/\/reginett.ee\/toode\/2-takti-bensiin-aspen\/\",\"name\":\"2 takti bensiin Aspen - Reginett\",\"isPartOf\":{\"@id\":\"https:\/\/reginett.ee\/#website\"},\"primaryImageOfPage\":{\"@id\":\"https:\/\/reginett.ee\/toode\/2-takti-bensiin-aspen\/#primaryimage\"},\"image\":{\"@id\":\"https:\/\/reginett.ee\/toode\/2-takti-bensiin-aspen\/#primaryimage\"},\"thumbnailUrl\":\"https:\/\/reginett.ee\/wp-content\/uploads\/2020\/03\/Aspen-2T.jpg\",\"datePublished\":\"2020-03-31T07:35:59+00:00\",\"dateModified\":\"2022-09-09T11:33:15+00:00\",\"breadcrumb\":{\"@id\":\"https:\/\/reginett.ee\/toode\/2-takti-bensiin-aspen\/#breadcrumb\"},\"inLanguage\":\"ru-RU\",\"potentialAction\":[{\"@type\":\"ReadAction\",\"target\":[\"https:\/\/reginett.ee\/toode\/2-takti-bensiin-aspen\/\"]}]},{\"@type\":\"ImageObject\",\"inLanguage\":\"ru-RU\",\"@id\":\"https:\/\/reginett.ee\/toode\/2-takti-bensiin-aspen\/#primaryimage\",\"url\":\"https:\/\/reginett.ee\/wp-content\/uploads\/2020\/03\/Aspen-2T.jpg\",\"contentUrl\":\"https:\/\/reginett.ee\/wp-content\/uploads\/2020\/03\/Aspen-2T.jpg\",\"width\":680,\"height\":372,\"caption\":\"Aspen 2T\"},{\"@type\":\"BreadcrumbList\",\"@id\":\"https:\/\/reginett.ee\/toode\/2-takti-bensiin-aspen\/#breadcrumb\",\"itemListElement\":[{\"@type\":\"ListItem\",\"position\":1,\"name\":\"Home\",\"item\":\"https:\/\/reginett.ee\/ru\/\"},{\"@type\":\"ListItem\",\"position\":2,\"name\":\"Tooted\",\"item\":\"https:\/\/reginett.ee\/tooted\/\"},{\"@type\":\"ListItem\",\"position\":3,\"name\":\"2 takti bensiin Aspen\"}]},{\"@type\":\"WebSite\",\"@id\":\"https:\/\/reginett.ee\/#website\",\"url\":\"https:\/\/reginett.ee\/\",\"name\":\"Reginett\",\"description\":\"Parimad robotniidukid\",\"potentialAction\":[{\"@type\":\"SearchAction\",\"target\":{\"@type\":\"EntryPoint\",\"urlTemplate\":\"https:\/\/reginett.ee\/?s={search_term_string}\"},\"query-input\":{\"@type\":\"PropertyValueSpecification\",\"valueRequired\":true,\"valueName\":\"search_term_string\"}}],\"inLanguage\":\"ru-RU\"}]}<\/script>\n<!-- \/ Yoast SEO plugin. -->","yoast_head_json":{"title":"2 takti bensiin Aspen - Reginett","robots":{"index":"index","follow":"follow","max-snippet":"max-snippet:-1","max-image-preview":"max-image-preview:large","max-video-preview":"max-video-preview:-1"},"canonical":"https:\/\/reginett.ee\/toode\/2-takti-bensiin-aspen\/","og_locale":"ru_RU","og_type":"article","og_title":"2 takti bensiin Aspen - Reginett","og_description":"Aspen on valmissegatud bensiin, mis sisaldab 2% t\u00e4iss\u00fcnteetilist kahetaktilist \u00f5li. Bensiini Aspen 2 kasutatakse k\u00f5igis kahetaktilistes mootorites peale p\u00e4ramootorite, mis vajavad erilise p\u00e4ramootori\u00f5liga segatud bensiini.","og_url":"https:\/\/reginett.ee\/toode\/2-takti-bensiin-aspen\/","og_site_name":"Reginett","article_modified_time":"2022-09-09T11:33:15+00:00","og_image":[{"width":680,"height":372,"url":"https:\/\/reginett.ee\/wp-content\/uploads\/2020\/03\/Aspen-2T.jpg","type":"image\/jpeg"}],"twitter_card":"summary_large_image","twitter_misc":{"\u041f\u0440\u0438\u043c\u0435\u0440\u043d\u043e\u0435 \u0432\u0440\u0435\u043c\u044f \u0434\u043b\u044f \u0447\u0442\u0435\u043d\u0438\u044f":"1 \u043c\u0438\u043d\u0443\u0442\u0430"},"schema":{"@context":"https:\/\/schema.org","@graph":[{"@type":"WebPage","@id":"https:\/\/reginett.ee\/toode\/2-takti-bensiin-aspen\/","url":"https:\/\/reginett.ee\/toode\/2-takti-bensiin-aspen\/","name":"2 takti bensiin Aspen - Reginett","isPartOf":{"@id":"https:\/\/reginett.ee\/#website"},"primaryImageOfPage":{"@id":"https:\/\/reginett.ee\/toode\/2-takti-bensiin-aspen\/#primaryimage"},"image":{"@id":"https:\/\/reginett.ee\/toode\/2-takti-bensiin-aspen\/#primaryimage"},"thumbnailUrl":"https:\/\/reginett.ee\/wp-content\/uploads\/2020\/03\/Aspen-2T.jpg","datePublished":"2020-03-31T07:35:59+00:00","dateModified":"2022-09-09T11:33:15+00:00","breadcrumb":{"@id":"https:\/\/reginett.ee\/toode\/2-takti-bensiin-aspen\/#breadcrumb"},"inLanguage":"ru-RU","potentialAction":[{"@type":"ReadAction","target":["https:\/\/reginett.ee\/toode\/2-takti-bensiin-aspen\/"]}]},{"@type":"ImageObject","inLanguage":"ru-RU","@id":"https:\/\/reginett.ee\/toode\/2-takti-bensiin-aspen\/#primaryimage","url":"https:\/\/reginett.ee\/wp-content\/uploads\/2020\/03\/Aspen-2T.jpg","contentUrl":"https:\/\/reginett.ee\/wp-content\/uploads\/2020\/03\/Aspen-2T.jpg","width":680,"height":372,"caption":"Aspen 2T"},{"@type":"BreadcrumbList","@id":"https:\/\/reginett.ee\/toode\/2-takti-bensiin-aspen\/#breadcrumb","itemListElement":[{"@type":"ListItem","position":1,"name":"Home","item":"https:\/\/reginett.ee\/ru\/"},{"@type":"ListItem","position":2,"name":"Tooted","item":"https:\/\/reginett.ee\/tooted\/"},{"@type":"ListItem","position":3,"name":"2 takti bensiin Aspen"}]},{"@type":"WebSite","@id":"https:\/\/reginett.ee\/#website","url":"https:\/\/reginett.ee\/","name":"Reginett","description":"Parimad robotniidukid","potentialAction":[{"@type":"SearchAction","target":{"@type":"EntryPoint","urlTemplate":"https:\/\/reginett.ee\/?s={search_term_string}"},"query-input":{"@type":"PropertyValueSpecification","valueRequired":true,"valueName":"search_term_string"}}],"inLanguage":"ru-RU"}]}},"brands":[],"_links":{"self":[{"href":"https:\/\/reginett.ee\/ru\/wp-json\/wp\/v2\/product\/51437","targetHints":{"allow":["GET"]}}],"collection":[{"href":"https:\/\/reginett.ee\/ru\/wp-json\/wp\/v2\/product"}],"about":[{"href":"https:\/\/reginett.ee\/ru\/wp-json\/wp\/v2\/types\/product"}],"replies":[{"embeddable":true,"href":"https:\/\/reginett.ee\/ru\/wp-json\/wp\/v2\/comments?post=51437"}],"wp:featuredmedia":[{"embeddable":true,"href":"https:\/\/reginett.ee\/ru\/wp-json\/wp\/v2\/media\/52771"}],"wp:attachment":[{"href":"https:\/\/reginett.ee\/ru\/wp-json\/wp\/v2\/media?parent=51437"}],"wp:term":[{"taxonomy":"pwb-brand","embeddable":true,"href":"https:\/\/reginett.ee\/ru\/wp-json\/wp\/v2\/pwb-brand?post=51437"},{"taxonomy":"product_brand","embeddable":true,"href":"https:\/\/reginett.ee\/ru\/wp-json\/wp\/v2\/product_brand?post=51437"},{"taxonomy":"product_cat","embeddable":true,"href":"https:\/\/reginett.ee\/ru\/wp-json\/wp\/v2\/product_cat?post=51437"},{"taxonomy":"product_tag","embeddable":true,"href":"https:\/\/reginett.ee\/ru\/wp-json\/wp\/v2\/product_tag?post=51437"}],"curies":[{"name":"wp","href":"https:\/\/api.w.org\/{rel}","templated":true}]}}