{"id":51433,"date":"2025-10-08T16:15:23","date_gmt":"2025-10-08T13:15:23","guid":{"rendered":"https:\/\/reginett.ee\/?post_type=product&#038;p=51433"},"modified":"2026-01-07T17:51:41","modified_gmt":"2026-01-07T14:51:41","slug":"lehepuhur-husqvarna-125b","status":"publish","type":"product","link":"https:\/\/reginett.ee\/ru\/toode\/lehepuhur-husqvarna-125b\/","title":{"rendered":"Lehepuhur Husqvarna 125B"},"content":{"rendered":"<p>Husqvarna 125B on k\u00e4eshoitav, suure puhumisv\u00f5imsusega ja kasutajas\u00f5bralik lehepuhur. Sobiv mudel kodukasutuseks. H\u00e4sti tasakaalustatud ja kergelt man\u00f6\u00f6verdatav.<\/p>\n<h3>P\u00fcsikiirusehoidik<\/h3>\n<p>Puhumise kiiruse fikseerimine, et oleks mugavam t\u00f6\u00f6tada.<\/p>\n<h3>Automaatselt tagastuv stoppl\u00fcliti<\/h3>\n<p>Automaatselt l\u00fclitub tagasi sissel\u00fclitatud asendisse kergeks k\u00e4ivitamiseks.<\/p>\n<h3>Reguleeritav toru pikkus<\/h3>\n<p>Puhumistoru pikkust saab muuta.<\/p>\n<h3>K\u00e4ep\u00e4rased juhikud<\/h3>\n<p>Juhikud on loogiliselt ja k\u00e4ep\u00e4raselt grupeeritud<\/p>\n<h3>K\u00fctusepump<\/h3>\n<p>K\u00fctusepump kergemaks k\u00e4ivitamiseks.<\/p>\n<h3>\u00dchel joonel k\u00e4epide ja puhumistoru<\/h3>\n<p>Puhumistoru asetseb \u00fchel joonel<\/p>\n<p>&nbsp;<\/p>\n","protected":false},"excerpt":{"rendered":"<p>Husqvarna 125B on k\u00e4eshoitav, suure puhumisv\u00f5imsusega ja kasutajas\u00f5bralik lehepuhur. Sobiv mudel kodukasutuseks. H\u00e4sti tasakaalustatud ja kergelt man\u00f6\u00f6verdatav.<\/p>\n","protected":false},"featured_media":52724,"comment_status":"open","ping_status":"closed","template":"","meta":{"_acf_changed":false,"_et_pb_use_builder":"","_et_pb_old_content":"","_et_gb_content_width":"","inline_featured_image":false},"pwb-brand":[],"product_brand":[],"product_cat":[37,50],"product_tag":[105,106],"class_list":{"0":"post-51433","1":"product","2":"type-product","3":"status-publish","4":"has-post-thumbnail","6":"product_cat-husqvarna","7":"product_cat-lehepuhurid","8":"product_tag-lehepuhur","9":"product_tag-puhur","10":"product_shipping_class-soodsam-kuller-15-eur","12":"first","13":"instock","14":"shipping-taxable","15":"purchasable","16":"product-type-simple"},"acf":[],"yoast_head":"<!-- This site is optimized with the Yoast SEO plugin v26.6 - https:\/\/yoast.com\/wordpress\/plugins\/seo\/ -->\n<title>Lehepuhur Husqvarna 125B - Reginett<\/title>\n<meta name=\"robots\" content=\"index, follow, max-snippet:-1, max-image-preview:large, max-video-preview:-1\" \/>\n<link rel=\"canonical\" href=\"https:\/\/reginett.ee\/toode\/lehepuhur-husqvarna-125b\/\" \/>\n<meta property=\"og:locale\" content=\"ru_RU\" \/>\n<meta property=\"og:type\" content=\"article\" \/>\n<meta property=\"og:title\" content=\"Lehepuhur Husqvarna 125B - Reginett\" \/>\n<meta property=\"og:description\" content=\"Husqvarna 125B on k\u00e4eshoitav, suure puhumisv\u00f5imsusega ja kasutajas\u00f5bralik lehepuhur. Sobiv mudel kodukasutuseks. H\u00e4sti tasakaalustatud ja kergelt man\u00f6\u00f6verdatav.\" \/>\n<meta property=\"og:url\" content=\"https:\/\/reginett.ee\/toode\/lehepuhur-husqvarna-125b\/\" \/>\n<meta property=\"og:site_name\" content=\"Reginett\" \/>\n<meta property=\"article:modified_time\" content=\"2026-01-07T14:51:41+00:00\" \/>\n<meta property=\"og:image\" content=\"https:\/\/reginett.ee\/wp-content\/uploads\/2020\/03\/Husqvarna-125B.jpg\" \/>\n\t<meta property=\"og:image:width\" content=\"680\" \/>\n\t<meta property=\"og:image:height\" content=\"372\" \/>\n\t<meta property=\"og:image:type\" content=\"image\/jpeg\" \/>\n<meta name=\"twitter:card\" content=\"summary_large_image\" \/>\n<meta name=\"twitter:label1\" content=\"\u041f\u0440\u0438\u043c\u0435\u0440\u043d\u043e\u0435 \u0432\u0440\u0435\u043c\u044f \u0434\u043b\u044f \u0447\u0442\u0435\u043d\u0438\u044f\" \/>\n\t<meta name=\"twitter:data1\" content=\"1 \u043c\u0438\u043d\u0443\u0442\u0430\" \/>\n<script type=\"application\/ld+json\" class=\"yoast-schema-graph\">{\"@context\":\"https:\/\/schema.org\",\"@graph\":[{\"@type\":\"WebPage\",\"@id\":\"https:\/\/reginett.ee\/toode\/lehepuhur-husqvarna-125b\/\",\"url\":\"https:\/\/reginett.ee\/toode\/lehepuhur-husqvarna-125b\/\",\"name\":\"Lehepuhur Husqvarna 125B - Reginett\",\"isPartOf\":{\"@id\":\"https:\/\/reginett.ee\/#website\"},\"primaryImageOfPage\":{\"@id\":\"https:\/\/reginett.ee\/toode\/lehepuhur-husqvarna-125b\/#primaryimage\"},\"image\":{\"@id\":\"https:\/\/reginett.ee\/toode\/lehepuhur-husqvarna-125b\/#primaryimage\"},\"thumbnailUrl\":\"https:\/\/reginett.ee\/wp-content\/uploads\/2020\/03\/Husqvarna-125B.jpg\",\"datePublished\":\"2025-10-08T13:15:23+00:00\",\"dateModified\":\"2026-01-07T14:51:41+00:00\",\"breadcrumb\":{\"@id\":\"https:\/\/reginett.ee\/toode\/lehepuhur-husqvarna-125b\/#breadcrumb\"},\"inLanguage\":\"ru-RU\",\"potentialAction\":[{\"@type\":\"ReadAction\",\"target\":[\"https:\/\/reginett.ee\/toode\/lehepuhur-husqvarna-125b\/\"]}]},{\"@type\":\"ImageObject\",\"inLanguage\":\"ru-RU\",\"@id\":\"https:\/\/reginett.ee\/toode\/lehepuhur-husqvarna-125b\/#primaryimage\",\"url\":\"https:\/\/reginett.ee\/wp-content\/uploads\/2020\/03\/Husqvarna-125B.jpg\",\"contentUrl\":\"https:\/\/reginett.ee\/wp-content\/uploads\/2020\/03\/Husqvarna-125B.jpg\",\"width\":680,\"height\":372,\"caption\":\"Husqvarna 125B\"},{\"@type\":\"BreadcrumbList\",\"@id\":\"https:\/\/reginett.ee\/toode\/lehepuhur-husqvarna-125b\/#breadcrumb\",\"itemListElement\":[{\"@type\":\"ListItem\",\"position\":1,\"name\":\"Home\",\"item\":\"https:\/\/reginett.ee\/ru\/\"},{\"@type\":\"ListItem\",\"position\":2,\"name\":\"Tooted\",\"item\":\"https:\/\/reginett.ee\/tooted\/\"},{\"@type\":\"ListItem\",\"position\":3,\"name\":\"Lehepuhur Husqvarna 125B\"}]},{\"@type\":\"WebSite\",\"@id\":\"https:\/\/reginett.ee\/#website\",\"url\":\"https:\/\/reginett.ee\/\",\"name\":\"Reginett\",\"description\":\"Parimad robotniidukid\",\"potentialAction\":[{\"@type\":\"SearchAction\",\"target\":{\"@type\":\"EntryPoint\",\"urlTemplate\":\"https:\/\/reginett.ee\/?s={search_term_string}\"},\"query-input\":{\"@type\":\"PropertyValueSpecification\",\"valueRequired\":true,\"valueName\":\"search_term_string\"}}],\"inLanguage\":\"ru-RU\"}]}<\/script>\n<!-- \/ Yoast SEO plugin. -->","yoast_head_json":{"title":"Lehepuhur Husqvarna 125B - Reginett","robots":{"index":"index","follow":"follow","max-snippet":"max-snippet:-1","max-image-preview":"max-image-preview:large","max-video-preview":"max-video-preview:-1"},"canonical":"https:\/\/reginett.ee\/toode\/lehepuhur-husqvarna-125b\/","og_locale":"ru_RU","og_type":"article","og_title":"Lehepuhur Husqvarna 125B - Reginett","og_description":"Husqvarna 125B on k\u00e4eshoitav, suure puhumisv\u00f5imsusega ja kasutajas\u00f5bralik lehepuhur. Sobiv mudel kodukasutuseks. H\u00e4sti tasakaalustatud ja kergelt man\u00f6\u00f6verdatav.","og_url":"https:\/\/reginett.ee\/toode\/lehepuhur-husqvarna-125b\/","og_site_name":"Reginett","article_modified_time":"2026-01-07T14:51:41+00:00","og_image":[{"width":680,"height":372,"url":"https:\/\/reginett.ee\/wp-content\/uploads\/2020\/03\/Husqvarna-125B.jpg","type":"image\/jpeg"}],"twitter_card":"summary_large_image","twitter_misc":{"\u041f\u0440\u0438\u043c\u0435\u0440\u043d\u043e\u0435 \u0432\u0440\u0435\u043c\u044f \u0434\u043b\u044f \u0447\u0442\u0435\u043d\u0438\u044f":"1 \u043c\u0438\u043d\u0443\u0442\u0430"},"schema":{"@context":"https:\/\/schema.org","@graph":[{"@type":"WebPage","@id":"https:\/\/reginett.ee\/toode\/lehepuhur-husqvarna-125b\/","url":"https:\/\/reginett.ee\/toode\/lehepuhur-husqvarna-125b\/","name":"Lehepuhur Husqvarna 125B - Reginett","isPartOf":{"@id":"https:\/\/reginett.ee\/#website"},"primaryImageOfPage":{"@id":"https:\/\/reginett.ee\/toode\/lehepuhur-husqvarna-125b\/#primaryimage"},"image":{"@id":"https:\/\/reginett.ee\/toode\/lehepuhur-husqvarna-125b\/#primaryimage"},"thumbnailUrl":"https:\/\/reginett.ee\/wp-content\/uploads\/2020\/03\/Husqvarna-125B.jpg","datePublished":"2025-10-08T13:15:23+00:00","dateModified":"2026-01-07T14:51:41+00:00","breadcrumb":{"@id":"https:\/\/reginett.ee\/toode\/lehepuhur-husqvarna-125b\/#breadcrumb"},"inLanguage":"ru-RU","potentialAction":[{"@type":"ReadAction","target":["https:\/\/reginett.ee\/toode\/lehepuhur-husqvarna-125b\/"]}]},{"@type":"ImageObject","inLanguage":"ru-RU","@id":"https:\/\/reginett.ee\/toode\/lehepuhur-husqvarna-125b\/#primaryimage","url":"https:\/\/reginett.ee\/wp-content\/uploads\/2020\/03\/Husqvarna-125B.jpg","contentUrl":"https:\/\/reginett.ee\/wp-content\/uploads\/2020\/03\/Husqvarna-125B.jpg","width":680,"height":372,"caption":"Husqvarna 125B"},{"@type":"BreadcrumbList","@id":"https:\/\/reginett.ee\/toode\/lehepuhur-husqvarna-125b\/#breadcrumb","itemListElement":[{"@type":"ListItem","position":1,"name":"Home","item":"https:\/\/reginett.ee\/ru\/"},{"@type":"ListItem","position":2,"name":"Tooted","item":"https:\/\/reginett.ee\/tooted\/"},{"@type":"ListItem","position":3,"name":"Lehepuhur Husqvarna 125B"}]},{"@type":"WebSite","@id":"https:\/\/reginett.ee\/#website","url":"https:\/\/reginett.ee\/","name":"Reginett","description":"Parimad robotniidukid","potentialAction":[{"@type":"SearchAction","target":{"@type":"EntryPoint","urlTemplate":"https:\/\/reginett.ee\/?s={search_term_string}"},"query-input":{"@type":"PropertyValueSpecification","valueRequired":true,"valueName":"search_term_string"}}],"inLanguage":"ru-RU"}]}},"brands":[],"_links":{"self":[{"href":"https:\/\/reginett.ee\/ru\/wp-json\/wp\/v2\/product\/51433","targetHints":{"allow":["GET"]}}],"collection":[{"href":"https:\/\/reginett.ee\/ru\/wp-json\/wp\/v2\/product"}],"about":[{"href":"https:\/\/reginett.ee\/ru\/wp-json\/wp\/v2\/types\/product"}],"replies":[{"embeddable":true,"href":"https:\/\/reginett.ee\/ru\/wp-json\/wp\/v2\/comments?post=51433"}],"wp:featuredmedia":[{"embeddable":true,"href":"https:\/\/reginett.ee\/ru\/wp-json\/wp\/v2\/media\/52724"}],"wp:attachment":[{"href":"https:\/\/reginett.ee\/ru\/wp-json\/wp\/v2\/media?parent=51433"}],"wp:term":[{"taxonomy":"pwb-brand","embeddable":true,"href":"https:\/\/reginett.ee\/ru\/wp-json\/wp\/v2\/pwb-brand?post=51433"},{"taxonomy":"product_brand","embeddable":true,"href":"https:\/\/reginett.ee\/ru\/wp-json\/wp\/v2\/product_brand?post=51433"},{"taxonomy":"product_cat","embeddable":true,"href":"https:\/\/reginett.ee\/ru\/wp-json\/wp\/v2\/product_cat?post=51433"},{"taxonomy":"product_tag","embeddable":true,"href":"https:\/\/reginett.ee\/ru\/wp-json\/wp\/v2\/product_tag?post=51433"}],"curies":[{"name":"wp","href":"https:\/\/api.w.org\/{rel}","templated":true}]}}