{"id":51429,"date":"2026-04-13T18:53:20","date_gmt":"2026-04-13T15:53:20","guid":{"rendered":"https:\/\/reginett.ee\/?post_type=product&#038;p=51429"},"modified":"2026-04-15T10:03:38","modified_gmt":"2026-04-15T07:03:38","slug":"mullafrees-husqvarna-tf335","status":"publish","type":"product","link":"https:\/\/reginett.ee\/ru\/toode\/mullafrees-husqvarna-tf335\/","title":{"rendered":"Mullafrees Husqvarna TF335"},"content":{"rendered":"<p>Mullafrees Husqvarna TF335 on lihtsasti k\u00e4sitsetav frees koduaeda. Kokkuk\u00e4iv k\u00e4epide, trantspordiratas ja taimekaitmed lisavad kasutusmugavust. Lihtsaks man\u00f6\u00f6verdamiseks on v\u00f5imalik valida kahe edasiveo kiiruse vahel ning kasutada tagurpidik\u00e4iku. Vastipidav kett\u00fclekanne, mida on vajaduse korral v\u00f5imalik m\u00e4\u00e4rida. Lisatarvikute valik pakub laiemat kasutusvaldkonda koduaias.<\/p>\n<h3>Tagurpidik\u00e4ik<\/h3>\n<p>Parandab mullafreesi man\u00f6\u00f6verdatavust ja juhitavust.<\/p>\n<h3>Taimekaitse<\/h3>\n<p>Taimekaitse aitab v\u00e4ltida t\u00f6\u00f6ala l\u00e4hedal paiknevate taimede vigastusi<\/p>\n<h3>Lahtiv\u00f5etav kate<\/h3>\n<p>Eemaldatav m\u00e4\u00e4rdenipliga \u00fclekandekorpus lihtsaks hoolduseks.<\/p>\n<h3>Freesiterade kaitse<\/h3>\n<p>Kaitse peab kinni terade alt paiskuvad pinnaseosakesed<\/p>\n<h3>Reguleeritav k\u00e4epide<\/h3>\n<p>Mullafrees Husqvarna TF335 mudelil on eguleeritav k\u00e4epide parima t\u00f6\u00f6asendi saavutamiseks.<\/p>\n<h3>Transpordiratas<\/h3>\n<p>Lihtsustab transportimist.<\/p>\n<h3>K\u00e4epidemed t\u00f5stmiseks<\/h3>\n<p>K\u00e4epidemed mugavaks transportimiseks.<\/p>\n<h3>Hoob seadistamiseks<\/h3>\n<p>Mugav hoovast seadistamine, t\u00f6\u00f6tamisel erinevates tingimustes.<\/p>\n<p>&nbsp;<\/p>\n","protected":false},"excerpt":{"rendered":"<p>Husqvarna TF335 on lihtsasti k\u00e4sitsetav mullafrees koduaeda. Kokkuk\u00e4iv k\u00e4epide, trantspordiratas ja taimekaitmed lisavad kasutusmugavust. Lihtsaks man\u00f6\u00f6verdamiseks on v\u00f5imalik valida kahe edasiveo kiiruse vahel ning kasutada tagurpidik\u00e4iku. Vastipidav kett\u00fclekanne, mida on vajaduse korral v\u00f5imalik m\u00e4\u00e4rida. Lisatarvikute valik pakub laiemat kasutusvaldkonda koduaias.<\/p>\n","protected":false},"featured_media":52748,"comment_status":"open","ping_status":"closed","template":"","meta":{"_acf_changed":false,"_et_pb_use_builder":"","_et_pb_old_content":"","_et_gb_content_width":"","inline_featured_image":false},"pwb-brand":[147],"product_brand":[],"product_cat":[134,37,52],"product_tag":[103],"class_list":{"0":"post-51429","1":"product","2":"type-product","3":"status-publish","4":"has-post-thumbnail","6":"pwb-brand-husqvarna","7":"product_cat-eripakkumised","8":"product_cat-husqvarna","9":"product_cat-mullafreesid","10":"product_tag-mullafrees","11":"product_shipping_class-rasked-asjad","13":"first","14":"instock","15":"sale","16":"shipping-taxable","17":"purchasable","18":"product-type-simple"},"acf":[],"yoast_head":"<!-- This site is optimized with the Yoast SEO plugin v26.6 - https:\/\/yoast.com\/wordpress\/plugins\/seo\/ -->\n<title>Mullafrees Husqvarna TF335. Vastupidavad mullafreesid Reginetist<\/title>\n<meta name=\"robots\" content=\"index, follow, max-snippet:-1, max-image-preview:large, max-video-preview:-1\" \/>\n<link rel=\"canonical\" href=\"https:\/\/reginett.ee\/toode\/mullafrees-husqvarna-tf335\/\" \/>\n<meta property=\"og:locale\" content=\"ru_RU\" \/>\n<meta property=\"og:type\" content=\"article\" \/>\n<meta property=\"og:title\" content=\"Mullafrees Husqvarna TF335. Vastupidavad mullafreesid Reginetist\" \/>\n<meta property=\"og:description\" content=\"Husqvarna TF335 on lihtsasti k\u00e4sitsetav mullafrees koduaeda. Kokkuk\u00e4iv k\u00e4epide, trantspordiratas ja taimekaitmed lisavad kasutusmugavust. Lihtsaks man\u00f6\u00f6verdamiseks on v\u00f5imalik valida kahe edasiveo kiiruse vahel ning kasutada tagurpidik\u00e4iku. Vastipidav kett\u00fclekanne, mida on vajaduse korral v\u00f5imalik m\u00e4\u00e4rida. Lisatarvikute valik pakub laiemat kasutusvaldkonda koduaias.\" \/>\n<meta property=\"og:url\" content=\"https:\/\/reginett.ee\/toode\/mullafrees-husqvarna-tf335\/\" \/>\n<meta property=\"og:site_name\" content=\"Reginett\" \/>\n<meta property=\"article:modified_time\" content=\"2026-04-15T07:03:38+00:00\" \/>\n<meta property=\"og:image\" content=\"https:\/\/reginett.ee\/wp-content\/uploads\/2020\/03\/Husqvarna-TF335.jpg\" \/>\n\t<meta property=\"og:image:width\" content=\"680\" \/>\n\t<meta property=\"og:image:height\" content=\"372\" \/>\n\t<meta property=\"og:image:type\" content=\"image\/jpeg\" \/>\n<meta name=\"twitter:card\" content=\"summary_large_image\" \/>\n<meta name=\"twitter:label1\" content=\"\u041f\u0440\u0438\u043c\u0435\u0440\u043d\u043e\u0435 \u0432\u0440\u0435\u043c\u044f \u0434\u043b\u044f \u0447\u0442\u0435\u043d\u0438\u044f\" \/>\n\t<meta name=\"twitter:data1\" content=\"1 \u043c\u0438\u043d\u0443\u0442\u0430\" \/>\n<script type=\"application\/ld+json\" class=\"yoast-schema-graph\">{\"@context\":\"https:\/\/schema.org\",\"@graph\":[{\"@type\":\"WebPage\",\"@id\":\"https:\/\/reginett.ee\/toode\/mullafrees-husqvarna-tf335\/\",\"url\":\"https:\/\/reginett.ee\/toode\/mullafrees-husqvarna-tf335\/\",\"name\":\"Mullafrees Husqvarna TF335. Vastupidavad mullafreesid Reginetist\",\"isPartOf\":{\"@id\":\"https:\/\/reginett.ee\/#website\"},\"primaryImageOfPage\":{\"@id\":\"https:\/\/reginett.ee\/toode\/mullafrees-husqvarna-tf335\/#primaryimage\"},\"image\":{\"@id\":\"https:\/\/reginett.ee\/toode\/mullafrees-husqvarna-tf335\/#primaryimage\"},\"thumbnailUrl\":\"https:\/\/reginett.ee\/wp-content\/uploads\/2020\/03\/Husqvarna-TF335.jpg\",\"datePublished\":\"2026-04-13T15:53:20+00:00\",\"dateModified\":\"2026-04-15T07:03:38+00:00\",\"breadcrumb\":{\"@id\":\"https:\/\/reginett.ee\/toode\/mullafrees-husqvarna-tf335\/#breadcrumb\"},\"inLanguage\":\"ru-RU\",\"potentialAction\":[{\"@type\":\"ReadAction\",\"target\":[\"https:\/\/reginett.ee\/toode\/mullafrees-husqvarna-tf335\/\"]}]},{\"@type\":\"ImageObject\",\"inLanguage\":\"ru-RU\",\"@id\":\"https:\/\/reginett.ee\/toode\/mullafrees-husqvarna-tf335\/#primaryimage\",\"url\":\"https:\/\/reginett.ee\/wp-content\/uploads\/2020\/03\/Husqvarna-TF335.jpg\",\"contentUrl\":\"https:\/\/reginett.ee\/wp-content\/uploads\/2020\/03\/Husqvarna-TF335.jpg\",\"width\":680,\"height\":372,\"caption\":\"Husqvarna TF335\"},{\"@type\":\"BreadcrumbList\",\"@id\":\"https:\/\/reginett.ee\/toode\/mullafrees-husqvarna-tf335\/#breadcrumb\",\"itemListElement\":[{\"@type\":\"ListItem\",\"position\":1,\"name\":\"Home\",\"item\":\"https:\/\/reginett.ee\/ru\/\"},{\"@type\":\"ListItem\",\"position\":2,\"name\":\"Tooted\",\"item\":\"https:\/\/reginett.ee\/tooted\/\"},{\"@type\":\"ListItem\",\"position\":3,\"name\":\"Mullafrees Husqvarna TF335\"}]},{\"@type\":\"WebSite\",\"@id\":\"https:\/\/reginett.ee\/#website\",\"url\":\"https:\/\/reginett.ee\/\",\"name\":\"Reginett\",\"description\":\"Parimad robotniidukid\",\"potentialAction\":[{\"@type\":\"SearchAction\",\"target\":{\"@type\":\"EntryPoint\",\"urlTemplate\":\"https:\/\/reginett.ee\/?s={search_term_string}\"},\"query-input\":{\"@type\":\"PropertyValueSpecification\",\"valueRequired\":true,\"valueName\":\"search_term_string\"}}],\"inLanguage\":\"ru-RU\"}]}<\/script>\n<!-- \/ Yoast SEO plugin. -->","yoast_head_json":{"title":"Mullafrees Husqvarna TF335. Vastupidavad mullafreesid Reginetist","robots":{"index":"index","follow":"follow","max-snippet":"max-snippet:-1","max-image-preview":"max-image-preview:large","max-video-preview":"max-video-preview:-1"},"canonical":"https:\/\/reginett.ee\/toode\/mullafrees-husqvarna-tf335\/","og_locale":"ru_RU","og_type":"article","og_title":"Mullafrees Husqvarna TF335. Vastupidavad mullafreesid Reginetist","og_description":"Husqvarna TF335 on lihtsasti k\u00e4sitsetav mullafrees koduaeda. Kokkuk\u00e4iv k\u00e4epide, trantspordiratas ja taimekaitmed lisavad kasutusmugavust. Lihtsaks man\u00f6\u00f6verdamiseks on v\u00f5imalik valida kahe edasiveo kiiruse vahel ning kasutada tagurpidik\u00e4iku. Vastipidav kett\u00fclekanne, mida on vajaduse korral v\u00f5imalik m\u00e4\u00e4rida. Lisatarvikute valik pakub laiemat kasutusvaldkonda koduaias.","og_url":"https:\/\/reginett.ee\/toode\/mullafrees-husqvarna-tf335\/","og_site_name":"Reginett","article_modified_time":"2026-04-15T07:03:38+00:00","og_image":[{"width":680,"height":372,"url":"https:\/\/reginett.ee\/wp-content\/uploads\/2020\/03\/Husqvarna-TF335.jpg","type":"image\/jpeg"}],"twitter_card":"summary_large_image","twitter_misc":{"\u041f\u0440\u0438\u043c\u0435\u0440\u043d\u043e\u0435 \u0432\u0440\u0435\u043c\u044f \u0434\u043b\u044f \u0447\u0442\u0435\u043d\u0438\u044f":"1 \u043c\u0438\u043d\u0443\u0442\u0430"},"schema":{"@context":"https:\/\/schema.org","@graph":[{"@type":"WebPage","@id":"https:\/\/reginett.ee\/toode\/mullafrees-husqvarna-tf335\/","url":"https:\/\/reginett.ee\/toode\/mullafrees-husqvarna-tf335\/","name":"Mullafrees Husqvarna TF335. Vastupidavad mullafreesid Reginetist","isPartOf":{"@id":"https:\/\/reginett.ee\/#website"},"primaryImageOfPage":{"@id":"https:\/\/reginett.ee\/toode\/mullafrees-husqvarna-tf335\/#primaryimage"},"image":{"@id":"https:\/\/reginett.ee\/toode\/mullafrees-husqvarna-tf335\/#primaryimage"},"thumbnailUrl":"https:\/\/reginett.ee\/wp-content\/uploads\/2020\/03\/Husqvarna-TF335.jpg","datePublished":"2026-04-13T15:53:20+00:00","dateModified":"2026-04-15T07:03:38+00:00","breadcrumb":{"@id":"https:\/\/reginett.ee\/toode\/mullafrees-husqvarna-tf335\/#breadcrumb"},"inLanguage":"ru-RU","potentialAction":[{"@type":"ReadAction","target":["https:\/\/reginett.ee\/toode\/mullafrees-husqvarna-tf335\/"]}]},{"@type":"ImageObject","inLanguage":"ru-RU","@id":"https:\/\/reginett.ee\/toode\/mullafrees-husqvarna-tf335\/#primaryimage","url":"https:\/\/reginett.ee\/wp-content\/uploads\/2020\/03\/Husqvarna-TF335.jpg","contentUrl":"https:\/\/reginett.ee\/wp-content\/uploads\/2020\/03\/Husqvarna-TF335.jpg","width":680,"height":372,"caption":"Husqvarna TF335"},{"@type":"BreadcrumbList","@id":"https:\/\/reginett.ee\/toode\/mullafrees-husqvarna-tf335\/#breadcrumb","itemListElement":[{"@type":"ListItem","position":1,"name":"Home","item":"https:\/\/reginett.ee\/ru\/"},{"@type":"ListItem","position":2,"name":"Tooted","item":"https:\/\/reginett.ee\/tooted\/"},{"@type":"ListItem","position":3,"name":"Mullafrees Husqvarna TF335"}]},{"@type":"WebSite","@id":"https:\/\/reginett.ee\/#website","url":"https:\/\/reginett.ee\/","name":"Reginett","description":"Parimad robotniidukid","potentialAction":[{"@type":"SearchAction","target":{"@type":"EntryPoint","urlTemplate":"https:\/\/reginett.ee\/?s={search_term_string}"},"query-input":{"@type":"PropertyValueSpecification","valueRequired":true,"valueName":"search_term_string"}}],"inLanguage":"ru-RU"}]}},"brands":[{"id":147,"name":"Husqvarna","slug":"husqvarna"}],"_links":{"self":[{"href":"https:\/\/reginett.ee\/ru\/wp-json\/wp\/v2\/product\/51429","targetHints":{"allow":["GET"]}}],"collection":[{"href":"https:\/\/reginett.ee\/ru\/wp-json\/wp\/v2\/product"}],"about":[{"href":"https:\/\/reginett.ee\/ru\/wp-json\/wp\/v2\/types\/product"}],"replies":[{"embeddable":true,"href":"https:\/\/reginett.ee\/ru\/wp-json\/wp\/v2\/comments?post=51429"}],"wp:featuredmedia":[{"embeddable":true,"href":"https:\/\/reginett.ee\/ru\/wp-json\/wp\/v2\/media\/52748"}],"wp:attachment":[{"href":"https:\/\/reginett.ee\/ru\/wp-json\/wp\/v2\/media?parent=51429"}],"wp:term":[{"taxonomy":"pwb-brand","embeddable":true,"href":"https:\/\/reginett.ee\/ru\/wp-json\/wp\/v2\/pwb-brand?post=51429"},{"taxonomy":"product_brand","embeddable":true,"href":"https:\/\/reginett.ee\/ru\/wp-json\/wp\/v2\/product_brand?post=51429"},{"taxonomy":"product_cat","embeddable":true,"href":"https:\/\/reginett.ee\/ru\/wp-json\/wp\/v2\/product_cat?post=51429"},{"taxonomy":"product_tag","embeddable":true,"href":"https:\/\/reginett.ee\/ru\/wp-json\/wp\/v2\/product_tag?post=51429"}],"curies":[{"name":"wp","href":"https:\/\/api.w.org\/{rel}","templated":true}]}}