{"id":51398,"date":"2020-03-28T17:48:24","date_gmt":"2020-03-28T17:48:24","guid":{"rendered":"https:\/\/reginett.ee\/?post_type=product&#038;p=51398"},"modified":"2021-04-08T14:25:54","modified_gmt":"2021-04-08T14:25:54","slug":"survepesur-husqvarna-pw450","status":"publish","type":"product","link":"https:\/\/reginett.ee\/ru\/toode\/survepesur-husqvarna-pw450\/","title":{"rendered":"Survepesur Husqvarna PW450"},"content":{"rendered":"<p>Husqvarna PW450 on eriti suur, v\u00f5imas ning vastupidav k\u00f5rgsurvepesur, mis on etten\u00e4htud keerukamateks puhastust\u00f6\u00f6deks v\u00e4litingimustes. Surveregulaatori abil saate veevoolu ja survet t\u00e4psuseni reguleerida. Pesuril on sisseehitatud pesuainemahuti, mille t\u00f6\u00f6d saab reguleerida esipaneelilt. Messingist pumbapea ja induktsioonmootor tagab pika kasutusea. Komplektis on terastugevdusega k\u00f5rgsurvevoolik. Mugav k\u00e4ivitusnupp on tundlik ja k\u00e4ep\u00e4rane ning seda ei pea tugevasti vajutama. Toodet t\u00e4iendab kiirliitmikuga voolik, suured ja tugevad ning hea haarduvusega rattad ja pikk pihustivars. Otsiku reguleerimiseks ja kiireks \u00fchendamiseks on kaks p\u00f6\u00f6rdosa, mida on lihtne kasutada. Komplektis on kaks otsikut.<\/p>\n<h3>Messingist pumbapea<\/h3>\n<p>Messingist pumbapea on v\u00e4ga tugev ja purunemise suhtes vastupidav ning tagab pika ja tulemusliku t\u00f6\u00f6ea.<\/p>\n<h3>Terastugevdusega k\u00f5rgsurvevoolik<\/h3>\n<p>Paindlik terastugevdusega k\u00f5rgsurvevoolik annab vastupidavust, kasutusmugavust ja pikendab toote t\u00f6\u00f6iga.<\/p>\n<h3>Tundlik p\u00e4\u00e4stik<\/h3>\n<p>Ergonoomilise disainiga p\u00e4\u00e4stik sobib s\u00f5rmedega ideaalselt. Nii on k\u00e4si mugavas ja sundimatus asendis, eriti pikaaegse kasutamise korral.<\/p>\n<h3>Voolikupool<\/h3>\n<p>Mugav voolikut hoiustada. Kasutamisel on vajalik lahti kerida ainult nii palju voolikut, kui just tarvis.<\/p>\n<h3>Induktsioonimootor<\/h3>\n<p>V\u00e4ga vastupidaval induktsioonimootoril on suur j\u00f5udlus ja pikk t\u00f6\u00f6iga.<\/p>\n<h3>Surveregulaator<\/h3>\n<p>Surveregulaatori abil saab veevoolu ja -survet suurep\u00e4raselt reguleerida, et \u00e4ra hoida liigset veekasutust. Surveregulaatoril on funktsioon, mis p\u00fcsib eri otsikute ja tarvikute kasutamisel muutumatuna.<\/p>\n<h3>Suured ja tugevad kummikattega rattad<\/h3>\n<p>Metallteljele paigaldatud suured ja pehme mustriga rattad tagavad h\u00f5lpsa liikumise ning hea haarduvus, mis on t\u00e4htsad omadused. Nii kestab kogu toode kauem.<\/p>\n<h3>Sisseehitatud hoiukoht otsikutele<\/h3>\n<p>Komplekti kuuluvad tarvikud saab panna masinasse sisseehitatud hoiukohta, kust neid on t\u00f5husa t\u00f6\u00f6 alustamiseks hea v\u00f5tta.<\/p>\n<h3>Sisseehitatud pesuainemahuti<\/h3>\n<p>T\u00e4nu sisseehitatud pesuainemahutile t\u00e4idab toode nii pesuainepihusti kui ka pesuri otstarvet. Mahutit saab lihtsasti eemaldada ja t\u00e4ita. Kasutada on v\u00f5imalik ka eraldi mahutit: selleks t\u00f5mmake voolik v\u00e4lja ja \u00fchendage see tavalise keeratava korgi kaudu. Esipaneelilt saate h\u00f5lpsasti reguleerida annustamist.<\/p>\n<p>&nbsp;<\/p>\n","protected":false},"excerpt":{"rendered":"<p>Husqvarna PW450 on eriti suur, v\u00f5imas ning vastupidav k\u00f5rgsurvepesur, mis on etten\u00e4htud keerukamateks puhastust\u00f6\u00f6deks v\u00e4litingimustes. Surveregulaatori abil saate veevoolu ja survet t\u00e4psuseni reguleerida. Pesuril on sisseehitatud pesuainemahuti, mille t\u00f6\u00f6d saab reguleerida esipaneelilt. Messingist pumbapea ja induktsioonmootor tagab pika kasutusea. Komplektis on terastugevdusega k\u00f5rgsurvevoolik<\/p>\n","protected":false},"featured_media":52835,"comment_status":"open","ping_status":"closed","template":"","meta":{"_acf_changed":false,"_et_pb_use_builder":"","_et_pb_old_content":"","_et_gb_content_width":"","inline_featured_image":false},"pwb-brand":[],"product_brand":[],"product_cat":[37,28],"product_tag":[99,100,98],"class_list":{"0":"post-51398","1":"product","2":"type-product","3":"status-publish","4":"has-post-thumbnail","6":"product_cat-husqvarna","7":"product_cat-puhastustehnika","8":"product_tag-pesur","9":"product_tag-puhastustehnika","10":"product_tag-survepesur","11":"product_shipping_class-rasked-asjad","13":"first","14":"outofstock","15":"shipping-taxable","16":"purchasable","17":"product-type-simple"},"acf":[],"yoast_head":"<!-- This site is optimized with the Yoast SEO plugin v26.6 - https:\/\/yoast.com\/wordpress\/plugins\/seo\/ -->\n<title>Survepesur Husqvarna PW450 - Reginett<\/title>\n<meta name=\"robots\" content=\"index, follow, max-snippet:-1, max-image-preview:large, max-video-preview:-1\" \/>\n<link rel=\"canonical\" href=\"https:\/\/reginett.ee\/toode\/survepesur-husqvarna-pw450\/\" \/>\n<meta property=\"og:locale\" content=\"ru_RU\" \/>\n<meta property=\"og:type\" content=\"article\" \/>\n<meta property=\"og:title\" content=\"Survepesur Husqvarna PW450 - Reginett\" \/>\n<meta property=\"og:description\" content=\"Husqvarna PW450 on eriti suur, v\u00f5imas ning vastupidav k\u00f5rgsurvepesur, mis on etten\u00e4htud keerukamateks puhastust\u00f6\u00f6deks v\u00e4litingimustes. Surveregulaatori abil saate veevoolu ja survet t\u00e4psuseni reguleerida. Pesuril on sisseehitatud pesuainemahuti, mille t\u00f6\u00f6d saab reguleerida esipaneelilt. Messingist pumbapea ja induktsioonmootor tagab pika kasutusea. Komplektis on terastugevdusega k\u00f5rgsurvevoolik\" \/>\n<meta property=\"og:url\" content=\"https:\/\/reginett.ee\/toode\/survepesur-husqvarna-pw450\/\" \/>\n<meta property=\"og:site_name\" content=\"Reginett\" \/>\n<meta property=\"article:modified_time\" content=\"2021-04-08T14:25:54+00:00\" \/>\n<meta property=\"og:image\" content=\"https:\/\/reginett.ee\/wp-content\/uploads\/2020\/03\/Husqvarna-PW450-1.jpg\" \/>\n\t<meta property=\"og:image:width\" content=\"680\" \/>\n\t<meta property=\"og:image:height\" content=\"372\" \/>\n\t<meta property=\"og:image:type\" content=\"image\/jpeg\" \/>\n<meta name=\"twitter:card\" content=\"summary_large_image\" \/>\n<meta name=\"twitter:label1\" content=\"\u041f\u0440\u0438\u043c\u0435\u0440\u043d\u043e\u0435 \u0432\u0440\u0435\u043c\u044f \u0434\u043b\u044f \u0447\u0442\u0435\u043d\u0438\u044f\" \/>\n\t<meta name=\"twitter:data1\" content=\"2 \u043c\u0438\u043d\u0443\u0442\u044b\" \/>\n<script type=\"application\/ld+json\" class=\"yoast-schema-graph\">{\"@context\":\"https:\/\/schema.org\",\"@graph\":[{\"@type\":\"WebPage\",\"@id\":\"https:\/\/reginett.ee\/toode\/survepesur-husqvarna-pw450\/\",\"url\":\"https:\/\/reginett.ee\/toode\/survepesur-husqvarna-pw450\/\",\"name\":\"Survepesur Husqvarna PW450 - Reginett\",\"isPartOf\":{\"@id\":\"https:\/\/reginett.ee\/#website\"},\"primaryImageOfPage\":{\"@id\":\"https:\/\/reginett.ee\/toode\/survepesur-husqvarna-pw450\/#primaryimage\"},\"image\":{\"@id\":\"https:\/\/reginett.ee\/toode\/survepesur-husqvarna-pw450\/#primaryimage\"},\"thumbnailUrl\":\"https:\/\/reginett.ee\/wp-content\/uploads\/2020\/03\/Husqvarna-PW450-1.jpg\",\"datePublished\":\"2020-03-28T17:48:24+00:00\",\"dateModified\":\"2021-04-08T14:25:54+00:00\",\"breadcrumb\":{\"@id\":\"https:\/\/reginett.ee\/toode\/survepesur-husqvarna-pw450\/#breadcrumb\"},\"inLanguage\":\"ru-RU\",\"potentialAction\":[{\"@type\":\"ReadAction\",\"target\":[\"https:\/\/reginett.ee\/toode\/survepesur-husqvarna-pw450\/\"]}]},{\"@type\":\"ImageObject\",\"inLanguage\":\"ru-RU\",\"@id\":\"https:\/\/reginett.ee\/toode\/survepesur-husqvarna-pw450\/#primaryimage\",\"url\":\"https:\/\/reginett.ee\/wp-content\/uploads\/2020\/03\/Husqvarna-PW450-1.jpg\",\"contentUrl\":\"https:\/\/reginett.ee\/wp-content\/uploads\/2020\/03\/Husqvarna-PW450-1.jpg\",\"width\":680,\"height\":372,\"caption\":\"Husqvarna PW450\"},{\"@type\":\"BreadcrumbList\",\"@id\":\"https:\/\/reginett.ee\/toode\/survepesur-husqvarna-pw450\/#breadcrumb\",\"itemListElement\":[{\"@type\":\"ListItem\",\"position\":1,\"name\":\"Home\",\"item\":\"https:\/\/reginett.ee\/ru\/\"},{\"@type\":\"ListItem\",\"position\":2,\"name\":\"Tooted\",\"item\":\"https:\/\/reginett.ee\/tooted\/\"},{\"@type\":\"ListItem\",\"position\":3,\"name\":\"Survepesur Husqvarna PW450\"}]},{\"@type\":\"WebSite\",\"@id\":\"https:\/\/reginett.ee\/#website\",\"url\":\"https:\/\/reginett.ee\/\",\"name\":\"Reginett\",\"description\":\"Parimad robotniidukid\",\"potentialAction\":[{\"@type\":\"SearchAction\",\"target\":{\"@type\":\"EntryPoint\",\"urlTemplate\":\"https:\/\/reginett.ee\/?s={search_term_string}\"},\"query-input\":{\"@type\":\"PropertyValueSpecification\",\"valueRequired\":true,\"valueName\":\"search_term_string\"}}],\"inLanguage\":\"ru-RU\"}]}<\/script>\n<!-- \/ Yoast SEO plugin. -->","yoast_head_json":{"title":"Survepesur Husqvarna PW450 - Reginett","robots":{"index":"index","follow":"follow","max-snippet":"max-snippet:-1","max-image-preview":"max-image-preview:large","max-video-preview":"max-video-preview:-1"},"canonical":"https:\/\/reginett.ee\/toode\/survepesur-husqvarna-pw450\/","og_locale":"ru_RU","og_type":"article","og_title":"Survepesur Husqvarna PW450 - Reginett","og_description":"Husqvarna PW450 on eriti suur, v\u00f5imas ning vastupidav k\u00f5rgsurvepesur, mis on etten\u00e4htud keerukamateks puhastust\u00f6\u00f6deks v\u00e4litingimustes. Surveregulaatori abil saate veevoolu ja survet t\u00e4psuseni reguleerida. Pesuril on sisseehitatud pesuainemahuti, mille t\u00f6\u00f6d saab reguleerida esipaneelilt. Messingist pumbapea ja induktsioonmootor tagab pika kasutusea. Komplektis on terastugevdusega k\u00f5rgsurvevoolik","og_url":"https:\/\/reginett.ee\/toode\/survepesur-husqvarna-pw450\/","og_site_name":"Reginett","article_modified_time":"2021-04-08T14:25:54+00:00","og_image":[{"width":680,"height":372,"url":"https:\/\/reginett.ee\/wp-content\/uploads\/2020\/03\/Husqvarna-PW450-1.jpg","type":"image\/jpeg"}],"twitter_card":"summary_large_image","twitter_misc":{"\u041f\u0440\u0438\u043c\u0435\u0440\u043d\u043e\u0435 \u0432\u0440\u0435\u043c\u044f \u0434\u043b\u044f \u0447\u0442\u0435\u043d\u0438\u044f":"2 \u043c\u0438\u043d\u0443\u0442\u044b"},"schema":{"@context":"https:\/\/schema.org","@graph":[{"@type":"WebPage","@id":"https:\/\/reginett.ee\/toode\/survepesur-husqvarna-pw450\/","url":"https:\/\/reginett.ee\/toode\/survepesur-husqvarna-pw450\/","name":"Survepesur Husqvarna PW450 - Reginett","isPartOf":{"@id":"https:\/\/reginett.ee\/#website"},"primaryImageOfPage":{"@id":"https:\/\/reginett.ee\/toode\/survepesur-husqvarna-pw450\/#primaryimage"},"image":{"@id":"https:\/\/reginett.ee\/toode\/survepesur-husqvarna-pw450\/#primaryimage"},"thumbnailUrl":"https:\/\/reginett.ee\/wp-content\/uploads\/2020\/03\/Husqvarna-PW450-1.jpg","datePublished":"2020-03-28T17:48:24+00:00","dateModified":"2021-04-08T14:25:54+00:00","breadcrumb":{"@id":"https:\/\/reginett.ee\/toode\/survepesur-husqvarna-pw450\/#breadcrumb"},"inLanguage":"ru-RU","potentialAction":[{"@type":"ReadAction","target":["https:\/\/reginett.ee\/toode\/survepesur-husqvarna-pw450\/"]}]},{"@type":"ImageObject","inLanguage":"ru-RU","@id":"https:\/\/reginett.ee\/toode\/survepesur-husqvarna-pw450\/#primaryimage","url":"https:\/\/reginett.ee\/wp-content\/uploads\/2020\/03\/Husqvarna-PW450-1.jpg","contentUrl":"https:\/\/reginett.ee\/wp-content\/uploads\/2020\/03\/Husqvarna-PW450-1.jpg","width":680,"height":372,"caption":"Husqvarna PW450"},{"@type":"BreadcrumbList","@id":"https:\/\/reginett.ee\/toode\/survepesur-husqvarna-pw450\/#breadcrumb","itemListElement":[{"@type":"ListItem","position":1,"name":"Home","item":"https:\/\/reginett.ee\/ru\/"},{"@type":"ListItem","position":2,"name":"Tooted","item":"https:\/\/reginett.ee\/tooted\/"},{"@type":"ListItem","position":3,"name":"Survepesur Husqvarna PW450"}]},{"@type":"WebSite","@id":"https:\/\/reginett.ee\/#website","url":"https:\/\/reginett.ee\/","name":"Reginett","description":"Parimad robotniidukid","potentialAction":[{"@type":"SearchAction","target":{"@type":"EntryPoint","urlTemplate":"https:\/\/reginett.ee\/?s={search_term_string}"},"query-input":{"@type":"PropertyValueSpecification","valueRequired":true,"valueName":"search_term_string"}}],"inLanguage":"ru-RU"}]}},"brands":[],"_links":{"self":[{"href":"https:\/\/reginett.ee\/ru\/wp-json\/wp\/v2\/product\/51398","targetHints":{"allow":["GET"]}}],"collection":[{"href":"https:\/\/reginett.ee\/ru\/wp-json\/wp\/v2\/product"}],"about":[{"href":"https:\/\/reginett.ee\/ru\/wp-json\/wp\/v2\/types\/product"}],"replies":[{"embeddable":true,"href":"https:\/\/reginett.ee\/ru\/wp-json\/wp\/v2\/comments?post=51398"}],"wp:featuredmedia":[{"embeddable":true,"href":"https:\/\/reginett.ee\/ru\/wp-json\/wp\/v2\/media\/52835"}],"wp:attachment":[{"href":"https:\/\/reginett.ee\/ru\/wp-json\/wp\/v2\/media?parent=51398"}],"wp:term":[{"taxonomy":"pwb-brand","embeddable":true,"href":"https:\/\/reginett.ee\/ru\/wp-json\/wp\/v2\/pwb-brand?post=51398"},{"taxonomy":"product_brand","embeddable":true,"href":"https:\/\/reginett.ee\/ru\/wp-json\/wp\/v2\/product_brand?post=51398"},{"taxonomy":"product_cat","embeddable":true,"href":"https:\/\/reginett.ee\/ru\/wp-json\/wp\/v2\/product_cat?post=51398"},{"taxonomy":"product_tag","embeddable":true,"href":"https:\/\/reginett.ee\/ru\/wp-json\/wp\/v2\/product_tag?post=51398"}],"curies":[{"name":"wp","href":"https:\/\/api.w.org\/{rel}","templated":true}]}}