{"id":51389,"date":"2021-03-27T20:16:42","date_gmt":"2021-03-27T17:16:42","guid":{"rendered":"https:\/\/reginett.ee\/?post_type=product&#038;p=51389"},"modified":"2025-07-04T09:54:56","modified_gmt":"2025-07-04T06:54:56","slug":"survepesur-husqvarna-pw350","status":"publish","type":"product","link":"https:\/\/reginett.ee\/ru\/toode\/survepesur-husqvarna-pw350\/","title":{"rendered":"Survepesur Husqvarna PW350"},"content":{"rendered":"<p>Husqvarna PW350 on t\u00f5eliselt v\u00f5imekas, vastupidav ja otstarbekas masin, mis annab keerukate t\u00f6\u00f6de (nt s\u00f5idukite ja kiviseinte puhastamise) korral suurep\u00e4rased tulemused. Mugav k\u00e4ivitusnupp on tundlik ja seda ei pea tugevasti vajutama. Induktsioonimootor ja metallpump tagavad toote hea talitluse ja pika t\u00f6\u00f6ea. Alumiiniumist kandesang v\u00f5imaldab toodet h\u00f5lpsasti transportida. Toodet t\u00e4iendab kiirliitmikuga voolik, suured ja tugevad ning hea haarduvusega rattad ja pikk pihustivars. Otsiku reguleerimiseks ja kiireks \u00fchendamiseks on kaks p\u00f6\u00f6rdosa, mida on lihtne kasutada. T\u00e4nu sisseehitatud voolikupoolile ning tarvikute ja toitejuhtme hoiukohale l\u00e4heb t\u00f6\u00f6 ladusalt. Komplektis on kaks otsikut ja vahuprits.<\/p>\n<h3>Induktsioonimootor<\/h3>\n<p>V\u00e4ga vastupidaval induktsioonimootoril on suur j\u00f5udlus ja pikk t\u00f6\u00f6iga.<\/p>\n<h3>Tundlik p\u00e4\u00e4stik<\/h3>\n<p>Ergonoomilise disainiga p\u00e4\u00e4stik sobib s\u00f5rmedega ideaalselt. Nii on k\u00e4si mugavas ja sundimatus asendis, eriti pikaaegse kasutamise korral.<\/p>\n<h3>Metallist pump<\/h3>\n<p>Purunemisohu v\u00e4hendamiseks ja toote t\u00f6\u00f6ea pikendamiseks on pump valmistatud metallist.<\/p>\n<h3>Voolikupool<\/h3>\n<p>Mugav voolikut hoiustada. Kasutamisel keri lahti ainult nii palju, kui just hetkel tarvis.<\/p>\n<h3>Alumiiniumist kandesang<\/h3>\n<p>T\u00e4nu vastupidavale ja mugavale alumiiniumist kandesangale on masina liigutamine ja transportimine eriti mugav.<\/p>\n<h3>Alumiiniumist teleskoopvars<\/h3>\n<p>T\u00e4nu vastupidavale ja v\u00e4ljat\u00f5mmatavale sangale on toodet mugav ja lihtne transportida ning hoiule panna.<\/p>\n<h3>Kaks p\u00f6\u00f6rdosa ja kiir\u00fchendus<\/h3>\n<p>T\u00f5husa ja mugava kasutamise huvides on pihustusvarrel kaks p\u00f6\u00f6rdosa ning kiir\u00fchendused vooliku, otsikute ja tarvikute kinnitamiseks.<\/p>\n<h3>Pikk pihustivars<\/h3>\n<p>Pikk pihustivars v\u00f5imaldab ergonoomilisemaid t\u00f6\u00f6asendeid.<\/p>\n","protected":false},"excerpt":{"rendered":"<p>Husqvarna PW350 on t\u00f5eliselt v\u00f5imekas, vastupidav ja otstarbekas masin, mis annab keerukate t\u00f6\u00f6de (nt s\u00f5idukite ja kiviseinte puhastamise) korral suurep\u00e4rased tulemused. Mugav k\u00e4ivitusnupp on tundlik ja seda ei pea tugevasti vajutama. Induktsioonimootor ja metallpump tagavad toote hea talitluse ja pika t\u00f6\u00f6ea. Alumiiniumist kandesang v\u00f5imaldab toodet h\u00f5lpsasti transportida.<\/p>\n","protected":false},"featured_media":52831,"comment_status":"open","ping_status":"closed","template":"","meta":{"_acf_changed":false,"_et_pb_use_builder":"","_et_pb_old_content":"","_et_gb_content_width":"","inline_featured_image":false},"pwb-brand":[147],"product_brand":[],"product_cat":[37,28],"product_tag":[99,98],"class_list":{"0":"post-51389","1":"product","2":"type-product","3":"status-publish","4":"has-post-thumbnail","6":"pwb-brand-husqvarna","7":"product_cat-husqvarna","8":"product_cat-puhastustehnika","9":"product_tag-pesur","10":"product_tag-survepesur","11":"product_shipping_class-rasked-asjad","13":"first","14":"outofstock","15":"shipping-taxable","16":"purchasable","17":"product-type-simple"},"acf":[],"yoast_head":"<!-- This site is optimized with the Yoast SEO plugin v26.6 - https:\/\/yoast.com\/wordpress\/plugins\/seo\/ -->\n<title>Survepesur Husqvarna PW350. Husqvarna survepesurid Reginetist<\/title>\n<meta name=\"description\" content=\"Husqvarna PW350 on t\u00f5eliselt v\u00f5imekas, vastupidav ja otstarbekas masin, mis annab keerukate t\u00f6\u00f6de (nt s\u00f5idukite ja kiviseinte puhastamise).\" \/>\n<meta name=\"robots\" content=\"index, follow, max-snippet:-1, max-image-preview:large, max-video-preview:-1\" \/>\n<link rel=\"canonical\" href=\"https:\/\/reginett.ee\/toode\/survepesur-husqvarna-pw350\/\" \/>\n<meta property=\"og:locale\" content=\"ru_RU\" \/>\n<meta property=\"og:type\" content=\"article\" \/>\n<meta property=\"og:title\" content=\"Survepesur Husqvarna PW350. Husqvarna survepesurid Reginetist\" \/>\n<meta property=\"og:description\" content=\"Husqvarna PW350 on t\u00f5eliselt v\u00f5imekas, vastupidav ja otstarbekas masin, mis annab keerukate t\u00f6\u00f6de (nt s\u00f5idukite ja kiviseinte puhastamise).\" \/>\n<meta property=\"og:url\" content=\"https:\/\/reginett.ee\/toode\/survepesur-husqvarna-pw350\/\" \/>\n<meta property=\"og:site_name\" content=\"Reginett\" \/>\n<meta property=\"article:modified_time\" content=\"2025-07-04T06:54:56+00:00\" \/>\n<meta property=\"og:image\" content=\"https:\/\/reginett.ee\/wp-content\/uploads\/2020\/03\/Husqvarna-PW350.jpg\" \/>\n\t<meta property=\"og:image:width\" content=\"680\" \/>\n\t<meta property=\"og:image:height\" content=\"372\" \/>\n\t<meta property=\"og:image:type\" content=\"image\/jpeg\" \/>\n<meta name=\"twitter:card\" content=\"summary_large_image\" \/>\n<meta name=\"twitter:label1\" content=\"\u041f\u0440\u0438\u043c\u0435\u0440\u043d\u043e\u0435 \u0432\u0440\u0435\u043c\u044f \u0434\u043b\u044f \u0447\u0442\u0435\u043d\u0438\u044f\" \/>\n\t<meta name=\"twitter:data1\" content=\"1 \u043c\u0438\u043d\u0443\u0442\u0430\" \/>\n<script type=\"application\/ld+json\" class=\"yoast-schema-graph\">{\"@context\":\"https:\/\/schema.org\",\"@graph\":[{\"@type\":\"WebPage\",\"@id\":\"https:\/\/reginett.ee\/toode\/survepesur-husqvarna-pw350\/\",\"url\":\"https:\/\/reginett.ee\/toode\/survepesur-husqvarna-pw350\/\",\"name\":\"Survepesur Husqvarna PW350. Husqvarna survepesurid Reginetist\",\"isPartOf\":{\"@id\":\"https:\/\/reginett.ee\/#website\"},\"primaryImageOfPage\":{\"@id\":\"https:\/\/reginett.ee\/toode\/survepesur-husqvarna-pw350\/#primaryimage\"},\"image\":{\"@id\":\"https:\/\/reginett.ee\/toode\/survepesur-husqvarna-pw350\/#primaryimage\"},\"thumbnailUrl\":\"https:\/\/reginett.ee\/wp-content\/uploads\/2020\/03\/Husqvarna-PW350.jpg\",\"datePublished\":\"2021-03-27T17:16:42+00:00\",\"dateModified\":\"2025-07-04T06:54:56+00:00\",\"description\":\"Husqvarna PW350 on t\u00f5eliselt v\u00f5imekas, vastupidav ja otstarbekas masin, mis annab keerukate t\u00f6\u00f6de (nt s\u00f5idukite ja kiviseinte puhastamise).\",\"breadcrumb\":{\"@id\":\"https:\/\/reginett.ee\/toode\/survepesur-husqvarna-pw350\/#breadcrumb\"},\"inLanguage\":\"ru-RU\",\"potentialAction\":[{\"@type\":\"ReadAction\",\"target\":[\"https:\/\/reginett.ee\/toode\/survepesur-husqvarna-pw350\/\"]}]},{\"@type\":\"ImageObject\",\"inLanguage\":\"ru-RU\",\"@id\":\"https:\/\/reginett.ee\/toode\/survepesur-husqvarna-pw350\/#primaryimage\",\"url\":\"https:\/\/reginett.ee\/wp-content\/uploads\/2020\/03\/Husqvarna-PW350.jpg\",\"contentUrl\":\"https:\/\/reginett.ee\/wp-content\/uploads\/2020\/03\/Husqvarna-PW350.jpg\",\"width\":680,\"height\":372,\"caption\":\"Husqvarna PW350\"},{\"@type\":\"BreadcrumbList\",\"@id\":\"https:\/\/reginett.ee\/toode\/survepesur-husqvarna-pw350\/#breadcrumb\",\"itemListElement\":[{\"@type\":\"ListItem\",\"position\":1,\"name\":\"Home\",\"item\":\"https:\/\/reginett.ee\/ru\/\"},{\"@type\":\"ListItem\",\"position\":2,\"name\":\"Tooted\",\"item\":\"https:\/\/reginett.ee\/tooted\/\"},{\"@type\":\"ListItem\",\"position\":3,\"name\":\"Survepesur Husqvarna PW350\"}]},{\"@type\":\"WebSite\",\"@id\":\"https:\/\/reginett.ee\/#website\",\"url\":\"https:\/\/reginett.ee\/\",\"name\":\"Reginett\",\"description\":\"Parimad robotniidukid\",\"potentialAction\":[{\"@type\":\"SearchAction\",\"target\":{\"@type\":\"EntryPoint\",\"urlTemplate\":\"https:\/\/reginett.ee\/?s={search_term_string}\"},\"query-input\":{\"@type\":\"PropertyValueSpecification\",\"valueRequired\":true,\"valueName\":\"search_term_string\"}}],\"inLanguage\":\"ru-RU\"}]}<\/script>\n<!-- \/ Yoast SEO plugin. -->","yoast_head_json":{"title":"Survepesur Husqvarna PW350. Husqvarna survepesurid Reginetist","description":"Husqvarna PW350 on t\u00f5eliselt v\u00f5imekas, vastupidav ja otstarbekas masin, mis annab keerukate t\u00f6\u00f6de (nt s\u00f5idukite ja kiviseinte puhastamise).","robots":{"index":"index","follow":"follow","max-snippet":"max-snippet:-1","max-image-preview":"max-image-preview:large","max-video-preview":"max-video-preview:-1"},"canonical":"https:\/\/reginett.ee\/toode\/survepesur-husqvarna-pw350\/","og_locale":"ru_RU","og_type":"article","og_title":"Survepesur Husqvarna PW350. Husqvarna survepesurid Reginetist","og_description":"Husqvarna PW350 on t\u00f5eliselt v\u00f5imekas, vastupidav ja otstarbekas masin, mis annab keerukate t\u00f6\u00f6de (nt s\u00f5idukite ja kiviseinte puhastamise).","og_url":"https:\/\/reginett.ee\/toode\/survepesur-husqvarna-pw350\/","og_site_name":"Reginett","article_modified_time":"2025-07-04T06:54:56+00:00","og_image":[{"width":680,"height":372,"url":"https:\/\/reginett.ee\/wp-content\/uploads\/2020\/03\/Husqvarna-PW350.jpg","type":"image\/jpeg"}],"twitter_card":"summary_large_image","twitter_misc":{"\u041f\u0440\u0438\u043c\u0435\u0440\u043d\u043e\u0435 \u0432\u0440\u0435\u043c\u044f \u0434\u043b\u044f \u0447\u0442\u0435\u043d\u0438\u044f":"1 \u043c\u0438\u043d\u0443\u0442\u0430"},"schema":{"@context":"https:\/\/schema.org","@graph":[{"@type":"WebPage","@id":"https:\/\/reginett.ee\/toode\/survepesur-husqvarna-pw350\/","url":"https:\/\/reginett.ee\/toode\/survepesur-husqvarna-pw350\/","name":"Survepesur Husqvarna PW350. Husqvarna survepesurid Reginetist","isPartOf":{"@id":"https:\/\/reginett.ee\/#website"},"primaryImageOfPage":{"@id":"https:\/\/reginett.ee\/toode\/survepesur-husqvarna-pw350\/#primaryimage"},"image":{"@id":"https:\/\/reginett.ee\/toode\/survepesur-husqvarna-pw350\/#primaryimage"},"thumbnailUrl":"https:\/\/reginett.ee\/wp-content\/uploads\/2020\/03\/Husqvarna-PW350.jpg","datePublished":"2021-03-27T17:16:42+00:00","dateModified":"2025-07-04T06:54:56+00:00","description":"Husqvarna PW350 on t\u00f5eliselt v\u00f5imekas, vastupidav ja otstarbekas masin, mis annab keerukate t\u00f6\u00f6de (nt s\u00f5idukite ja kiviseinte puhastamise).","breadcrumb":{"@id":"https:\/\/reginett.ee\/toode\/survepesur-husqvarna-pw350\/#breadcrumb"},"inLanguage":"ru-RU","potentialAction":[{"@type":"ReadAction","target":["https:\/\/reginett.ee\/toode\/survepesur-husqvarna-pw350\/"]}]},{"@type":"ImageObject","inLanguage":"ru-RU","@id":"https:\/\/reginett.ee\/toode\/survepesur-husqvarna-pw350\/#primaryimage","url":"https:\/\/reginett.ee\/wp-content\/uploads\/2020\/03\/Husqvarna-PW350.jpg","contentUrl":"https:\/\/reginett.ee\/wp-content\/uploads\/2020\/03\/Husqvarna-PW350.jpg","width":680,"height":372,"caption":"Husqvarna PW350"},{"@type":"BreadcrumbList","@id":"https:\/\/reginett.ee\/toode\/survepesur-husqvarna-pw350\/#breadcrumb","itemListElement":[{"@type":"ListItem","position":1,"name":"Home","item":"https:\/\/reginett.ee\/ru\/"},{"@type":"ListItem","position":2,"name":"Tooted","item":"https:\/\/reginett.ee\/tooted\/"},{"@type":"ListItem","position":3,"name":"Survepesur Husqvarna PW350"}]},{"@type":"WebSite","@id":"https:\/\/reginett.ee\/#website","url":"https:\/\/reginett.ee\/","name":"Reginett","description":"Parimad robotniidukid","potentialAction":[{"@type":"SearchAction","target":{"@type":"EntryPoint","urlTemplate":"https:\/\/reginett.ee\/?s={search_term_string}"},"query-input":{"@type":"PropertyValueSpecification","valueRequired":true,"valueName":"search_term_string"}}],"inLanguage":"ru-RU"}]}},"brands":[{"id":147,"name":"Husqvarna","slug":"husqvarna"}],"_links":{"self":[{"href":"https:\/\/reginett.ee\/ru\/wp-json\/wp\/v2\/product\/51389","targetHints":{"allow":["GET"]}}],"collection":[{"href":"https:\/\/reginett.ee\/ru\/wp-json\/wp\/v2\/product"}],"about":[{"href":"https:\/\/reginett.ee\/ru\/wp-json\/wp\/v2\/types\/product"}],"replies":[{"embeddable":true,"href":"https:\/\/reginett.ee\/ru\/wp-json\/wp\/v2\/comments?post=51389"}],"wp:featuredmedia":[{"embeddable":true,"href":"https:\/\/reginett.ee\/ru\/wp-json\/wp\/v2\/media\/52831"}],"wp:attachment":[{"href":"https:\/\/reginett.ee\/ru\/wp-json\/wp\/v2\/media?parent=51389"}],"wp:term":[{"taxonomy":"pwb-brand","embeddable":true,"href":"https:\/\/reginett.ee\/ru\/wp-json\/wp\/v2\/pwb-brand?post=51389"},{"taxonomy":"product_brand","embeddable":true,"href":"https:\/\/reginett.ee\/ru\/wp-json\/wp\/v2\/product_brand?post=51389"},{"taxonomy":"product_cat","embeddable":true,"href":"https:\/\/reginett.ee\/ru\/wp-json\/wp\/v2\/product_cat?post=51389"},{"taxonomy":"product_tag","embeddable":true,"href":"https:\/\/reginett.ee\/ru\/wp-json\/wp\/v2\/product_tag?post=51389"}],"curies":[{"name":"wp","href":"https:\/\/api.w.org\/{rel}","templated":true}]}}