{"id":51385,"date":"2020-03-27T19:56:05","date_gmt":"2020-03-27T16:56:05","guid":{"rendered":"https:\/\/reginett.ee\/?post_type=product&#038;p=51385"},"modified":"2022-05-18T16:49:48","modified_gmt":"2022-05-18T13:49:48","slug":"survepesur-husqvarna-pw235r","status":"publish","type":"product","link":"https:\/\/reginett.ee\/ru\/toode\/survepesur-husqvarna-pw235r\/","title":{"rendered":"Survepesur Husqvarna PW235R"},"content":{"rendered":"<p>Husqvarna PW235R on mitmeotstarbeline ja vastupidav k\u00f5rgsurvepesur. T\u00f6\u00f6 ajal saab survet kaugjuhtimise teel h\u00f5lpsasti reguleerida. Otsiku reguleerimiseks ja kiireks \u00fchendamiseks on kaks p\u00f6\u00f6rdosa, mida on lihtne kasutada. T\u00e4nu sisseehitatud voolikupoolile ning tarvikute ja toitejuhtme hoiukohale l\u00e4heb t\u00f6\u00f6 ladusalt. Metallpump on v\u00e4ga vastupidav. Komplektis on kaks otsikut ja vahuprits.<\/p>\n<h3>Metallist pump<\/h3>\n<p>Purunemisohu v\u00e4hendamiseks ja toote t\u00f6\u00f6ea pikendamiseks on pump valmistatud metallist.<\/p>\n<h3>Surve kaugjuhtimine<\/h3>\n<p>Soovitud surve reguleerimine juhtmeta \u00fchenduse teel lihtsustab t\u00f6\u00f6d, kuna masinat ega otsikut pole vaja reguleerida. Samuti saab nii kokku hoida vett ja elektrienergiat.<\/p>\n<h3>Voolikupool<\/h3>\n<p>Vooliku saab h\u00f5lpsalt poolile kerida ning mugavalt ja t\u00f5husalt hoiule panna.<\/p>\n<h3>Paindlik k\u00f5rgsurvevoolik<\/h3>\n<p>Paindlikku voolikut, mis ei l\u00e4he s\u00f5lme, on mugav kasutada.<\/p>\n<h3>Sisseehitatud hoiukoht<\/h3>\n<p>Komplekti kuuluvad tarvikud saab panna masinasse sisseehitatud hoiukohta, kust neid on t\u00f5husa t\u00f6\u00f6 alustamiseks hea v\u00f5tta.<\/p>\n<h3>Vahuprits<\/h3>\n<p>Saate h\u00f5lpsalt j\u00e4lgida pesuaine kasutamist ja allesj\u00e4\u00e4nud kogust. Olete t\u00e4ielikult olukorra peremees ega kasuta pesuainet liigselt.<\/p>\n<h3>P\u00f6\u00f6rdotsik<\/h3>\n<p>P\u00f6\u00f6rlev peenjoad\u00fc\u00fcs v\u00f5imaldab t\u00f5husalt ja t\u00e4pselt puhastada v\u00e4ga m\u00e4\u00e4rdunud pindasid.<\/p>\n<h3>Lame joad\u00fc\u00fcs<\/h3>\n<p>Seda mitmeotstarbelist otsikut saab kasutada kaugjuhtimisfunktsiooniga masinate korral. Otsik on mitmek\u00fclgne ja sobib erinevateks puhastust\u00f6\u00f6deks, andes ideaalse tulemuse<\/p>\n","protected":false},"excerpt":{"rendered":"<p>Husqvarna PW235R on mitmeotstarbeline ja vastupidav k\u00f5rgsurvepesur. T\u00f6\u00f6 ajal saab survet kaugjuhtimise teel h\u00f5lpsasti reguleerida. Otsiku reguleerimiseks ja kiireks \u00fchendamiseks on kaks p\u00f6\u00f6rdosa, mida on lihtne kasutada. T\u00e4nu sisseehitatud voolikupoolile ning tarvikute ja toitejuhtme hoiukohale l\u00e4heb t\u00f6\u00f6 ladusalt. Metallpump on v\u00e4ga vastupidav. Komplektis on kaks otsikut ja vahuprits.<\/p>\n","protected":false},"featured_media":52832,"comment_status":"open","ping_status":"closed","template":"","meta":{"_acf_changed":false,"_et_pb_use_builder":"","_et_pb_old_content":"","_et_gb_content_width":"","inline_featured_image":false},"pwb-brand":[147],"product_brand":[],"product_cat":[37,28],"product_tag":[99,100,98],"class_list":{"0":"post-51385","1":"product","2":"type-product","3":"status-publish","4":"has-post-thumbnail","6":"pwb-brand-husqvarna","7":"product_cat-husqvarna","8":"product_cat-puhastustehnika","9":"product_tag-pesur","10":"product_tag-puhastustehnika","11":"product_tag-survepesur","12":"product_shipping_class-rasked-asjad","14":"first","15":"instock","16":"shipping-taxable","17":"purchasable","18":"product-type-simple"},"acf":[],"yoast_head":"<!-- This site is optimized with the Yoast SEO plugin v26.6 - https:\/\/yoast.com\/wordpress\/plugins\/seo\/ -->\n<title>Survepesur Husqvarna PW235R. Suur valik Husqvarna survepesureid<\/title>\n<meta name=\"description\" content=\"Husqvarna PW235R on mitmeotstarbeline ja vastupidav k\u00f5rgsurvepesur. T\u00f6\u00f6 ajal saab survet kaugjuhtimise teel h\u00f5lpsasti reguleerida.\" \/>\n<meta name=\"robots\" content=\"index, follow, max-snippet:-1, max-image-preview:large, max-video-preview:-1\" \/>\n<link rel=\"canonical\" href=\"https:\/\/reginett.ee\/toode\/survepesur-husqvarna-pw235r\/\" \/>\n<meta property=\"og:locale\" content=\"ru_RU\" \/>\n<meta property=\"og:type\" content=\"article\" \/>\n<meta property=\"og:title\" content=\"Survepesur Husqvarna PW235R. Suur valik Husqvarna survepesureid\" \/>\n<meta property=\"og:description\" content=\"Husqvarna PW235R on mitmeotstarbeline ja vastupidav k\u00f5rgsurvepesur. T\u00f6\u00f6 ajal saab survet kaugjuhtimise teel h\u00f5lpsasti reguleerida.\" \/>\n<meta property=\"og:url\" content=\"https:\/\/reginett.ee\/toode\/survepesur-husqvarna-pw235r\/\" \/>\n<meta property=\"og:site_name\" content=\"Reginett\" \/>\n<meta property=\"article:modified_time\" content=\"2022-05-18T13:49:48+00:00\" \/>\n<meta property=\"og:image\" content=\"https:\/\/reginett.ee\/wp-content\/uploads\/2020\/03\/survepesur-Husqvarna-PW235-Reginett.jpg\" \/>\n\t<meta property=\"og:image:width\" content=\"680\" \/>\n\t<meta property=\"og:image:height\" content=\"372\" \/>\n\t<meta property=\"og:image:type\" content=\"image\/jpeg\" \/>\n<meta name=\"twitter:card\" content=\"summary_large_image\" \/>\n<meta name=\"twitter:label1\" content=\"\u041f\u0440\u0438\u043c\u0435\u0440\u043d\u043e\u0435 \u0432\u0440\u0435\u043c\u044f \u0434\u043b\u044f \u0447\u0442\u0435\u043d\u0438\u044f\" \/>\n\t<meta name=\"twitter:data1\" content=\"1 \u043c\u0438\u043d\u0443\u0442\u0430\" \/>\n<script type=\"application\/ld+json\" class=\"yoast-schema-graph\">{\"@context\":\"https:\/\/schema.org\",\"@graph\":[{\"@type\":\"WebPage\",\"@id\":\"https:\/\/reginett.ee\/toode\/survepesur-husqvarna-pw235r\/\",\"url\":\"https:\/\/reginett.ee\/toode\/survepesur-husqvarna-pw235r\/\",\"name\":\"Survepesur Husqvarna PW235R. Suur valik Husqvarna survepesureid\",\"isPartOf\":{\"@id\":\"https:\/\/reginett.ee\/#website\"},\"primaryImageOfPage\":{\"@id\":\"https:\/\/reginett.ee\/toode\/survepesur-husqvarna-pw235r\/#primaryimage\"},\"image\":{\"@id\":\"https:\/\/reginett.ee\/toode\/survepesur-husqvarna-pw235r\/#primaryimage\"},\"thumbnailUrl\":\"https:\/\/reginett.ee\/wp-content\/uploads\/2020\/03\/survepesur-Husqvarna-PW235-Reginett.jpg\",\"datePublished\":\"2020-03-27T16:56:05+00:00\",\"dateModified\":\"2022-05-18T13:49:48+00:00\",\"description\":\"Husqvarna PW235R on mitmeotstarbeline ja vastupidav k\u00f5rgsurvepesur. T\u00f6\u00f6 ajal saab survet kaugjuhtimise teel h\u00f5lpsasti reguleerida.\",\"breadcrumb\":{\"@id\":\"https:\/\/reginett.ee\/toode\/survepesur-husqvarna-pw235r\/#breadcrumb\"},\"inLanguage\":\"ru-RU\",\"potentialAction\":[{\"@type\":\"ReadAction\",\"target\":[\"https:\/\/reginett.ee\/toode\/survepesur-husqvarna-pw235r\/\"]}]},{\"@type\":\"ImageObject\",\"inLanguage\":\"ru-RU\",\"@id\":\"https:\/\/reginett.ee\/toode\/survepesur-husqvarna-pw235r\/#primaryimage\",\"url\":\"https:\/\/reginett.ee\/wp-content\/uploads\/2020\/03\/survepesur-Husqvarna-PW235-Reginett.jpg\",\"contentUrl\":\"https:\/\/reginett.ee\/wp-content\/uploads\/2020\/03\/survepesur-Husqvarna-PW235-Reginett.jpg\",\"width\":680,\"height\":372,\"caption\":\"survepesur Husqvarna PW235 Reginett\"},{\"@type\":\"BreadcrumbList\",\"@id\":\"https:\/\/reginett.ee\/toode\/survepesur-husqvarna-pw235r\/#breadcrumb\",\"itemListElement\":[{\"@type\":\"ListItem\",\"position\":1,\"name\":\"Home\",\"item\":\"https:\/\/reginett.ee\/ru\/\"},{\"@type\":\"ListItem\",\"position\":2,\"name\":\"Tooted\",\"item\":\"https:\/\/reginett.ee\/tooted\/\"},{\"@type\":\"ListItem\",\"position\":3,\"name\":\"Survepesur Husqvarna PW235R\"}]},{\"@type\":\"WebSite\",\"@id\":\"https:\/\/reginett.ee\/#website\",\"url\":\"https:\/\/reginett.ee\/\",\"name\":\"Reginett\",\"description\":\"Parimad robotniidukid\",\"potentialAction\":[{\"@type\":\"SearchAction\",\"target\":{\"@type\":\"EntryPoint\",\"urlTemplate\":\"https:\/\/reginett.ee\/?s={search_term_string}\"},\"query-input\":{\"@type\":\"PropertyValueSpecification\",\"valueRequired\":true,\"valueName\":\"search_term_string\"}}],\"inLanguage\":\"ru-RU\"}]}<\/script>\n<!-- \/ Yoast SEO plugin. -->","yoast_head_json":{"title":"Survepesur Husqvarna PW235R. Suur valik Husqvarna survepesureid","description":"Husqvarna PW235R on mitmeotstarbeline ja vastupidav k\u00f5rgsurvepesur. T\u00f6\u00f6 ajal saab survet kaugjuhtimise teel h\u00f5lpsasti reguleerida.","robots":{"index":"index","follow":"follow","max-snippet":"max-snippet:-1","max-image-preview":"max-image-preview:large","max-video-preview":"max-video-preview:-1"},"canonical":"https:\/\/reginett.ee\/toode\/survepesur-husqvarna-pw235r\/","og_locale":"ru_RU","og_type":"article","og_title":"Survepesur Husqvarna PW235R. Suur valik Husqvarna survepesureid","og_description":"Husqvarna PW235R on mitmeotstarbeline ja vastupidav k\u00f5rgsurvepesur. T\u00f6\u00f6 ajal saab survet kaugjuhtimise teel h\u00f5lpsasti reguleerida.","og_url":"https:\/\/reginett.ee\/toode\/survepesur-husqvarna-pw235r\/","og_site_name":"Reginett","article_modified_time":"2022-05-18T13:49:48+00:00","og_image":[{"width":680,"height":372,"url":"https:\/\/reginett.ee\/wp-content\/uploads\/2020\/03\/survepesur-Husqvarna-PW235-Reginett.jpg","type":"image\/jpeg"}],"twitter_card":"summary_large_image","twitter_misc":{"\u041f\u0440\u0438\u043c\u0435\u0440\u043d\u043e\u0435 \u0432\u0440\u0435\u043c\u044f \u0434\u043b\u044f \u0447\u0442\u0435\u043d\u0438\u044f":"1 \u043c\u0438\u043d\u0443\u0442\u0430"},"schema":{"@context":"https:\/\/schema.org","@graph":[{"@type":"WebPage","@id":"https:\/\/reginett.ee\/toode\/survepesur-husqvarna-pw235r\/","url":"https:\/\/reginett.ee\/toode\/survepesur-husqvarna-pw235r\/","name":"Survepesur Husqvarna PW235R. Suur valik Husqvarna survepesureid","isPartOf":{"@id":"https:\/\/reginett.ee\/#website"},"primaryImageOfPage":{"@id":"https:\/\/reginett.ee\/toode\/survepesur-husqvarna-pw235r\/#primaryimage"},"image":{"@id":"https:\/\/reginett.ee\/toode\/survepesur-husqvarna-pw235r\/#primaryimage"},"thumbnailUrl":"https:\/\/reginett.ee\/wp-content\/uploads\/2020\/03\/survepesur-Husqvarna-PW235-Reginett.jpg","datePublished":"2020-03-27T16:56:05+00:00","dateModified":"2022-05-18T13:49:48+00:00","description":"Husqvarna PW235R on mitmeotstarbeline ja vastupidav k\u00f5rgsurvepesur. T\u00f6\u00f6 ajal saab survet kaugjuhtimise teel h\u00f5lpsasti reguleerida.","breadcrumb":{"@id":"https:\/\/reginett.ee\/toode\/survepesur-husqvarna-pw235r\/#breadcrumb"},"inLanguage":"ru-RU","potentialAction":[{"@type":"ReadAction","target":["https:\/\/reginett.ee\/toode\/survepesur-husqvarna-pw235r\/"]}]},{"@type":"ImageObject","inLanguage":"ru-RU","@id":"https:\/\/reginett.ee\/toode\/survepesur-husqvarna-pw235r\/#primaryimage","url":"https:\/\/reginett.ee\/wp-content\/uploads\/2020\/03\/survepesur-Husqvarna-PW235-Reginett.jpg","contentUrl":"https:\/\/reginett.ee\/wp-content\/uploads\/2020\/03\/survepesur-Husqvarna-PW235-Reginett.jpg","width":680,"height":372,"caption":"survepesur Husqvarna PW235 Reginett"},{"@type":"BreadcrumbList","@id":"https:\/\/reginett.ee\/toode\/survepesur-husqvarna-pw235r\/#breadcrumb","itemListElement":[{"@type":"ListItem","position":1,"name":"Home","item":"https:\/\/reginett.ee\/ru\/"},{"@type":"ListItem","position":2,"name":"Tooted","item":"https:\/\/reginett.ee\/tooted\/"},{"@type":"ListItem","position":3,"name":"Survepesur Husqvarna PW235R"}]},{"@type":"WebSite","@id":"https:\/\/reginett.ee\/#website","url":"https:\/\/reginett.ee\/","name":"Reginett","description":"Parimad robotniidukid","potentialAction":[{"@type":"SearchAction","target":{"@type":"EntryPoint","urlTemplate":"https:\/\/reginett.ee\/?s={search_term_string}"},"query-input":{"@type":"PropertyValueSpecification","valueRequired":true,"valueName":"search_term_string"}}],"inLanguage":"ru-RU"}]}},"brands":[{"id":147,"name":"Husqvarna","slug":"husqvarna"}],"_links":{"self":[{"href":"https:\/\/reginett.ee\/ru\/wp-json\/wp\/v2\/product\/51385","targetHints":{"allow":["GET"]}}],"collection":[{"href":"https:\/\/reginett.ee\/ru\/wp-json\/wp\/v2\/product"}],"about":[{"href":"https:\/\/reginett.ee\/ru\/wp-json\/wp\/v2\/types\/product"}],"replies":[{"embeddable":true,"href":"https:\/\/reginett.ee\/ru\/wp-json\/wp\/v2\/comments?post=51385"}],"wp:featuredmedia":[{"embeddable":true,"href":"https:\/\/reginett.ee\/ru\/wp-json\/wp\/v2\/media\/52832"}],"wp:attachment":[{"href":"https:\/\/reginett.ee\/ru\/wp-json\/wp\/v2\/media?parent=51385"}],"wp:term":[{"taxonomy":"pwb-brand","embeddable":true,"href":"https:\/\/reginett.ee\/ru\/wp-json\/wp\/v2\/pwb-brand?post=51385"},{"taxonomy":"product_brand","embeddable":true,"href":"https:\/\/reginett.ee\/ru\/wp-json\/wp\/v2\/product_brand?post=51385"},{"taxonomy":"product_cat","embeddable":true,"href":"https:\/\/reginett.ee\/ru\/wp-json\/wp\/v2\/product_cat?post=51385"},{"taxonomy":"product_tag","embeddable":true,"href":"https:\/\/reginett.ee\/ru\/wp-json\/wp\/v2\/product_tag?post=51385"}],"curies":[{"name":"wp","href":"https:\/\/api.w.org\/{rel}","templated":true}]}}