{"id":51382,"date":"2020-03-26T11:15:45","date_gmt":"2020-03-26T08:15:45","guid":{"rendered":"https:\/\/reginett.ee\/?post_type=product&#038;p=51382"},"modified":"2023-07-10T11:05:30","modified_gmt":"2023-07-10T08:05:30","slug":"survepesur-husqvarna-pw125","status":"publish","type":"product","link":"https:\/\/reginett.ee\/ru\/toode\/survepesur-husqvarna-pw125\/","title":{"rendered":"Survepesur Husqvarna PW125"},"content":{"rendered":"<p>Husqvarna PW125 kompaktseim k\u00f5rgsurvepesur sobib terrasside ja aiatehnika t\u00f5husaks puhastamiseks. Otsiku reguleerimiseks ja kiireks \u00fchendamiseks on kaks p\u00f6\u00f6rdosa, mida on lihtne kasutada. T\u00e4nu sisseehitatud voolikupoolile ning tarvikute ja toitejuhtme hoiukohale l\u00e4heb t\u00f6\u00f6 ladusalt. Vastupidaval metallpumbal on suur j\u00f5udlus. Komplektis on kaks otsikut ja vahuprits.<\/p>\n<h3>Metallist pump<\/h3>\n<p>Purunemisohu v\u00e4hendamiseks ja toote t\u00f6\u00f6ea pikendamiseks on pump valmistatud metallist.<\/p>\n<h3>Voolikupool<\/h3>\n<p>Vooliku saab h\u00f5lpsalt poolile kerida ning mugavalt ja t\u00f5husalt hoiule panna.<\/p>\n<h3>Paindlik k\u00f5rgsurvevoolik<\/h3>\n<p>Paindlikku voolikut, mis ei l\u00e4he s\u00f5lme, on mugav kasutada.<\/p>\n<h3>Kaks p\u00f6\u00f6rdosa ja kiir\u00fchendus<\/h3>\n<p>T\u00f5husa ja mugava kasutamise huvides on pihustusvarrel kaks p\u00f6\u00f6rdosa ning kiir\u00fchendused vooliku, otsikute ja tarvikute kinnitamiseks.<\/p>\n<h3>Vahuprits<\/h3>\n<p>Saate h\u00f5lpsalt j\u00e4lgida pesuaine kasutamist ja allesj\u00e4\u00e4nud kogust. Olete t\u00e4ielikult olukorra peremees ega kasuta pesuainet liigselt.<\/p>\n<h3>Reguleeritav lame joad\u00fc\u00fcs<\/h3>\n<p>Surveregulaatoriga otsik on mitmek\u00fclgne ja sobib erinevateks puhastust\u00f6\u00f6deks, andes ideaalse tulemuse.<\/p>\n<h3>Sisseehitatud hoiukoht<\/h3>\n<p>Komplekti kuuluvad tarvikud saab panna masinasse sisseehitatud hoiukohta, kust neid on t\u00f5husa t\u00f6\u00f6 alustamiseks hea v\u00f5tta.<\/p>\n","protected":false},"excerpt":{"rendered":"<p>Husqvarna PW125 kompaktseim k\u00f5rgsurvepesur sobib terrasside ja aiatehnika t\u00f5husaks puhastamiseks. Otsiku reguleerimiseks ja kiireks \u00fchendamiseks on kaks p\u00f6\u00f6rdosa, mida on lihtne kasutada. T\u00e4nu sisseehitatud voolikupoolile ning tarvikute ja toitejuhtme hoiukohale l\u00e4heb t\u00f6\u00f6 ladusalt. Vastupidaval metallpumbal on suur j\u00f5udlus. Komplektis on kaks otsikut ja vahuprits. Metallist pump Purunemisohu v\u00e4hendamiseks ja toote t\u00f6\u00f6ea pikendamiseks on pump valmistatud [&hellip;]<\/p>\n","protected":false},"featured_media":52833,"comment_status":"open","ping_status":"closed","template":"","meta":{"_acf_changed":false,"_et_pb_use_builder":"","_et_pb_old_content":"","_et_gb_content_width":"","inline_featured_image":false},"pwb-brand":[147],"product_brand":[],"product_cat":[37,28],"product_tag":[99,100,98],"class_list":{"0":"post-51382","1":"product","2":"type-product","3":"status-publish","4":"has-post-thumbnail","6":"pwb-brand-husqvarna","7":"product_cat-husqvarna","8":"product_cat-puhastustehnika","9":"product_tag-pesur","10":"product_tag-puhastustehnika","11":"product_tag-survepesur","12":"product_shipping_class-rasked-asjad","14":"first","15":"outofstock","16":"shipping-taxable","17":"purchasable","18":"product-type-simple"},"acf":[],"yoast_head":"<!-- This site is optimized with the Yoast SEO plugin v26.6 - https:\/\/yoast.com\/wordpress\/plugins\/seo\/ -->\n<title>Survepesur Husqvarna PW125. Soodne survepesur Reginetist<\/title>\n<meta name=\"description\" content=\"Husqvarna PW125 kompaktseim k\u00f5rgsurvepesur sobib terrasside ja aiatehnika t\u00f5husaks puhastamiseks. Otsiku reguleerimiseks ja kiireks\" \/>\n<meta name=\"robots\" content=\"index, follow, max-snippet:-1, max-image-preview:large, max-video-preview:-1\" \/>\n<link rel=\"canonical\" href=\"https:\/\/reginett.ee\/toode\/survepesur-husqvarna-pw125\/\" \/>\n<meta property=\"og:locale\" content=\"ru_RU\" \/>\n<meta property=\"og:type\" content=\"article\" \/>\n<meta property=\"og:title\" content=\"Survepesur Husqvarna PW125. Soodne survepesur Reginetist\" \/>\n<meta property=\"og:description\" content=\"Husqvarna PW125 kompaktseim k\u00f5rgsurvepesur sobib terrasside ja aiatehnika t\u00f5husaks puhastamiseks. Otsiku reguleerimiseks ja kiireks\" \/>\n<meta property=\"og:url\" content=\"https:\/\/reginett.ee\/toode\/survepesur-husqvarna-pw125\/\" \/>\n<meta property=\"og:site_name\" content=\"Reginett\" \/>\n<meta property=\"article:modified_time\" content=\"2023-07-10T08:05:30+00:00\" \/>\n<meta property=\"og:image\" content=\"https:\/\/reginett.ee\/wp-content\/uploads\/2020\/03\/Husqvarna-PW125.jpg\" \/>\n\t<meta property=\"og:image:width\" content=\"680\" \/>\n\t<meta property=\"og:image:height\" content=\"372\" \/>\n\t<meta property=\"og:image:type\" content=\"image\/jpeg\" \/>\n<meta name=\"twitter:card\" content=\"summary_large_image\" \/>\n<meta name=\"twitter:label1\" content=\"\u041f\u0440\u0438\u043c\u0435\u0440\u043d\u043e\u0435 \u0432\u0440\u0435\u043c\u044f \u0434\u043b\u044f \u0447\u0442\u0435\u043d\u0438\u044f\" \/>\n\t<meta name=\"twitter:data1\" content=\"1 \u043c\u0438\u043d\u0443\u0442\u0430\" \/>\n<script type=\"application\/ld+json\" class=\"yoast-schema-graph\">{\"@context\":\"https:\/\/schema.org\",\"@graph\":[{\"@type\":\"WebPage\",\"@id\":\"https:\/\/reginett.ee\/toode\/survepesur-husqvarna-pw125\/\",\"url\":\"https:\/\/reginett.ee\/toode\/survepesur-husqvarna-pw125\/\",\"name\":\"Survepesur Husqvarna PW125. Soodne survepesur Reginetist\",\"isPartOf\":{\"@id\":\"https:\/\/reginett.ee\/#website\"},\"primaryImageOfPage\":{\"@id\":\"https:\/\/reginett.ee\/toode\/survepesur-husqvarna-pw125\/#primaryimage\"},\"image\":{\"@id\":\"https:\/\/reginett.ee\/toode\/survepesur-husqvarna-pw125\/#primaryimage\"},\"thumbnailUrl\":\"https:\/\/reginett.ee\/wp-content\/uploads\/2020\/03\/Husqvarna-PW125.jpg\",\"datePublished\":\"2020-03-26T08:15:45+00:00\",\"dateModified\":\"2023-07-10T08:05:30+00:00\",\"description\":\"Husqvarna PW125 kompaktseim k\u00f5rgsurvepesur sobib terrasside ja aiatehnika t\u00f5husaks puhastamiseks. Otsiku reguleerimiseks ja kiireks\",\"breadcrumb\":{\"@id\":\"https:\/\/reginett.ee\/toode\/survepesur-husqvarna-pw125\/#breadcrumb\"},\"inLanguage\":\"ru-RU\",\"potentialAction\":[{\"@type\":\"ReadAction\",\"target\":[\"https:\/\/reginett.ee\/toode\/survepesur-husqvarna-pw125\/\"]}]},{\"@type\":\"ImageObject\",\"inLanguage\":\"ru-RU\",\"@id\":\"https:\/\/reginett.ee\/toode\/survepesur-husqvarna-pw125\/#primaryimage\",\"url\":\"https:\/\/reginett.ee\/wp-content\/uploads\/2020\/03\/Husqvarna-PW125.jpg\",\"contentUrl\":\"https:\/\/reginett.ee\/wp-content\/uploads\/2020\/03\/Husqvarna-PW125.jpg\",\"width\":680,\"height\":372,\"caption\":\"Husqvarna PW125\"},{\"@type\":\"BreadcrumbList\",\"@id\":\"https:\/\/reginett.ee\/toode\/survepesur-husqvarna-pw125\/#breadcrumb\",\"itemListElement\":[{\"@type\":\"ListItem\",\"position\":1,\"name\":\"Home\",\"item\":\"https:\/\/reginett.ee\/ru\/\"},{\"@type\":\"ListItem\",\"position\":2,\"name\":\"Tooted\",\"item\":\"https:\/\/reginett.ee\/tooted\/\"},{\"@type\":\"ListItem\",\"position\":3,\"name\":\"Survepesur Husqvarna PW125\"}]},{\"@type\":\"WebSite\",\"@id\":\"https:\/\/reginett.ee\/#website\",\"url\":\"https:\/\/reginett.ee\/\",\"name\":\"Reginett\",\"description\":\"Parimad robotniidukid\",\"potentialAction\":[{\"@type\":\"SearchAction\",\"target\":{\"@type\":\"EntryPoint\",\"urlTemplate\":\"https:\/\/reginett.ee\/?s={search_term_string}\"},\"query-input\":{\"@type\":\"PropertyValueSpecification\",\"valueRequired\":true,\"valueName\":\"search_term_string\"}}],\"inLanguage\":\"ru-RU\"}]}<\/script>\n<!-- \/ Yoast SEO plugin. -->","yoast_head_json":{"title":"Survepesur Husqvarna PW125. Soodne survepesur Reginetist","description":"Husqvarna PW125 kompaktseim k\u00f5rgsurvepesur sobib terrasside ja aiatehnika t\u00f5husaks puhastamiseks. Otsiku reguleerimiseks ja kiireks","robots":{"index":"index","follow":"follow","max-snippet":"max-snippet:-1","max-image-preview":"max-image-preview:large","max-video-preview":"max-video-preview:-1"},"canonical":"https:\/\/reginett.ee\/toode\/survepesur-husqvarna-pw125\/","og_locale":"ru_RU","og_type":"article","og_title":"Survepesur Husqvarna PW125. Soodne survepesur Reginetist","og_description":"Husqvarna PW125 kompaktseim k\u00f5rgsurvepesur sobib terrasside ja aiatehnika t\u00f5husaks puhastamiseks. Otsiku reguleerimiseks ja kiireks","og_url":"https:\/\/reginett.ee\/toode\/survepesur-husqvarna-pw125\/","og_site_name":"Reginett","article_modified_time":"2023-07-10T08:05:30+00:00","og_image":[{"width":680,"height":372,"url":"https:\/\/reginett.ee\/wp-content\/uploads\/2020\/03\/Husqvarna-PW125.jpg","type":"image\/jpeg"}],"twitter_card":"summary_large_image","twitter_misc":{"\u041f\u0440\u0438\u043c\u0435\u0440\u043d\u043e\u0435 \u0432\u0440\u0435\u043c\u044f \u0434\u043b\u044f \u0447\u0442\u0435\u043d\u0438\u044f":"1 \u043c\u0438\u043d\u0443\u0442\u0430"},"schema":{"@context":"https:\/\/schema.org","@graph":[{"@type":"WebPage","@id":"https:\/\/reginett.ee\/toode\/survepesur-husqvarna-pw125\/","url":"https:\/\/reginett.ee\/toode\/survepesur-husqvarna-pw125\/","name":"Survepesur Husqvarna PW125. Soodne survepesur Reginetist","isPartOf":{"@id":"https:\/\/reginett.ee\/#website"},"primaryImageOfPage":{"@id":"https:\/\/reginett.ee\/toode\/survepesur-husqvarna-pw125\/#primaryimage"},"image":{"@id":"https:\/\/reginett.ee\/toode\/survepesur-husqvarna-pw125\/#primaryimage"},"thumbnailUrl":"https:\/\/reginett.ee\/wp-content\/uploads\/2020\/03\/Husqvarna-PW125.jpg","datePublished":"2020-03-26T08:15:45+00:00","dateModified":"2023-07-10T08:05:30+00:00","description":"Husqvarna PW125 kompaktseim k\u00f5rgsurvepesur sobib terrasside ja aiatehnika t\u00f5husaks puhastamiseks. Otsiku reguleerimiseks ja kiireks","breadcrumb":{"@id":"https:\/\/reginett.ee\/toode\/survepesur-husqvarna-pw125\/#breadcrumb"},"inLanguage":"ru-RU","potentialAction":[{"@type":"ReadAction","target":["https:\/\/reginett.ee\/toode\/survepesur-husqvarna-pw125\/"]}]},{"@type":"ImageObject","inLanguage":"ru-RU","@id":"https:\/\/reginett.ee\/toode\/survepesur-husqvarna-pw125\/#primaryimage","url":"https:\/\/reginett.ee\/wp-content\/uploads\/2020\/03\/Husqvarna-PW125.jpg","contentUrl":"https:\/\/reginett.ee\/wp-content\/uploads\/2020\/03\/Husqvarna-PW125.jpg","width":680,"height":372,"caption":"Husqvarna PW125"},{"@type":"BreadcrumbList","@id":"https:\/\/reginett.ee\/toode\/survepesur-husqvarna-pw125\/#breadcrumb","itemListElement":[{"@type":"ListItem","position":1,"name":"Home","item":"https:\/\/reginett.ee\/ru\/"},{"@type":"ListItem","position":2,"name":"Tooted","item":"https:\/\/reginett.ee\/tooted\/"},{"@type":"ListItem","position":3,"name":"Survepesur Husqvarna PW125"}]},{"@type":"WebSite","@id":"https:\/\/reginett.ee\/#website","url":"https:\/\/reginett.ee\/","name":"Reginett","description":"Parimad robotniidukid","potentialAction":[{"@type":"SearchAction","target":{"@type":"EntryPoint","urlTemplate":"https:\/\/reginett.ee\/?s={search_term_string}"},"query-input":{"@type":"PropertyValueSpecification","valueRequired":true,"valueName":"search_term_string"}}],"inLanguage":"ru-RU"}]}},"brands":[{"id":147,"name":"Husqvarna","slug":"husqvarna"}],"_links":{"self":[{"href":"https:\/\/reginett.ee\/ru\/wp-json\/wp\/v2\/product\/51382","targetHints":{"allow":["GET"]}}],"collection":[{"href":"https:\/\/reginett.ee\/ru\/wp-json\/wp\/v2\/product"}],"about":[{"href":"https:\/\/reginett.ee\/ru\/wp-json\/wp\/v2\/types\/product"}],"replies":[{"embeddable":true,"href":"https:\/\/reginett.ee\/ru\/wp-json\/wp\/v2\/comments?post=51382"}],"wp:featuredmedia":[{"embeddable":true,"href":"https:\/\/reginett.ee\/ru\/wp-json\/wp\/v2\/media\/52833"}],"wp:attachment":[{"href":"https:\/\/reginett.ee\/ru\/wp-json\/wp\/v2\/media?parent=51382"}],"wp:term":[{"taxonomy":"pwb-brand","embeddable":true,"href":"https:\/\/reginett.ee\/ru\/wp-json\/wp\/v2\/pwb-brand?post=51382"},{"taxonomy":"product_brand","embeddable":true,"href":"https:\/\/reginett.ee\/ru\/wp-json\/wp\/v2\/product_brand?post=51382"},{"taxonomy":"product_cat","embeddable":true,"href":"https:\/\/reginett.ee\/ru\/wp-json\/wp\/v2\/product_cat?post=51382"},{"taxonomy":"product_tag","embeddable":true,"href":"https:\/\/reginett.ee\/ru\/wp-json\/wp\/v2\/product_tag?post=51382"}],"curies":[{"name":"wp","href":"https:\/\/api.w.org\/{rel}","templated":true}]}}