{"id":51378,"date":"2020-03-26T09:40:51","date_gmt":"2020-03-26T09:40:51","guid":{"rendered":"https:\/\/reginett.ee\/?post_type=product&#038;p=51378"},"modified":"2020-11-18T11:22:37","modified_gmt":"2020-11-18T11:22:37","slug":"veefilter-survepesuritele-husqvarna","status":"publish","type":"product","link":"https:\/\/reginett.ee\/ru\/toode\/veefilter-survepesuritele-husqvarna\/","title":{"rendered":"Veefilter survepesuritele Husqvarna"},"content":{"rendered":"<p>Veefilter WF 300 hoiab \u00e4ra vees oleva mustuse sattumise pumpa ja seel\u00e4bi pumba kahjustumise.<\/p>\n<p>Soovituslik kasutada k\u00f5igi survepesurite puhul!<\/p>\n<p>&nbsp;<\/p>\n<p>&nbsp;<\/p>\n","protected":false},"excerpt":{"rendered":"<p>Veefilter WF 300 hoiab \u00e4ra vees oleva mustuse sattumise pumpa ja seel\u00e4bi pumba kahjustumise. Soovituslik kasutada k\u00f5igi survepesurite puhul! &nbsp; &nbsp;<\/p>\n","protected":false},"featured_media":52615,"comment_status":"open","ping_status":"closed","template":"","meta":{"_acf_changed":false,"_et_pb_use_builder":"","_et_pb_old_content":"","_et_gb_content_width":"","inline_featured_image":false},"pwb-brand":[],"product_brand":[],"product_cat":[37,28,27],"product_tag":[99,100,98],"class_list":{"0":"post-51378","1":"product","2":"type-product","3":"status-publish","4":"has-post-thumbnail","6":"product_cat-husqvarna","7":"product_cat-puhastustehnika","8":"product_cat-tooriistad-ja-tarvikud","9":"product_tag-pesur","10":"product_tag-puhastustehnika","11":"product_tag-survepesur","13":"first","14":"instock","15":"shipping-taxable","16":"purchasable","17":"product-type-simple"},"acf":[],"yoast_head":"<!-- This site is optimized with the Yoast SEO plugin v26.6 - https:\/\/yoast.com\/wordpress\/plugins\/seo\/ -->\n<title>Veefilter survepesuritele Husqvarna - Reginett<\/title>\n<meta name=\"robots\" content=\"index, follow, max-snippet:-1, max-image-preview:large, max-video-preview:-1\" \/>\n<link rel=\"canonical\" href=\"https:\/\/reginett.ee\/toode\/veefilter-survepesuritele-husqvarna\/\" \/>\n<meta property=\"og:locale\" content=\"ru_RU\" \/>\n<meta property=\"og:type\" content=\"article\" \/>\n<meta property=\"og:title\" content=\"Veefilter survepesuritele Husqvarna - Reginett\" \/>\n<meta property=\"og:description\" content=\"Veefilter WF 300 hoiab \u00e4ra vees oleva mustuse sattumise pumpa ja seel\u00e4bi pumba kahjustumise. Soovituslik kasutada k\u00f5igi survepesurite puhul! &nbsp; &nbsp;\" \/>\n<meta property=\"og:url\" content=\"https:\/\/reginett.ee\/toode\/veefilter-survepesuritele-husqvarna\/\" \/>\n<meta property=\"og:site_name\" content=\"Reginett\" \/>\n<meta property=\"article:modified_time\" content=\"2020-11-18T11:22:37+00:00\" \/>\n<meta property=\"og:image\" content=\"https:\/\/reginett.ee\/wp-content\/uploads\/2020\/03\/veefilter-survepesurile-Husqvarna.jpg\" \/>\n\t<meta property=\"og:image:width\" content=\"1920\" \/>\n\t<meta property=\"og:image:height\" content=\"1440\" \/>\n\t<meta property=\"og:image:type\" content=\"image\/jpeg\" \/>\n<meta name=\"twitter:card\" content=\"summary_large_image\" \/>\n<script type=\"application\/ld+json\" class=\"yoast-schema-graph\">{\"@context\":\"https:\/\/schema.org\",\"@graph\":[{\"@type\":\"WebPage\",\"@id\":\"https:\/\/reginett.ee\/toode\/veefilter-survepesuritele-husqvarna\/\",\"url\":\"https:\/\/reginett.ee\/toode\/veefilter-survepesuritele-husqvarna\/\",\"name\":\"Veefilter survepesuritele Husqvarna - Reginett\",\"isPartOf\":{\"@id\":\"https:\/\/reginett.ee\/#website\"},\"primaryImageOfPage\":{\"@id\":\"https:\/\/reginett.ee\/toode\/veefilter-survepesuritele-husqvarna\/#primaryimage\"},\"image\":{\"@id\":\"https:\/\/reginett.ee\/toode\/veefilter-survepesuritele-husqvarna\/#primaryimage\"},\"thumbnailUrl\":\"https:\/\/reginett.ee\/wp-content\/uploads\/2020\/03\/veefilter-survepesurile-Husqvarna.jpg\",\"datePublished\":\"2020-03-26T09:40:51+00:00\",\"dateModified\":\"2020-11-18T11:22:37+00:00\",\"breadcrumb\":{\"@id\":\"https:\/\/reginett.ee\/toode\/veefilter-survepesuritele-husqvarna\/#breadcrumb\"},\"inLanguage\":\"ru-RU\",\"potentialAction\":[{\"@type\":\"ReadAction\",\"target\":[\"https:\/\/reginett.ee\/toode\/veefilter-survepesuritele-husqvarna\/\"]}]},{\"@type\":\"ImageObject\",\"inLanguage\":\"ru-RU\",\"@id\":\"https:\/\/reginett.ee\/toode\/veefilter-survepesuritele-husqvarna\/#primaryimage\",\"url\":\"https:\/\/reginett.ee\/wp-content\/uploads\/2020\/03\/veefilter-survepesurile-Husqvarna.jpg\",\"contentUrl\":\"https:\/\/reginett.ee\/wp-content\/uploads\/2020\/03\/veefilter-survepesurile-Husqvarna.jpg\",\"width\":1920,\"height\":1440,\"caption\":\"Veefilter survepesurile Husqvarna\"},{\"@type\":\"BreadcrumbList\",\"@id\":\"https:\/\/reginett.ee\/toode\/veefilter-survepesuritele-husqvarna\/#breadcrumb\",\"itemListElement\":[{\"@type\":\"ListItem\",\"position\":1,\"name\":\"Home\",\"item\":\"https:\/\/reginett.ee\/ru\/\"},{\"@type\":\"ListItem\",\"position\":2,\"name\":\"Tooted\",\"item\":\"https:\/\/reginett.ee\/tooted\/\"},{\"@type\":\"ListItem\",\"position\":3,\"name\":\"Veefilter survepesuritele Husqvarna\"}]},{\"@type\":\"WebSite\",\"@id\":\"https:\/\/reginett.ee\/#website\",\"url\":\"https:\/\/reginett.ee\/\",\"name\":\"Reginett\",\"description\":\"Parimad robotniidukid\",\"potentialAction\":[{\"@type\":\"SearchAction\",\"target\":{\"@type\":\"EntryPoint\",\"urlTemplate\":\"https:\/\/reginett.ee\/?s={search_term_string}\"},\"query-input\":{\"@type\":\"PropertyValueSpecification\",\"valueRequired\":true,\"valueName\":\"search_term_string\"}}],\"inLanguage\":\"ru-RU\"}]}<\/script>\n<!-- \/ Yoast SEO plugin. -->","yoast_head_json":{"title":"Veefilter survepesuritele Husqvarna - Reginett","robots":{"index":"index","follow":"follow","max-snippet":"max-snippet:-1","max-image-preview":"max-image-preview:large","max-video-preview":"max-video-preview:-1"},"canonical":"https:\/\/reginett.ee\/toode\/veefilter-survepesuritele-husqvarna\/","og_locale":"ru_RU","og_type":"article","og_title":"Veefilter survepesuritele Husqvarna - Reginett","og_description":"Veefilter WF 300 hoiab \u00e4ra vees oleva mustuse sattumise pumpa ja seel\u00e4bi pumba kahjustumise. Soovituslik kasutada k\u00f5igi survepesurite puhul! &nbsp; &nbsp;","og_url":"https:\/\/reginett.ee\/toode\/veefilter-survepesuritele-husqvarna\/","og_site_name":"Reginett","article_modified_time":"2020-11-18T11:22:37+00:00","og_image":[{"width":1920,"height":1440,"url":"https:\/\/reginett.ee\/wp-content\/uploads\/2020\/03\/veefilter-survepesurile-Husqvarna.jpg","type":"image\/jpeg"}],"twitter_card":"summary_large_image","schema":{"@context":"https:\/\/schema.org","@graph":[{"@type":"WebPage","@id":"https:\/\/reginett.ee\/toode\/veefilter-survepesuritele-husqvarna\/","url":"https:\/\/reginett.ee\/toode\/veefilter-survepesuritele-husqvarna\/","name":"Veefilter survepesuritele Husqvarna - Reginett","isPartOf":{"@id":"https:\/\/reginett.ee\/#website"},"primaryImageOfPage":{"@id":"https:\/\/reginett.ee\/toode\/veefilter-survepesuritele-husqvarna\/#primaryimage"},"image":{"@id":"https:\/\/reginett.ee\/toode\/veefilter-survepesuritele-husqvarna\/#primaryimage"},"thumbnailUrl":"https:\/\/reginett.ee\/wp-content\/uploads\/2020\/03\/veefilter-survepesurile-Husqvarna.jpg","datePublished":"2020-03-26T09:40:51+00:00","dateModified":"2020-11-18T11:22:37+00:00","breadcrumb":{"@id":"https:\/\/reginett.ee\/toode\/veefilter-survepesuritele-husqvarna\/#breadcrumb"},"inLanguage":"ru-RU","potentialAction":[{"@type":"ReadAction","target":["https:\/\/reginett.ee\/toode\/veefilter-survepesuritele-husqvarna\/"]}]},{"@type":"ImageObject","inLanguage":"ru-RU","@id":"https:\/\/reginett.ee\/toode\/veefilter-survepesuritele-husqvarna\/#primaryimage","url":"https:\/\/reginett.ee\/wp-content\/uploads\/2020\/03\/veefilter-survepesurile-Husqvarna.jpg","contentUrl":"https:\/\/reginett.ee\/wp-content\/uploads\/2020\/03\/veefilter-survepesurile-Husqvarna.jpg","width":1920,"height":1440,"caption":"Veefilter survepesurile Husqvarna"},{"@type":"BreadcrumbList","@id":"https:\/\/reginett.ee\/toode\/veefilter-survepesuritele-husqvarna\/#breadcrumb","itemListElement":[{"@type":"ListItem","position":1,"name":"Home","item":"https:\/\/reginett.ee\/ru\/"},{"@type":"ListItem","position":2,"name":"Tooted","item":"https:\/\/reginett.ee\/tooted\/"},{"@type":"ListItem","position":3,"name":"Veefilter survepesuritele Husqvarna"}]},{"@type":"WebSite","@id":"https:\/\/reginett.ee\/#website","url":"https:\/\/reginett.ee\/","name":"Reginett","description":"Parimad robotniidukid","potentialAction":[{"@type":"SearchAction","target":{"@type":"EntryPoint","urlTemplate":"https:\/\/reginett.ee\/?s={search_term_string}"},"query-input":{"@type":"PropertyValueSpecification","valueRequired":true,"valueName":"search_term_string"}}],"inLanguage":"ru-RU"}]}},"brands":[],"_links":{"self":[{"href":"https:\/\/reginett.ee\/ru\/wp-json\/wp\/v2\/product\/51378","targetHints":{"allow":["GET"]}}],"collection":[{"href":"https:\/\/reginett.ee\/ru\/wp-json\/wp\/v2\/product"}],"about":[{"href":"https:\/\/reginett.ee\/ru\/wp-json\/wp\/v2\/types\/product"}],"replies":[{"embeddable":true,"href":"https:\/\/reginett.ee\/ru\/wp-json\/wp\/v2\/comments?post=51378"}],"wp:featuredmedia":[{"embeddable":true,"href":"https:\/\/reginett.ee\/ru\/wp-json\/wp\/v2\/media\/52615"}],"wp:attachment":[{"href":"https:\/\/reginett.ee\/ru\/wp-json\/wp\/v2\/media?parent=51378"}],"wp:term":[{"taxonomy":"pwb-brand","embeddable":true,"href":"https:\/\/reginett.ee\/ru\/wp-json\/wp\/v2\/pwb-brand?post=51378"},{"taxonomy":"product_brand","embeddable":true,"href":"https:\/\/reginett.ee\/ru\/wp-json\/wp\/v2\/product_brand?post=51378"},{"taxonomy":"product_cat","embeddable":true,"href":"https:\/\/reginett.ee\/ru\/wp-json\/wp\/v2\/product_cat?post=51378"},{"taxonomy":"product_tag","embeddable":true,"href":"https:\/\/reginett.ee\/ru\/wp-json\/wp\/v2\/product_tag?post=51378"}],"curies":[{"name":"wp","href":"https:\/\/api.w.org\/{rel}","templated":true}]}}