{"id":51367,"date":"2025-01-07T18:48:03","date_gmt":"2025-01-07T15:48:03","guid":{"rendered":"https:\/\/reginett.ee\/?post_type=product&#038;p=51367"},"modified":"2025-01-08T14:36:27","modified_gmt":"2025-01-08T11:36:27","slug":"vosaloikur-husqvarna-545fx-autotune","status":"publish","type":"product","link":"https:\/\/reginett.ee\/ru\/toode\/vosaloikur-husqvarna-545fx-autotune\/","title":{"rendered":"V\u00f5sal\u00f5ikur Husqvarna 545FX AutoTune"},"content":{"rendered":"<p>Husqvarna 545FX AT on eriti lihtsalt kasutatav v\u00f5imas v\u00f5sal\u00f5ikur, millel on ainulaadsed ergonoomilised lahendused ja mis sobib pikaajaliseks kasutamiseks. Optimeeritud \u00fclekanne ja 24-kraadise nurga all olev reduktor h\u00f5lbustavad suundlangetamist tihedas metsas. H\u00f5lpsalt k\u00e4ivituva ja suure kiirendusega X-torq\u00ae-i mootoriga, v\u00e4iksema k\u00fctusekulu ja heitgaasihulgaga. V\u00e4ga madal vibratsioonitase t\u00e4nu mootori, ajamiv\u00f5lli ja l\u00f5ikeseadme efektiivsele vibratsioonivastasele funktsioonile. Smart Start\u00ae-i abil h\u00f5lpsalt k\u00e4ivituv. Komplektis Balance XT kanderihmad.<\/p>\n<h3>Reguleeritavad k\u00e4epidemed<\/h3>\n<p>Reguleeritavad ja ergonoomilised k\u00e4epidemed.<\/p>\n<h3>P\u00f6idlagaas<\/h3>\n<p>P\u00f6idlaga juhitav gaas mugavaks t\u00f6\u00f6tamiseks. V\u00e4hendab liigset pinget k\u00e4elihastes.<\/p>\n<h3>LowVib\u00ae<\/h3>\n<p>LowVib t\u00f5hus vibratsioonisummutuss\u00fcsteem v\u00e4hendab oluliselt vibratsiooni k\u00e4epidemest.<\/p>\n<h3>Kerge tera vahetada<\/h3>\n<p>Magnetiga kinnitus teeb lihtsaks tera vahetamise.<\/p>\n<h3>Spetsiaalne reduktor<\/h3>\n<p>Reduktor on konstrueeritud spetsiaalselt metsat\u00f6\u00f6deks.<\/p>\n<h3>Balance XT<\/h3>\n<p>Ergonoomilised kanderihmad toetavad selga, \u00f5larihmad ja puusarihm jaotavad raskuse \u00fchtlaselt \u00fcle keha. Reguleeritav seljaplaat.<\/p>\n","protected":false},"excerpt":{"rendered":"<p>Husqvarna 545FX AT on eriti lihtsalt kasutatav v\u00f5imas v\u00f5sal\u00f5ikur, millel on ainulaadsed ergonoomilised lahendused ja mis sobib pikaajaliseks kasutamiseks. Optimeeritud \u00fclekanne ja 24-kraadise nurga all olev reduktor h\u00f5lbustavad suundlangetamist tihedas metsas. H\u00f5lpsalt k\u00e4ivituva ja suure kiirendusega X-torq\u00ae-i mootoriga, v\u00e4iksema k\u00fctusekulu ja heitgaasihulgaga. V\u00e4ga madal vibratsioonitase t\u00e4nu mootori, ajamiv\u00f5lli ja l\u00f5ikeseadme efektiivsele vibratsioonivastasele funktsioonile. Smart Start\u00ae-i abil h\u00f5lpsalt k\u00e4ivituv. Komplektis Balance XT kanderihmad.<\/p>\n","protected":false},"featured_media":51368,"comment_status":"open","ping_status":"closed","template":"","meta":{"_acf_changed":false,"_et_pb_use_builder":"","_et_pb_old_content":"","_et_gb_content_width":"","inline_featured_image":false},"pwb-brand":[147],"product_brand":[],"product_cat":[37,54],"product_tag":[96,95,97],"class_list":{"0":"post-51367","1":"product","2":"type-product","3":"status-publish","4":"has-post-thumbnail","6":"pwb-brand-husqvarna","7":"product_cat-husqvarna","8":"product_cat-trimmerid-ja-vosaloikurid","9":"product_tag-rohuloikur","10":"product_tag-trimmer","11":"product_tag-vosaloikur","12":"product_shipping_class-rasked-asjad","14":"first","15":"instock","16":"shipping-taxable","17":"purchasable","18":"product-type-simple"},"acf":[],"yoast_head":"<!-- This site is optimized with the Yoast SEO plugin v26.6 - https:\/\/yoast.com\/wordpress\/plugins\/seo\/ -->\n<title>V\u00f5sal\u00f5ikur Husqvarna 545FX AutoTune - Reginett<\/title>\n<meta name=\"robots\" content=\"index, follow, max-snippet:-1, max-image-preview:large, max-video-preview:-1\" \/>\n<link rel=\"canonical\" href=\"https:\/\/reginett.ee\/toode\/vosaloikur-husqvarna-545fx-autotune\/\" \/>\n<meta property=\"og:locale\" content=\"ru_RU\" \/>\n<meta property=\"og:type\" content=\"article\" \/>\n<meta property=\"og:title\" content=\"V\u00f5sal\u00f5ikur Husqvarna 545FX AutoTune - Reginett\" \/>\n<meta property=\"og:description\" content=\"Husqvarna 545FX AT on eriti lihtsalt kasutatav v\u00f5imas v\u00f5sal\u00f5ikur, millel on ainulaadsed ergonoomilised lahendused ja mis sobib pikaajaliseks kasutamiseks. Optimeeritud \u00fclekanne ja 24-kraadise nurga all olev reduktor h\u00f5lbustavad suundlangetamist tihedas metsas. H\u00f5lpsalt k\u00e4ivituva ja suure kiirendusega X-torq\u00ae-i mootoriga, v\u00e4iksema k\u00fctusekulu ja heitgaasihulgaga. V\u00e4ga madal vibratsioonitase t\u00e4nu mootori, ajamiv\u00f5lli ja l\u00f5ikeseadme efektiivsele vibratsioonivastasele funktsioonile. Smart Start\u00ae-i abil h\u00f5lpsalt k\u00e4ivituv. Komplektis Balance XT kanderihmad.\" \/>\n<meta property=\"og:url\" content=\"https:\/\/reginett.ee\/toode\/vosaloikur-husqvarna-545fx-autotune\/\" \/>\n<meta property=\"og:site_name\" content=\"Reginett\" \/>\n<meta property=\"article:modified_time\" content=\"2025-01-08T11:36:27+00:00\" \/>\n<meta property=\"og:image\" content=\"https:\/\/reginett.ee\/wp-content\/uploads\/2020\/03\/Husqvarna-545FX-AT-scaled.jpg\" \/>\n\t<meta property=\"og:image:width\" content=\"2560\" \/>\n\t<meta property=\"og:image:height\" content=\"1361\" \/>\n\t<meta property=\"og:image:type\" content=\"image\/jpeg\" \/>\n<meta name=\"twitter:card\" content=\"summary_large_image\" \/>\n<meta name=\"twitter:label1\" content=\"\u041f\u0440\u0438\u043c\u0435\u0440\u043d\u043e\u0435 \u0432\u0440\u0435\u043c\u044f \u0434\u043b\u044f \u0447\u0442\u0435\u043d\u0438\u044f\" \/>\n\t<meta name=\"twitter:data1\" content=\"1 \u043c\u0438\u043d\u0443\u0442\u0430\" \/>\n<script type=\"application\/ld+json\" class=\"yoast-schema-graph\">{\"@context\":\"https:\/\/schema.org\",\"@graph\":[{\"@type\":\"WebPage\",\"@id\":\"https:\/\/reginett.ee\/toode\/vosaloikur-husqvarna-545fx-autotune\/\",\"url\":\"https:\/\/reginett.ee\/toode\/vosaloikur-husqvarna-545fx-autotune\/\",\"name\":\"V\u00f5sal\u00f5ikur Husqvarna 545FX AutoTune - Reginett\",\"isPartOf\":{\"@id\":\"https:\/\/reginett.ee\/#website\"},\"primaryImageOfPage\":{\"@id\":\"https:\/\/reginett.ee\/toode\/vosaloikur-husqvarna-545fx-autotune\/#primaryimage\"},\"image\":{\"@id\":\"https:\/\/reginett.ee\/toode\/vosaloikur-husqvarna-545fx-autotune\/#primaryimage\"},\"thumbnailUrl\":\"https:\/\/reginett.ee\/wp-content\/uploads\/2020\/03\/Husqvarna-545FX-AT-scaled.jpg\",\"datePublished\":\"2025-01-07T15:48:03+00:00\",\"dateModified\":\"2025-01-08T11:36:27+00:00\",\"breadcrumb\":{\"@id\":\"https:\/\/reginett.ee\/toode\/vosaloikur-husqvarna-545fx-autotune\/#breadcrumb\"},\"inLanguage\":\"ru-RU\",\"potentialAction\":[{\"@type\":\"ReadAction\",\"target\":[\"https:\/\/reginett.ee\/toode\/vosaloikur-husqvarna-545fx-autotune\/\"]}]},{\"@type\":\"ImageObject\",\"inLanguage\":\"ru-RU\",\"@id\":\"https:\/\/reginett.ee\/toode\/vosaloikur-husqvarna-545fx-autotune\/#primaryimage\",\"url\":\"https:\/\/reginett.ee\/wp-content\/uploads\/2020\/03\/Husqvarna-545FX-AT-scaled.jpg\",\"contentUrl\":\"https:\/\/reginett.ee\/wp-content\/uploads\/2020\/03\/Husqvarna-545FX-AT-scaled.jpg\",\"width\":2560,\"height\":1361,\"caption\":\"345F\"},{\"@type\":\"BreadcrumbList\",\"@id\":\"https:\/\/reginett.ee\/toode\/vosaloikur-husqvarna-545fx-autotune\/#breadcrumb\",\"itemListElement\":[{\"@type\":\"ListItem\",\"position\":1,\"name\":\"Home\",\"item\":\"https:\/\/reginett.ee\/ru\/\"},{\"@type\":\"ListItem\",\"position\":2,\"name\":\"Tooted\",\"item\":\"https:\/\/reginett.ee\/tooted\/\"},{\"@type\":\"ListItem\",\"position\":3,\"name\":\"V\u00f5sal\u00f5ikur Husqvarna 545FX AutoTune\"}]},{\"@type\":\"WebSite\",\"@id\":\"https:\/\/reginett.ee\/#website\",\"url\":\"https:\/\/reginett.ee\/\",\"name\":\"Reginett\",\"description\":\"Parimad robotniidukid\",\"potentialAction\":[{\"@type\":\"SearchAction\",\"target\":{\"@type\":\"EntryPoint\",\"urlTemplate\":\"https:\/\/reginett.ee\/?s={search_term_string}\"},\"query-input\":{\"@type\":\"PropertyValueSpecification\",\"valueRequired\":true,\"valueName\":\"search_term_string\"}}],\"inLanguage\":\"ru-RU\"}]}<\/script>\n<!-- \/ Yoast SEO plugin. -->","yoast_head_json":{"title":"V\u00f5sal\u00f5ikur Husqvarna 545FX AutoTune - Reginett","robots":{"index":"index","follow":"follow","max-snippet":"max-snippet:-1","max-image-preview":"max-image-preview:large","max-video-preview":"max-video-preview:-1"},"canonical":"https:\/\/reginett.ee\/toode\/vosaloikur-husqvarna-545fx-autotune\/","og_locale":"ru_RU","og_type":"article","og_title":"V\u00f5sal\u00f5ikur Husqvarna 545FX AutoTune - Reginett","og_description":"Husqvarna 545FX AT on eriti lihtsalt kasutatav v\u00f5imas v\u00f5sal\u00f5ikur, millel on ainulaadsed ergonoomilised lahendused ja mis sobib pikaajaliseks kasutamiseks. Optimeeritud \u00fclekanne ja 24-kraadise nurga all olev reduktor h\u00f5lbustavad suundlangetamist tihedas metsas. H\u00f5lpsalt k\u00e4ivituva ja suure kiirendusega X-torq\u00ae-i mootoriga, v\u00e4iksema k\u00fctusekulu ja heitgaasihulgaga. V\u00e4ga madal vibratsioonitase t\u00e4nu mootori, ajamiv\u00f5lli ja l\u00f5ikeseadme efektiivsele vibratsioonivastasele funktsioonile. Smart Start\u00ae-i abil h\u00f5lpsalt k\u00e4ivituv. Komplektis Balance XT kanderihmad.","og_url":"https:\/\/reginett.ee\/toode\/vosaloikur-husqvarna-545fx-autotune\/","og_site_name":"Reginett","article_modified_time":"2025-01-08T11:36:27+00:00","og_image":[{"width":2560,"height":1361,"url":"https:\/\/reginett.ee\/wp-content\/uploads\/2020\/03\/Husqvarna-545FX-AT-scaled.jpg","type":"image\/jpeg"}],"twitter_card":"summary_large_image","twitter_misc":{"\u041f\u0440\u0438\u043c\u0435\u0440\u043d\u043e\u0435 \u0432\u0440\u0435\u043c\u044f \u0434\u043b\u044f \u0447\u0442\u0435\u043d\u0438\u044f":"1 \u043c\u0438\u043d\u0443\u0442\u0430"},"schema":{"@context":"https:\/\/schema.org","@graph":[{"@type":"WebPage","@id":"https:\/\/reginett.ee\/toode\/vosaloikur-husqvarna-545fx-autotune\/","url":"https:\/\/reginett.ee\/toode\/vosaloikur-husqvarna-545fx-autotune\/","name":"V\u00f5sal\u00f5ikur Husqvarna 545FX AutoTune - Reginett","isPartOf":{"@id":"https:\/\/reginett.ee\/#website"},"primaryImageOfPage":{"@id":"https:\/\/reginett.ee\/toode\/vosaloikur-husqvarna-545fx-autotune\/#primaryimage"},"image":{"@id":"https:\/\/reginett.ee\/toode\/vosaloikur-husqvarna-545fx-autotune\/#primaryimage"},"thumbnailUrl":"https:\/\/reginett.ee\/wp-content\/uploads\/2020\/03\/Husqvarna-545FX-AT-scaled.jpg","datePublished":"2025-01-07T15:48:03+00:00","dateModified":"2025-01-08T11:36:27+00:00","breadcrumb":{"@id":"https:\/\/reginett.ee\/toode\/vosaloikur-husqvarna-545fx-autotune\/#breadcrumb"},"inLanguage":"ru-RU","potentialAction":[{"@type":"ReadAction","target":["https:\/\/reginett.ee\/toode\/vosaloikur-husqvarna-545fx-autotune\/"]}]},{"@type":"ImageObject","inLanguage":"ru-RU","@id":"https:\/\/reginett.ee\/toode\/vosaloikur-husqvarna-545fx-autotune\/#primaryimage","url":"https:\/\/reginett.ee\/wp-content\/uploads\/2020\/03\/Husqvarna-545FX-AT-scaled.jpg","contentUrl":"https:\/\/reginett.ee\/wp-content\/uploads\/2020\/03\/Husqvarna-545FX-AT-scaled.jpg","width":2560,"height":1361,"caption":"345F"},{"@type":"BreadcrumbList","@id":"https:\/\/reginett.ee\/toode\/vosaloikur-husqvarna-545fx-autotune\/#breadcrumb","itemListElement":[{"@type":"ListItem","position":1,"name":"Home","item":"https:\/\/reginett.ee\/ru\/"},{"@type":"ListItem","position":2,"name":"Tooted","item":"https:\/\/reginett.ee\/tooted\/"},{"@type":"ListItem","position":3,"name":"V\u00f5sal\u00f5ikur Husqvarna 545FX AutoTune"}]},{"@type":"WebSite","@id":"https:\/\/reginett.ee\/#website","url":"https:\/\/reginett.ee\/","name":"Reginett","description":"Parimad robotniidukid","potentialAction":[{"@type":"SearchAction","target":{"@type":"EntryPoint","urlTemplate":"https:\/\/reginett.ee\/?s={search_term_string}"},"query-input":{"@type":"PropertyValueSpecification","valueRequired":true,"valueName":"search_term_string"}}],"inLanguage":"ru-RU"}]}},"brands":[{"id":147,"name":"Husqvarna","slug":"husqvarna"}],"_links":{"self":[{"href":"https:\/\/reginett.ee\/ru\/wp-json\/wp\/v2\/product\/51367","targetHints":{"allow":["GET"]}}],"collection":[{"href":"https:\/\/reginett.ee\/ru\/wp-json\/wp\/v2\/product"}],"about":[{"href":"https:\/\/reginett.ee\/ru\/wp-json\/wp\/v2\/types\/product"}],"replies":[{"embeddable":true,"href":"https:\/\/reginett.ee\/ru\/wp-json\/wp\/v2\/comments?post=51367"}],"wp:featuredmedia":[{"embeddable":true,"href":"https:\/\/reginett.ee\/ru\/wp-json\/wp\/v2\/media\/51368"}],"wp:attachment":[{"href":"https:\/\/reginett.ee\/ru\/wp-json\/wp\/v2\/media?parent=51367"}],"wp:term":[{"taxonomy":"pwb-brand","embeddable":true,"href":"https:\/\/reginett.ee\/ru\/wp-json\/wp\/v2\/pwb-brand?post=51367"},{"taxonomy":"product_brand","embeddable":true,"href":"https:\/\/reginett.ee\/ru\/wp-json\/wp\/v2\/product_brand?post=51367"},{"taxonomy":"product_cat","embeddable":true,"href":"https:\/\/reginett.ee\/ru\/wp-json\/wp\/v2\/product_cat?post=51367"},{"taxonomy":"product_tag","embeddable":true,"href":"https:\/\/reginett.ee\/ru\/wp-json\/wp\/v2\/product_tag?post=51367"}],"curies":[{"name":"wp","href":"https:\/\/api.w.org\/{rel}","templated":true}]}}