{"id":51235,"date":"2020-03-25T12:08:08","date_gmt":"2020-03-25T09:08:08","guid":{"rendered":"https:\/\/reginett.ee\/?post_type=product&#038;p=51235"},"modified":"2025-07-03T14:07:22","modified_gmt":"2025-07-03T11:07:22","slug":"rohuloikur-husqvarna-525rxt","status":"publish","type":"product","link":"https:\/\/reginett.ee\/ru\/toode\/rohuloikur-husqvarna-525rxt\/","title":{"rendered":"Rohul\u00f5ikur Husqvarna 525RXT Mark II"},"content":{"rendered":"<p>Husqvarna 525RXT on v\u00f5imas ja v\u00e4ga mugavalt kasutatav rohul\u00f5ikur on maksimaalselt t\u00f5hus ning koormab teie keha minimaalselt. Seda on lihtne kasutada ja sellel on oma klassi madalaimad vibratsioonin\u00e4itajad. Komplektis trimmipea T35 + Rohutera Grass 255-4 (1&#8243;).<\/p>\n<h3>Nutikad juhikud<\/h3>\n<p>Toorehoob ja k\u00fctuse etteandepump on lihtsalt ja loogiliselt kasutatav.<\/p>\n<h3>K\u00f5rge asetusega juhtraud<\/h3>\n<p>Nurga all asetsev juhtraud ja k\u00e4ep\u00e4rased k\u00e4epidemed v\u00f5imaldavad mugava t\u00f6\u00f6asendi.<\/p>\n<h3>Balance 55<\/h3>\n<p>Ergonoomilised kanderihmad mis jagavad raskuse \u00fchtlaselt \u00f5lgadele ja seljale.Varustatud lisapehmendusega puusaplaadiga.<\/p>\n<h3>K\u00fctusepump<\/h3>\n<p>K\u00fctusepump kergemaks k\u00e4ivitamiseks.<\/p>\n<h3>K\u00e4epidemete mugav asend<\/h3>\n<p>Erilise asetusega juhtraud lisab liikumisvabadust ja teeb mugavaks t\u00f6\u00f6tamise n\u00f5lvakutel.<\/p>\n<h3>Rohul\u00f5ikuri reduktor<\/h3>\n<p>Reduktor on konstrueeritud spetsiaalselt k\u00f5rgele p\u00f6\u00f6rdemomendile. 35-kraadine nurk\u00fclekanne teeb t\u00f6\u00f6tamise eriti t\u00f5husaks.<\/p>\n<h3>Kombikaitse<\/h3>\n<p>Kombikaitse sobib nii rohutera kui trimmipeaga kasutamiseks.<\/p>\n<h3>Tap &#8216;n Go<\/h3>\n<p>Kahe j\u00f5hviga, kiirelt laetav ja vastupidav Tap &#8216;n Go trimmipea.<\/p>\n<p>&nbsp;<\/p>\n","protected":false},"excerpt":{"rendered":"<p>Husqvarna 525RXT on v\u00f5imas ja v\u00e4ga mugavalt kasutatav rohul\u00f5ikur on maksimaalselt t\u00f5hus ning koormab teie keha minimaalselt. Seda on lihtne kasutada ja sellel on oma klassi madalaimad vibratsioonin\u00e4itajad. Komplektis trimmipea T35 + Rohutera Grass 255-4 (1&#8243;).<\/p>\n","protected":false},"featured_media":52783,"comment_status":"open","ping_status":"closed","template":"","meta":{"_acf_changed":false,"_et_pb_use_builder":"","_et_pb_old_content":"","_et_gb_content_width":"","inline_featured_image":false},"pwb-brand":[147],"product_brand":[],"product_cat":[37,54],"product_tag":[96,95],"class_list":{"0":"post-51235","1":"product","2":"type-product","3":"status-publish","4":"has-post-thumbnail","6":"pwb-brand-husqvarna","7":"product_cat-husqvarna","8":"product_cat-trimmerid-ja-vosaloikurid","9":"product_tag-rohuloikur","10":"product_tag-trimmer","11":"product_shipping_class-rasked-asjad","13":"first","14":"instock","15":"shipping-taxable","16":"purchasable","17":"product-type-simple"},"acf":[],"yoast_head":"<!-- This site is optimized with the Yoast SEO plugin v26.6 - https:\/\/yoast.com\/wordpress\/plugins\/seo\/ -->\n<title>Rohul\u00f5ikur Husqvarna 525RXT Mark II - Reginett<\/title>\n<meta name=\"robots\" content=\"index, follow, max-snippet:-1, max-image-preview:large, max-video-preview:-1\" \/>\n<link rel=\"canonical\" href=\"https:\/\/reginett.ee\/toode\/rohuloikur-husqvarna-525rxt\/\" \/>\n<meta property=\"og:locale\" content=\"ru_RU\" \/>\n<meta property=\"og:type\" content=\"article\" \/>\n<meta property=\"og:title\" content=\"Rohul\u00f5ikur Husqvarna 525RXT Mark II - Reginett\" \/>\n<meta property=\"og:description\" content=\"Husqvarna 525RXT on v\u00f5imas ja v\u00e4ga mugavalt kasutatav rohul\u00f5ikur on maksimaalselt t\u00f5hus ning koormab teie keha minimaalselt. Seda on lihtne kasutada ja sellel on oma klassi madalaimad vibratsioonin\u00e4itajad. Komplektis trimmipea T35 + Rohutera Grass 255-4 (1&quot;).\" \/>\n<meta property=\"og:url\" content=\"https:\/\/reginett.ee\/toode\/rohuloikur-husqvarna-525rxt\/\" \/>\n<meta property=\"og:site_name\" content=\"Reginett\" \/>\n<meta property=\"article:modified_time\" content=\"2025-07-03T11:07:22+00:00\" \/>\n<meta property=\"og:image\" content=\"https:\/\/reginett.ee\/wp-content\/uploads\/2020\/03\/Husqvarna-525RXT.jpg\" \/>\n\t<meta property=\"og:image:width\" content=\"680\" \/>\n\t<meta property=\"og:image:height\" content=\"372\" \/>\n\t<meta property=\"og:image:type\" content=\"image\/jpeg\" \/>\n<meta name=\"twitter:card\" content=\"summary_large_image\" \/>\n<meta name=\"twitter:label1\" content=\"\u041f\u0440\u0438\u043c\u0435\u0440\u043d\u043e\u0435 \u0432\u0440\u0435\u043c\u044f \u0434\u043b\u044f \u0447\u0442\u0435\u043d\u0438\u044f\" \/>\n\t<meta name=\"twitter:data1\" content=\"1 \u043c\u0438\u043d\u0443\u0442\u0430\" \/>\n<script type=\"application\/ld+json\" class=\"yoast-schema-graph\">{\"@context\":\"https:\/\/schema.org\",\"@graph\":[{\"@type\":\"WebPage\",\"@id\":\"https:\/\/reginett.ee\/toode\/rohuloikur-husqvarna-525rxt\/\",\"url\":\"https:\/\/reginett.ee\/toode\/rohuloikur-husqvarna-525rxt\/\",\"name\":\"Rohul\u00f5ikur Husqvarna 525RXT Mark II - Reginett\",\"isPartOf\":{\"@id\":\"https:\/\/reginett.ee\/#website\"},\"primaryImageOfPage\":{\"@id\":\"https:\/\/reginett.ee\/toode\/rohuloikur-husqvarna-525rxt\/#primaryimage\"},\"image\":{\"@id\":\"https:\/\/reginett.ee\/toode\/rohuloikur-husqvarna-525rxt\/#primaryimage\"},\"thumbnailUrl\":\"https:\/\/reginett.ee\/wp-content\/uploads\/2020\/03\/Husqvarna-525RXT.jpg\",\"datePublished\":\"2020-03-25T09:08:08+00:00\",\"dateModified\":\"2025-07-03T11:07:22+00:00\",\"breadcrumb\":{\"@id\":\"https:\/\/reginett.ee\/toode\/rohuloikur-husqvarna-525rxt\/#breadcrumb\"},\"inLanguage\":\"ru-RU\",\"potentialAction\":[{\"@type\":\"ReadAction\",\"target\":[\"https:\/\/reginett.ee\/toode\/rohuloikur-husqvarna-525rxt\/\"]}]},{\"@type\":\"ImageObject\",\"inLanguage\":\"ru-RU\",\"@id\":\"https:\/\/reginett.ee\/toode\/rohuloikur-husqvarna-525rxt\/#primaryimage\",\"url\":\"https:\/\/reginett.ee\/wp-content\/uploads\/2020\/03\/Husqvarna-525RXT.jpg\",\"contentUrl\":\"https:\/\/reginett.ee\/wp-content\/uploads\/2020\/03\/Husqvarna-525RXT.jpg\",\"width\":680,\"height\":372,\"caption\":\"Husqvarna 525RXT\"},{\"@type\":\"BreadcrumbList\",\"@id\":\"https:\/\/reginett.ee\/toode\/rohuloikur-husqvarna-525rxt\/#breadcrumb\",\"itemListElement\":[{\"@type\":\"ListItem\",\"position\":1,\"name\":\"Home\",\"item\":\"https:\/\/reginett.ee\/ru\/\"},{\"@type\":\"ListItem\",\"position\":2,\"name\":\"Tooted\",\"item\":\"https:\/\/reginett.ee\/tooted\/\"},{\"@type\":\"ListItem\",\"position\":3,\"name\":\"Rohul\u00f5ikur Husqvarna 525RXT Mark II\"}]},{\"@type\":\"WebSite\",\"@id\":\"https:\/\/reginett.ee\/#website\",\"url\":\"https:\/\/reginett.ee\/\",\"name\":\"Reginett\",\"description\":\"Parimad robotniidukid\",\"potentialAction\":[{\"@type\":\"SearchAction\",\"target\":{\"@type\":\"EntryPoint\",\"urlTemplate\":\"https:\/\/reginett.ee\/?s={search_term_string}\"},\"query-input\":{\"@type\":\"PropertyValueSpecification\",\"valueRequired\":true,\"valueName\":\"search_term_string\"}}],\"inLanguage\":\"ru-RU\"}]}<\/script>\n<!-- \/ Yoast SEO plugin. -->","yoast_head_json":{"title":"Rohul\u00f5ikur Husqvarna 525RXT Mark II - Reginett","robots":{"index":"index","follow":"follow","max-snippet":"max-snippet:-1","max-image-preview":"max-image-preview:large","max-video-preview":"max-video-preview:-1"},"canonical":"https:\/\/reginett.ee\/toode\/rohuloikur-husqvarna-525rxt\/","og_locale":"ru_RU","og_type":"article","og_title":"Rohul\u00f5ikur Husqvarna 525RXT Mark II - Reginett","og_description":"Husqvarna 525RXT on v\u00f5imas ja v\u00e4ga mugavalt kasutatav rohul\u00f5ikur on maksimaalselt t\u00f5hus ning koormab teie keha minimaalselt. Seda on lihtne kasutada ja sellel on oma klassi madalaimad vibratsioonin\u00e4itajad. Komplektis trimmipea T35 + Rohutera Grass 255-4 (1\").","og_url":"https:\/\/reginett.ee\/toode\/rohuloikur-husqvarna-525rxt\/","og_site_name":"Reginett","article_modified_time":"2025-07-03T11:07:22+00:00","og_image":[{"width":680,"height":372,"url":"https:\/\/reginett.ee\/wp-content\/uploads\/2020\/03\/Husqvarna-525RXT.jpg","type":"image\/jpeg"}],"twitter_card":"summary_large_image","twitter_misc":{"\u041f\u0440\u0438\u043c\u0435\u0440\u043d\u043e\u0435 \u0432\u0440\u0435\u043c\u044f \u0434\u043b\u044f \u0447\u0442\u0435\u043d\u0438\u044f":"1 \u043c\u0438\u043d\u0443\u0442\u0430"},"schema":{"@context":"https:\/\/schema.org","@graph":[{"@type":"WebPage","@id":"https:\/\/reginett.ee\/toode\/rohuloikur-husqvarna-525rxt\/","url":"https:\/\/reginett.ee\/toode\/rohuloikur-husqvarna-525rxt\/","name":"Rohul\u00f5ikur Husqvarna 525RXT Mark II - Reginett","isPartOf":{"@id":"https:\/\/reginett.ee\/#website"},"primaryImageOfPage":{"@id":"https:\/\/reginett.ee\/toode\/rohuloikur-husqvarna-525rxt\/#primaryimage"},"image":{"@id":"https:\/\/reginett.ee\/toode\/rohuloikur-husqvarna-525rxt\/#primaryimage"},"thumbnailUrl":"https:\/\/reginett.ee\/wp-content\/uploads\/2020\/03\/Husqvarna-525RXT.jpg","datePublished":"2020-03-25T09:08:08+00:00","dateModified":"2025-07-03T11:07:22+00:00","breadcrumb":{"@id":"https:\/\/reginett.ee\/toode\/rohuloikur-husqvarna-525rxt\/#breadcrumb"},"inLanguage":"ru-RU","potentialAction":[{"@type":"ReadAction","target":["https:\/\/reginett.ee\/toode\/rohuloikur-husqvarna-525rxt\/"]}]},{"@type":"ImageObject","inLanguage":"ru-RU","@id":"https:\/\/reginett.ee\/toode\/rohuloikur-husqvarna-525rxt\/#primaryimage","url":"https:\/\/reginett.ee\/wp-content\/uploads\/2020\/03\/Husqvarna-525RXT.jpg","contentUrl":"https:\/\/reginett.ee\/wp-content\/uploads\/2020\/03\/Husqvarna-525RXT.jpg","width":680,"height":372,"caption":"Husqvarna 525RXT"},{"@type":"BreadcrumbList","@id":"https:\/\/reginett.ee\/toode\/rohuloikur-husqvarna-525rxt\/#breadcrumb","itemListElement":[{"@type":"ListItem","position":1,"name":"Home","item":"https:\/\/reginett.ee\/ru\/"},{"@type":"ListItem","position":2,"name":"Tooted","item":"https:\/\/reginett.ee\/tooted\/"},{"@type":"ListItem","position":3,"name":"Rohul\u00f5ikur Husqvarna 525RXT Mark II"}]},{"@type":"WebSite","@id":"https:\/\/reginett.ee\/#website","url":"https:\/\/reginett.ee\/","name":"Reginett","description":"Parimad robotniidukid","potentialAction":[{"@type":"SearchAction","target":{"@type":"EntryPoint","urlTemplate":"https:\/\/reginett.ee\/?s={search_term_string}"},"query-input":{"@type":"PropertyValueSpecification","valueRequired":true,"valueName":"search_term_string"}}],"inLanguage":"ru-RU"}]}},"brands":[{"id":147,"name":"Husqvarna","slug":"husqvarna"}],"_links":{"self":[{"href":"https:\/\/reginett.ee\/ru\/wp-json\/wp\/v2\/product\/51235","targetHints":{"allow":["GET"]}}],"collection":[{"href":"https:\/\/reginett.ee\/ru\/wp-json\/wp\/v2\/product"}],"about":[{"href":"https:\/\/reginett.ee\/ru\/wp-json\/wp\/v2\/types\/product"}],"replies":[{"embeddable":true,"href":"https:\/\/reginett.ee\/ru\/wp-json\/wp\/v2\/comments?post=51235"}],"wp:featuredmedia":[{"embeddable":true,"href":"https:\/\/reginett.ee\/ru\/wp-json\/wp\/v2\/media\/52783"}],"wp:attachment":[{"href":"https:\/\/reginett.ee\/ru\/wp-json\/wp\/v2\/media?parent=51235"}],"wp:term":[{"taxonomy":"pwb-brand","embeddable":true,"href":"https:\/\/reginett.ee\/ru\/wp-json\/wp\/v2\/pwb-brand?post=51235"},{"taxonomy":"product_brand","embeddable":true,"href":"https:\/\/reginett.ee\/ru\/wp-json\/wp\/v2\/product_brand?post=51235"},{"taxonomy":"product_cat","embeddable":true,"href":"https:\/\/reginett.ee\/ru\/wp-json\/wp\/v2\/product_cat?post=51235"},{"taxonomy":"product_tag","embeddable":true,"href":"https:\/\/reginett.ee\/ru\/wp-json\/wp\/v2\/product_tag?post=51235"}],"curies":[{"name":"wp","href":"https:\/\/api.w.org\/{rel}","templated":true}]}}