{"id":51213,"date":"2021-08-20T16:35:18","date_gmt":"2021-08-20T13:35:18","guid":{"rendered":"https:\/\/reginett.ee\/?post_type=product&#038;p=51213"},"modified":"2026-01-09T12:11:55","modified_gmt":"2026-01-09T09:11:55","slug":"trimmer-husqvarna-129c","status":"publish","type":"product","link":"https:\/\/reginett.ee\/ru\/toode\/trimmer-husqvarna-129c\/","title":{"rendered":"Trimmer Husqvarna 129C"},"content":{"rendered":"<p>Husqvarna trimmer 129C pakub\u00a0 v\u00f5imsust ka kodukasutajale. Trimmeril 129C on v\u00f5imas 27 cm3 mootor ja profikvaliteet, mis on \u00fchendatud kasutuslihtsusega. T\u00e4nu Smart Start\u00ae-ile on seda lihtne k\u00e4ivitada, k\u00e4ep\u00e4rased juhikud ja automaatne k\u00e4ivitusl\u00fcliti \u2013 funktsioon, mis taastab k\u00e4ivitamise lihtsustamiseks automaatselt sissel\u00fclitatud asendi. 129C mudelil on k\u00f5ver v\u00f5ll, mis lihtsustab trimmerdamist. Komplektis trimmipea T25.<\/p>\n<h3>Nutikad juhikud<\/h3>\n<p>Toorehoob ja k\u00fctuse etteandepump on lihtsalt ja loogiliselt kasutatav.<\/p>\n<h3>Automaatselt tagastuv stoppl\u00fcliti<\/h3>\n<p>Automaatselt l\u00fclitub tagasi sissel\u00fclitatud asendisse kergeks k\u00e4ivitamiseks.<\/p>\n<h3>Pika, kumera \u00fclekandev\u00f5lliga<\/h3>\n<p>Pikk ja kumer vars ulatub kaugemale ning on ergonoomilisem.<\/p>\n<h3>K\u00fctusepump<\/h3>\n<p>K\u00fctusepump kergemaks k\u00e4ivitamiseks.<\/p>\n<h3>Smart Start\u00ae<\/h3>\n<p>Masin k\u00e4ivitub kergelt ja minimaalse vaevaga. K\u00e4ivitusn\u00f6\u00f6ri takistus on kuni 40% v\u00e4iksem.<\/p>\n","protected":false},"excerpt":{"rendered":"<p>Husqvarna trimmer 129C pakub v\u00f5imsust ka kodukasutajale. Trimmeril 129C on v\u00f5imas 27 cm3 mootor ja profikvaliteet, mis on \u00fchendatud kasutuslihtsusega. T\u00e4nu Smart Start\u00ae-ile on seda lihtne k\u00e4ivitada, k\u00e4ep\u00e4rased juhikud ja automaatne k\u00e4ivitusl\u00fcliti \u2013 funktsioon, mis taastab k\u00e4ivitamise lihtsustamiseks automaatselt sissel\u00fclitatud asendi. 129C mudelil on k\u00f5ver v\u00f5ll, mis lihtsustab trimmerdamist. Komplektis trimmipea T25<\/p>\n","protected":false},"featured_media":52784,"comment_status":"open","ping_status":"closed","template":"","meta":{"_acf_changed":false,"_et_pb_use_builder":"","_et_pb_old_content":"","_et_gb_content_width":"","inline_featured_image":false},"pwb-brand":[147],"product_brand":[],"product_cat":[37,54],"product_tag":[95],"class_list":{"0":"post-51213","1":"product","2":"type-product","3":"status-publish","4":"has-post-thumbnail","6":"pwb-brand-husqvarna","7":"product_cat-husqvarna","8":"product_cat-trimmerid-ja-vosaloikurid","9":"product_tag-trimmer","10":"product_shipping_class-soodsam-kuller-15-eur","12":"first","13":"instock","14":"shipping-taxable","15":"purchasable","16":"product-type-simple"},"acf":[],"yoast_head":"<!-- This site is optimized with the Yoast SEO plugin v26.6 - https:\/\/yoast.com\/wordpress\/plugins\/seo\/ -->\n<title>Trimmer Husqvarna 129C. Soodsad murutrimmerid Reginetist<\/title>\n<meta name=\"robots\" content=\"index, follow, max-snippet:-1, max-image-preview:large, max-video-preview:-1\" \/>\n<link rel=\"canonical\" href=\"https:\/\/reginett.ee\/toode\/trimmer-husqvarna-129c\/\" \/>\n<meta property=\"og:locale\" content=\"ru_RU\" \/>\n<meta property=\"og:type\" content=\"article\" \/>\n<meta property=\"og:title\" content=\"Trimmer Husqvarna 129C. Soodsad murutrimmerid Reginetist\" \/>\n<meta property=\"og:description\" content=\"Husqvarna trimmer 129C pakub v\u00f5imsust ka kodukasutajale. Trimmeril 129C on v\u00f5imas 27 cm3 mootor ja profikvaliteet, mis on \u00fchendatud kasutuslihtsusega. T\u00e4nu Smart Start\u00ae-ile on seda lihtne k\u00e4ivitada, k\u00e4ep\u00e4rased juhikud ja automaatne k\u00e4ivitusl\u00fcliti \u2013 funktsioon, mis taastab k\u00e4ivitamise lihtsustamiseks automaatselt sissel\u00fclitatud asendi. 129C mudelil on k\u00f5ver v\u00f5ll, mis lihtsustab trimmerdamist. Komplektis trimmipea T25\" \/>\n<meta property=\"og:url\" content=\"https:\/\/reginett.ee\/toode\/trimmer-husqvarna-129c\/\" \/>\n<meta property=\"og:site_name\" content=\"Reginett\" \/>\n<meta property=\"article:modified_time\" content=\"2026-01-09T09:11:55+00:00\" \/>\n<meta property=\"og:image\" content=\"https:\/\/reginett.ee\/wp-content\/uploads\/2020\/03\/Husqvarna-129C.jpg\" \/>\n\t<meta property=\"og:image:width\" content=\"680\" \/>\n\t<meta property=\"og:image:height\" content=\"372\" \/>\n\t<meta property=\"og:image:type\" content=\"image\/jpeg\" \/>\n<meta name=\"twitter:card\" content=\"summary_large_image\" \/>\n<meta name=\"twitter:label1\" content=\"\u041f\u0440\u0438\u043c\u0435\u0440\u043d\u043e\u0435 \u0432\u0440\u0435\u043c\u044f \u0434\u043b\u044f \u0447\u0442\u0435\u043d\u0438\u044f\" \/>\n\t<meta name=\"twitter:data1\" content=\"1 \u043c\u0438\u043d\u0443\u0442\u0430\" \/>\n<script type=\"application\/ld+json\" class=\"yoast-schema-graph\">{\"@context\":\"https:\/\/schema.org\",\"@graph\":[{\"@type\":\"WebPage\",\"@id\":\"https:\/\/reginett.ee\/toode\/trimmer-husqvarna-129c\/\",\"url\":\"https:\/\/reginett.ee\/toode\/trimmer-husqvarna-129c\/\",\"name\":\"Trimmer Husqvarna 129C. Soodsad murutrimmerid Reginetist\",\"isPartOf\":{\"@id\":\"https:\/\/reginett.ee\/#website\"},\"primaryImageOfPage\":{\"@id\":\"https:\/\/reginett.ee\/toode\/trimmer-husqvarna-129c\/#primaryimage\"},\"image\":{\"@id\":\"https:\/\/reginett.ee\/toode\/trimmer-husqvarna-129c\/#primaryimage\"},\"thumbnailUrl\":\"https:\/\/reginett.ee\/wp-content\/uploads\/2020\/03\/Husqvarna-129C.jpg\",\"datePublished\":\"2021-08-20T13:35:18+00:00\",\"dateModified\":\"2026-01-09T09:11:55+00:00\",\"breadcrumb\":{\"@id\":\"https:\/\/reginett.ee\/toode\/trimmer-husqvarna-129c\/#breadcrumb\"},\"inLanguage\":\"ru-RU\",\"potentialAction\":[{\"@type\":\"ReadAction\",\"target\":[\"https:\/\/reginett.ee\/toode\/trimmer-husqvarna-129c\/\"]}]},{\"@type\":\"ImageObject\",\"inLanguage\":\"ru-RU\",\"@id\":\"https:\/\/reginett.ee\/toode\/trimmer-husqvarna-129c\/#primaryimage\",\"url\":\"https:\/\/reginett.ee\/wp-content\/uploads\/2020\/03\/Husqvarna-129C.jpg\",\"contentUrl\":\"https:\/\/reginett.ee\/wp-content\/uploads\/2020\/03\/Husqvarna-129C.jpg\",\"width\":680,\"height\":372,\"caption\":\"Husqvarna 129C\"},{\"@type\":\"BreadcrumbList\",\"@id\":\"https:\/\/reginett.ee\/toode\/trimmer-husqvarna-129c\/#breadcrumb\",\"itemListElement\":[{\"@type\":\"ListItem\",\"position\":1,\"name\":\"Home\",\"item\":\"https:\/\/reginett.ee\/ru\/\"},{\"@type\":\"ListItem\",\"position\":2,\"name\":\"Tooted\",\"item\":\"https:\/\/reginett.ee\/tooted\/\"},{\"@type\":\"ListItem\",\"position\":3,\"name\":\"Trimmer Husqvarna 129C\"}]},{\"@type\":\"WebSite\",\"@id\":\"https:\/\/reginett.ee\/#website\",\"url\":\"https:\/\/reginett.ee\/\",\"name\":\"Reginett\",\"description\":\"Parimad robotniidukid\",\"potentialAction\":[{\"@type\":\"SearchAction\",\"target\":{\"@type\":\"EntryPoint\",\"urlTemplate\":\"https:\/\/reginett.ee\/?s={search_term_string}\"},\"query-input\":{\"@type\":\"PropertyValueSpecification\",\"valueRequired\":true,\"valueName\":\"search_term_string\"}}],\"inLanguage\":\"ru-RU\"}]}<\/script>\n<!-- \/ Yoast SEO plugin. -->","yoast_head_json":{"title":"Trimmer Husqvarna 129C. Soodsad murutrimmerid Reginetist","robots":{"index":"index","follow":"follow","max-snippet":"max-snippet:-1","max-image-preview":"max-image-preview:large","max-video-preview":"max-video-preview:-1"},"canonical":"https:\/\/reginett.ee\/toode\/trimmer-husqvarna-129c\/","og_locale":"ru_RU","og_type":"article","og_title":"Trimmer Husqvarna 129C. Soodsad murutrimmerid Reginetist","og_description":"Husqvarna trimmer 129C pakub v\u00f5imsust ka kodukasutajale. Trimmeril 129C on v\u00f5imas 27 cm3 mootor ja profikvaliteet, mis on \u00fchendatud kasutuslihtsusega. T\u00e4nu Smart Start\u00ae-ile on seda lihtne k\u00e4ivitada, k\u00e4ep\u00e4rased juhikud ja automaatne k\u00e4ivitusl\u00fcliti \u2013 funktsioon, mis taastab k\u00e4ivitamise lihtsustamiseks automaatselt sissel\u00fclitatud asendi. 129C mudelil on k\u00f5ver v\u00f5ll, mis lihtsustab trimmerdamist. Komplektis trimmipea T25","og_url":"https:\/\/reginett.ee\/toode\/trimmer-husqvarna-129c\/","og_site_name":"Reginett","article_modified_time":"2026-01-09T09:11:55+00:00","og_image":[{"width":680,"height":372,"url":"https:\/\/reginett.ee\/wp-content\/uploads\/2020\/03\/Husqvarna-129C.jpg","type":"image\/jpeg"}],"twitter_card":"summary_large_image","twitter_misc":{"\u041f\u0440\u0438\u043c\u0435\u0440\u043d\u043e\u0435 \u0432\u0440\u0435\u043c\u044f \u0434\u043b\u044f \u0447\u0442\u0435\u043d\u0438\u044f":"1 \u043c\u0438\u043d\u0443\u0442\u0430"},"schema":{"@context":"https:\/\/schema.org","@graph":[{"@type":"WebPage","@id":"https:\/\/reginett.ee\/toode\/trimmer-husqvarna-129c\/","url":"https:\/\/reginett.ee\/toode\/trimmer-husqvarna-129c\/","name":"Trimmer Husqvarna 129C. Soodsad murutrimmerid Reginetist","isPartOf":{"@id":"https:\/\/reginett.ee\/#website"},"primaryImageOfPage":{"@id":"https:\/\/reginett.ee\/toode\/trimmer-husqvarna-129c\/#primaryimage"},"image":{"@id":"https:\/\/reginett.ee\/toode\/trimmer-husqvarna-129c\/#primaryimage"},"thumbnailUrl":"https:\/\/reginett.ee\/wp-content\/uploads\/2020\/03\/Husqvarna-129C.jpg","datePublished":"2021-08-20T13:35:18+00:00","dateModified":"2026-01-09T09:11:55+00:00","breadcrumb":{"@id":"https:\/\/reginett.ee\/toode\/trimmer-husqvarna-129c\/#breadcrumb"},"inLanguage":"ru-RU","potentialAction":[{"@type":"ReadAction","target":["https:\/\/reginett.ee\/toode\/trimmer-husqvarna-129c\/"]}]},{"@type":"ImageObject","inLanguage":"ru-RU","@id":"https:\/\/reginett.ee\/toode\/trimmer-husqvarna-129c\/#primaryimage","url":"https:\/\/reginett.ee\/wp-content\/uploads\/2020\/03\/Husqvarna-129C.jpg","contentUrl":"https:\/\/reginett.ee\/wp-content\/uploads\/2020\/03\/Husqvarna-129C.jpg","width":680,"height":372,"caption":"Husqvarna 129C"},{"@type":"BreadcrumbList","@id":"https:\/\/reginett.ee\/toode\/trimmer-husqvarna-129c\/#breadcrumb","itemListElement":[{"@type":"ListItem","position":1,"name":"Home","item":"https:\/\/reginett.ee\/ru\/"},{"@type":"ListItem","position":2,"name":"Tooted","item":"https:\/\/reginett.ee\/tooted\/"},{"@type":"ListItem","position":3,"name":"Trimmer Husqvarna 129C"}]},{"@type":"WebSite","@id":"https:\/\/reginett.ee\/#website","url":"https:\/\/reginett.ee\/","name":"Reginett","description":"Parimad robotniidukid","potentialAction":[{"@type":"SearchAction","target":{"@type":"EntryPoint","urlTemplate":"https:\/\/reginett.ee\/?s={search_term_string}"},"query-input":{"@type":"PropertyValueSpecification","valueRequired":true,"valueName":"search_term_string"}}],"inLanguage":"ru-RU"}]}},"brands":[{"id":147,"name":"Husqvarna","slug":"husqvarna"}],"_links":{"self":[{"href":"https:\/\/reginett.ee\/ru\/wp-json\/wp\/v2\/product\/51213","targetHints":{"allow":["GET"]}}],"collection":[{"href":"https:\/\/reginett.ee\/ru\/wp-json\/wp\/v2\/product"}],"about":[{"href":"https:\/\/reginett.ee\/ru\/wp-json\/wp\/v2\/types\/product"}],"replies":[{"embeddable":true,"href":"https:\/\/reginett.ee\/ru\/wp-json\/wp\/v2\/comments?post=51213"}],"wp:featuredmedia":[{"embeddable":true,"href":"https:\/\/reginett.ee\/ru\/wp-json\/wp\/v2\/media\/52784"}],"wp:attachment":[{"href":"https:\/\/reginett.ee\/ru\/wp-json\/wp\/v2\/media?parent=51213"}],"wp:term":[{"taxonomy":"pwb-brand","embeddable":true,"href":"https:\/\/reginett.ee\/ru\/wp-json\/wp\/v2\/pwb-brand?post=51213"},{"taxonomy":"product_brand","embeddable":true,"href":"https:\/\/reginett.ee\/ru\/wp-json\/wp\/v2\/product_brand?post=51213"},{"taxonomy":"product_cat","embeddable":true,"href":"https:\/\/reginett.ee\/ru\/wp-json\/wp\/v2\/product_cat?post=51213"},{"taxonomy":"product_tag","embeddable":true,"href":"https:\/\/reginett.ee\/ru\/wp-json\/wp\/v2\/product_tag?post=51213"}],"curies":[{"name":"wp","href":"https:\/\/api.w.org\/{rel}","templated":true}]}}