{"id":51203,"date":"2020-02-15T12:40:46","date_gmt":"2020-02-15T09:40:46","guid":{"rendered":"https:\/\/reginett.ee\/?post_type=product&#038;p=51203"},"modified":"2025-07-02T10:11:50","modified_gmt":"2025-07-02T07:11:50","slug":"loikekorpus-combi-112-300-seeria-raideritele","status":"publish","type":"product","link":"https:\/\/reginett.ee\/ru\/toode\/loikekorpus-combi-112-300-seeria-raideritele\/","title":{"rendered":"L\u00f5ikekorpus Combi 112 300-seeria raideritele"},"content":{"rendered":"<p>112 cm kombil\u00f5ikekorpusel on BioClip ja tagav\u00e4ljaviske re\u017eiim.<\/p>\n<p>Sobib mudelite Husqvarna raider R 316TsX AWD, R 316TX jne<\/p>\n","protected":false},"excerpt":{"rendered":"<p>112 cm kombil\u00f5ikekorpusel on BioClip ja tagav\u00e4ljaviske re\u017eiim. Sobib mudelite Husqvarna raider R 316TsX AWD, R 316TX jne<\/p>\n","protected":false},"featured_media":52797,"comment_status":"open","ping_status":"closed","template":"","meta":{"_acf_changed":false,"_et_pb_use_builder":"","_et_pb_old_content":"","_et_gb_content_width":"","inline_featured_image":false},"pwb-brand":[],"product_brand":[],"product_cat":[37,56],"product_tag":[91],"class_list":{"0":"post-51203","1":"product","2":"type-product","3":"status-publish","4":"has-post-thumbnail","6":"product_cat-husqvarna","7":"product_cat-raiderid","8":"product_tag-raider","9":"product_shipping_class-rasked-asjad","11":"first","12":"instock","13":"shipping-taxable","14":"purchasable","15":"product-type-simple"},"acf":[],"yoast_head":"<!-- This site is optimized with the Yoast SEO plugin v26.6 - https:\/\/yoast.com\/wordpress\/plugins\/seo\/ -->\n<title>L\u00f5ikekorpus Combi 112 300-seeria raideritele - Reginett<\/title>\n<meta name=\"robots\" content=\"index, follow, max-snippet:-1, max-image-preview:large, max-video-preview:-1\" \/>\n<link rel=\"canonical\" href=\"https:\/\/reginett.ee\/toode\/loikekorpus-combi-112-300-seeria-raideritele\/\" \/>\n<meta property=\"og:locale\" content=\"ru_RU\" \/>\n<meta property=\"og:type\" content=\"article\" \/>\n<meta property=\"og:title\" content=\"L\u00f5ikekorpus Combi 112 300-seeria raideritele - Reginett\" \/>\n<meta property=\"og:description\" content=\"112 cm kombil\u00f5ikekorpusel on BioClip ja tagav\u00e4ljaviske re\u017eiim. Sobib mudelite Husqvarna raider R 316TsX AWD, R 316TX jne\" \/>\n<meta property=\"og:url\" content=\"https:\/\/reginett.ee\/toode\/loikekorpus-combi-112-300-seeria-raideritele\/\" \/>\n<meta property=\"og:site_name\" content=\"Reginett\" \/>\n<meta property=\"article:modified_time\" content=\"2025-07-02T07:11:50+00:00\" \/>\n<meta property=\"og:image\" content=\"https:\/\/reginett.ee\/wp-content\/uploads\/2020\/02\/Combi-103.jpg\" \/>\n\t<meta property=\"og:image:width\" content=\"680\" \/>\n\t<meta property=\"og:image:height\" content=\"372\" \/>\n\t<meta property=\"og:image:type\" content=\"image\/jpeg\" \/>\n<meta name=\"twitter:card\" content=\"summary_large_image\" \/>\n<script type=\"application\/ld+json\" class=\"yoast-schema-graph\">{\"@context\":\"https:\/\/schema.org\",\"@graph\":[{\"@type\":\"WebPage\",\"@id\":\"https:\/\/reginett.ee\/toode\/loikekorpus-combi-112-300-seeria-raideritele\/\",\"url\":\"https:\/\/reginett.ee\/toode\/loikekorpus-combi-112-300-seeria-raideritele\/\",\"name\":\"L\u00f5ikekorpus Combi 112 300-seeria raideritele - Reginett\",\"isPartOf\":{\"@id\":\"https:\/\/reginett.ee\/#website\"},\"primaryImageOfPage\":{\"@id\":\"https:\/\/reginett.ee\/toode\/loikekorpus-combi-112-300-seeria-raideritele\/#primaryimage\"},\"image\":{\"@id\":\"https:\/\/reginett.ee\/toode\/loikekorpus-combi-112-300-seeria-raideritele\/#primaryimage\"},\"thumbnailUrl\":\"https:\/\/reginett.ee\/wp-content\/uploads\/2020\/02\/Combi-103.jpg\",\"datePublished\":\"2020-02-15T09:40:46+00:00\",\"dateModified\":\"2025-07-02T07:11:50+00:00\",\"breadcrumb\":{\"@id\":\"https:\/\/reginett.ee\/toode\/loikekorpus-combi-112-300-seeria-raideritele\/#breadcrumb\"},\"inLanguage\":\"ru-RU\",\"potentialAction\":[{\"@type\":\"ReadAction\",\"target\":[\"https:\/\/reginett.ee\/toode\/loikekorpus-combi-112-300-seeria-raideritele\/\"]}]},{\"@type\":\"ImageObject\",\"inLanguage\":\"ru-RU\",\"@id\":\"https:\/\/reginett.ee\/toode\/loikekorpus-combi-112-300-seeria-raideritele\/#primaryimage\",\"url\":\"https:\/\/reginett.ee\/wp-content\/uploads\/2020\/02\/Combi-103.jpg\",\"contentUrl\":\"https:\/\/reginett.ee\/wp-content\/uploads\/2020\/02\/Combi-103.jpg\",\"width\":680,\"height\":372,\"caption\":\"Combi 103\"},{\"@type\":\"BreadcrumbList\",\"@id\":\"https:\/\/reginett.ee\/toode\/loikekorpus-combi-112-300-seeria-raideritele\/#breadcrumb\",\"itemListElement\":[{\"@type\":\"ListItem\",\"position\":1,\"name\":\"Home\",\"item\":\"https:\/\/reginett.ee\/ru\/\"},{\"@type\":\"ListItem\",\"position\":2,\"name\":\"Tooted\",\"item\":\"https:\/\/reginett.ee\/tooted\/\"},{\"@type\":\"ListItem\",\"position\":3,\"name\":\"L\u00f5ikekorpus Combi 112 300-seeria raideritele\"}]},{\"@type\":\"WebSite\",\"@id\":\"https:\/\/reginett.ee\/#website\",\"url\":\"https:\/\/reginett.ee\/\",\"name\":\"Reginett\",\"description\":\"Parimad robotniidukid\",\"potentialAction\":[{\"@type\":\"SearchAction\",\"target\":{\"@type\":\"EntryPoint\",\"urlTemplate\":\"https:\/\/reginett.ee\/?s={search_term_string}\"},\"query-input\":{\"@type\":\"PropertyValueSpecification\",\"valueRequired\":true,\"valueName\":\"search_term_string\"}}],\"inLanguage\":\"ru-RU\"}]}<\/script>\n<!-- \/ Yoast SEO plugin. -->","yoast_head_json":{"title":"L\u00f5ikekorpus Combi 112 300-seeria raideritele - Reginett","robots":{"index":"index","follow":"follow","max-snippet":"max-snippet:-1","max-image-preview":"max-image-preview:large","max-video-preview":"max-video-preview:-1"},"canonical":"https:\/\/reginett.ee\/toode\/loikekorpus-combi-112-300-seeria-raideritele\/","og_locale":"ru_RU","og_type":"article","og_title":"L\u00f5ikekorpus Combi 112 300-seeria raideritele - Reginett","og_description":"112 cm kombil\u00f5ikekorpusel on BioClip ja tagav\u00e4ljaviske re\u017eiim. Sobib mudelite Husqvarna raider R 316TsX AWD, R 316TX jne","og_url":"https:\/\/reginett.ee\/toode\/loikekorpus-combi-112-300-seeria-raideritele\/","og_site_name":"Reginett","article_modified_time":"2025-07-02T07:11:50+00:00","og_image":[{"width":680,"height":372,"url":"https:\/\/reginett.ee\/wp-content\/uploads\/2020\/02\/Combi-103.jpg","type":"image\/jpeg"}],"twitter_card":"summary_large_image","schema":{"@context":"https:\/\/schema.org","@graph":[{"@type":"WebPage","@id":"https:\/\/reginett.ee\/toode\/loikekorpus-combi-112-300-seeria-raideritele\/","url":"https:\/\/reginett.ee\/toode\/loikekorpus-combi-112-300-seeria-raideritele\/","name":"L\u00f5ikekorpus Combi 112 300-seeria raideritele - Reginett","isPartOf":{"@id":"https:\/\/reginett.ee\/#website"},"primaryImageOfPage":{"@id":"https:\/\/reginett.ee\/toode\/loikekorpus-combi-112-300-seeria-raideritele\/#primaryimage"},"image":{"@id":"https:\/\/reginett.ee\/toode\/loikekorpus-combi-112-300-seeria-raideritele\/#primaryimage"},"thumbnailUrl":"https:\/\/reginett.ee\/wp-content\/uploads\/2020\/02\/Combi-103.jpg","datePublished":"2020-02-15T09:40:46+00:00","dateModified":"2025-07-02T07:11:50+00:00","breadcrumb":{"@id":"https:\/\/reginett.ee\/toode\/loikekorpus-combi-112-300-seeria-raideritele\/#breadcrumb"},"inLanguage":"ru-RU","potentialAction":[{"@type":"ReadAction","target":["https:\/\/reginett.ee\/toode\/loikekorpus-combi-112-300-seeria-raideritele\/"]}]},{"@type":"ImageObject","inLanguage":"ru-RU","@id":"https:\/\/reginett.ee\/toode\/loikekorpus-combi-112-300-seeria-raideritele\/#primaryimage","url":"https:\/\/reginett.ee\/wp-content\/uploads\/2020\/02\/Combi-103.jpg","contentUrl":"https:\/\/reginett.ee\/wp-content\/uploads\/2020\/02\/Combi-103.jpg","width":680,"height":372,"caption":"Combi 103"},{"@type":"BreadcrumbList","@id":"https:\/\/reginett.ee\/toode\/loikekorpus-combi-112-300-seeria-raideritele\/#breadcrumb","itemListElement":[{"@type":"ListItem","position":1,"name":"Home","item":"https:\/\/reginett.ee\/ru\/"},{"@type":"ListItem","position":2,"name":"Tooted","item":"https:\/\/reginett.ee\/tooted\/"},{"@type":"ListItem","position":3,"name":"L\u00f5ikekorpus Combi 112 300-seeria raideritele"}]},{"@type":"WebSite","@id":"https:\/\/reginett.ee\/#website","url":"https:\/\/reginett.ee\/","name":"Reginett","description":"Parimad robotniidukid","potentialAction":[{"@type":"SearchAction","target":{"@type":"EntryPoint","urlTemplate":"https:\/\/reginett.ee\/?s={search_term_string}"},"query-input":{"@type":"PropertyValueSpecification","valueRequired":true,"valueName":"search_term_string"}}],"inLanguage":"ru-RU"}]}},"brands":[],"_links":{"self":[{"href":"https:\/\/reginett.ee\/ru\/wp-json\/wp\/v2\/product\/51203","targetHints":{"allow":["GET"]}}],"collection":[{"href":"https:\/\/reginett.ee\/ru\/wp-json\/wp\/v2\/product"}],"about":[{"href":"https:\/\/reginett.ee\/ru\/wp-json\/wp\/v2\/types\/product"}],"replies":[{"embeddable":true,"href":"https:\/\/reginett.ee\/ru\/wp-json\/wp\/v2\/comments?post=51203"}],"wp:featuredmedia":[{"embeddable":true,"href":"https:\/\/reginett.ee\/ru\/wp-json\/wp\/v2\/media\/52797"}],"wp:attachment":[{"href":"https:\/\/reginett.ee\/ru\/wp-json\/wp\/v2\/media?parent=51203"}],"wp:term":[{"taxonomy":"pwb-brand","embeddable":true,"href":"https:\/\/reginett.ee\/ru\/wp-json\/wp\/v2\/pwb-brand?post=51203"},{"taxonomy":"product_brand","embeddable":true,"href":"https:\/\/reginett.ee\/ru\/wp-json\/wp\/v2\/product_brand?post=51203"},{"taxonomy":"product_cat","embeddable":true,"href":"https:\/\/reginett.ee\/ru\/wp-json\/wp\/v2\/product_cat?post=51203"},{"taxonomy":"product_tag","embeddable":true,"href":"https:\/\/reginett.ee\/ru\/wp-json\/wp\/v2\/product_tag?post=51203"}],"curies":[{"name":"wp","href":"https:\/\/api.w.org\/{rel}","templated":true}]}}