{"id":51183,"date":"2025-12-25T21:08:49","date_gmt":"2025-12-25T18:08:49","guid":{"rendered":"https:\/\/reginett.ee\/?post_type=product&#038;p=51183"},"modified":"2026-03-05T13:04:00","modified_gmt":"2026-03-05T10:04:00","slug":"raider-husqvarna-316tsx-awd","status":"publish","type":"product","link":"https:\/\/reginett.ee\/ru\/toode\/raider-husqvarna-316tsx-awd\/","title":{"rendered":"Raider Husqvarna 316TsX AWD"},"content":{"rendered":"<p>Raider Husqvarna 316TsX AWD on v\u00f5imas ning mitmek\u00fclgne Kawasaki kahesilindrilise mootori, rooliv\u00f5imendi ja neljarattaveoga raider. 94, 103 v\u00f5i 112 cm laiune Combi-l\u00f5ikekorpus v\u00f5imaldab nii BioClip\u00ae -funktsiooni (mult\u0161imist) kui ka tagantv\u00e4ljaviskega niitmist.\u00a0 Sobilik maaomanikele, kes eeldavad niidukilt aastaringset t\u00f5husust, man\u00f6\u00f6verdusv\u00f5imet ja suurep\u00e4rast tulemust. Intuitiivne ja kasutajas\u00f5bralik n\u00e4idikublokk, topelt LED esituled, pehmendusega ning p\u00f6\u00f6ramisnupuga rool.<\/p>\n<p>NB! L\u00f5ikekorpus ei sisaldu komplektis. V\u00f5imalik valida 94cm, 103cm v\u00f5i 112cm l\u00f5ikekorpuse vahel.<\/p>\n<h3>Keskliigendiga roolimehhanism<\/h3>\n<p>Unikaalne keskliigendiga roolimehhanism, v\u00f5imaldab tagumisi rattaid keerata masina all, mis annab masinale suurep\u00e4rase man\u00f6\u00f6verdusv\u00f5ime, j\u00e4ttes nii v\u00e4ikseima niitmata ala.<\/p>\n<h3>N\u00e4idikute paneel<\/h3>\n<p>Intuitiivne n\u00e4idikute paneel annab kasutajale infot masina kohta ning vajadusel ka hoiatab, kui midagi on valesti.<\/p>\n<h3>Ees asetsev l\u00f5ikekorpus<\/h3>\n<p>Eesasetsev l\u00f5ikekorpus v\u00f5imaldab mugavalt niita nii aianurkadest kui p\u00f5\u00f5saste alt.<\/p>\n<h3>Nelivedu (AWD)<\/h3>\n<p>Nelivedu (AWD) kindlustab s\u00f5idumugavuse ka ebatasasel, m\u00e4rjal ja libedal pinnasel v\u00f5i n\u00f5lvadel. AWD-funktsioon k\u00e4ivitub automaatselt k\u00f5igil neljal rattal s\u00f5ltuvalt olukorrast ja pinnase tingimustest.<\/p>\n<h3>Mitmek\u00fclgselt kasutatav<\/h3>\n<p>Lai valik l\u00f5ikekorpuseid ja lisatarvikuid annavad raiderile mitmeid kasutusv\u00f5imalusi aastaringselt<\/p>\n<h3>Rooliv\u00f5imendi<\/h3>\n<p>Rooliv\u00f5imendiga juhtimine n\u00f5uab v\u00e4hem pingututust ja on mugavam.<\/p>\n<p>Pedaaljuhtimisega h\u00fcdrostaatiline \u00fclekanne<br \/>\nS\u00f5idusuunda ja -kiirust reguleeritakse pedaalidega, t\u00e4nu millele on m\u00f5lemad k\u00e4ed vabad rooli keeramiseks.<\/p>\n<h3>Hooldusasend<\/h3>\n<p>Hooldusasend l\u00f5ikekorpuse puhastamiseks ja hoolduseks.<\/p>\n<h3>Topelt LED esituld tagavad parema n\u00e4htavuse.<\/h3>\n<p>Topelt LED esituled v\u00f5imaldavad efektiivsemalt t\u00f6\u00f6tada ka pimedamal ajal. Valgustavad nii l\u00e4hedale, kui ka kaugele.<\/p>\n<h3>Hooldusaja meenutus<\/h3>\n<p>Annab teada, kui on aeg niidukit hooldada.<\/p>\n<p>&nbsp;<\/p>\n<p>&nbsp;<\/p>\n","protected":false},"excerpt":{"rendered":"<p><strong>Husqvarna 316TsX AWD<\/strong> on v\u00f5imas ning mitmek\u00fclgne Kawasaki kahesilindrilise mootori, rooliv\u00f5imendi ja neljarattaveoga raider. 94, 103 v\u00f5i 112 cm laiune Combi-l\u00f5ikekorpus v\u00f5imaldab nii BioClip\u00ae -funktsiooni (mult\u0161imist) kui ka tagantv\u00e4ljaviskega niitmist. Sobilik maaomanikele, kes eeldavad niidukilt aastaringset t\u00f5husust, man\u00f6\u00f6verdusv\u00f5imet ja suurep\u00e4rast tulemust. Intuitiivne ja kasutajas\u00f5bralik n\u00e4idikublokk, topelt LED esituled, pehmendusega ning p\u00f6\u00f6ramisnupuga rool.<\/p>\n","protected":false},"featured_media":51184,"comment_status":"open","ping_status":"closed","template":"","meta":{"_acf_changed":false,"_et_pb_use_builder":"","_et_pb_old_content":"","_et_gb_content_width":"","inline_featured_image":false},"pwb-brand":[147],"product_brand":[],"product_cat":[37,56],"product_tag":[91],"class_list":{"0":"post-51183","1":"product","2":"type-product","3":"status-publish","4":"has-post-thumbnail","6":"pwb-brand-husqvarna","7":"product_cat-husqvarna","8":"product_cat-raiderid","9":"product_tag-raider","10":"product_shipping_class-rasked-asjad","12":"first","13":"instock","14":"shipping-taxable","15":"purchasable","16":"product-type-simple"},"acf":[],"yoast_head":"<!-- This site is optimized with the Yoast SEO plugin v26.6 - https:\/\/yoast.com\/wordpress\/plugins\/seo\/ -->\n<title>Raider Husqvarna 316TsX AWD. Parimad raiderid Reginetist<\/title>\n<meta name=\"description\" content=\"Raider Husqvarna 316TsX AWD on v\u00f5imas ning mitmek\u00fclgne Kawasaki kahesilindrilise mootori, rooliv\u00f5imendi ja neljarattaveoga raider.\" \/>\n<meta name=\"robots\" content=\"index, follow, max-snippet:-1, max-image-preview:large, max-video-preview:-1\" \/>\n<link rel=\"canonical\" href=\"https:\/\/reginett.ee\/toode\/raider-husqvarna-316tsx-awd\/\" \/>\n<meta property=\"og:locale\" content=\"ru_RU\" \/>\n<meta property=\"og:type\" content=\"article\" \/>\n<meta property=\"og:title\" content=\"Raider Husqvarna 316TsX AWD. Parimad raiderid Reginetist\" \/>\n<meta property=\"og:description\" content=\"Raider Husqvarna 316TsX AWD on v\u00f5imas ning mitmek\u00fclgne Kawasaki kahesilindrilise mootori, rooliv\u00f5imendi ja neljarattaveoga raider.\" \/>\n<meta property=\"og:url\" content=\"https:\/\/reginett.ee\/toode\/raider-husqvarna-316tsx-awd\/\" \/>\n<meta property=\"og:site_name\" content=\"Reginett\" \/>\n<meta property=\"article:modified_time\" content=\"2026-03-05T10:04:00+00:00\" \/>\n<meta property=\"og:image\" content=\"https:\/\/reginett.ee\/wp-content\/uploads\/2020\/03\/Husqvarna-316TSX-AWD-scaled.jpg\" \/>\n\t<meta property=\"og:image:width\" content=\"2560\" \/>\n\t<meta property=\"og:image:height\" content=\"1720\" \/>\n\t<meta property=\"og:image:type\" content=\"image\/jpeg\" \/>\n<meta name=\"twitter:card\" content=\"summary_large_image\" \/>\n<meta name=\"twitter:label1\" content=\"\u041f\u0440\u0438\u043c\u0435\u0440\u043d\u043e\u0435 \u0432\u0440\u0435\u043c\u044f \u0434\u043b\u044f \u0447\u0442\u0435\u043d\u0438\u044f\" \/>\n\t<meta name=\"twitter:data1\" content=\"2 \u043c\u0438\u043d\u0443\u0442\u044b\" \/>\n<script type=\"application\/ld+json\" class=\"yoast-schema-graph\">{\"@context\":\"https:\/\/schema.org\",\"@graph\":[{\"@type\":\"WebPage\",\"@id\":\"https:\/\/reginett.ee\/toode\/raider-husqvarna-316tsx-awd\/\",\"url\":\"https:\/\/reginett.ee\/toode\/raider-husqvarna-316tsx-awd\/\",\"name\":\"Raider Husqvarna 316TsX AWD. Parimad raiderid Reginetist\",\"isPartOf\":{\"@id\":\"https:\/\/reginett.ee\/#website\"},\"primaryImageOfPage\":{\"@id\":\"https:\/\/reginett.ee\/toode\/raider-husqvarna-316tsx-awd\/#primaryimage\"},\"image\":{\"@id\":\"https:\/\/reginett.ee\/toode\/raider-husqvarna-316tsx-awd\/#primaryimage\"},\"thumbnailUrl\":\"https:\/\/reginett.ee\/wp-content\/uploads\/2020\/03\/Husqvarna-316TSX-AWD-scaled.jpg\",\"datePublished\":\"2025-12-25T18:08:49+00:00\",\"dateModified\":\"2026-03-05T10:04:00+00:00\",\"description\":\"Raider Husqvarna 316TsX AWD on v\u00f5imas ning mitmek\u00fclgne Kawasaki kahesilindrilise mootori, rooliv\u00f5imendi ja neljarattaveoga raider.\",\"breadcrumb\":{\"@id\":\"https:\/\/reginett.ee\/toode\/raider-husqvarna-316tsx-awd\/#breadcrumb\"},\"inLanguage\":\"ru-RU\",\"potentialAction\":[{\"@type\":\"ReadAction\",\"target\":[\"https:\/\/reginett.ee\/toode\/raider-husqvarna-316tsx-awd\/\"]}]},{\"@type\":\"ImageObject\",\"inLanguage\":\"ru-RU\",\"@id\":\"https:\/\/reginett.ee\/toode\/raider-husqvarna-316tsx-awd\/#primaryimage\",\"url\":\"https:\/\/reginett.ee\/wp-content\/uploads\/2020\/03\/Husqvarna-316TSX-AWD-scaled.jpg\",\"contentUrl\":\"https:\/\/reginett.ee\/wp-content\/uploads\/2020\/03\/Husqvarna-316TSX-AWD-scaled.jpg\",\"width\":2560,\"height\":1720,\"caption\":\"Husqvarna 316TsX AWD\"},{\"@type\":\"BreadcrumbList\",\"@id\":\"https:\/\/reginett.ee\/toode\/raider-husqvarna-316tsx-awd\/#breadcrumb\",\"itemListElement\":[{\"@type\":\"ListItem\",\"position\":1,\"name\":\"Home\",\"item\":\"https:\/\/reginett.ee\/ru\/\"},{\"@type\":\"ListItem\",\"position\":2,\"name\":\"Tooted\",\"item\":\"https:\/\/reginett.ee\/tooted\/\"},{\"@type\":\"ListItem\",\"position\":3,\"name\":\"Raider Husqvarna 316TsX AWD\"}]},{\"@type\":\"WebSite\",\"@id\":\"https:\/\/reginett.ee\/#website\",\"url\":\"https:\/\/reginett.ee\/\",\"name\":\"Reginett\",\"description\":\"Parimad robotniidukid\",\"potentialAction\":[{\"@type\":\"SearchAction\",\"target\":{\"@type\":\"EntryPoint\",\"urlTemplate\":\"https:\/\/reginett.ee\/?s={search_term_string}\"},\"query-input\":{\"@type\":\"PropertyValueSpecification\",\"valueRequired\":true,\"valueName\":\"search_term_string\"}}],\"inLanguage\":\"ru-RU\"}]}<\/script>\n<!-- \/ Yoast SEO plugin. -->","yoast_head_json":{"title":"Raider Husqvarna 316TsX AWD. Parimad raiderid Reginetist","description":"Raider Husqvarna 316TsX AWD on v\u00f5imas ning mitmek\u00fclgne Kawasaki kahesilindrilise mootori, rooliv\u00f5imendi ja neljarattaveoga raider.","robots":{"index":"index","follow":"follow","max-snippet":"max-snippet:-1","max-image-preview":"max-image-preview:large","max-video-preview":"max-video-preview:-1"},"canonical":"https:\/\/reginett.ee\/toode\/raider-husqvarna-316tsx-awd\/","og_locale":"ru_RU","og_type":"article","og_title":"Raider Husqvarna 316TsX AWD. Parimad raiderid Reginetist","og_description":"Raider Husqvarna 316TsX AWD on v\u00f5imas ning mitmek\u00fclgne Kawasaki kahesilindrilise mootori, rooliv\u00f5imendi ja neljarattaveoga raider.","og_url":"https:\/\/reginett.ee\/toode\/raider-husqvarna-316tsx-awd\/","og_site_name":"Reginett","article_modified_time":"2026-03-05T10:04:00+00:00","og_image":[{"width":2560,"height":1720,"url":"https:\/\/reginett.ee\/wp-content\/uploads\/2020\/03\/Husqvarna-316TSX-AWD-scaled.jpg","type":"image\/jpeg"}],"twitter_card":"summary_large_image","twitter_misc":{"\u041f\u0440\u0438\u043c\u0435\u0440\u043d\u043e\u0435 \u0432\u0440\u0435\u043c\u044f \u0434\u043b\u044f \u0447\u0442\u0435\u043d\u0438\u044f":"2 \u043c\u0438\u043d\u0443\u0442\u044b"},"schema":{"@context":"https:\/\/schema.org","@graph":[{"@type":"WebPage","@id":"https:\/\/reginett.ee\/toode\/raider-husqvarna-316tsx-awd\/","url":"https:\/\/reginett.ee\/toode\/raider-husqvarna-316tsx-awd\/","name":"Raider Husqvarna 316TsX AWD. Parimad raiderid Reginetist","isPartOf":{"@id":"https:\/\/reginett.ee\/#website"},"primaryImageOfPage":{"@id":"https:\/\/reginett.ee\/toode\/raider-husqvarna-316tsx-awd\/#primaryimage"},"image":{"@id":"https:\/\/reginett.ee\/toode\/raider-husqvarna-316tsx-awd\/#primaryimage"},"thumbnailUrl":"https:\/\/reginett.ee\/wp-content\/uploads\/2020\/03\/Husqvarna-316TSX-AWD-scaled.jpg","datePublished":"2025-12-25T18:08:49+00:00","dateModified":"2026-03-05T10:04:00+00:00","description":"Raider Husqvarna 316TsX AWD on v\u00f5imas ning mitmek\u00fclgne Kawasaki kahesilindrilise mootori, rooliv\u00f5imendi ja neljarattaveoga raider.","breadcrumb":{"@id":"https:\/\/reginett.ee\/toode\/raider-husqvarna-316tsx-awd\/#breadcrumb"},"inLanguage":"ru-RU","potentialAction":[{"@type":"ReadAction","target":["https:\/\/reginett.ee\/toode\/raider-husqvarna-316tsx-awd\/"]}]},{"@type":"ImageObject","inLanguage":"ru-RU","@id":"https:\/\/reginett.ee\/toode\/raider-husqvarna-316tsx-awd\/#primaryimage","url":"https:\/\/reginett.ee\/wp-content\/uploads\/2020\/03\/Husqvarna-316TSX-AWD-scaled.jpg","contentUrl":"https:\/\/reginett.ee\/wp-content\/uploads\/2020\/03\/Husqvarna-316TSX-AWD-scaled.jpg","width":2560,"height":1720,"caption":"Husqvarna 316TsX AWD"},{"@type":"BreadcrumbList","@id":"https:\/\/reginett.ee\/toode\/raider-husqvarna-316tsx-awd\/#breadcrumb","itemListElement":[{"@type":"ListItem","position":1,"name":"Home","item":"https:\/\/reginett.ee\/ru\/"},{"@type":"ListItem","position":2,"name":"Tooted","item":"https:\/\/reginett.ee\/tooted\/"},{"@type":"ListItem","position":3,"name":"Raider Husqvarna 316TsX AWD"}]},{"@type":"WebSite","@id":"https:\/\/reginett.ee\/#website","url":"https:\/\/reginett.ee\/","name":"Reginett","description":"Parimad robotniidukid","potentialAction":[{"@type":"SearchAction","target":{"@type":"EntryPoint","urlTemplate":"https:\/\/reginett.ee\/?s={search_term_string}"},"query-input":{"@type":"PropertyValueSpecification","valueRequired":true,"valueName":"search_term_string"}}],"inLanguage":"ru-RU"}]}},"brands":[{"id":147,"name":"Husqvarna","slug":"husqvarna"}],"_links":{"self":[{"href":"https:\/\/reginett.ee\/ru\/wp-json\/wp\/v2\/product\/51183","targetHints":{"allow":["GET"]}}],"collection":[{"href":"https:\/\/reginett.ee\/ru\/wp-json\/wp\/v2\/product"}],"about":[{"href":"https:\/\/reginett.ee\/ru\/wp-json\/wp\/v2\/types\/product"}],"replies":[{"embeddable":true,"href":"https:\/\/reginett.ee\/ru\/wp-json\/wp\/v2\/comments?post=51183"}],"wp:featuredmedia":[{"embeddable":true,"href":"https:\/\/reginett.ee\/ru\/wp-json\/wp\/v2\/media\/51184"}],"wp:attachment":[{"href":"https:\/\/reginett.ee\/ru\/wp-json\/wp\/v2\/media?parent=51183"}],"wp:term":[{"taxonomy":"pwb-brand","embeddable":true,"href":"https:\/\/reginett.ee\/ru\/wp-json\/wp\/v2\/pwb-brand?post=51183"},{"taxonomy":"product_brand","embeddable":true,"href":"https:\/\/reginett.ee\/ru\/wp-json\/wp\/v2\/product_brand?post=51183"},{"taxonomy":"product_cat","embeddable":true,"href":"https:\/\/reginett.ee\/ru\/wp-json\/wp\/v2\/product_cat?post=51183"},{"taxonomy":"product_tag","embeddable":true,"href":"https:\/\/reginett.ee\/ru\/wp-json\/wp\/v2\/product_tag?post=51183"}],"curies":[{"name":"wp","href":"https:\/\/api.w.org\/{rel}","templated":true}]}}