{"id":51171,"date":"2022-02-09T20:00:29","date_gmt":"2022-02-09T17:00:29","guid":{"rendered":"https:\/\/reginett.ee\/?post_type=product&#038;p=51171"},"modified":"2025-07-02T09:28:28","modified_gmt":"2025-07-02T06:28:28","slug":"raider-husqvarna-214t","status":"publish","type":"product","link":"https:\/\/reginett.ee\/ru\/toode\/raider-husqvarna-214t\/","title":{"rendered":"Raider Husqvarna 214T"},"content":{"rendered":"<p>Husqvarna 214T on v\u00e4ga populaarne, v\u00f5imas kahesilindrilise mootoriga raider, mis on sobilik keskmise suurusega muruplatside niitmiseks. Keskliigendiga roolis\u00fcsteem ja eesasetsev l\u00f5ikeorgan teevad man\u00f6\u00f6verdamise \u00fcmber takistuste v\u00e4ga lihtsaks ja mugavaks. Pedaalidega juhitav h\u00fcdrostaatiline k\u00e4igukast, uus ja mugav iste ning rool, lihtsasti ligip\u00e4\u00e4setavad juhikud ning l\u00f5ikekorpuse hooldusasend lisavad kasutusmugavust. T\u00e4nu suurele lisatarvikute valikule on see raider teie aias aastaringseks abimeheks.<\/p>\n<p><strong>NB! L\u00f5ikekorpus ei sisaldu komplektis. Lisavarustusena on v\u00f5imalik valida 94 cm ja 103 cm Combi l\u00f5ikeorgani vahel.<\/strong><\/p>\n<h3>Mitmek\u00fclgselt kasutatav<\/h3>\n<p>Lai valik l\u00f5ikekorpuseid ja lisatarvikuid annavad raiderile mitmeid kasutusv\u00f5imalusi aastaringselt.<\/p>\n<h3>Hooldusasend<\/h3>\n<p>Hooldusasend l\u00f5ikekorpuse puhastamiseks ja hoolduseks.<\/p>\n<h3>Turn key start &#8212; tooreklapita k\u00e4ivitamine<\/h3>\n<p>Mugav ja lihtne k\u00e4ivitamine t\u00e4nu tooreklapita mootorile. Lihtsalt keera v\u00f5tit.<\/p>\n<h3>BioClip\u00ae<\/h3>\n<p>BioClip\u00ae (mult\u0161imine) annab suurep\u00e4rase tulemuse sagedaselt niidetavatel murualadel. Rohulibled purustatakse peeneks haljasmassiks, mis laguneb kiiresti ning m\u00f5jub loodusliku v\u00e4etisena.<\/p>\n<h3>Tunnilugeja<\/h3>\n<p>Aitab juhtida t\u00e4helepanu teenindus- ja hooldusintervallidele.<\/p>\n<h3>Pedaaljuhtimisega h\u00fcdrostaatiline \u00fclekanne<\/h3>\n<p>S\u00f5idusuunda ja -kiirust reguleeritakse pedaalidega, t\u00e4nu millele on m\u00f5lemad k\u00e4ed vabad rooli keeramiseks.<\/p>\n<h3>P\u00f6\u00f6rdteljel tagasild<\/h3>\n<p>P\u00f6\u00f6rdteljel tagasild tagab parimad s\u00f5iduomadused ka ebatasasel pinnal.<\/p>\n","protected":false},"excerpt":{"rendered":"<p>Husqvarna 214T on v\u00e4ga populaarne, v\u00f5imas kahesilindrilise mootoriga raider, mis on sobilik keskmise suurusega muruplatside niitmiseks. Keskliigendiga roolis\u00fcsteem ja eesasetsev l\u00f5ikeorgan teevad man\u00f6\u00f6verdamise \u00fcmber takistuste v\u00e4ga lihtsaks ja mugavaks. Pedaalidega juhitav h\u00fcdrostaatiline k\u00e4igukast, uus ja mugav iste ning rool, lihtsasti ligip\u00e4\u00e4setavad juhikud ning l\u00f5ikekorpuse hooldusasend lisavad kasutusmugavust. T\u00e4nu suurele lisatarvikute valikule on see raider teie aias aastaringseks abimeheks.<\/p>\n","protected":false},"featured_media":51172,"comment_status":"open","ping_status":"closed","template":"","meta":{"_acf_changed":false,"_et_pb_use_builder":"","_et_pb_old_content":"","_et_gb_content_width":"","inline_featured_image":false},"pwb-brand":[147],"product_brand":[],"product_cat":[37,56],"product_tag":[91],"class_list":{"0":"post-51171","1":"product","2":"type-product","3":"status-publish","4":"has-post-thumbnail","6":"pwb-brand-husqvarna","7":"product_cat-husqvarna","8":"product_cat-raiderid","9":"product_tag-raider","10":"product_shipping_class-rasked-asjad","12":"first","13":"instock","14":"shipping-taxable","15":"purchasable","16":"product-type-simple"},"acf":[],"yoast_head":"<!-- This site is optimized with the Yoast SEO plugin v26.6 - https:\/\/yoast.com\/wordpress\/plugins\/seo\/ -->\n<title>Raider Husqvarna 214T. Husqvarna raiderid Reginetist<\/title>\n<meta name=\"description\" content=\"Husqvarna 214T on v\u00e4ga populaarne, v\u00f5imas kahesilindrilise mootoriga raider, mis on sobilik keskmise suurusega muruplatside niitmiseks.\" \/>\n<meta name=\"robots\" content=\"index, follow, max-snippet:-1, max-image-preview:large, max-video-preview:-1\" \/>\n<link rel=\"canonical\" href=\"https:\/\/reginett.ee\/toode\/raider-husqvarna-214t\/\" \/>\n<meta property=\"og:locale\" content=\"ru_RU\" \/>\n<meta property=\"og:type\" content=\"article\" \/>\n<meta property=\"og:title\" content=\"Raider Husqvarna 214T. Husqvarna raiderid Reginetist\" \/>\n<meta property=\"og:description\" content=\"Husqvarna 214T on v\u00e4ga populaarne, v\u00f5imas kahesilindrilise mootoriga raider, mis on sobilik keskmise suurusega muruplatside niitmiseks.\" \/>\n<meta property=\"og:url\" content=\"https:\/\/reginett.ee\/toode\/raider-husqvarna-214t\/\" \/>\n<meta property=\"og:site_name\" content=\"Reginett\" \/>\n<meta property=\"article:modified_time\" content=\"2025-07-02T06:28:28+00:00\" \/>\n<meta property=\"og:image\" content=\"https:\/\/reginett.ee\/wp-content\/uploads\/2020\/03\/Husqvarna-214T-scaled.jpg\" \/>\n\t<meta property=\"og:image:width\" content=\"2560\" \/>\n\t<meta property=\"og:image:height\" content=\"1687\" \/>\n\t<meta property=\"og:image:type\" content=\"image\/jpeg\" \/>\n<meta name=\"twitter:card\" content=\"summary_large_image\" \/>\n<meta name=\"twitter:label1\" content=\"\u041f\u0440\u0438\u043c\u0435\u0440\u043d\u043e\u0435 \u0432\u0440\u0435\u043c\u044f \u0434\u043b\u044f \u0447\u0442\u0435\u043d\u0438\u044f\" \/>\n\t<meta name=\"twitter:data1\" content=\"1 \u043c\u0438\u043d\u0443\u0442\u0430\" \/>\n<script type=\"application\/ld+json\" class=\"yoast-schema-graph\">{\"@context\":\"https:\/\/schema.org\",\"@graph\":[{\"@type\":\"WebPage\",\"@id\":\"https:\/\/reginett.ee\/toode\/raider-husqvarna-214t\/\",\"url\":\"https:\/\/reginett.ee\/toode\/raider-husqvarna-214t\/\",\"name\":\"Raider Husqvarna 214T. Husqvarna raiderid Reginetist\",\"isPartOf\":{\"@id\":\"https:\/\/reginett.ee\/#website\"},\"primaryImageOfPage\":{\"@id\":\"https:\/\/reginett.ee\/toode\/raider-husqvarna-214t\/#primaryimage\"},\"image\":{\"@id\":\"https:\/\/reginett.ee\/toode\/raider-husqvarna-214t\/#primaryimage\"},\"thumbnailUrl\":\"https:\/\/reginett.ee\/wp-content\/uploads\/2020\/03\/Husqvarna-214T-scaled.jpg\",\"datePublished\":\"2022-02-09T17:00:29+00:00\",\"dateModified\":\"2025-07-02T06:28:28+00:00\",\"description\":\"Husqvarna 214T on v\u00e4ga populaarne, v\u00f5imas kahesilindrilise mootoriga raider, mis on sobilik keskmise suurusega muruplatside niitmiseks.\",\"breadcrumb\":{\"@id\":\"https:\/\/reginett.ee\/toode\/raider-husqvarna-214t\/#breadcrumb\"},\"inLanguage\":\"ru-RU\",\"potentialAction\":[{\"@type\":\"ReadAction\",\"target\":[\"https:\/\/reginett.ee\/toode\/raider-husqvarna-214t\/\"]}]},{\"@type\":\"ImageObject\",\"inLanguage\":\"ru-RU\",\"@id\":\"https:\/\/reginett.ee\/toode\/raider-husqvarna-214t\/#primaryimage\",\"url\":\"https:\/\/reginett.ee\/wp-content\/uploads\/2020\/03\/Husqvarna-214T-scaled.jpg\",\"contentUrl\":\"https:\/\/reginett.ee\/wp-content\/uploads\/2020\/03\/Husqvarna-214T-scaled.jpg\",\"width\":2560,\"height\":1687,\"caption\":\"Husqvarna 214T\"},{\"@type\":\"BreadcrumbList\",\"@id\":\"https:\/\/reginett.ee\/toode\/raider-husqvarna-214t\/#breadcrumb\",\"itemListElement\":[{\"@type\":\"ListItem\",\"position\":1,\"name\":\"Home\",\"item\":\"https:\/\/reginett.ee\/ru\/\"},{\"@type\":\"ListItem\",\"position\":2,\"name\":\"Tooted\",\"item\":\"https:\/\/reginett.ee\/tooted\/\"},{\"@type\":\"ListItem\",\"position\":3,\"name\":\"Raider Husqvarna 214T\"}]},{\"@type\":\"WebSite\",\"@id\":\"https:\/\/reginett.ee\/#website\",\"url\":\"https:\/\/reginett.ee\/\",\"name\":\"Reginett\",\"description\":\"Parimad robotniidukid\",\"potentialAction\":[{\"@type\":\"SearchAction\",\"target\":{\"@type\":\"EntryPoint\",\"urlTemplate\":\"https:\/\/reginett.ee\/?s={search_term_string}\"},\"query-input\":{\"@type\":\"PropertyValueSpecification\",\"valueRequired\":true,\"valueName\":\"search_term_string\"}}],\"inLanguage\":\"ru-RU\"}]}<\/script>\n<!-- \/ Yoast SEO plugin. -->","yoast_head_json":{"title":"Raider Husqvarna 214T. Husqvarna raiderid Reginetist","description":"Husqvarna 214T on v\u00e4ga populaarne, v\u00f5imas kahesilindrilise mootoriga raider, mis on sobilik keskmise suurusega muruplatside niitmiseks.","robots":{"index":"index","follow":"follow","max-snippet":"max-snippet:-1","max-image-preview":"max-image-preview:large","max-video-preview":"max-video-preview:-1"},"canonical":"https:\/\/reginett.ee\/toode\/raider-husqvarna-214t\/","og_locale":"ru_RU","og_type":"article","og_title":"Raider Husqvarna 214T. Husqvarna raiderid Reginetist","og_description":"Husqvarna 214T on v\u00e4ga populaarne, v\u00f5imas kahesilindrilise mootoriga raider, mis on sobilik keskmise suurusega muruplatside niitmiseks.","og_url":"https:\/\/reginett.ee\/toode\/raider-husqvarna-214t\/","og_site_name":"Reginett","article_modified_time":"2025-07-02T06:28:28+00:00","og_image":[{"width":2560,"height":1687,"url":"https:\/\/reginett.ee\/wp-content\/uploads\/2020\/03\/Husqvarna-214T-scaled.jpg","type":"image\/jpeg"}],"twitter_card":"summary_large_image","twitter_misc":{"\u041f\u0440\u0438\u043c\u0435\u0440\u043d\u043e\u0435 \u0432\u0440\u0435\u043c\u044f \u0434\u043b\u044f \u0447\u0442\u0435\u043d\u0438\u044f":"1 \u043c\u0438\u043d\u0443\u0442\u0430"},"schema":{"@context":"https:\/\/schema.org","@graph":[{"@type":"WebPage","@id":"https:\/\/reginett.ee\/toode\/raider-husqvarna-214t\/","url":"https:\/\/reginett.ee\/toode\/raider-husqvarna-214t\/","name":"Raider Husqvarna 214T. Husqvarna raiderid Reginetist","isPartOf":{"@id":"https:\/\/reginett.ee\/#website"},"primaryImageOfPage":{"@id":"https:\/\/reginett.ee\/toode\/raider-husqvarna-214t\/#primaryimage"},"image":{"@id":"https:\/\/reginett.ee\/toode\/raider-husqvarna-214t\/#primaryimage"},"thumbnailUrl":"https:\/\/reginett.ee\/wp-content\/uploads\/2020\/03\/Husqvarna-214T-scaled.jpg","datePublished":"2022-02-09T17:00:29+00:00","dateModified":"2025-07-02T06:28:28+00:00","description":"Husqvarna 214T on v\u00e4ga populaarne, v\u00f5imas kahesilindrilise mootoriga raider, mis on sobilik keskmise suurusega muruplatside niitmiseks.","breadcrumb":{"@id":"https:\/\/reginett.ee\/toode\/raider-husqvarna-214t\/#breadcrumb"},"inLanguage":"ru-RU","potentialAction":[{"@type":"ReadAction","target":["https:\/\/reginett.ee\/toode\/raider-husqvarna-214t\/"]}]},{"@type":"ImageObject","inLanguage":"ru-RU","@id":"https:\/\/reginett.ee\/toode\/raider-husqvarna-214t\/#primaryimage","url":"https:\/\/reginett.ee\/wp-content\/uploads\/2020\/03\/Husqvarna-214T-scaled.jpg","contentUrl":"https:\/\/reginett.ee\/wp-content\/uploads\/2020\/03\/Husqvarna-214T-scaled.jpg","width":2560,"height":1687,"caption":"Husqvarna 214T"},{"@type":"BreadcrumbList","@id":"https:\/\/reginett.ee\/toode\/raider-husqvarna-214t\/#breadcrumb","itemListElement":[{"@type":"ListItem","position":1,"name":"Home","item":"https:\/\/reginett.ee\/ru\/"},{"@type":"ListItem","position":2,"name":"Tooted","item":"https:\/\/reginett.ee\/tooted\/"},{"@type":"ListItem","position":3,"name":"Raider Husqvarna 214T"}]},{"@type":"WebSite","@id":"https:\/\/reginett.ee\/#website","url":"https:\/\/reginett.ee\/","name":"Reginett","description":"Parimad robotniidukid","potentialAction":[{"@type":"SearchAction","target":{"@type":"EntryPoint","urlTemplate":"https:\/\/reginett.ee\/?s={search_term_string}"},"query-input":{"@type":"PropertyValueSpecification","valueRequired":true,"valueName":"search_term_string"}}],"inLanguage":"ru-RU"}]}},"brands":[{"id":147,"name":"Husqvarna","slug":"husqvarna"}],"_links":{"self":[{"href":"https:\/\/reginett.ee\/ru\/wp-json\/wp\/v2\/product\/51171","targetHints":{"allow":["GET"]}}],"collection":[{"href":"https:\/\/reginett.ee\/ru\/wp-json\/wp\/v2\/product"}],"about":[{"href":"https:\/\/reginett.ee\/ru\/wp-json\/wp\/v2\/types\/product"}],"replies":[{"embeddable":true,"href":"https:\/\/reginett.ee\/ru\/wp-json\/wp\/v2\/comments?post=51171"}],"wp:featuredmedia":[{"embeddable":true,"href":"https:\/\/reginett.ee\/ru\/wp-json\/wp\/v2\/media\/51172"}],"wp:attachment":[{"href":"https:\/\/reginett.ee\/ru\/wp-json\/wp\/v2\/media?parent=51171"}],"wp:term":[{"taxonomy":"pwb-brand","embeddable":true,"href":"https:\/\/reginett.ee\/ru\/wp-json\/wp\/v2\/pwb-brand?post=51171"},{"taxonomy":"product_brand","embeddable":true,"href":"https:\/\/reginett.ee\/ru\/wp-json\/wp\/v2\/product_brand?post=51171"},{"taxonomy":"product_cat","embeddable":true,"href":"https:\/\/reginett.ee\/ru\/wp-json\/wp\/v2\/product_cat?post=51171"},{"taxonomy":"product_tag","embeddable":true,"href":"https:\/\/reginett.ee\/ru\/wp-json\/wp\/v2\/product_tag?post=51171"}],"curies":[{"name":"wp","href":"https:\/\/api.w.org\/{rel}","templated":true}]}}