{"id":51004,"date":"2020-03-21T11:07:46","date_gmt":"2020-03-21T11:07:46","guid":{"rendered":"https:\/\/reginett.ee\/?post_type=product&#038;p=51004"},"modified":"2021-01-04T15:49:12","modified_gmt":"2021-01-04T15:49:12","slug":"akuga-muruniiduk-husqvarna-lc141i","status":"publish","type":"product","link":"https:\/\/reginett.ee\/ru\/toode\/akuga-muruniiduk-husqvarna-lc141i\/","title":{"rendered":"Akuga muruniiduk Husqvarna LC141i"},"content":{"rendered":"<p>Husqvarna LC141i on sobilik muruniiduk niitmaks v\u00e4iksemaid ja keerukamaid aedu. Kerge kaal ja kompaktne disain pakub lihtsat ja mugavat man\u00f6\u00f6verdust ka keerukates oludes. S\u00f5ltuvalt tingimustest, v\u00f5imaldab niita \u00fche laadimisega kuni 400 m2. Niidukile sobivad k\u00f5ik Husqvarna BLi akud.<\/p>\n<p>*aku ja laadija ei kuulu komplekti<\/p>\n<h3>Lihtne s\u00f5rmistik<\/h3>\n<p>Lihtne s\u00f5rmistik &#8212; kogu vajaminev info \u00fches kohas.<\/p>\n<h3>T\u00f5stesang ees ja taga<\/h3>\n<p>Mugavad t\u00f5stesangad niiduki t\u00f5stmiseks ees ja taga.<\/p>\n<h3>Tsentraalne k\u00f5rguse reguleerimine<\/h3>\n<p>Kiire ja lihtne niiduk\u00f5rguse reguleerimine \u00fchest hoovast.<\/p>\n<h3>Ergonoomiline k\u00e4epide<\/h3>\n<p>Ergonoomiline nurga all olev k\u00e4epide koos veo-ja pidurihoovaga teeb kasutamise mugavaks.<\/p>\n<h3>savE\u2122<\/h3>\n<p>Valige savE\u2122 maksimaalse t\u00f6\u00f6aja saavutamiseks<\/p>\n<h3>Vaikne t\u00f6\u00f6<\/h3>\n<p>Madal m\u00fcratase tagab mugava t\u00f6\u00f6 ja ei h\u00e4iri naabreid.<\/p>\n<h3>Kokkuk\u00e4iv k\u00e4epide<\/h3>\n<p>K\u00e4epide k\u00e4ib kergelt kokku mugavamaks transportimiseks, hoiustamiseks.<\/p>\n<p>&nbsp;<\/p>\n<p>&nbsp;<\/p>\n","protected":false},"excerpt":{"rendered":"<p>Husqvarna LC141i on sobilik muruniiduk niitmaks v\u00e4iksemaid ja keerukamaid aedu. Kerge kaal ja kompaktne disain pakub lihtsat ja mugavat man\u00f6\u00f6verdust ka keerukates oludes. S\u00f5ltuvalt tingimustest, v\u00f5imaldab niita \u00fche laadimisega kuni 400 m2. Niidukile sobivad k\u00f5ik Husqvarna BLi akud.<\/p>\n","protected":false},"featured_media":52842,"comment_status":"open","ping_status":"closed","template":"","meta":{"_acf_changed":false,"_et_pb_use_builder":"","_et_pb_old_content":"","_et_gb_content_width":"","inline_featured_image":false},"pwb-brand":[147],"product_brand":[],"product_cat":[48,37,25],"product_tag":[90,74],"class_list":{"0":"post-51004","1":"product","2":"type-product","3":"status-publish","4":"has-post-thumbnail","6":"pwb-brand-husqvarna","7":"product_cat-akutooted","8":"product_cat-husqvarna","9":"product_cat-muruniidukid","10":"product_tag-akuniiduk","11":"product_tag-akutooriistad","12":"product_shipping_class-rasked-asjad","14":"first","15":"instock","16":"shipping-taxable","17":"purchasable","18":"product-type-simple"},"acf":[],"yoast_head":"<!-- This site is optimized with the Yoast SEO plugin v26.6 - https:\/\/yoast.com\/wordpress\/plugins\/seo\/ -->\n<title>Akuga muruniiduk Husqvarna LC141i - Reginett<\/title>\n<meta name=\"robots\" content=\"index, follow, max-snippet:-1, max-image-preview:large, max-video-preview:-1\" \/>\n<link rel=\"canonical\" href=\"https:\/\/reginett.ee\/toode\/akuga-muruniiduk-husqvarna-lc141i\/\" \/>\n<meta property=\"og:locale\" content=\"ru_RU\" \/>\n<meta property=\"og:type\" content=\"article\" \/>\n<meta property=\"og:title\" content=\"Akuga muruniiduk Husqvarna LC141i - Reginett\" \/>\n<meta property=\"og:description\" content=\"Husqvarna LC141i on sobilik muruniiduk niitmaks v\u00e4iksemaid ja keerukamaid aedu. Kerge kaal ja kompaktne disain pakub lihtsat ja mugavat man\u00f6\u00f6verdust ka keerukates oludes. S\u00f5ltuvalt tingimustest, v\u00f5imaldab niita \u00fche laadimisega kuni 400 m2. Niidukile sobivad k\u00f5ik Husqvarna BLi akud.\" \/>\n<meta property=\"og:url\" content=\"https:\/\/reginett.ee\/toode\/akuga-muruniiduk-husqvarna-lc141i\/\" \/>\n<meta property=\"og:site_name\" content=\"Reginett\" \/>\n<meta property=\"article:modified_time\" content=\"2021-01-04T15:49:12+00:00\" \/>\n<meta property=\"og:image\" content=\"https:\/\/reginett.ee\/wp-content\/uploads\/2020\/03\/Husqvarna-LC141i.jpg\" \/>\n\t<meta property=\"og:image:width\" content=\"680\" \/>\n\t<meta property=\"og:image:height\" content=\"372\" \/>\n\t<meta property=\"og:image:type\" content=\"image\/jpeg\" \/>\n<meta name=\"twitter:card\" content=\"summary_large_image\" \/>\n<meta name=\"twitter:label1\" content=\"\u041f\u0440\u0438\u043c\u0435\u0440\u043d\u043e\u0435 \u0432\u0440\u0435\u043c\u044f \u0434\u043b\u044f \u0447\u0442\u0435\u043d\u0438\u044f\" \/>\n\t<meta name=\"twitter:data1\" content=\"1 \u043c\u0438\u043d\u0443\u0442\u0430\" \/>\n<script type=\"application\/ld+json\" class=\"yoast-schema-graph\">{\"@context\":\"https:\/\/schema.org\",\"@graph\":[{\"@type\":\"WebPage\",\"@id\":\"https:\/\/reginett.ee\/toode\/akuga-muruniiduk-husqvarna-lc141i\/\",\"url\":\"https:\/\/reginett.ee\/toode\/akuga-muruniiduk-husqvarna-lc141i\/\",\"name\":\"Akuga muruniiduk Husqvarna LC141i - Reginett\",\"isPartOf\":{\"@id\":\"https:\/\/reginett.ee\/#website\"},\"primaryImageOfPage\":{\"@id\":\"https:\/\/reginett.ee\/toode\/akuga-muruniiduk-husqvarna-lc141i\/#primaryimage\"},\"image\":{\"@id\":\"https:\/\/reginett.ee\/toode\/akuga-muruniiduk-husqvarna-lc141i\/#primaryimage\"},\"thumbnailUrl\":\"https:\/\/reginett.ee\/wp-content\/uploads\/2020\/03\/Husqvarna-LC141i.jpg\",\"datePublished\":\"2020-03-21T11:07:46+00:00\",\"dateModified\":\"2021-01-04T15:49:12+00:00\",\"breadcrumb\":{\"@id\":\"https:\/\/reginett.ee\/toode\/akuga-muruniiduk-husqvarna-lc141i\/#breadcrumb\"},\"inLanguage\":\"ru-RU\",\"potentialAction\":[{\"@type\":\"ReadAction\",\"target\":[\"https:\/\/reginett.ee\/toode\/akuga-muruniiduk-husqvarna-lc141i\/\"]}]},{\"@type\":\"ImageObject\",\"inLanguage\":\"ru-RU\",\"@id\":\"https:\/\/reginett.ee\/toode\/akuga-muruniiduk-husqvarna-lc141i\/#primaryimage\",\"url\":\"https:\/\/reginett.ee\/wp-content\/uploads\/2020\/03\/Husqvarna-LC141i.jpg\",\"contentUrl\":\"https:\/\/reginett.ee\/wp-content\/uploads\/2020\/03\/Husqvarna-LC141i.jpg\",\"width\":680,\"height\":372},{\"@type\":\"BreadcrumbList\",\"@id\":\"https:\/\/reginett.ee\/toode\/akuga-muruniiduk-husqvarna-lc141i\/#breadcrumb\",\"itemListElement\":[{\"@type\":\"ListItem\",\"position\":1,\"name\":\"Home\",\"item\":\"https:\/\/reginett.ee\/ru\/\"},{\"@type\":\"ListItem\",\"position\":2,\"name\":\"Tooted\",\"item\":\"https:\/\/reginett.ee\/tooted\/\"},{\"@type\":\"ListItem\",\"position\":3,\"name\":\"Akuga muruniiduk Husqvarna LC141i\"}]},{\"@type\":\"WebSite\",\"@id\":\"https:\/\/reginett.ee\/#website\",\"url\":\"https:\/\/reginett.ee\/\",\"name\":\"Reginett\",\"description\":\"Parimad robotniidukid\",\"potentialAction\":[{\"@type\":\"SearchAction\",\"target\":{\"@type\":\"EntryPoint\",\"urlTemplate\":\"https:\/\/reginett.ee\/?s={search_term_string}\"},\"query-input\":{\"@type\":\"PropertyValueSpecification\",\"valueRequired\":true,\"valueName\":\"search_term_string\"}}],\"inLanguage\":\"ru-RU\"}]}<\/script>\n<!-- \/ Yoast SEO plugin. -->","yoast_head_json":{"title":"Akuga muruniiduk Husqvarna LC141i - Reginett","robots":{"index":"index","follow":"follow","max-snippet":"max-snippet:-1","max-image-preview":"max-image-preview:large","max-video-preview":"max-video-preview:-1"},"canonical":"https:\/\/reginett.ee\/toode\/akuga-muruniiduk-husqvarna-lc141i\/","og_locale":"ru_RU","og_type":"article","og_title":"Akuga muruniiduk Husqvarna LC141i - Reginett","og_description":"Husqvarna LC141i on sobilik muruniiduk niitmaks v\u00e4iksemaid ja keerukamaid aedu. Kerge kaal ja kompaktne disain pakub lihtsat ja mugavat man\u00f6\u00f6verdust ka keerukates oludes. S\u00f5ltuvalt tingimustest, v\u00f5imaldab niita \u00fche laadimisega kuni 400 m2. Niidukile sobivad k\u00f5ik Husqvarna BLi akud.","og_url":"https:\/\/reginett.ee\/toode\/akuga-muruniiduk-husqvarna-lc141i\/","og_site_name":"Reginett","article_modified_time":"2021-01-04T15:49:12+00:00","og_image":[{"width":680,"height":372,"url":"https:\/\/reginett.ee\/wp-content\/uploads\/2020\/03\/Husqvarna-LC141i.jpg","type":"image\/jpeg"}],"twitter_card":"summary_large_image","twitter_misc":{"\u041f\u0440\u0438\u043c\u0435\u0440\u043d\u043e\u0435 \u0432\u0440\u0435\u043c\u044f \u0434\u043b\u044f \u0447\u0442\u0435\u043d\u0438\u044f":"1 \u043c\u0438\u043d\u0443\u0442\u0430"},"schema":{"@context":"https:\/\/schema.org","@graph":[{"@type":"WebPage","@id":"https:\/\/reginett.ee\/toode\/akuga-muruniiduk-husqvarna-lc141i\/","url":"https:\/\/reginett.ee\/toode\/akuga-muruniiduk-husqvarna-lc141i\/","name":"Akuga muruniiduk Husqvarna LC141i - Reginett","isPartOf":{"@id":"https:\/\/reginett.ee\/#website"},"primaryImageOfPage":{"@id":"https:\/\/reginett.ee\/toode\/akuga-muruniiduk-husqvarna-lc141i\/#primaryimage"},"image":{"@id":"https:\/\/reginett.ee\/toode\/akuga-muruniiduk-husqvarna-lc141i\/#primaryimage"},"thumbnailUrl":"https:\/\/reginett.ee\/wp-content\/uploads\/2020\/03\/Husqvarna-LC141i.jpg","datePublished":"2020-03-21T11:07:46+00:00","dateModified":"2021-01-04T15:49:12+00:00","breadcrumb":{"@id":"https:\/\/reginett.ee\/toode\/akuga-muruniiduk-husqvarna-lc141i\/#breadcrumb"},"inLanguage":"ru-RU","potentialAction":[{"@type":"ReadAction","target":["https:\/\/reginett.ee\/toode\/akuga-muruniiduk-husqvarna-lc141i\/"]}]},{"@type":"ImageObject","inLanguage":"ru-RU","@id":"https:\/\/reginett.ee\/toode\/akuga-muruniiduk-husqvarna-lc141i\/#primaryimage","url":"https:\/\/reginett.ee\/wp-content\/uploads\/2020\/03\/Husqvarna-LC141i.jpg","contentUrl":"https:\/\/reginett.ee\/wp-content\/uploads\/2020\/03\/Husqvarna-LC141i.jpg","width":680,"height":372},{"@type":"BreadcrumbList","@id":"https:\/\/reginett.ee\/toode\/akuga-muruniiduk-husqvarna-lc141i\/#breadcrumb","itemListElement":[{"@type":"ListItem","position":1,"name":"Home","item":"https:\/\/reginett.ee\/ru\/"},{"@type":"ListItem","position":2,"name":"Tooted","item":"https:\/\/reginett.ee\/tooted\/"},{"@type":"ListItem","position":3,"name":"Akuga muruniiduk Husqvarna LC141i"}]},{"@type":"WebSite","@id":"https:\/\/reginett.ee\/#website","url":"https:\/\/reginett.ee\/","name":"Reginett","description":"Parimad robotniidukid","potentialAction":[{"@type":"SearchAction","target":{"@type":"EntryPoint","urlTemplate":"https:\/\/reginett.ee\/?s={search_term_string}"},"query-input":{"@type":"PropertyValueSpecification","valueRequired":true,"valueName":"search_term_string"}}],"inLanguage":"ru-RU"}]}},"brands":[{"id":147,"name":"Husqvarna","slug":"husqvarna"}],"_links":{"self":[{"href":"https:\/\/reginett.ee\/ru\/wp-json\/wp\/v2\/product\/51004","targetHints":{"allow":["GET"]}}],"collection":[{"href":"https:\/\/reginett.ee\/ru\/wp-json\/wp\/v2\/product"}],"about":[{"href":"https:\/\/reginett.ee\/ru\/wp-json\/wp\/v2\/types\/product"}],"replies":[{"embeddable":true,"href":"https:\/\/reginett.ee\/ru\/wp-json\/wp\/v2\/comments?post=51004"}],"wp:featuredmedia":[{"embeddable":true,"href":"https:\/\/reginett.ee\/ru\/wp-json\/wp\/v2\/media\/52842"}],"wp:attachment":[{"href":"https:\/\/reginett.ee\/ru\/wp-json\/wp\/v2\/media?parent=51004"}],"wp:term":[{"taxonomy":"pwb-brand","embeddable":true,"href":"https:\/\/reginett.ee\/ru\/wp-json\/wp\/v2\/pwb-brand?post=51004"},{"taxonomy":"product_brand","embeddable":true,"href":"https:\/\/reginett.ee\/ru\/wp-json\/wp\/v2\/product_brand?post=51004"},{"taxonomy":"product_cat","embeddable":true,"href":"https:\/\/reginett.ee\/ru\/wp-json\/wp\/v2\/product_cat?post=51004"},{"taxonomy":"product_tag","embeddable":true,"href":"https:\/\/reginett.ee\/ru\/wp-json\/wp\/v2\/product_tag?post=51004"}],"curies":[{"name":"wp","href":"https:\/\/api.w.org\/{rel}","templated":true}]}}