{"id":50954,"date":"2020-03-20T18:28:42","date_gmt":"2020-03-20T15:28:42","guid":{"rendered":"https:\/\/reginett.ee\/?post_type=product&#038;p=50954"},"modified":"2022-05-23T12:04:51","modified_gmt":"2022-05-23T09:04:51","slug":"komplekt-husqvarna-115il-115ihd45","status":"publish","type":"product","link":"https:\/\/reginett.ee\/ru\/toode\/komplekt-husqvarna-115il-115ihd45\/","title":{"rendered":"Komplekt Husqvarna 115iL\/115iHD45"},"content":{"rendered":"<p>Akuga t\u00f6\u00f6riistakomplektis 115iL trimmer ja hekil\u00f5ikur 115iHD45. Kerge, mugav ja lihtsalt kasutatav murutrimmer muru\u00e4\u00e4rte v\u00f5i v\u00e4iksema murupinna hooldamiseks. Hekil\u00f5ikur 115iHD45 on kerge ja samuti lihtsalt kasutatav. M\u00f5lemad tooted on vaiksed ja v\u00e4ga sobilikud kasutamiseks tiheasustusega piirkonnas.<\/p>\n<p>*komplektis aku Bli10 2,0 Ah+laadija QC80<\/p>\n<p>&nbsp;<\/p>\n","protected":false},"excerpt":{"rendered":"<p>Akuga t\u00f6\u00f6riistakomplektis 115iL trimmer ja hekil\u00f5ikur 115iHD45. Kerge, mugav ja lihtsalt kasutatav murutrimmer muru\u00e4\u00e4rte v\u00f5i v\u00e4iksema murupinna hooldamiseks. Hekil\u00f5ikur 115iHD45 on kerge ja samuti lihtsalt kasutatav. M\u00f5lemad tooted on vaiksed ja v\u00e4ga sobilikud kasutamiseks tiheasustusega piirkonnas.<\/p>\n","protected":false},"featured_media":50956,"comment_status":"open","ping_status":"closed","template":"","meta":{"_acf_changed":false,"_et_pb_use_builder":"","_et_pb_old_content":"","_et_gb_content_width":"","inline_featured_image":false},"pwb-brand":[],"product_brand":[],"product_cat":[48,49,37,54],"product_tag":[87,74,86],"class_list":{"0":"post-50954","1":"product","2":"type-product","3":"status-publish","4":"has-post-thumbnail","6":"product_cat-akutooted","7":"product_cat-hekiloikurid","8":"product_cat-husqvarna","9":"product_cat-trimmerid-ja-vosaloikurid","10":"product_tag-akuhekiloikur","11":"product_tag-akutooriistad","12":"product_tag-akutrimmer","13":"product_shipping_class-rasked-asjad","15":"first","16":"instock","17":"shipping-taxable","18":"purchasable","19":"product-type-simple"},"acf":[],"yoast_head":"<!-- This site is optimized with the Yoast SEO plugin v26.6 - https:\/\/yoast.com\/wordpress\/plugins\/seo\/ -->\n<title>Komplekt Husqvarna 115iL\/115iHD45 - Reginett<\/title>\n<meta name=\"robots\" content=\"index, follow, max-snippet:-1, max-image-preview:large, max-video-preview:-1\" \/>\n<link rel=\"canonical\" href=\"https:\/\/reginett.ee\/toode\/komplekt-husqvarna-115il-115ihd45\/\" \/>\n<meta property=\"og:locale\" content=\"ru_RU\" \/>\n<meta property=\"og:type\" content=\"article\" \/>\n<meta property=\"og:title\" content=\"Komplekt Husqvarna 115iL\/115iHD45 - Reginett\" \/>\n<meta property=\"og:description\" content=\"Akuga t\u00f6\u00f6riistakomplektis 115iL trimmer ja hekil\u00f5ikur 115iHD45. Kerge, mugav ja lihtsalt kasutatav murutrimmer muru\u00e4\u00e4rte v\u00f5i v\u00e4iksema murupinna hooldamiseks. Hekil\u00f5ikur 115iHD45 on kerge ja samuti lihtsalt kasutatav. M\u00f5lemad tooted on vaiksed ja v\u00e4ga sobilikud kasutamiseks tiheasustusega piirkonnas.\" \/>\n<meta property=\"og:url\" content=\"https:\/\/reginett.ee\/toode\/komplekt-husqvarna-115il-115ihd45\/\" \/>\n<meta property=\"og:site_name\" content=\"Reginett\" \/>\n<meta property=\"article:modified_time\" content=\"2022-05-23T09:04:51+00:00\" \/>\n<meta property=\"og:image\" content=\"https:\/\/reginett.ee\/wp-content\/uploads\/2020\/03\/Husqvarna-115iL.115HD-scaled.jpg\" \/>\n\t<meta property=\"og:image:width\" content=\"2560\" \/>\n\t<meta property=\"og:image:height\" content=\"1394\" \/>\n\t<meta property=\"og:image:type\" content=\"image\/jpeg\" \/>\n<meta name=\"twitter:card\" content=\"summary_large_image\" \/>\n<script type=\"application\/ld+json\" class=\"yoast-schema-graph\">{\"@context\":\"https:\/\/schema.org\",\"@graph\":[{\"@type\":\"WebPage\",\"@id\":\"https:\/\/reginett.ee\/toode\/komplekt-husqvarna-115il-115ihd45\/\",\"url\":\"https:\/\/reginett.ee\/toode\/komplekt-husqvarna-115il-115ihd45\/\",\"name\":\"Komplekt Husqvarna 115iL\/115iHD45 - Reginett\",\"isPartOf\":{\"@id\":\"https:\/\/reginett.ee\/#website\"},\"primaryImageOfPage\":{\"@id\":\"https:\/\/reginett.ee\/toode\/komplekt-husqvarna-115il-115ihd45\/#primaryimage\"},\"image\":{\"@id\":\"https:\/\/reginett.ee\/toode\/komplekt-husqvarna-115il-115ihd45\/#primaryimage\"},\"thumbnailUrl\":\"https:\/\/reginett.ee\/wp-content\/uploads\/2020\/03\/Husqvarna-115iL.115HD-scaled.jpg\",\"datePublished\":\"2020-03-20T15:28:42+00:00\",\"dateModified\":\"2022-05-23T09:04:51+00:00\",\"breadcrumb\":{\"@id\":\"https:\/\/reginett.ee\/toode\/komplekt-husqvarna-115il-115ihd45\/#breadcrumb\"},\"inLanguage\":\"ru-RU\",\"potentialAction\":[{\"@type\":\"ReadAction\",\"target\":[\"https:\/\/reginett.ee\/toode\/komplekt-husqvarna-115il-115ihd45\/\"]}]},{\"@type\":\"ImageObject\",\"inLanguage\":\"ru-RU\",\"@id\":\"https:\/\/reginett.ee\/toode\/komplekt-husqvarna-115il-115ihd45\/#primaryimage\",\"url\":\"https:\/\/reginett.ee\/wp-content\/uploads\/2020\/03\/Husqvarna-115iL.115HD-scaled.jpg\",\"contentUrl\":\"https:\/\/reginett.ee\/wp-content\/uploads\/2020\/03\/Husqvarna-115iL.115HD-scaled.jpg\",\"width\":2560,\"height\":1394,\"caption\":\"Husqvarna komplekt\"},{\"@type\":\"BreadcrumbList\",\"@id\":\"https:\/\/reginett.ee\/toode\/komplekt-husqvarna-115il-115ihd45\/#breadcrumb\",\"itemListElement\":[{\"@type\":\"ListItem\",\"position\":1,\"name\":\"Home\",\"item\":\"https:\/\/reginett.ee\/ru\/\"},{\"@type\":\"ListItem\",\"position\":2,\"name\":\"Tooted\",\"item\":\"https:\/\/reginett.ee\/tooted\/\"},{\"@type\":\"ListItem\",\"position\":3,\"name\":\"Komplekt Husqvarna 115iL\/115iHD45\"}]},{\"@type\":\"WebSite\",\"@id\":\"https:\/\/reginett.ee\/#website\",\"url\":\"https:\/\/reginett.ee\/\",\"name\":\"Reginett\",\"description\":\"Parimad robotniidukid\",\"potentialAction\":[{\"@type\":\"SearchAction\",\"target\":{\"@type\":\"EntryPoint\",\"urlTemplate\":\"https:\/\/reginett.ee\/?s={search_term_string}\"},\"query-input\":{\"@type\":\"PropertyValueSpecification\",\"valueRequired\":true,\"valueName\":\"search_term_string\"}}],\"inLanguage\":\"ru-RU\"}]}<\/script>\n<!-- \/ Yoast SEO plugin. -->","yoast_head_json":{"title":"Komplekt Husqvarna 115iL\/115iHD45 - Reginett","robots":{"index":"index","follow":"follow","max-snippet":"max-snippet:-1","max-image-preview":"max-image-preview:large","max-video-preview":"max-video-preview:-1"},"canonical":"https:\/\/reginett.ee\/toode\/komplekt-husqvarna-115il-115ihd45\/","og_locale":"ru_RU","og_type":"article","og_title":"Komplekt Husqvarna 115iL\/115iHD45 - Reginett","og_description":"Akuga t\u00f6\u00f6riistakomplektis 115iL trimmer ja hekil\u00f5ikur 115iHD45. Kerge, mugav ja lihtsalt kasutatav murutrimmer muru\u00e4\u00e4rte v\u00f5i v\u00e4iksema murupinna hooldamiseks. Hekil\u00f5ikur 115iHD45 on kerge ja samuti lihtsalt kasutatav. M\u00f5lemad tooted on vaiksed ja v\u00e4ga sobilikud kasutamiseks tiheasustusega piirkonnas.","og_url":"https:\/\/reginett.ee\/toode\/komplekt-husqvarna-115il-115ihd45\/","og_site_name":"Reginett","article_modified_time":"2022-05-23T09:04:51+00:00","og_image":[{"width":2560,"height":1394,"url":"https:\/\/reginett.ee\/wp-content\/uploads\/2020\/03\/Husqvarna-115iL.115HD-scaled.jpg","type":"image\/jpeg"}],"twitter_card":"summary_large_image","schema":{"@context":"https:\/\/schema.org","@graph":[{"@type":"WebPage","@id":"https:\/\/reginett.ee\/toode\/komplekt-husqvarna-115il-115ihd45\/","url":"https:\/\/reginett.ee\/toode\/komplekt-husqvarna-115il-115ihd45\/","name":"Komplekt Husqvarna 115iL\/115iHD45 - Reginett","isPartOf":{"@id":"https:\/\/reginett.ee\/#website"},"primaryImageOfPage":{"@id":"https:\/\/reginett.ee\/toode\/komplekt-husqvarna-115il-115ihd45\/#primaryimage"},"image":{"@id":"https:\/\/reginett.ee\/toode\/komplekt-husqvarna-115il-115ihd45\/#primaryimage"},"thumbnailUrl":"https:\/\/reginett.ee\/wp-content\/uploads\/2020\/03\/Husqvarna-115iL.115HD-scaled.jpg","datePublished":"2020-03-20T15:28:42+00:00","dateModified":"2022-05-23T09:04:51+00:00","breadcrumb":{"@id":"https:\/\/reginett.ee\/toode\/komplekt-husqvarna-115il-115ihd45\/#breadcrumb"},"inLanguage":"ru-RU","potentialAction":[{"@type":"ReadAction","target":["https:\/\/reginett.ee\/toode\/komplekt-husqvarna-115il-115ihd45\/"]}]},{"@type":"ImageObject","inLanguage":"ru-RU","@id":"https:\/\/reginett.ee\/toode\/komplekt-husqvarna-115il-115ihd45\/#primaryimage","url":"https:\/\/reginett.ee\/wp-content\/uploads\/2020\/03\/Husqvarna-115iL.115HD-scaled.jpg","contentUrl":"https:\/\/reginett.ee\/wp-content\/uploads\/2020\/03\/Husqvarna-115iL.115HD-scaled.jpg","width":2560,"height":1394,"caption":"Husqvarna komplekt"},{"@type":"BreadcrumbList","@id":"https:\/\/reginett.ee\/toode\/komplekt-husqvarna-115il-115ihd45\/#breadcrumb","itemListElement":[{"@type":"ListItem","position":1,"name":"Home","item":"https:\/\/reginett.ee\/ru\/"},{"@type":"ListItem","position":2,"name":"Tooted","item":"https:\/\/reginett.ee\/tooted\/"},{"@type":"ListItem","position":3,"name":"Komplekt Husqvarna 115iL\/115iHD45"}]},{"@type":"WebSite","@id":"https:\/\/reginett.ee\/#website","url":"https:\/\/reginett.ee\/","name":"Reginett","description":"Parimad robotniidukid","potentialAction":[{"@type":"SearchAction","target":{"@type":"EntryPoint","urlTemplate":"https:\/\/reginett.ee\/?s={search_term_string}"},"query-input":{"@type":"PropertyValueSpecification","valueRequired":true,"valueName":"search_term_string"}}],"inLanguage":"ru-RU"}]}},"brands":[],"_links":{"self":[{"href":"https:\/\/reginett.ee\/ru\/wp-json\/wp\/v2\/product\/50954","targetHints":{"allow":["GET"]}}],"collection":[{"href":"https:\/\/reginett.ee\/ru\/wp-json\/wp\/v2\/product"}],"about":[{"href":"https:\/\/reginett.ee\/ru\/wp-json\/wp\/v2\/types\/product"}],"replies":[{"embeddable":true,"href":"https:\/\/reginett.ee\/ru\/wp-json\/wp\/v2\/comments?post=50954"}],"wp:featuredmedia":[{"embeddable":true,"href":"https:\/\/reginett.ee\/ru\/wp-json\/wp\/v2\/media\/50956"}],"wp:attachment":[{"href":"https:\/\/reginett.ee\/ru\/wp-json\/wp\/v2\/media?parent=50954"}],"wp:term":[{"taxonomy":"pwb-brand","embeddable":true,"href":"https:\/\/reginett.ee\/ru\/wp-json\/wp\/v2\/pwb-brand?post=50954"},{"taxonomy":"product_brand","embeddable":true,"href":"https:\/\/reginett.ee\/ru\/wp-json\/wp\/v2\/product_brand?post=50954"},{"taxonomy":"product_cat","embeddable":true,"href":"https:\/\/reginett.ee\/ru\/wp-json\/wp\/v2\/product_cat?post=50954"},{"taxonomy":"product_tag","embeddable":true,"href":"https:\/\/reginett.ee\/ru\/wp-json\/wp\/v2\/product_tag?post=50954"}],"curies":[{"name":"wp","href":"https:\/\/api.w.org\/{rel}","templated":true}]}}