{"id":50949,"date":"2020-07-02T18:15:16","date_gmt":"2020-07-02T15:15:16","guid":{"rendered":"https:\/\/reginett.ee\/?post_type=product&#038;p=50949"},"modified":"2022-08-16T19:13:57","modified_gmt":"2022-08-16T16:13:57","slug":"akuga-trimmer-husqvarna-315ic","status":"publish","type":"product","link":"https:\/\/reginett.ee\/ru\/toode\/akuga-trimmer-husqvarna-315ic\/","title":{"rendered":"Akuga trimmer Husqvarna 315iC"},"content":{"rendered":"<p>[et_pb_section fb_built=&#187;1&#8243; _builder_version=&#187;3.22&#8243; custom_padding=&#187;0px||||false|false&#187; da_disable_devices=&#187;off|off|off&#187; global_colors_info=&#187;{}&#187; da_is_popup=&#187;off&#187; da_exit_intent=&#187;off&#187; da_has_close=&#187;on&#187; da_alt_close=&#187;off&#187; da_dark_close=&#187;off&#187; da_not_modal=&#187;on&#187; da_is_singular=&#187;off&#187; da_with_loader=&#187;off&#187; da_has_shadow=&#187;on&#187;][et_pb_row _builder_version=&#187;3.25&#8243; background_size=&#187;initial&#187; background_position=&#187;top_left&#187; background_repeat=&#187;repeat&#187; width=&#187;100%&#187; custom_padding=&#187;0px||0px||false|false&#187; global_colors_info=&#187;{}&#187;][et_pb_column type=&#187;4_4&#8243; _builder_version=&#187;3.25&#8243; custom_padding=&#187;|||&#187; global_colors_info=&#187;{}&#187; custom_padding__hover=&#187;|||&#187;][et_pb_wc_breadcrumb _builder_version=&#187;3.0.47&#8243; global_colors_info=&#187;{}&#187;][\/et_pb_wc_breadcrumb][et_pb_wc_cart_notice global_colors_info=&#187;{}&#187;][\/et_pb_wc_cart_notice][\/et_pb_column][\/et_pb_row][et_pb_row column_structure=&#187;1_2,1_2&#8243; _builder_version=&#187;3.25&#8243; background_size=&#187;initial&#187; background_position=&#187;top_left&#187; background_repeat=&#187;repeat&#187; width=&#187;100%&#187; custom_padding=&#187;0px||||false|false&#187; global_colors_info=&#187;{}&#187;][et_pb_column type=&#187;1_2&#8243; _builder_version=&#187;3.25&#8243; custom_padding=&#187;|||&#187; global_colors_info=&#187;{}&#187; custom_padding__hover=&#187;|||&#187;][et_pb_wc_images _builder_version=&#187;3.0.47&#8243; global_colors_info=&#187;{}&#187;][\/et_pb_wc_images][\/et_pb_column][et_pb_column type=&#187;1_2&#8243; _builder_version=&#187;3.25&#8243; custom_padding=&#187;|||&#187; global_colors_info=&#187;{}&#187; custom_padding__hover=&#187;|||&#187;][et_pb_wc_title _builder_version=&#187;3.0.47&#8243; global_colors_info=&#187;{}&#187;][\/et_pb_wc_title][et_pb_wc_rating _builder_version=&#187;3.0.47&#8243; global_colors_info=&#187;{}&#187;][\/et_pb_wc_rating][et_pb_wc_price _builder_version=&#187;3.0.47&#8243; global_colors_info=&#187;{}&#187;][\/et_pb_wc_price][et_pb_wc_description _builder_version=&#187;3.0.47&#8243; global_colors_info=&#187;{}&#187;][\/et_pb_wc_description][et_pb_wc_add_to_cart global_colors_info=&#187;{}&#187;][\/et_pb_wc_add_to_cart][et_pb_wc_meta _builder_version=&#187;3.0.47&#8243; global_colors_info=&#187;{}&#187;][\/et_pb_wc_meta][\/et_pb_column][\/et_pb_row][et_pb_row _builder_version=&#187;3.25&#8243; background_size=&#187;initial&#187; background_position=&#187;top_left&#187; background_repeat=&#187;repeat&#187; width=&#187;100%&#187; global_colors_info=&#187;{}&#187;][et_pb_column type=&#187;4_4&#8243; _builder_version=&#187;3.25&#8243; custom_padding=&#187;|||&#187; global_colors_info=&#187;{}&#187; custom_padding__hover=&#187;|||&#187;][et_pb_wc_tabs _builder_version=&#187;3.0.47&#8243; global_colors_info=&#187;{}&#187;] [\/et_pb_wc_tabs][et_pb_wc_upsells _builder_version=&#187;3.0.47&#8243; global_colors_info=&#187;{}&#187;][\/et_pb_wc_upsells][et_pb_wc_related_products _builder_version=&#187;3.0.47&#8243; global_colors_info=&#187;{}&#187;][\/et_pb_wc_related_products][\/et_pb_column][\/et_pb_row][\/et_pb_section]<\/p>\n","protected":false},"excerpt":{"rendered":"<p>Husqvarna 315iC on vaikne, kerge, h\u00e4sti tasakaalustatud ja \u00e4\u00e4rmiselt lihtsalt kasutatav trimmer n\u00f5udlikule kasutajale. Suurep\u00e4rane ergonoomika, tasakaalustatus ja suur t\u00f6\u00f6j\u00f5udlus.<\/p>\n<p>Aku ja laadija ei kuulu komplekti!<\/p>\n","protected":false},"featured_media":52786,"comment_status":"open","ping_status":"closed","template":"","meta":{"_acf_changed":false,"_et_pb_use_builder":"on","_et_pb_old_content":"Husqvarna 315iC on vaikne, kerge, h\u00e4sti tasakaalustatud ja \u00e4\u00e4rmiselt lihtsalt kasutatav trimmer n\u00f5udlikule kasutajale. Suurep\u00e4rane ergonoomika, tasakaalustatus ja suur t\u00f6\u00f6j\u00f5udlus.\r\n\r\n*aku ja laadija ei sisaldu hinnas\r\n<h3>V\u00e4hene hooldusvajadus<\/h3>\r\nK\u00fctust ei ole vaja lisada, hooldatavaid varuosi on v\u00e4hem ning elektrooniliselt juhitav ajamis\u00fcsteem t\u00e4hendab l\u00fchemat seisuaega ja madalamaid k\u00e4ituskulusid.\r\n<h3>Intuitiivne juhtpaneel<\/h3>\r\nJuhtpaneeli on v\u00e4ga lihtne kasutada.\r\n<h3>Maksimaalne t\u00f6\u00f6aeg<\/h3>\r\nValige normaalne v\u00f5i savE\u2122 re\u017eiim, s\u00f5ltuval tingimustest, maksimaalsest v\u00f5imsusest ja maksimaalsest t\u00f6\u00f6ajast. M\u00f5lemal juhul saate alati t\u00e4iusliku tulemuse.","_et_gb_content_width":"","inline_featured_image":false},"pwb-brand":[],"product_brand":[],"product_cat":[48,37,54],"product_tag":[73,74,86],"class_list":{"0":"post-50949","1":"product","2":"type-product","3":"status-publish","4":"has-post-thumbnail","6":"product_cat-akutooted","7":"product_cat-husqvarna","8":"product_cat-trimmerid-ja-vosaloikurid","9":"product_tag-aku","10":"product_tag-akutooriistad","11":"product_tag-akutrimmer","12":"product_shipping_class-rasked-asjad","14":"first","15":"outofstock","16":"shipping-taxable","17":"purchasable","18":"product-type-simple"},"acf":[],"yoast_head":"<!-- This site is optimized with the Yoast SEO plugin v26.6 - https:\/\/yoast.com\/wordpress\/plugins\/seo\/ -->\n<title>Akutrimmer Husqvarna 315IC. V\u00f5imekad Husqvarna akumasinad Reginett<\/title>\n<meta name=\"robots\" content=\"index, follow, max-snippet:-1, max-image-preview:large, max-video-preview:-1\" \/>\n<link rel=\"canonical\" href=\"https:\/\/reginett.ee\/toode\/akuga-trimmer-husqvarna-315ic\/\" \/>\n<meta property=\"og:locale\" content=\"ru_RU\" \/>\n<meta property=\"og:type\" content=\"article\" \/>\n<meta property=\"og:title\" content=\"Akutrimmer Husqvarna 315IC. V\u00f5imekad Husqvarna akumasinad Reginett\" \/>\n<meta property=\"og:description\" content=\"Husqvarna 315iC on vaikne, kerge, h\u00e4sti tasakaalustatud ja \u00e4\u00e4rmiselt lihtsalt kasutatav trimmer n\u00f5udlikule kasutajale. Suurep\u00e4rane ergonoomika, tasakaalustatus ja suur t\u00f6\u00f6j\u00f5udlus.  Aku ja laadija ei kuulu komplekti!\" \/>\n<meta property=\"og:url\" content=\"https:\/\/reginett.ee\/toode\/akuga-trimmer-husqvarna-315ic\/\" \/>\n<meta property=\"og:site_name\" content=\"Reginett\" \/>\n<meta property=\"article:modified_time\" content=\"2022-08-16T16:13:57+00:00\" \/>\n<meta property=\"og:image\" content=\"https:\/\/reginett.ee\/wp-content\/uploads\/2020\/03\/Husqvarna-315iC.jpg\" \/>\n\t<meta property=\"og:image:width\" content=\"680\" \/>\n\t<meta property=\"og:image:height\" content=\"372\" \/>\n\t<meta property=\"og:image:type\" content=\"image\/jpeg\" \/>\n<meta name=\"twitter:card\" content=\"summary_large_image\" \/>\n<meta name=\"twitter:label1\" content=\"\u041f\u0440\u0438\u043c\u0435\u0440\u043d\u043e\u0435 \u0432\u0440\u0435\u043c\u044f \u0434\u043b\u044f \u0447\u0442\u0435\u043d\u0438\u044f\" \/>\n\t<meta name=\"twitter:data1\" content=\"2 \u043c\u0438\u043d\u0443\u0442\u044b\" \/>\n<script type=\"application\/ld+json\" class=\"yoast-schema-graph\">{\"@context\":\"https:\/\/schema.org\",\"@graph\":[{\"@type\":\"WebPage\",\"@id\":\"https:\/\/reginett.ee\/toode\/akuga-trimmer-husqvarna-315ic\/\",\"url\":\"https:\/\/reginett.ee\/toode\/akuga-trimmer-husqvarna-315ic\/\",\"name\":\"Akutrimmer Husqvarna 315IC. V\u00f5imekad Husqvarna akumasinad Reginett\",\"isPartOf\":{\"@id\":\"https:\/\/reginett.ee\/#website\"},\"primaryImageOfPage\":{\"@id\":\"https:\/\/reginett.ee\/toode\/akuga-trimmer-husqvarna-315ic\/#primaryimage\"},\"image\":{\"@id\":\"https:\/\/reginett.ee\/toode\/akuga-trimmer-husqvarna-315ic\/#primaryimage\"},\"thumbnailUrl\":\"https:\/\/reginett.ee\/wp-content\/uploads\/2020\/03\/Husqvarna-315iC.jpg\",\"datePublished\":\"2020-07-02T15:15:16+00:00\",\"dateModified\":\"2022-08-16T16:13:57+00:00\",\"breadcrumb\":{\"@id\":\"https:\/\/reginett.ee\/toode\/akuga-trimmer-husqvarna-315ic\/#breadcrumb\"},\"inLanguage\":\"ru-RU\",\"potentialAction\":[{\"@type\":\"ReadAction\",\"target\":[\"https:\/\/reginett.ee\/toode\/akuga-trimmer-husqvarna-315ic\/\"]}]},{\"@type\":\"ImageObject\",\"inLanguage\":\"ru-RU\",\"@id\":\"https:\/\/reginett.ee\/toode\/akuga-trimmer-husqvarna-315ic\/#primaryimage\",\"url\":\"https:\/\/reginett.ee\/wp-content\/uploads\/2020\/03\/Husqvarna-315iC.jpg\",\"contentUrl\":\"https:\/\/reginett.ee\/wp-content\/uploads\/2020\/03\/Husqvarna-315iC.jpg\",\"width\":680,\"height\":372,\"caption\":\"Husqvarna 315iC\"},{\"@type\":\"BreadcrumbList\",\"@id\":\"https:\/\/reginett.ee\/toode\/akuga-trimmer-husqvarna-315ic\/#breadcrumb\",\"itemListElement\":[{\"@type\":\"ListItem\",\"position\":1,\"name\":\"Home\",\"item\":\"https:\/\/reginett.ee\/ru\/\"},{\"@type\":\"ListItem\",\"position\":2,\"name\":\"Tooted\",\"item\":\"https:\/\/reginett.ee\/tooted\/\"},{\"@type\":\"ListItem\",\"position\":3,\"name\":\"Akuga trimmer Husqvarna 315iC\"}]},{\"@type\":\"WebSite\",\"@id\":\"https:\/\/reginett.ee\/#website\",\"url\":\"https:\/\/reginett.ee\/\",\"name\":\"Reginett\",\"description\":\"Parimad robotniidukid\",\"potentialAction\":[{\"@type\":\"SearchAction\",\"target\":{\"@type\":\"EntryPoint\",\"urlTemplate\":\"https:\/\/reginett.ee\/?s={search_term_string}\"},\"query-input\":{\"@type\":\"PropertyValueSpecification\",\"valueRequired\":true,\"valueName\":\"search_term_string\"}}],\"inLanguage\":\"ru-RU\"}]}<\/script>\n<!-- \/ Yoast SEO plugin. -->","yoast_head_json":{"title":"Akutrimmer Husqvarna 315IC. V\u00f5imekad Husqvarna akumasinad Reginett","robots":{"index":"index","follow":"follow","max-snippet":"max-snippet:-1","max-image-preview":"max-image-preview:large","max-video-preview":"max-video-preview:-1"},"canonical":"https:\/\/reginett.ee\/toode\/akuga-trimmer-husqvarna-315ic\/","og_locale":"ru_RU","og_type":"article","og_title":"Akutrimmer Husqvarna 315IC. V\u00f5imekad Husqvarna akumasinad Reginett","og_description":"Husqvarna 315iC on vaikne, kerge, h\u00e4sti tasakaalustatud ja \u00e4\u00e4rmiselt lihtsalt kasutatav trimmer n\u00f5udlikule kasutajale. Suurep\u00e4rane ergonoomika, tasakaalustatus ja suur t\u00f6\u00f6j\u00f5udlus.  Aku ja laadija ei kuulu komplekti!","og_url":"https:\/\/reginett.ee\/toode\/akuga-trimmer-husqvarna-315ic\/","og_site_name":"Reginett","article_modified_time":"2022-08-16T16:13:57+00:00","og_image":[{"width":680,"height":372,"url":"https:\/\/reginett.ee\/wp-content\/uploads\/2020\/03\/Husqvarna-315iC.jpg","type":"image\/jpeg"}],"twitter_card":"summary_large_image","twitter_misc":{"\u041f\u0440\u0438\u043c\u0435\u0440\u043d\u043e\u0435 \u0432\u0440\u0435\u043c\u044f \u0434\u043b\u044f \u0447\u0442\u0435\u043d\u0438\u044f":"2 \u043c\u0438\u043d\u0443\u0442\u044b"},"schema":{"@context":"https:\/\/schema.org","@graph":[{"@type":"WebPage","@id":"https:\/\/reginett.ee\/toode\/akuga-trimmer-husqvarna-315ic\/","url":"https:\/\/reginett.ee\/toode\/akuga-trimmer-husqvarna-315ic\/","name":"Akutrimmer Husqvarna 315IC. V\u00f5imekad Husqvarna akumasinad Reginett","isPartOf":{"@id":"https:\/\/reginett.ee\/#website"},"primaryImageOfPage":{"@id":"https:\/\/reginett.ee\/toode\/akuga-trimmer-husqvarna-315ic\/#primaryimage"},"image":{"@id":"https:\/\/reginett.ee\/toode\/akuga-trimmer-husqvarna-315ic\/#primaryimage"},"thumbnailUrl":"https:\/\/reginett.ee\/wp-content\/uploads\/2020\/03\/Husqvarna-315iC.jpg","datePublished":"2020-07-02T15:15:16+00:00","dateModified":"2022-08-16T16:13:57+00:00","breadcrumb":{"@id":"https:\/\/reginett.ee\/toode\/akuga-trimmer-husqvarna-315ic\/#breadcrumb"},"inLanguage":"ru-RU","potentialAction":[{"@type":"ReadAction","target":["https:\/\/reginett.ee\/toode\/akuga-trimmer-husqvarna-315ic\/"]}]},{"@type":"ImageObject","inLanguage":"ru-RU","@id":"https:\/\/reginett.ee\/toode\/akuga-trimmer-husqvarna-315ic\/#primaryimage","url":"https:\/\/reginett.ee\/wp-content\/uploads\/2020\/03\/Husqvarna-315iC.jpg","contentUrl":"https:\/\/reginett.ee\/wp-content\/uploads\/2020\/03\/Husqvarna-315iC.jpg","width":680,"height":372,"caption":"Husqvarna 315iC"},{"@type":"BreadcrumbList","@id":"https:\/\/reginett.ee\/toode\/akuga-trimmer-husqvarna-315ic\/#breadcrumb","itemListElement":[{"@type":"ListItem","position":1,"name":"Home","item":"https:\/\/reginett.ee\/ru\/"},{"@type":"ListItem","position":2,"name":"Tooted","item":"https:\/\/reginett.ee\/tooted\/"},{"@type":"ListItem","position":3,"name":"Akuga trimmer Husqvarna 315iC"}]},{"@type":"WebSite","@id":"https:\/\/reginett.ee\/#website","url":"https:\/\/reginett.ee\/","name":"Reginett","description":"Parimad robotniidukid","potentialAction":[{"@type":"SearchAction","target":{"@type":"EntryPoint","urlTemplate":"https:\/\/reginett.ee\/?s={search_term_string}"},"query-input":{"@type":"PropertyValueSpecification","valueRequired":true,"valueName":"search_term_string"}}],"inLanguage":"ru-RU"}]}},"brands":[],"_links":{"self":[{"href":"https:\/\/reginett.ee\/ru\/wp-json\/wp\/v2\/product\/50949","targetHints":{"allow":["GET"]}}],"collection":[{"href":"https:\/\/reginett.ee\/ru\/wp-json\/wp\/v2\/product"}],"about":[{"href":"https:\/\/reginett.ee\/ru\/wp-json\/wp\/v2\/types\/product"}],"replies":[{"embeddable":true,"href":"https:\/\/reginett.ee\/ru\/wp-json\/wp\/v2\/comments?post=50949"}],"wp:featuredmedia":[{"embeddable":true,"href":"https:\/\/reginett.ee\/ru\/wp-json\/wp\/v2\/media\/52786"}],"wp:attachment":[{"href":"https:\/\/reginett.ee\/ru\/wp-json\/wp\/v2\/media?parent=50949"}],"wp:term":[{"taxonomy":"pwb-brand","embeddable":true,"href":"https:\/\/reginett.ee\/ru\/wp-json\/wp\/v2\/pwb-brand?post=50949"},{"taxonomy":"product_brand","embeddable":true,"href":"https:\/\/reginett.ee\/ru\/wp-json\/wp\/v2\/product_brand?post=50949"},{"taxonomy":"product_cat","embeddable":true,"href":"https:\/\/reginett.ee\/ru\/wp-json\/wp\/v2\/product_cat?post=50949"},{"taxonomy":"product_tag","embeddable":true,"href":"https:\/\/reginett.ee\/ru\/wp-json\/wp\/v2\/product_tag?post=50949"}],"curies":[{"name":"wp","href":"https:\/\/api.w.org\/{rel}","templated":true}]}}