{"id":50940,"date":"2025-12-16T16:42:51","date_gmt":"2025-12-16T13:42:51","guid":{"rendered":"https:\/\/reginett.ee\/?post_type=product&#038;p=50940"},"modified":"2026-01-08T12:25:20","modified_gmt":"2026-01-08T09:25:20","slug":"akuga-vosaloikur-husqvarna-535ifr","status":"publish","type":"product","link":"https:\/\/reginett.ee\/ru\/toode\/akuga-vosaloikur-husqvarna-535ifr\/","title":{"rendered":"Akuga v\u00f5sal\u00f5ikur Husqvarna 535iFR"},"content":{"rendered":"<p>Husqvarna 535iFR on v\u00f5imas akutoitel v\u00f5sal\u00f5ikur professionaalseks kasutamiseks. Kergekaaluline ja h\u00e4stitasakaalustatud v\u00f5sal\u00f5ikur pakub 35 cm3 bensiinomootoriga v\u00f5sal\u00f5ikuriga samav\u00e4\u00e4rset j\u00f5udlust. Husqvarna E-TORQ mootor ja 45 cm l\u00f5ikelaius. Integreeritud \u00fchenduvus v\u00f5imaldab toote siduda Husqvarna Fleet Services\u2122 rakendusega, l\u00e4bi mille on v\u00f5imalik saada \u00fclevaade masina kasutamisest, asukohast, hooldusajast jne. Komplektis trimmipea, rohu- ja v\u00f5satera.<\/p>\n<p>*aku ja laadija ei sisaldu komplektis<\/p>\n<h3>Muudetav t\u00f6\u00f6kiirus<\/h3>\n<p>Akutrimmeri trimmipea p\u00f6\u00f6rlemiskiirust on vastavalt oludele v\u00f5imalik muuta<\/p>\n<h3>Lihtne s\u00f5rmistik<\/h3>\n<p>S\u00f5rmistikku on lihtne ja mugav kasutada ja see v\u00f5imaldab ka aku laetuse taset j\u00e4lgida<\/p>\n<h3>Tap &#8216;n Go<\/h3>\n<p>Kahe j\u00f5hviga, kiirelt laetav ja vastupidav Tap &#8216;n Go trimmipea.<\/p>\n<h3>E-TORQ mootor<\/h3>\n<p>Husqvarna poolt arendatud harjavaba E-TORQ on hooldusvaba ning tagab v\u00f5sal\u00f5ikurile pika eluea.<\/p>\n<h3>Ilmastikukindel<\/h3>\n<p>T\u00e4nu IPX4 klassifikatsioonile on masinat v\u00f5imalik kasutada aastaringselt, iga ilmaga.<\/p>\n<h3>Optimaalse pikkusega v\u00f5ll ja reduktor<\/h3>\n<p>Optimaalne v\u00f5lli pikkus ja 35 kraadine reduktori nurk v\u00f5imaldavad teha l\u00f5ikeid paralleelselt maapinnaga.<\/p>\n<h3>Reguleeritavad k\u00e4epidemed<\/h3>\n<p>Husqvarna 535iFR masinal on reguleeritavad ja ergonoomilised k\u00e4epidemed.<\/p>\n<p>&nbsp;<\/p>\n","protected":false},"excerpt":{"rendered":"<p>Husqvarna 535iFR on v\u00f5imas akutoitel v\u00f5sal\u00f5ikur professionaalseks kasutamiseks. Kergekaaluline ja h\u00e4stitasakaalustatud v\u00f5sal\u00f5ikur pakub 35 cm3 bensiinomootoriga v\u00f5sal\u00f5ikuriga samav\u00e4\u00e4rset j\u00f5udlust. Husqvarna E-TORQ mootor ja 45 cm l\u00f5ikelaius.<\/p>\n","protected":false},"featured_media":52787,"comment_status":"open","ping_status":"closed","template":"","meta":{"_acf_changed":false,"_et_pb_use_builder":"","_et_pb_old_content":"","_et_gb_content_width":"","inline_featured_image":false},"pwb-brand":[],"product_brand":[],"product_cat":[48,37,54],"product_tag":[85,74],"class_list":{"0":"post-50940","1":"product","2":"type-product","3":"status-publish","4":"has-post-thumbnail","6":"product_cat-akutooted","7":"product_cat-husqvarna","8":"product_cat-trimmerid-ja-vosaloikurid","9":"product_tag-akurohuloikur","10":"product_tag-akutooriistad","11":"product_shipping_class-soodsam-kuller-15-eur","13":"first","14":"instock","15":"sale","16":"shipping-taxable","17":"purchasable","18":"product-type-simple"},"acf":[],"yoast_head":"<!-- This site is optimized with the Yoast SEO plugin v26.6 - https:\/\/yoast.com\/wordpress\/plugins\/seo\/ -->\n<title>Akuga v\u00f5sal\u00f5ikur Husqvarna 535IFR. PArimad akumasinad Reginetist<\/title>\n<meta name=\"description\" content=\"Husqvarna 535iFR on v\u00f5imas akutoitel v\u00f5sal\u00f5ikur professionaalseks kasutamiseks. Kergekaaluline ja h\u00e4stitasakaalustatud v\u00f5sal\u00f5ikur pakub\" \/>\n<meta name=\"robots\" content=\"index, follow, max-snippet:-1, max-image-preview:large, max-video-preview:-1\" \/>\n<link rel=\"canonical\" href=\"https:\/\/reginett.ee\/toode\/akuga-vosaloikur-husqvarna-535ifr\/\" \/>\n<meta property=\"og:locale\" content=\"ru_RU\" \/>\n<meta property=\"og:type\" content=\"article\" \/>\n<meta property=\"og:title\" content=\"Akuga v\u00f5sal\u00f5ikur Husqvarna 535IFR. PArimad akumasinad Reginetist\" \/>\n<meta property=\"og:description\" content=\"Husqvarna 535iFR on v\u00f5imas akutoitel v\u00f5sal\u00f5ikur professionaalseks kasutamiseks. Kergekaaluline ja h\u00e4stitasakaalustatud v\u00f5sal\u00f5ikur pakub\" \/>\n<meta property=\"og:url\" content=\"https:\/\/reginett.ee\/toode\/akuga-vosaloikur-husqvarna-535ifr\/\" \/>\n<meta property=\"og:site_name\" content=\"Reginett\" \/>\n<meta property=\"article:modified_time\" content=\"2026-01-08T09:25:20+00:00\" \/>\n<meta property=\"og:image\" content=\"https:\/\/reginett.ee\/wp-content\/uploads\/2020\/03\/Husqvarna-535iFR.jpg\" \/>\n\t<meta property=\"og:image:width\" content=\"680\" \/>\n\t<meta property=\"og:image:height\" content=\"372\" \/>\n\t<meta property=\"og:image:type\" content=\"image\/jpeg\" \/>\n<meta name=\"twitter:card\" content=\"summary_large_image\" \/>\n<meta name=\"twitter:label1\" content=\"\u041f\u0440\u0438\u043c\u0435\u0440\u043d\u043e\u0435 \u0432\u0440\u0435\u043c\u044f \u0434\u043b\u044f \u0447\u0442\u0435\u043d\u0438\u044f\" \/>\n\t<meta name=\"twitter:data1\" content=\"1 \u043c\u0438\u043d\u0443\u0442\u0430\" \/>\n<script type=\"application\/ld+json\" class=\"yoast-schema-graph\">{\"@context\":\"https:\/\/schema.org\",\"@graph\":[{\"@type\":\"WebPage\",\"@id\":\"https:\/\/reginett.ee\/toode\/akuga-vosaloikur-husqvarna-535ifr\/\",\"url\":\"https:\/\/reginett.ee\/toode\/akuga-vosaloikur-husqvarna-535ifr\/\",\"name\":\"Akuga v\u00f5sal\u00f5ikur Husqvarna 535IFR. PArimad akumasinad Reginetist\",\"isPartOf\":{\"@id\":\"https:\/\/reginett.ee\/#website\"},\"primaryImageOfPage\":{\"@id\":\"https:\/\/reginett.ee\/toode\/akuga-vosaloikur-husqvarna-535ifr\/#primaryimage\"},\"image\":{\"@id\":\"https:\/\/reginett.ee\/toode\/akuga-vosaloikur-husqvarna-535ifr\/#primaryimage\"},\"thumbnailUrl\":\"https:\/\/reginett.ee\/wp-content\/uploads\/2020\/03\/Husqvarna-535iFR.jpg\",\"datePublished\":\"2025-12-16T13:42:51+00:00\",\"dateModified\":\"2026-01-08T09:25:20+00:00\",\"description\":\"Husqvarna 535iFR on v\u00f5imas akutoitel v\u00f5sal\u00f5ikur professionaalseks kasutamiseks. Kergekaaluline ja h\u00e4stitasakaalustatud v\u00f5sal\u00f5ikur pakub\",\"breadcrumb\":{\"@id\":\"https:\/\/reginett.ee\/toode\/akuga-vosaloikur-husqvarna-535ifr\/#breadcrumb\"},\"inLanguage\":\"ru-RU\",\"potentialAction\":[{\"@type\":\"ReadAction\",\"target\":[\"https:\/\/reginett.ee\/toode\/akuga-vosaloikur-husqvarna-535ifr\/\"]}]},{\"@type\":\"ImageObject\",\"inLanguage\":\"ru-RU\",\"@id\":\"https:\/\/reginett.ee\/toode\/akuga-vosaloikur-husqvarna-535ifr\/#primaryimage\",\"url\":\"https:\/\/reginett.ee\/wp-content\/uploads\/2020\/03\/Husqvarna-535iFR.jpg\",\"contentUrl\":\"https:\/\/reginett.ee\/wp-content\/uploads\/2020\/03\/Husqvarna-535iFR.jpg\",\"width\":680,\"height\":372,\"caption\":\"Husqvarna 535iFR\"},{\"@type\":\"BreadcrumbList\",\"@id\":\"https:\/\/reginett.ee\/toode\/akuga-vosaloikur-husqvarna-535ifr\/#breadcrumb\",\"itemListElement\":[{\"@type\":\"ListItem\",\"position\":1,\"name\":\"Home\",\"item\":\"https:\/\/reginett.ee\/ru\/\"},{\"@type\":\"ListItem\",\"position\":2,\"name\":\"Tooted\",\"item\":\"https:\/\/reginett.ee\/tooted\/\"},{\"@type\":\"ListItem\",\"position\":3,\"name\":\"Akuga v\u00f5sal\u00f5ikur Husqvarna 535iFR\"}]},{\"@type\":\"WebSite\",\"@id\":\"https:\/\/reginett.ee\/#website\",\"url\":\"https:\/\/reginett.ee\/\",\"name\":\"Reginett\",\"description\":\"Parimad robotniidukid\",\"potentialAction\":[{\"@type\":\"SearchAction\",\"target\":{\"@type\":\"EntryPoint\",\"urlTemplate\":\"https:\/\/reginett.ee\/?s={search_term_string}\"},\"query-input\":{\"@type\":\"PropertyValueSpecification\",\"valueRequired\":true,\"valueName\":\"search_term_string\"}}],\"inLanguage\":\"ru-RU\"}]}<\/script>\n<!-- \/ Yoast SEO plugin. -->","yoast_head_json":{"title":"Akuga v\u00f5sal\u00f5ikur Husqvarna 535IFR. PArimad akumasinad Reginetist","description":"Husqvarna 535iFR on v\u00f5imas akutoitel v\u00f5sal\u00f5ikur professionaalseks kasutamiseks. Kergekaaluline ja h\u00e4stitasakaalustatud v\u00f5sal\u00f5ikur pakub","robots":{"index":"index","follow":"follow","max-snippet":"max-snippet:-1","max-image-preview":"max-image-preview:large","max-video-preview":"max-video-preview:-1"},"canonical":"https:\/\/reginett.ee\/toode\/akuga-vosaloikur-husqvarna-535ifr\/","og_locale":"ru_RU","og_type":"article","og_title":"Akuga v\u00f5sal\u00f5ikur Husqvarna 535IFR. PArimad akumasinad Reginetist","og_description":"Husqvarna 535iFR on v\u00f5imas akutoitel v\u00f5sal\u00f5ikur professionaalseks kasutamiseks. Kergekaaluline ja h\u00e4stitasakaalustatud v\u00f5sal\u00f5ikur pakub","og_url":"https:\/\/reginett.ee\/toode\/akuga-vosaloikur-husqvarna-535ifr\/","og_site_name":"Reginett","article_modified_time":"2026-01-08T09:25:20+00:00","og_image":[{"width":680,"height":372,"url":"https:\/\/reginett.ee\/wp-content\/uploads\/2020\/03\/Husqvarna-535iFR.jpg","type":"image\/jpeg"}],"twitter_card":"summary_large_image","twitter_misc":{"\u041f\u0440\u0438\u043c\u0435\u0440\u043d\u043e\u0435 \u0432\u0440\u0435\u043c\u044f \u0434\u043b\u044f \u0447\u0442\u0435\u043d\u0438\u044f":"1 \u043c\u0438\u043d\u0443\u0442\u0430"},"schema":{"@context":"https:\/\/schema.org","@graph":[{"@type":"WebPage","@id":"https:\/\/reginett.ee\/toode\/akuga-vosaloikur-husqvarna-535ifr\/","url":"https:\/\/reginett.ee\/toode\/akuga-vosaloikur-husqvarna-535ifr\/","name":"Akuga v\u00f5sal\u00f5ikur Husqvarna 535IFR. PArimad akumasinad Reginetist","isPartOf":{"@id":"https:\/\/reginett.ee\/#website"},"primaryImageOfPage":{"@id":"https:\/\/reginett.ee\/toode\/akuga-vosaloikur-husqvarna-535ifr\/#primaryimage"},"image":{"@id":"https:\/\/reginett.ee\/toode\/akuga-vosaloikur-husqvarna-535ifr\/#primaryimage"},"thumbnailUrl":"https:\/\/reginett.ee\/wp-content\/uploads\/2020\/03\/Husqvarna-535iFR.jpg","datePublished":"2025-12-16T13:42:51+00:00","dateModified":"2026-01-08T09:25:20+00:00","description":"Husqvarna 535iFR on v\u00f5imas akutoitel v\u00f5sal\u00f5ikur professionaalseks kasutamiseks. Kergekaaluline ja h\u00e4stitasakaalustatud v\u00f5sal\u00f5ikur pakub","breadcrumb":{"@id":"https:\/\/reginett.ee\/toode\/akuga-vosaloikur-husqvarna-535ifr\/#breadcrumb"},"inLanguage":"ru-RU","potentialAction":[{"@type":"ReadAction","target":["https:\/\/reginett.ee\/toode\/akuga-vosaloikur-husqvarna-535ifr\/"]}]},{"@type":"ImageObject","inLanguage":"ru-RU","@id":"https:\/\/reginett.ee\/toode\/akuga-vosaloikur-husqvarna-535ifr\/#primaryimage","url":"https:\/\/reginett.ee\/wp-content\/uploads\/2020\/03\/Husqvarna-535iFR.jpg","contentUrl":"https:\/\/reginett.ee\/wp-content\/uploads\/2020\/03\/Husqvarna-535iFR.jpg","width":680,"height":372,"caption":"Husqvarna 535iFR"},{"@type":"BreadcrumbList","@id":"https:\/\/reginett.ee\/toode\/akuga-vosaloikur-husqvarna-535ifr\/#breadcrumb","itemListElement":[{"@type":"ListItem","position":1,"name":"Home","item":"https:\/\/reginett.ee\/ru\/"},{"@type":"ListItem","position":2,"name":"Tooted","item":"https:\/\/reginett.ee\/tooted\/"},{"@type":"ListItem","position":3,"name":"Akuga v\u00f5sal\u00f5ikur Husqvarna 535iFR"}]},{"@type":"WebSite","@id":"https:\/\/reginett.ee\/#website","url":"https:\/\/reginett.ee\/","name":"Reginett","description":"Parimad robotniidukid","potentialAction":[{"@type":"SearchAction","target":{"@type":"EntryPoint","urlTemplate":"https:\/\/reginett.ee\/?s={search_term_string}"},"query-input":{"@type":"PropertyValueSpecification","valueRequired":true,"valueName":"search_term_string"}}],"inLanguage":"ru-RU"}]}},"brands":[],"_links":{"self":[{"href":"https:\/\/reginett.ee\/ru\/wp-json\/wp\/v2\/product\/50940","targetHints":{"allow":["GET"]}}],"collection":[{"href":"https:\/\/reginett.ee\/ru\/wp-json\/wp\/v2\/product"}],"about":[{"href":"https:\/\/reginett.ee\/ru\/wp-json\/wp\/v2\/types\/product"}],"replies":[{"embeddable":true,"href":"https:\/\/reginett.ee\/ru\/wp-json\/wp\/v2\/comments?post=50940"}],"wp:featuredmedia":[{"embeddable":true,"href":"https:\/\/reginett.ee\/ru\/wp-json\/wp\/v2\/media\/52787"}],"wp:attachment":[{"href":"https:\/\/reginett.ee\/ru\/wp-json\/wp\/v2\/media?parent=50940"}],"wp:term":[{"taxonomy":"pwb-brand","embeddable":true,"href":"https:\/\/reginett.ee\/ru\/wp-json\/wp\/v2\/pwb-brand?post=50940"},{"taxonomy":"product_brand","embeddable":true,"href":"https:\/\/reginett.ee\/ru\/wp-json\/wp\/v2\/product_brand?post=50940"},{"taxonomy":"product_cat","embeddable":true,"href":"https:\/\/reginett.ee\/ru\/wp-json\/wp\/v2\/product_cat?post=50940"},{"taxonomy":"product_tag","embeddable":true,"href":"https:\/\/reginett.ee\/ru\/wp-json\/wp\/v2\/product_tag?post=50940"}],"curies":[{"name":"wp","href":"https:\/\/api.w.org\/{rel}","templated":true}]}}