{"id":50937,"date":"2020-03-20T16:18:29","date_gmt":"2020-03-20T13:18:29","guid":{"rendered":"https:\/\/reginett.ee\/?post_type=product&#038;p=50937"},"modified":"2025-07-03T13:27:51","modified_gmt":"2025-07-03T10:27:51","slug":"akuga-rohuloikur-husqvarna-520irx","status":"publish","type":"product","link":"https:\/\/reginett.ee\/ru\/toode\/akuga-rohuloikur-husqvarna-520irx\/","title":{"rendered":"Akuga rohul\u00f5ikur Husqvarna 520iRX"},"content":{"rendered":"<p>Husqvarna 520iRX on kerge ning v\u00f5imas rohul\u00f5ikur professionaalidele. Sobib aednikele, maastikukujundajatele ja ehitajatele. Ergonoomiline ning h\u00e4sti tasakaalustatud, kahesuunalise p\u00f6\u00f6rlemisega trimmipea ning vastupidava harjadeta mootoriga. Komplektis mugavad kanderihmad, trimmipea ja kolme teraga rohutera.<\/p>\n<p>*aku ja laadija ei sisaldu hinnas<\/p>\n<h3>Kahesuunaline p\u00f6\u00f6rlemine<\/h3>\n<p>Trimmeripea p\u00f6\u00f6rdliikumist saab muuta, et jalgteedele satuks v\u00e4hem muru.<\/p>\n<h3>Nutikas akupaigutus<\/h3>\n<p>Nutikas l\u00e4bi korpuse asetsev aku v\u00e4hendab mustuse ja niiskuse kogunemist akupessa. T\u00e4nu sellele on ka aku klemmide eluiga pikem. Lisaks jaotab selline lahendus aku raskuse \u00fchtlaselt, mis omakorda parandab masina man\u00f6\u00f6verdusv\u00f5imet.<\/p>\n<h3>K\u00f5rge k\u00e4epide<\/h3>\n<p>K\u00f5rge parandab liikumisvabadust kallakutel t\u00f6\u00f6tades.<\/p>\n<h3>Efektiivne harjadeta mootor<\/h3>\n<p>Meie enda poolt v\u00e4lja t\u00f6\u00f6tatud, t\u00e4iustatud harjadeta mootor on 25% t\u00f5husam kui tavaline harjadega mootor. See t\u00e4hendab, et mootor on k\u00f5rge ja stabiilse p\u00f6\u00f6rdemomendiga, isegi kui l\u00f5ikate k\u00f5rget, paksu v\u00f5i m\u00e4rga heina.<\/p>\n<h3>Tap &#8216;n Go<\/h3>\n<p>Kahe j\u00f5hviga, kiirelt laetav ja vastupidav Tap &#8216;n Go trimmipea.<\/p>\n<h3>Mugavad kanderihmad<\/h3>\n<p>Mugavad, pehmendusega kanderihmad.<\/p>\n<h3>Maksimaalne t\u00f6\u00f6aeg<\/h3>\n<p>Valige normaalne v\u00f5i savE\u2122 re\u017eiim, s\u00f5ltuval tingimustest, maksimaalsest v\u00f5imsusest ja maksimaalsest t\u00f6\u00f6ajast. M\u00f5lemal juhul saate alati t\u00e4iusliku tulemuse.<\/p>\n<p>&nbsp;<\/p>\n<p>&nbsp;<\/p>\n<p>&nbsp;<\/p>\n<p>&nbsp;<\/p>\n","protected":false},"excerpt":{"rendered":"<p>Husqvarna 520iRX on kerge ning v\u00f5imas rohul\u00f5ikur professionaalidele. Sobib aednikele, maastikukujundajatele ja ehitajatele. Ergonoomiline ning h\u00e4sti tasakaalustatud, kahesuunalise p\u00f6\u00f6rlemisega trimmipea ning vastupidava harjadeta mootoriga. Komplektis mugavad kanderihmad, trimmipea ja kolme teraga rohutera.<\/p>\n","protected":false},"featured_media":50938,"comment_status":"open","ping_status":"closed","template":"","meta":{"_acf_changed":false,"_et_pb_use_builder":"","_et_pb_old_content":"","_et_gb_content_width":"","inline_featured_image":false},"pwb-brand":[],"product_brand":[],"product_cat":[48,37,54],"product_tag":[85,74],"class_list":{"0":"post-50937","1":"product","2":"type-product","3":"status-publish","4":"has-post-thumbnail","6":"product_cat-akutooted","7":"product_cat-husqvarna","8":"product_cat-trimmerid-ja-vosaloikurid","9":"product_tag-akurohuloikur","10":"product_tag-akutooriistad","11":"product_shipping_class-rasked-asjad","13":"first","14":"instock","15":"shipping-taxable","16":"purchasable","17":"product-type-simple"},"acf":[],"yoast_head":"<!-- This site is optimized with the Yoast SEO plugin v26.6 - https:\/\/yoast.com\/wordpress\/plugins\/seo\/ -->\n<title>Akuga rohul\u00f5ikur Husqvarna 520iRX - Reginett<\/title>\n<meta name=\"robots\" content=\"index, follow, max-snippet:-1, max-image-preview:large, max-video-preview:-1\" \/>\n<link rel=\"canonical\" href=\"https:\/\/reginett.ee\/toode\/akuga-rohuloikur-husqvarna-520irx\/\" \/>\n<meta property=\"og:locale\" content=\"ru_RU\" \/>\n<meta property=\"og:type\" content=\"article\" \/>\n<meta property=\"og:title\" content=\"Akuga rohul\u00f5ikur Husqvarna 520iRX - Reginett\" \/>\n<meta property=\"og:description\" content=\"Husqvarna 520iRX on kerge ning v\u00f5imas rohul\u00f5ikur professionaalidele. Sobib aednikele, maastikukujundajatele ja ehitajatele. Ergonoomiline ning h\u00e4sti tasakaalustatud, kahesuunalise p\u00f6\u00f6rlemisega trimmipea ning vastupidava harjadeta mootoriga. Komplektis mugavad kanderihmad, trimmipea ja kolme teraga rohutera.\" \/>\n<meta property=\"og:url\" content=\"https:\/\/reginett.ee\/toode\/akuga-rohuloikur-husqvarna-520irx\/\" \/>\n<meta property=\"og:site_name\" content=\"Reginett\" \/>\n<meta property=\"article:modified_time\" content=\"2025-07-03T10:27:51+00:00\" \/>\n<meta property=\"og:image\" content=\"https:\/\/reginett.ee\/wp-content\/uploads\/2020\/03\/Husqvarna-520iRX-scaled.jpg\" \/>\n\t<meta property=\"og:image:width\" content=\"2560\" \/>\n\t<meta property=\"og:image:height\" content=\"1416\" \/>\n\t<meta property=\"og:image:type\" content=\"image\/jpeg\" \/>\n<meta name=\"twitter:card\" content=\"summary_large_image\" \/>\n<meta name=\"twitter:label1\" content=\"\u041f\u0440\u0438\u043c\u0435\u0440\u043d\u043e\u0435 \u0432\u0440\u0435\u043c\u044f \u0434\u043b\u044f \u0447\u0442\u0435\u043d\u0438\u044f\" \/>\n\t<meta name=\"twitter:data1\" content=\"1 \u043c\u0438\u043d\u0443\u0442\u0430\" \/>\n<script type=\"application\/ld+json\" class=\"yoast-schema-graph\">{\"@context\":\"https:\/\/schema.org\",\"@graph\":[{\"@type\":\"WebPage\",\"@id\":\"https:\/\/reginett.ee\/toode\/akuga-rohuloikur-husqvarna-520irx\/\",\"url\":\"https:\/\/reginett.ee\/toode\/akuga-rohuloikur-husqvarna-520irx\/\",\"name\":\"Akuga rohul\u00f5ikur Husqvarna 520iRX - Reginett\",\"isPartOf\":{\"@id\":\"https:\/\/reginett.ee\/#website\"},\"primaryImageOfPage\":{\"@id\":\"https:\/\/reginett.ee\/toode\/akuga-rohuloikur-husqvarna-520irx\/#primaryimage\"},\"image\":{\"@id\":\"https:\/\/reginett.ee\/toode\/akuga-rohuloikur-husqvarna-520irx\/#primaryimage\"},\"thumbnailUrl\":\"https:\/\/reginett.ee\/wp-content\/uploads\/2020\/03\/Husqvarna-520iRX-scaled.jpg\",\"datePublished\":\"2020-03-20T13:18:29+00:00\",\"dateModified\":\"2025-07-03T10:27:51+00:00\",\"breadcrumb\":{\"@id\":\"https:\/\/reginett.ee\/toode\/akuga-rohuloikur-husqvarna-520irx\/#breadcrumb\"},\"inLanguage\":\"ru-RU\",\"potentialAction\":[{\"@type\":\"ReadAction\",\"target\":[\"https:\/\/reginett.ee\/toode\/akuga-rohuloikur-husqvarna-520irx\/\"]}]},{\"@type\":\"ImageObject\",\"inLanguage\":\"ru-RU\",\"@id\":\"https:\/\/reginett.ee\/toode\/akuga-rohuloikur-husqvarna-520irx\/#primaryimage\",\"url\":\"https:\/\/reginett.ee\/wp-content\/uploads\/2020\/03\/Husqvarna-520iRX-scaled.jpg\",\"contentUrl\":\"https:\/\/reginett.ee\/wp-content\/uploads\/2020\/03\/Husqvarna-520iRX-scaled.jpg\",\"width\":2560,\"height\":1416,\"caption\":\"Husqvarna 520iRX\"},{\"@type\":\"BreadcrumbList\",\"@id\":\"https:\/\/reginett.ee\/toode\/akuga-rohuloikur-husqvarna-520irx\/#breadcrumb\",\"itemListElement\":[{\"@type\":\"ListItem\",\"position\":1,\"name\":\"Home\",\"item\":\"https:\/\/reginett.ee\/ru\/\"},{\"@type\":\"ListItem\",\"position\":2,\"name\":\"Tooted\",\"item\":\"https:\/\/reginett.ee\/tooted\/\"},{\"@type\":\"ListItem\",\"position\":3,\"name\":\"Akuga rohul\u00f5ikur Husqvarna 520iRX\"}]},{\"@type\":\"WebSite\",\"@id\":\"https:\/\/reginett.ee\/#website\",\"url\":\"https:\/\/reginett.ee\/\",\"name\":\"Reginett\",\"description\":\"Parimad robotniidukid\",\"potentialAction\":[{\"@type\":\"SearchAction\",\"target\":{\"@type\":\"EntryPoint\",\"urlTemplate\":\"https:\/\/reginett.ee\/?s={search_term_string}\"},\"query-input\":{\"@type\":\"PropertyValueSpecification\",\"valueRequired\":true,\"valueName\":\"search_term_string\"}}],\"inLanguage\":\"ru-RU\"}]}<\/script>\n<!-- \/ Yoast SEO plugin. -->","yoast_head_json":{"title":"Akuga rohul\u00f5ikur Husqvarna 520iRX - Reginett","robots":{"index":"index","follow":"follow","max-snippet":"max-snippet:-1","max-image-preview":"max-image-preview:large","max-video-preview":"max-video-preview:-1"},"canonical":"https:\/\/reginett.ee\/toode\/akuga-rohuloikur-husqvarna-520irx\/","og_locale":"ru_RU","og_type":"article","og_title":"Akuga rohul\u00f5ikur Husqvarna 520iRX - Reginett","og_description":"Husqvarna 520iRX on kerge ning v\u00f5imas rohul\u00f5ikur professionaalidele. Sobib aednikele, maastikukujundajatele ja ehitajatele. Ergonoomiline ning h\u00e4sti tasakaalustatud, kahesuunalise p\u00f6\u00f6rlemisega trimmipea ning vastupidava harjadeta mootoriga. Komplektis mugavad kanderihmad, trimmipea ja kolme teraga rohutera.","og_url":"https:\/\/reginett.ee\/toode\/akuga-rohuloikur-husqvarna-520irx\/","og_site_name":"Reginett","article_modified_time":"2025-07-03T10:27:51+00:00","og_image":[{"width":2560,"height":1416,"url":"https:\/\/reginett.ee\/wp-content\/uploads\/2020\/03\/Husqvarna-520iRX-scaled.jpg","type":"image\/jpeg"}],"twitter_card":"summary_large_image","twitter_misc":{"\u041f\u0440\u0438\u043c\u0435\u0440\u043d\u043e\u0435 \u0432\u0440\u0435\u043c\u044f \u0434\u043b\u044f \u0447\u0442\u0435\u043d\u0438\u044f":"1 \u043c\u0438\u043d\u0443\u0442\u0430"},"schema":{"@context":"https:\/\/schema.org","@graph":[{"@type":"WebPage","@id":"https:\/\/reginett.ee\/toode\/akuga-rohuloikur-husqvarna-520irx\/","url":"https:\/\/reginett.ee\/toode\/akuga-rohuloikur-husqvarna-520irx\/","name":"Akuga rohul\u00f5ikur Husqvarna 520iRX - Reginett","isPartOf":{"@id":"https:\/\/reginett.ee\/#website"},"primaryImageOfPage":{"@id":"https:\/\/reginett.ee\/toode\/akuga-rohuloikur-husqvarna-520irx\/#primaryimage"},"image":{"@id":"https:\/\/reginett.ee\/toode\/akuga-rohuloikur-husqvarna-520irx\/#primaryimage"},"thumbnailUrl":"https:\/\/reginett.ee\/wp-content\/uploads\/2020\/03\/Husqvarna-520iRX-scaled.jpg","datePublished":"2020-03-20T13:18:29+00:00","dateModified":"2025-07-03T10:27:51+00:00","breadcrumb":{"@id":"https:\/\/reginett.ee\/toode\/akuga-rohuloikur-husqvarna-520irx\/#breadcrumb"},"inLanguage":"ru-RU","potentialAction":[{"@type":"ReadAction","target":["https:\/\/reginett.ee\/toode\/akuga-rohuloikur-husqvarna-520irx\/"]}]},{"@type":"ImageObject","inLanguage":"ru-RU","@id":"https:\/\/reginett.ee\/toode\/akuga-rohuloikur-husqvarna-520irx\/#primaryimage","url":"https:\/\/reginett.ee\/wp-content\/uploads\/2020\/03\/Husqvarna-520iRX-scaled.jpg","contentUrl":"https:\/\/reginett.ee\/wp-content\/uploads\/2020\/03\/Husqvarna-520iRX-scaled.jpg","width":2560,"height":1416,"caption":"Husqvarna 520iRX"},{"@type":"BreadcrumbList","@id":"https:\/\/reginett.ee\/toode\/akuga-rohuloikur-husqvarna-520irx\/#breadcrumb","itemListElement":[{"@type":"ListItem","position":1,"name":"Home","item":"https:\/\/reginett.ee\/ru\/"},{"@type":"ListItem","position":2,"name":"Tooted","item":"https:\/\/reginett.ee\/tooted\/"},{"@type":"ListItem","position":3,"name":"Akuga rohul\u00f5ikur Husqvarna 520iRX"}]},{"@type":"WebSite","@id":"https:\/\/reginett.ee\/#website","url":"https:\/\/reginett.ee\/","name":"Reginett","description":"Parimad robotniidukid","potentialAction":[{"@type":"SearchAction","target":{"@type":"EntryPoint","urlTemplate":"https:\/\/reginett.ee\/?s={search_term_string}"},"query-input":{"@type":"PropertyValueSpecification","valueRequired":true,"valueName":"search_term_string"}}],"inLanguage":"ru-RU"}]}},"brands":[],"_links":{"self":[{"href":"https:\/\/reginett.ee\/ru\/wp-json\/wp\/v2\/product\/50937","targetHints":{"allow":["GET"]}}],"collection":[{"href":"https:\/\/reginett.ee\/ru\/wp-json\/wp\/v2\/product"}],"about":[{"href":"https:\/\/reginett.ee\/ru\/wp-json\/wp\/v2\/types\/product"}],"replies":[{"embeddable":true,"href":"https:\/\/reginett.ee\/ru\/wp-json\/wp\/v2\/comments?post=50937"}],"wp:featuredmedia":[{"embeddable":true,"href":"https:\/\/reginett.ee\/ru\/wp-json\/wp\/v2\/media\/50938"}],"wp:attachment":[{"href":"https:\/\/reginett.ee\/ru\/wp-json\/wp\/v2\/media?parent=50937"}],"wp:term":[{"taxonomy":"pwb-brand","embeddable":true,"href":"https:\/\/reginett.ee\/ru\/wp-json\/wp\/v2\/pwb-brand?post=50937"},{"taxonomy":"product_brand","embeddable":true,"href":"https:\/\/reginett.ee\/ru\/wp-json\/wp\/v2\/product_brand?post=50937"},{"taxonomy":"product_cat","embeddable":true,"href":"https:\/\/reginett.ee\/ru\/wp-json\/wp\/v2\/product_cat?post=50937"},{"taxonomy":"product_tag","embeddable":true,"href":"https:\/\/reginett.ee\/ru\/wp-json\/wp\/v2\/product_tag?post=50937"}],"curies":[{"name":"wp","href":"https:\/\/api.w.org\/{rel}","templated":true}]}}