{"id":50902,"date":"2020-03-19T18:03:02","date_gmt":"2020-03-19T15:03:02","guid":{"rendered":"https:\/\/reginett.ee\/?post_type=product&#038;p=50902"},"modified":"2026-01-08T16:13:30","modified_gmt":"2026-01-08T13:13:30","slug":"akuga-kettsaag-husqvarna-t535i-xp","status":"publish","type":"product","link":"https:\/\/reginett.ee\/ru\/toode\/akuga-kettsaag-husqvarna-t535i-xp\/","title":{"rendered":"Akuga kettsaag Husqvarna T535i XP\u00ae"},"content":{"rendered":"<p>Husqvarna T535i XP\u00ae on akuga kettsaag professionaalidele, kes vajavad kerget, \u00e4\u00e4rmiselt lihtsalt kasutatavat, \u00fclemise k\u00e4epidemega varustatud ja v\u00f5imsat mootorsaagi. Sobib arboristidele. Ergonoomiline, v\u00f5imas ning suure ketikiirusega tugev mootorsaag.<\/p>\n<p>Hind sisaldab:<br \/>\n.325&#187; mini PIXEL 1.1 mm SN juhtplaat, v\u00e4ike plaadikinnitus<br \/>\nX-CUT .325&#8243; mini 1,1mm ketid<\/p>\n<h3>savE\u2122<\/h3>\n<p>Valige savE\u2122 maksimaalse t\u00f6\u00f6aja saavutamiseks<\/p>\n<h3>Inertsiga rakenduv ketipidur<\/h3>\n<p>T\u00f5hus, intertsi toimel rakenduv ketipidur<\/p>\n<h3>Sobib pidevaks t\u00f6\u00f6ks<\/h3>\n<p>Meie akutarvikud v\u00f5imaldavad t\u00f6\u00f6d j\u00e4tkata ja see valmis saada v\u00f5imalikult kiiresti ja t\u00f5husalt.<\/p>\n<h3>T\u00e4itepaagi kork<\/h3>\n<p>T\u00e4itepaaki on lihtsam avada.<\/p>\n<h3>Bensiinimootori v\u00f5imsus<\/h3>\n<p>36 V Li-ion-akuplokk pakub sama suurt v\u00f5imsust, t\u00f6\u00f6kindlust ja pikka eluiga kui bensiinimootoriga masinad \u2013 ilma otseste heideteta. Samuti saate teha \u00fche laadimisega sama palju t\u00f6\u00f6d kui \u00fche paagit\u00e4ie bensiiniga.<\/p>\n<h3>Rihma kinnitus aas<\/h3>\n<p>Saagi on kerge kinnitada rakmete k\u00fclge.<\/p>\n","protected":false},"excerpt":{"rendered":"<p>Husqvarna T535i XP\u00ae on akuga kettsaag professionaalidele, kes vajavad kerget, \u00e4\u00e4rmiselt lihtsalt kasutatavat, \u00fclemise k\u00e4epidemega varustatud ja v\u00f5imsat mootorsaagi. Sobib arboristidele. Ergonoomiline, v\u00f5imas ning suure ketikiirusega tugev mootorsaag.<\/p>\n","protected":false},"featured_media":50903,"comment_status":"open","ping_status":"closed","template":"","meta":{"_acf_changed":false,"_et_pb_use_builder":"","_et_pb_old_content":"","_et_gb_content_width":"","inline_featured_image":false},"pwb-brand":[],"product_brand":[],"product_cat":[48,37,42],"product_tag":[71,74],"class_list":{"0":"post-50902","1":"product","2":"type-product","3":"status-publish","4":"has-post-thumbnail","6":"product_cat-akutooted","7":"product_cat-husqvarna","8":"product_cat-kettsaed","9":"product_tag-akuga-kettsaag","10":"product_tag-akutooriistad","12":"first","13":"outofstock","14":"shipping-taxable","15":"purchasable","16":"product-type-simple"},"acf":[],"yoast_head":"<!-- This site is optimized with the Yoast SEO plugin v26.6 - https:\/\/yoast.com\/wordpress\/plugins\/seo\/ -->\n<title>Akuga kettsaag Husqvarna T535i XP\u00ae - Reginett<\/title>\n<meta name=\"robots\" content=\"index, follow, max-snippet:-1, max-image-preview:large, max-video-preview:-1\" \/>\n<link rel=\"canonical\" href=\"https:\/\/reginett.ee\/toode\/akuga-kettsaag-husqvarna-t535i-xp\/\" \/>\n<meta property=\"og:locale\" content=\"ru_RU\" \/>\n<meta property=\"og:type\" content=\"article\" \/>\n<meta property=\"og:title\" content=\"Akuga kettsaag Husqvarna T535i XP\u00ae - Reginett\" \/>\n<meta property=\"og:description\" content=\"Husqvarna T535i XP\u00ae on akuga kettsaag professionaalidele, kes vajavad kerget, \u00e4\u00e4rmiselt lihtsalt kasutatavat, \u00fclemise k\u00e4epidemega varustatud ja v\u00f5imsat mootorsaagi. Sobib arboristidele. Ergonoomiline, v\u00f5imas ning suure ketikiirusega tugev mootorsaag.\" \/>\n<meta property=\"og:url\" content=\"https:\/\/reginett.ee\/toode\/akuga-kettsaag-husqvarna-t535i-xp\/\" \/>\n<meta property=\"og:site_name\" content=\"Reginett\" \/>\n<meta property=\"article:modified_time\" content=\"2026-01-08T13:13:30+00:00\" \/>\n<meta property=\"og:image\" content=\"https:\/\/reginett.ee\/wp-content\/uploads\/2020\/03\/Husqvarna-T535I-XP-scaled.jpg\" \/>\n\t<meta property=\"og:image:width\" content=\"2560\" \/>\n\t<meta property=\"og:image:height\" content=\"1388\" \/>\n\t<meta property=\"og:image:type\" content=\"image\/jpeg\" \/>\n<meta name=\"twitter:card\" content=\"summary_large_image\" \/>\n<meta name=\"twitter:label1\" content=\"\u041f\u0440\u0438\u043c\u0435\u0440\u043d\u043e\u0435 \u0432\u0440\u0435\u043c\u044f \u0434\u043b\u044f \u0447\u0442\u0435\u043d\u0438\u044f\" \/>\n\t<meta name=\"twitter:data1\" content=\"1 \u043c\u0438\u043d\u0443\u0442\u0430\" \/>\n<script type=\"application\/ld+json\" class=\"yoast-schema-graph\">{\"@context\":\"https:\/\/schema.org\",\"@graph\":[{\"@type\":\"WebPage\",\"@id\":\"https:\/\/reginett.ee\/toode\/akuga-kettsaag-husqvarna-t535i-xp\/\",\"url\":\"https:\/\/reginett.ee\/toode\/akuga-kettsaag-husqvarna-t535i-xp\/\",\"name\":\"Akuga kettsaag Husqvarna T535i XP\u00ae - Reginett\",\"isPartOf\":{\"@id\":\"https:\/\/reginett.ee\/#website\"},\"primaryImageOfPage\":{\"@id\":\"https:\/\/reginett.ee\/toode\/akuga-kettsaag-husqvarna-t535i-xp\/#primaryimage\"},\"image\":{\"@id\":\"https:\/\/reginett.ee\/toode\/akuga-kettsaag-husqvarna-t535i-xp\/#primaryimage\"},\"thumbnailUrl\":\"https:\/\/reginett.ee\/wp-content\/uploads\/2020\/03\/Husqvarna-T535I-XP-scaled.jpg\",\"datePublished\":\"2020-03-19T15:03:02+00:00\",\"dateModified\":\"2026-01-08T13:13:30+00:00\",\"breadcrumb\":{\"@id\":\"https:\/\/reginett.ee\/toode\/akuga-kettsaag-husqvarna-t535i-xp\/#breadcrumb\"},\"inLanguage\":\"ru-RU\",\"potentialAction\":[{\"@type\":\"ReadAction\",\"target\":[\"https:\/\/reginett.ee\/toode\/akuga-kettsaag-husqvarna-t535i-xp\/\"]}]},{\"@type\":\"ImageObject\",\"inLanguage\":\"ru-RU\",\"@id\":\"https:\/\/reginett.ee\/toode\/akuga-kettsaag-husqvarna-t535i-xp\/#primaryimage\",\"url\":\"https:\/\/reginett.ee\/wp-content\/uploads\/2020\/03\/Husqvarna-T535I-XP-scaled.jpg\",\"contentUrl\":\"https:\/\/reginett.ee\/wp-content\/uploads\/2020\/03\/Husqvarna-T535I-XP-scaled.jpg\",\"width\":2560,\"height\":1388,\"caption\":\"Husqvarna T535i XP\"},{\"@type\":\"BreadcrumbList\",\"@id\":\"https:\/\/reginett.ee\/toode\/akuga-kettsaag-husqvarna-t535i-xp\/#breadcrumb\",\"itemListElement\":[{\"@type\":\"ListItem\",\"position\":1,\"name\":\"Home\",\"item\":\"https:\/\/reginett.ee\/ru\/\"},{\"@type\":\"ListItem\",\"position\":2,\"name\":\"Tooted\",\"item\":\"https:\/\/reginett.ee\/tooted\/\"},{\"@type\":\"ListItem\",\"position\":3,\"name\":\"Akuga kettsaag Husqvarna T535i XP\u00ae\"}]},{\"@type\":\"WebSite\",\"@id\":\"https:\/\/reginett.ee\/#website\",\"url\":\"https:\/\/reginett.ee\/\",\"name\":\"Reginett\",\"description\":\"Parimad robotniidukid\",\"potentialAction\":[{\"@type\":\"SearchAction\",\"target\":{\"@type\":\"EntryPoint\",\"urlTemplate\":\"https:\/\/reginett.ee\/?s={search_term_string}\"},\"query-input\":{\"@type\":\"PropertyValueSpecification\",\"valueRequired\":true,\"valueName\":\"search_term_string\"}}],\"inLanguage\":\"ru-RU\"}]}<\/script>\n<!-- \/ Yoast SEO plugin. -->","yoast_head_json":{"title":"Akuga kettsaag Husqvarna T535i XP\u00ae - Reginett","robots":{"index":"index","follow":"follow","max-snippet":"max-snippet:-1","max-image-preview":"max-image-preview:large","max-video-preview":"max-video-preview:-1"},"canonical":"https:\/\/reginett.ee\/toode\/akuga-kettsaag-husqvarna-t535i-xp\/","og_locale":"ru_RU","og_type":"article","og_title":"Akuga kettsaag Husqvarna T535i XP\u00ae - Reginett","og_description":"Husqvarna T535i XP\u00ae on akuga kettsaag professionaalidele, kes vajavad kerget, \u00e4\u00e4rmiselt lihtsalt kasutatavat, \u00fclemise k\u00e4epidemega varustatud ja v\u00f5imsat mootorsaagi. Sobib arboristidele. Ergonoomiline, v\u00f5imas ning suure ketikiirusega tugev mootorsaag.","og_url":"https:\/\/reginett.ee\/toode\/akuga-kettsaag-husqvarna-t535i-xp\/","og_site_name":"Reginett","article_modified_time":"2026-01-08T13:13:30+00:00","og_image":[{"width":2560,"height":1388,"url":"https:\/\/reginett.ee\/wp-content\/uploads\/2020\/03\/Husqvarna-T535I-XP-scaled.jpg","type":"image\/jpeg"}],"twitter_card":"summary_large_image","twitter_misc":{"\u041f\u0440\u0438\u043c\u0435\u0440\u043d\u043e\u0435 \u0432\u0440\u0435\u043c\u044f \u0434\u043b\u044f \u0447\u0442\u0435\u043d\u0438\u044f":"1 \u043c\u0438\u043d\u0443\u0442\u0430"},"schema":{"@context":"https:\/\/schema.org","@graph":[{"@type":"WebPage","@id":"https:\/\/reginett.ee\/toode\/akuga-kettsaag-husqvarna-t535i-xp\/","url":"https:\/\/reginett.ee\/toode\/akuga-kettsaag-husqvarna-t535i-xp\/","name":"Akuga kettsaag Husqvarna T535i XP\u00ae - Reginett","isPartOf":{"@id":"https:\/\/reginett.ee\/#website"},"primaryImageOfPage":{"@id":"https:\/\/reginett.ee\/toode\/akuga-kettsaag-husqvarna-t535i-xp\/#primaryimage"},"image":{"@id":"https:\/\/reginett.ee\/toode\/akuga-kettsaag-husqvarna-t535i-xp\/#primaryimage"},"thumbnailUrl":"https:\/\/reginett.ee\/wp-content\/uploads\/2020\/03\/Husqvarna-T535I-XP-scaled.jpg","datePublished":"2020-03-19T15:03:02+00:00","dateModified":"2026-01-08T13:13:30+00:00","breadcrumb":{"@id":"https:\/\/reginett.ee\/toode\/akuga-kettsaag-husqvarna-t535i-xp\/#breadcrumb"},"inLanguage":"ru-RU","potentialAction":[{"@type":"ReadAction","target":["https:\/\/reginett.ee\/toode\/akuga-kettsaag-husqvarna-t535i-xp\/"]}]},{"@type":"ImageObject","inLanguage":"ru-RU","@id":"https:\/\/reginett.ee\/toode\/akuga-kettsaag-husqvarna-t535i-xp\/#primaryimage","url":"https:\/\/reginett.ee\/wp-content\/uploads\/2020\/03\/Husqvarna-T535I-XP-scaled.jpg","contentUrl":"https:\/\/reginett.ee\/wp-content\/uploads\/2020\/03\/Husqvarna-T535I-XP-scaled.jpg","width":2560,"height":1388,"caption":"Husqvarna T535i XP"},{"@type":"BreadcrumbList","@id":"https:\/\/reginett.ee\/toode\/akuga-kettsaag-husqvarna-t535i-xp\/#breadcrumb","itemListElement":[{"@type":"ListItem","position":1,"name":"Home","item":"https:\/\/reginett.ee\/ru\/"},{"@type":"ListItem","position":2,"name":"Tooted","item":"https:\/\/reginett.ee\/tooted\/"},{"@type":"ListItem","position":3,"name":"Akuga kettsaag Husqvarna T535i XP\u00ae"}]},{"@type":"WebSite","@id":"https:\/\/reginett.ee\/#website","url":"https:\/\/reginett.ee\/","name":"Reginett","description":"Parimad robotniidukid","potentialAction":[{"@type":"SearchAction","target":{"@type":"EntryPoint","urlTemplate":"https:\/\/reginett.ee\/?s={search_term_string}"},"query-input":{"@type":"PropertyValueSpecification","valueRequired":true,"valueName":"search_term_string"}}],"inLanguage":"ru-RU"}]}},"brands":[],"_links":{"self":[{"href":"https:\/\/reginett.ee\/ru\/wp-json\/wp\/v2\/product\/50902","targetHints":{"allow":["GET"]}}],"collection":[{"href":"https:\/\/reginett.ee\/ru\/wp-json\/wp\/v2\/product"}],"about":[{"href":"https:\/\/reginett.ee\/ru\/wp-json\/wp\/v2\/types\/product"}],"replies":[{"embeddable":true,"href":"https:\/\/reginett.ee\/ru\/wp-json\/wp\/v2\/comments?post=50902"}],"wp:featuredmedia":[{"embeddable":true,"href":"https:\/\/reginett.ee\/ru\/wp-json\/wp\/v2\/media\/50903"}],"wp:attachment":[{"href":"https:\/\/reginett.ee\/ru\/wp-json\/wp\/v2\/media?parent=50902"}],"wp:term":[{"taxonomy":"pwb-brand","embeddable":true,"href":"https:\/\/reginett.ee\/ru\/wp-json\/wp\/v2\/pwb-brand?post=50902"},{"taxonomy":"product_brand","embeddable":true,"href":"https:\/\/reginett.ee\/ru\/wp-json\/wp\/v2\/product_brand?post=50902"},{"taxonomy":"product_cat","embeddable":true,"href":"https:\/\/reginett.ee\/ru\/wp-json\/wp\/v2\/product_cat?post=50902"},{"taxonomy":"product_tag","embeddable":true,"href":"https:\/\/reginett.ee\/ru\/wp-json\/wp\/v2\/product_tag?post=50902"}],"curies":[{"name":"wp","href":"https:\/\/api.w.org\/{rel}","templated":true}]}}