{"id":50899,"date":"2022-04-28T17:38:23","date_gmt":"2022-04-28T14:38:23","guid":{"rendered":"https:\/\/reginett.ee\/?post_type=product&#038;p=50899"},"modified":"2025-07-03T14:10:06","modified_gmt":"2025-07-03T11:10:06","slug":"akuga-kettsaag-535i-xp","status":"publish","type":"product","link":"https:\/\/reginett.ee\/ru\/toode\/akuga-kettsaag-535i-xp\/","title":{"rendered":"Akuga kettsaag Husqvarna 535i XP\u00ae"},"content":{"rendered":"<p>Husqvarna 535iXP\u00ae on kettsaag professionaalidele, kes vajavad kerget, vastupidavat ning v\u00f5imsat mootorsaagi. Parim valik puuseppadele, ehitajatele, arboristidele ja aednikele. Ergonoomiline, v\u00f5imas ja suure ketikiirusega mudel sobib suurep\u00e4raselt ka kodukasutusse.<\/p>\n<ul>\n<li>Aku ja laadija ei kuulu komplekti!<\/li>\n<\/ul>\n<p>Hind sisaldab:<br \/>\n.325&#187; mini PIXEL 1.1 mm SN juhtplaat, v\u00e4ike plaadikinnitus<br \/>\nX-CUT .325&#8243; mini 1,1mm kett<\/p>\n<h3>savE\u2122<\/h3>\n<p>Valige savE\u2122 maksimaalse t\u00f6\u00f6aja saavutamiseks<\/p>\n<h3>Inertsiga rakenduv ketipidur<\/h3>\n<p>T\u00f5hus, intertsi toimel rakenduv ketipidur<\/p>\n<h3>V\u00e4hene hooldusvajadus<\/h3>\n<p>K\u00fctust ei ole vaja lisada, hooldatavaid varuosi on v\u00e4hem ning elektrooniliselt juhitav ajamis\u00fcsteem t\u00e4hendab l\u00fchemat seisuaega ja madalamaid k\u00e4ituskulusid.<\/p>\n<h3>Sobib pidevaks t\u00f6\u00f6ks<\/h3>\n<p>Meie akutarvikud v\u00f5imaldavad t\u00f6\u00f6d j\u00e4tkata ja see valmis saada v\u00f5imalikult kiiresti ja t\u00f5husalt.<\/p>\n<h3>\u00dcks aku sobib k\u00f5igile<\/h3>\n<p>36V Li-ion-aku on m\u00f5eldud n\u00f5udlikuks ja pikaajaliseks professionaalseks kasutamiseks. See sobib k\u00f5igi meie k\u00e4eskantavate masinatega ja v\u00f5imaldab teil kiiresti kasutada sama akut trimmeril, kettsael, puhuril ja hekil\u00f5ikuril ning katkematult t\u00f6\u00f6tada.<\/p>\n<h3>Intuitiivne juhtpaneel<\/h3>\n<p>Juhtpaneeli on v\u00e4ga lihtne kasutada.<\/p>\n<h3>Suur ketikiirus<\/h3>\n<p>Suur keti kiirus kiireks ja sujuvaks l\u00f5ikamiseks<\/p>\n<p>&nbsp;<\/p>\n<p>&nbsp;<\/p>\n","protected":false},"excerpt":{"rendered":"<p>Husqvarna 535iXP\u00ae on kettsaag professionaalidele, kes vajavad kerget ning v\u00f5imsat mootorsaagi. Parim valik puuseppadele, ehitajatele, arboristidele ja aednikele. Ergonoomiline, v\u00f5imas ja suure ketikiirusega.<\/p>\n","protected":false},"featured_media":50900,"comment_status":"open","ping_status":"closed","template":"","meta":{"_acf_changed":false,"_et_pb_use_builder":"","_et_pb_old_content":"","_et_gb_content_width":"","inline_featured_image":false},"pwb-brand":[147],"product_brand":[],"product_cat":[48,37,42],"product_tag":[71,69,74,61],"class_list":{"0":"post-50899","1":"product","2":"type-product","3":"status-publish","4":"has-post-thumbnail","6":"pwb-brand-husqvarna","7":"product_cat-akutooted","8":"product_cat-husqvarna","9":"product_cat-kettsaed","10":"product_tag-akuga-kettsaag","11":"product_tag-akusaag","12":"product_tag-akutooriistad","13":"product_tag-kettsaag","15":"first","16":"instock","17":"shipping-taxable","18":"purchasable","19":"product-type-simple"},"acf":[],"yoast_head":"<!-- This site is optimized with the Yoast SEO plugin v26.6 - https:\/\/yoast.com\/wordpress\/plugins\/seo\/ -->\n<title>Akusaag Husqvarna 535i XP\u00ae. Akuga kettsaed Reginetist<\/title>\n<meta name=\"description\" content=\"Husqvarna 535iXP\u00ae on kettsaag professionaalidele, kes vajavad kerget ning v\u00f5imsat mootorsaagi. Parim valik puuseppadele, ehitajatele.\" \/>\n<meta name=\"robots\" content=\"index, follow, max-snippet:-1, max-image-preview:large, max-video-preview:-1\" \/>\n<link rel=\"canonical\" href=\"https:\/\/reginett.ee\/toode\/akuga-kettsaag-535i-xp\/\" \/>\n<meta property=\"og:locale\" content=\"ru_RU\" \/>\n<meta property=\"og:type\" content=\"article\" \/>\n<meta property=\"og:title\" content=\"Akusaag Husqvarna 535i XP\u00ae. Akuga kettsaed Reginetist\" \/>\n<meta property=\"og:description\" content=\"Husqvarna 535iXP\u00ae on kettsaag professionaalidele, kes vajavad kerget ning v\u00f5imsat mootorsaagi. Parim valik puuseppadele, ehitajatele.\" \/>\n<meta property=\"og:url\" content=\"https:\/\/reginett.ee\/toode\/akuga-kettsaag-535i-xp\/\" \/>\n<meta property=\"og:site_name\" content=\"Reginett\" \/>\n<meta property=\"article:modified_time\" content=\"2025-07-03T11:10:06+00:00\" \/>\n<meta property=\"og:image\" content=\"https:\/\/reginett.ee\/wp-content\/uploads\/2020\/03\/Husqvarna-535i-XP-scaled.jpg\" \/>\n\t<meta property=\"og:image:width\" content=\"2560\" \/>\n\t<meta property=\"og:image:height\" content=\"1333\" \/>\n\t<meta property=\"og:image:type\" content=\"image\/jpeg\" \/>\n<meta name=\"twitter:card\" content=\"summary_large_image\" \/>\n<meta name=\"twitter:label1\" content=\"\u041f\u0440\u0438\u043c\u0435\u0440\u043d\u043e\u0435 \u0432\u0440\u0435\u043c\u044f \u0434\u043b\u044f \u0447\u0442\u0435\u043d\u0438\u044f\" \/>\n\t<meta name=\"twitter:data1\" content=\"1 \u043c\u0438\u043d\u0443\u0442\u0430\" \/>\n<script type=\"application\/ld+json\" class=\"yoast-schema-graph\">{\"@context\":\"https:\/\/schema.org\",\"@graph\":[{\"@type\":\"WebPage\",\"@id\":\"https:\/\/reginett.ee\/toode\/akuga-kettsaag-535i-xp\/\",\"url\":\"https:\/\/reginett.ee\/toode\/akuga-kettsaag-535i-xp\/\",\"name\":\"Akusaag Husqvarna 535i XP\u00ae. Akuga kettsaed Reginetist\",\"isPartOf\":{\"@id\":\"https:\/\/reginett.ee\/#website\"},\"primaryImageOfPage\":{\"@id\":\"https:\/\/reginett.ee\/toode\/akuga-kettsaag-535i-xp\/#primaryimage\"},\"image\":{\"@id\":\"https:\/\/reginett.ee\/toode\/akuga-kettsaag-535i-xp\/#primaryimage\"},\"thumbnailUrl\":\"https:\/\/reginett.ee\/wp-content\/uploads\/2020\/03\/Husqvarna-535i-XP-scaled.jpg\",\"datePublished\":\"2022-04-28T14:38:23+00:00\",\"dateModified\":\"2025-07-03T11:10:06+00:00\",\"description\":\"Husqvarna 535iXP\u00ae on kettsaag professionaalidele, kes vajavad kerget ning v\u00f5imsat mootorsaagi. Parim valik puuseppadele, ehitajatele.\",\"breadcrumb\":{\"@id\":\"https:\/\/reginett.ee\/toode\/akuga-kettsaag-535i-xp\/#breadcrumb\"},\"inLanguage\":\"ru-RU\",\"potentialAction\":[{\"@type\":\"ReadAction\",\"target\":[\"https:\/\/reginett.ee\/toode\/akuga-kettsaag-535i-xp\/\"]}]},{\"@type\":\"ImageObject\",\"inLanguage\":\"ru-RU\",\"@id\":\"https:\/\/reginett.ee\/toode\/akuga-kettsaag-535i-xp\/#primaryimage\",\"url\":\"https:\/\/reginett.ee\/wp-content\/uploads\/2020\/03\/Husqvarna-535i-XP-scaled.jpg\",\"contentUrl\":\"https:\/\/reginett.ee\/wp-content\/uploads\/2020\/03\/Husqvarna-535i-XP-scaled.jpg\",\"width\":2560,\"height\":1333,\"caption\":\"Husqvarna 535i XP\"},{\"@type\":\"BreadcrumbList\",\"@id\":\"https:\/\/reginett.ee\/toode\/akuga-kettsaag-535i-xp\/#breadcrumb\",\"itemListElement\":[{\"@type\":\"ListItem\",\"position\":1,\"name\":\"Home\",\"item\":\"https:\/\/reginett.ee\/ru\/\"},{\"@type\":\"ListItem\",\"position\":2,\"name\":\"Tooted\",\"item\":\"https:\/\/reginett.ee\/tooted\/\"},{\"@type\":\"ListItem\",\"position\":3,\"name\":\"Akuga kettsaag Husqvarna 535i XP\u00ae\"}]},{\"@type\":\"WebSite\",\"@id\":\"https:\/\/reginett.ee\/#website\",\"url\":\"https:\/\/reginett.ee\/\",\"name\":\"Reginett\",\"description\":\"Parimad robotniidukid\",\"potentialAction\":[{\"@type\":\"SearchAction\",\"target\":{\"@type\":\"EntryPoint\",\"urlTemplate\":\"https:\/\/reginett.ee\/?s={search_term_string}\"},\"query-input\":{\"@type\":\"PropertyValueSpecification\",\"valueRequired\":true,\"valueName\":\"search_term_string\"}}],\"inLanguage\":\"ru-RU\"}]}<\/script>\n<!-- \/ Yoast SEO plugin. -->","yoast_head_json":{"title":"Akusaag Husqvarna 535i XP\u00ae. Akuga kettsaed Reginetist","description":"Husqvarna 535iXP\u00ae on kettsaag professionaalidele, kes vajavad kerget ning v\u00f5imsat mootorsaagi. Parim valik puuseppadele, ehitajatele.","robots":{"index":"index","follow":"follow","max-snippet":"max-snippet:-1","max-image-preview":"max-image-preview:large","max-video-preview":"max-video-preview:-1"},"canonical":"https:\/\/reginett.ee\/toode\/akuga-kettsaag-535i-xp\/","og_locale":"ru_RU","og_type":"article","og_title":"Akusaag Husqvarna 535i XP\u00ae. Akuga kettsaed Reginetist","og_description":"Husqvarna 535iXP\u00ae on kettsaag professionaalidele, kes vajavad kerget ning v\u00f5imsat mootorsaagi. Parim valik puuseppadele, ehitajatele.","og_url":"https:\/\/reginett.ee\/toode\/akuga-kettsaag-535i-xp\/","og_site_name":"Reginett","article_modified_time":"2025-07-03T11:10:06+00:00","og_image":[{"width":2560,"height":1333,"url":"https:\/\/reginett.ee\/wp-content\/uploads\/2020\/03\/Husqvarna-535i-XP-scaled.jpg","type":"image\/jpeg"}],"twitter_card":"summary_large_image","twitter_misc":{"\u041f\u0440\u0438\u043c\u0435\u0440\u043d\u043e\u0435 \u0432\u0440\u0435\u043c\u044f \u0434\u043b\u044f \u0447\u0442\u0435\u043d\u0438\u044f":"1 \u043c\u0438\u043d\u0443\u0442\u0430"},"schema":{"@context":"https:\/\/schema.org","@graph":[{"@type":"WebPage","@id":"https:\/\/reginett.ee\/toode\/akuga-kettsaag-535i-xp\/","url":"https:\/\/reginett.ee\/toode\/akuga-kettsaag-535i-xp\/","name":"Akusaag Husqvarna 535i XP\u00ae. Akuga kettsaed Reginetist","isPartOf":{"@id":"https:\/\/reginett.ee\/#website"},"primaryImageOfPage":{"@id":"https:\/\/reginett.ee\/toode\/akuga-kettsaag-535i-xp\/#primaryimage"},"image":{"@id":"https:\/\/reginett.ee\/toode\/akuga-kettsaag-535i-xp\/#primaryimage"},"thumbnailUrl":"https:\/\/reginett.ee\/wp-content\/uploads\/2020\/03\/Husqvarna-535i-XP-scaled.jpg","datePublished":"2022-04-28T14:38:23+00:00","dateModified":"2025-07-03T11:10:06+00:00","description":"Husqvarna 535iXP\u00ae on kettsaag professionaalidele, kes vajavad kerget ning v\u00f5imsat mootorsaagi. Parim valik puuseppadele, ehitajatele.","breadcrumb":{"@id":"https:\/\/reginett.ee\/toode\/akuga-kettsaag-535i-xp\/#breadcrumb"},"inLanguage":"ru-RU","potentialAction":[{"@type":"ReadAction","target":["https:\/\/reginett.ee\/toode\/akuga-kettsaag-535i-xp\/"]}]},{"@type":"ImageObject","inLanguage":"ru-RU","@id":"https:\/\/reginett.ee\/toode\/akuga-kettsaag-535i-xp\/#primaryimage","url":"https:\/\/reginett.ee\/wp-content\/uploads\/2020\/03\/Husqvarna-535i-XP-scaled.jpg","contentUrl":"https:\/\/reginett.ee\/wp-content\/uploads\/2020\/03\/Husqvarna-535i-XP-scaled.jpg","width":2560,"height":1333,"caption":"Husqvarna 535i XP"},{"@type":"BreadcrumbList","@id":"https:\/\/reginett.ee\/toode\/akuga-kettsaag-535i-xp\/#breadcrumb","itemListElement":[{"@type":"ListItem","position":1,"name":"Home","item":"https:\/\/reginett.ee\/ru\/"},{"@type":"ListItem","position":2,"name":"Tooted","item":"https:\/\/reginett.ee\/tooted\/"},{"@type":"ListItem","position":3,"name":"Akuga kettsaag Husqvarna 535i XP\u00ae"}]},{"@type":"WebSite","@id":"https:\/\/reginett.ee\/#website","url":"https:\/\/reginett.ee\/","name":"Reginett","description":"Parimad robotniidukid","potentialAction":[{"@type":"SearchAction","target":{"@type":"EntryPoint","urlTemplate":"https:\/\/reginett.ee\/?s={search_term_string}"},"query-input":{"@type":"PropertyValueSpecification","valueRequired":true,"valueName":"search_term_string"}}],"inLanguage":"ru-RU"}]}},"brands":[{"id":147,"name":"Husqvarna","slug":"husqvarna"}],"_links":{"self":[{"href":"https:\/\/reginett.ee\/ru\/wp-json\/wp\/v2\/product\/50899","targetHints":{"allow":["GET"]}}],"collection":[{"href":"https:\/\/reginett.ee\/ru\/wp-json\/wp\/v2\/product"}],"about":[{"href":"https:\/\/reginett.ee\/ru\/wp-json\/wp\/v2\/types\/product"}],"replies":[{"embeddable":true,"href":"https:\/\/reginett.ee\/ru\/wp-json\/wp\/v2\/comments?post=50899"}],"wp:featuredmedia":[{"embeddable":true,"href":"https:\/\/reginett.ee\/ru\/wp-json\/wp\/v2\/media\/50900"}],"wp:attachment":[{"href":"https:\/\/reginett.ee\/ru\/wp-json\/wp\/v2\/media?parent=50899"}],"wp:term":[{"taxonomy":"pwb-brand","embeddable":true,"href":"https:\/\/reginett.ee\/ru\/wp-json\/wp\/v2\/pwb-brand?post=50899"},{"taxonomy":"product_brand","embeddable":true,"href":"https:\/\/reginett.ee\/ru\/wp-json\/wp\/v2\/product_brand?post=50899"},{"taxonomy":"product_cat","embeddable":true,"href":"https:\/\/reginett.ee\/ru\/wp-json\/wp\/v2\/product_cat?post=50899"},{"taxonomy":"product_tag","embeddable":true,"href":"https:\/\/reginett.ee\/ru\/wp-json\/wp\/v2\/product_tag?post=50899"}],"curies":[{"name":"wp","href":"https:\/\/api.w.org\/{rel}","templated":true}]}}