{"id":50878,"date":"2021-10-19T12:55:54","date_gmt":"2021-10-19T09:55:54","guid":{"rendered":"https:\/\/reginett.ee\/?post_type=product&#038;p=50878"},"modified":"2022-05-15T15:20:49","modified_gmt":"2022-05-15T12:20:49","slug":"laadimisjaama-kate-2","status":"publish","type":"product","link":"https:\/\/reginett.ee\/ru\/toode\/laadimisjaama-kate-2\/","title":{"rendered":"Laadimisjaama kate"},"content":{"rendered":"<p>Husqvarna Automower\u00ae on m\u00f5eldud t\u00f6\u00f6tamiseks v\u00e4ga erinevates ilmastikutingimustes. Kaitsmaks tema elegantset v\u00e4lisviimistlust otsese p\u00e4ikesevalguse ning vihma eest laadimise ajal, oleme v\u00e4lja t\u00f6\u00f6tanud v\u00e4ga funktsionaalse laadimisjaama katte. \u00dclest\u00f5stetav kate v\u00f5imaldab mugava ligip\u00e4\u00e4su niiduki klaviatuurile laadimise ajal. Ligip\u00e4\u00e4s \u00fchendusjuhtmetele katte tagaosas. Sobib 300- seeria Husqvarna robotniidukitele.<\/p>\n","protected":false},"excerpt":{"rendered":"<p>Husqvarna Automower\u00ae on m\u00f5eldud t\u00f6\u00f6tamiseks v\u00e4ga erinevates ilmastikutingimustes. Kaitsmaks tema elegantset v\u00e4lisviimistlust otsese p\u00e4ikesevalguse ning vihma eest laadimise ajal, oleme v\u00e4lja t\u00f6\u00f6tanud v\u00e4ga funktsionaalse laadimisjaama katte. \u00dclest\u00f5stetav kate v\u00f5imaldab mugava ligip\u00e4\u00e4su niiduki klaviatuurile laadimise ajal. Ligip\u00e4\u00e4s \u00fchendusjuhtmetele katte tagaosas. Sobib 300- seeria Husqvarna robotniidukitele.<\/p>\n","protected":false},"featured_media":50877,"comment_status":"open","ping_status":"closed","template":"","meta":{"_acf_changed":false,"_et_pb_use_builder":"","_et_pb_old_content":"","_et_gb_content_width":"","inline_featured_image":false},"pwb-brand":[],"product_brand":[],"product_cat":[37,19,120,27],"product_tag":[80,82,81],"class_list":{"0":"post-50878","1":"product","2":"type-product","3":"status-publish","4":"has-post-thumbnail","6":"product_cat-husqvarna","7":"product_cat-robotniidukid","8":"product_cat-robotniidukite-lisatarvikud","9":"product_cat-tooriistad-ja-tarvikud","10":"product_tag-laadimisjaama-kate","11":"product_tag-robotimaja","12":"product_tag-robotniidukid","13":"product_shipping_class-rasked-asjad","15":"first","16":"instock","17":"shipping-taxable","18":"purchasable","19":"product-type-simple"},"acf":[],"yoast_head":"<!-- This site is optimized with the Yoast SEO plugin v26.6 - https:\/\/yoast.com\/wordpress\/plugins\/seo\/ -->\n<title>Laadimisjaama kate Husqvarna robotniidukile. Parimad robotniidukid<\/title>\n<meta name=\"description\" content=\"Husqvarna Automower\u00ae on m\u00f5eldud t\u00f6\u00f6tamiseks v\u00e4ga erinevates ilmastikutingimustes. Kaitsmaks tema elegantset v\u00e4lisviimistlust otsese p\u00e4ikese\" \/>\n<meta name=\"robots\" content=\"index, follow, max-snippet:-1, max-image-preview:large, max-video-preview:-1\" \/>\n<link rel=\"canonical\" href=\"https:\/\/reginett.ee\/toode\/laadimisjaama-kate-2\/\" \/>\n<meta property=\"og:locale\" content=\"ru_RU\" \/>\n<meta property=\"og:type\" content=\"article\" \/>\n<meta property=\"og:title\" content=\"Laadimisjaama kate Husqvarna robotniidukile. Parimad robotniidukid\" \/>\n<meta property=\"og:description\" content=\"Husqvarna Automower\u00ae on m\u00f5eldud t\u00f6\u00f6tamiseks v\u00e4ga erinevates ilmastikutingimustes. Kaitsmaks tema elegantset v\u00e4lisviimistlust otsese p\u00e4ikese\" \/>\n<meta property=\"og:url\" content=\"https:\/\/reginett.ee\/toode\/laadimisjaama-kate-2\/\" \/>\n<meta property=\"og:site_name\" content=\"Reginett\" \/>\n<meta property=\"article:modified_time\" content=\"2022-05-15T12:20:49+00:00\" \/>\n<meta property=\"og:image\" content=\"https:\/\/reginett.ee\/wp-content\/uploads\/2020\/03\/Laadimisjaama-kate-scaled.jpg\" \/>\n\t<meta property=\"og:image:width\" content=\"2560\" \/>\n\t<meta property=\"og:image:height\" content=\"1999\" \/>\n\t<meta property=\"og:image:type\" content=\"image\/jpeg\" \/>\n<meta name=\"twitter:card\" content=\"summary_large_image\" \/>\n<script type=\"application\/ld+json\" class=\"yoast-schema-graph\">{\"@context\":\"https:\/\/schema.org\",\"@graph\":[{\"@type\":\"WebPage\",\"@id\":\"https:\/\/reginett.ee\/toode\/laadimisjaama-kate-2\/\",\"url\":\"https:\/\/reginett.ee\/toode\/laadimisjaama-kate-2\/\",\"name\":\"Laadimisjaama kate Husqvarna robotniidukile. Parimad robotniidukid\",\"isPartOf\":{\"@id\":\"https:\/\/reginett.ee\/#website\"},\"primaryImageOfPage\":{\"@id\":\"https:\/\/reginett.ee\/toode\/laadimisjaama-kate-2\/#primaryimage\"},\"image\":{\"@id\":\"https:\/\/reginett.ee\/toode\/laadimisjaama-kate-2\/#primaryimage\"},\"thumbnailUrl\":\"https:\/\/reginett.ee\/wp-content\/uploads\/2020\/03\/Laadimisjaama-kate-scaled.jpg\",\"datePublished\":\"2021-10-19T09:55:54+00:00\",\"dateModified\":\"2022-05-15T12:20:49+00:00\",\"description\":\"Husqvarna Automower\u00ae on m\u00f5eldud t\u00f6\u00f6tamiseks v\u00e4ga erinevates ilmastikutingimustes. Kaitsmaks tema elegantset v\u00e4lisviimistlust otsese p\u00e4ikese\",\"breadcrumb\":{\"@id\":\"https:\/\/reginett.ee\/toode\/laadimisjaama-kate-2\/#breadcrumb\"},\"inLanguage\":\"ru-RU\",\"potentialAction\":[{\"@type\":\"ReadAction\",\"target\":[\"https:\/\/reginett.ee\/toode\/laadimisjaama-kate-2\/\"]}]},{\"@type\":\"ImageObject\",\"inLanguage\":\"ru-RU\",\"@id\":\"https:\/\/reginett.ee\/toode\/laadimisjaama-kate-2\/#primaryimage\",\"url\":\"https:\/\/reginett.ee\/wp-content\/uploads\/2020\/03\/Laadimisjaama-kate-scaled.jpg\",\"contentUrl\":\"https:\/\/reginett.ee\/wp-content\/uploads\/2020\/03\/Laadimisjaama-kate-scaled.jpg\",\"width\":2560,\"height\":1999,\"caption\":\"laadimisjaama kate\"},{\"@type\":\"BreadcrumbList\",\"@id\":\"https:\/\/reginett.ee\/toode\/laadimisjaama-kate-2\/#breadcrumb\",\"itemListElement\":[{\"@type\":\"ListItem\",\"position\":1,\"name\":\"Home\",\"item\":\"https:\/\/reginett.ee\/ru\/\"},{\"@type\":\"ListItem\",\"position\":2,\"name\":\"Tooted\",\"item\":\"https:\/\/reginett.ee\/tooted\/\"},{\"@type\":\"ListItem\",\"position\":3,\"name\":\"Laadimisjaama kate\"}]},{\"@type\":\"WebSite\",\"@id\":\"https:\/\/reginett.ee\/#website\",\"url\":\"https:\/\/reginett.ee\/\",\"name\":\"Reginett\",\"description\":\"Parimad robotniidukid\",\"potentialAction\":[{\"@type\":\"SearchAction\",\"target\":{\"@type\":\"EntryPoint\",\"urlTemplate\":\"https:\/\/reginett.ee\/?s={search_term_string}\"},\"query-input\":{\"@type\":\"PropertyValueSpecification\",\"valueRequired\":true,\"valueName\":\"search_term_string\"}}],\"inLanguage\":\"ru-RU\"}]}<\/script>\n<!-- \/ Yoast SEO plugin. -->","yoast_head_json":{"title":"Laadimisjaama kate Husqvarna robotniidukile. Parimad robotniidukid","description":"Husqvarna Automower\u00ae on m\u00f5eldud t\u00f6\u00f6tamiseks v\u00e4ga erinevates ilmastikutingimustes. Kaitsmaks tema elegantset v\u00e4lisviimistlust otsese p\u00e4ikese","robots":{"index":"index","follow":"follow","max-snippet":"max-snippet:-1","max-image-preview":"max-image-preview:large","max-video-preview":"max-video-preview:-1"},"canonical":"https:\/\/reginett.ee\/toode\/laadimisjaama-kate-2\/","og_locale":"ru_RU","og_type":"article","og_title":"Laadimisjaama kate Husqvarna robotniidukile. Parimad robotniidukid","og_description":"Husqvarna Automower\u00ae on m\u00f5eldud t\u00f6\u00f6tamiseks v\u00e4ga erinevates ilmastikutingimustes. Kaitsmaks tema elegantset v\u00e4lisviimistlust otsese p\u00e4ikese","og_url":"https:\/\/reginett.ee\/toode\/laadimisjaama-kate-2\/","og_site_name":"Reginett","article_modified_time":"2022-05-15T12:20:49+00:00","og_image":[{"width":2560,"height":1999,"url":"https:\/\/reginett.ee\/wp-content\/uploads\/2020\/03\/Laadimisjaama-kate-scaled.jpg","type":"image\/jpeg"}],"twitter_card":"summary_large_image","schema":{"@context":"https:\/\/schema.org","@graph":[{"@type":"WebPage","@id":"https:\/\/reginett.ee\/toode\/laadimisjaama-kate-2\/","url":"https:\/\/reginett.ee\/toode\/laadimisjaama-kate-2\/","name":"Laadimisjaama kate Husqvarna robotniidukile. Parimad robotniidukid","isPartOf":{"@id":"https:\/\/reginett.ee\/#website"},"primaryImageOfPage":{"@id":"https:\/\/reginett.ee\/toode\/laadimisjaama-kate-2\/#primaryimage"},"image":{"@id":"https:\/\/reginett.ee\/toode\/laadimisjaama-kate-2\/#primaryimage"},"thumbnailUrl":"https:\/\/reginett.ee\/wp-content\/uploads\/2020\/03\/Laadimisjaama-kate-scaled.jpg","datePublished":"2021-10-19T09:55:54+00:00","dateModified":"2022-05-15T12:20:49+00:00","description":"Husqvarna Automower\u00ae on m\u00f5eldud t\u00f6\u00f6tamiseks v\u00e4ga erinevates ilmastikutingimustes. Kaitsmaks tema elegantset v\u00e4lisviimistlust otsese p\u00e4ikese","breadcrumb":{"@id":"https:\/\/reginett.ee\/toode\/laadimisjaama-kate-2\/#breadcrumb"},"inLanguage":"ru-RU","potentialAction":[{"@type":"ReadAction","target":["https:\/\/reginett.ee\/toode\/laadimisjaama-kate-2\/"]}]},{"@type":"ImageObject","inLanguage":"ru-RU","@id":"https:\/\/reginett.ee\/toode\/laadimisjaama-kate-2\/#primaryimage","url":"https:\/\/reginett.ee\/wp-content\/uploads\/2020\/03\/Laadimisjaama-kate-scaled.jpg","contentUrl":"https:\/\/reginett.ee\/wp-content\/uploads\/2020\/03\/Laadimisjaama-kate-scaled.jpg","width":2560,"height":1999,"caption":"laadimisjaama kate"},{"@type":"BreadcrumbList","@id":"https:\/\/reginett.ee\/toode\/laadimisjaama-kate-2\/#breadcrumb","itemListElement":[{"@type":"ListItem","position":1,"name":"Home","item":"https:\/\/reginett.ee\/ru\/"},{"@type":"ListItem","position":2,"name":"Tooted","item":"https:\/\/reginett.ee\/tooted\/"},{"@type":"ListItem","position":3,"name":"Laadimisjaama kate"}]},{"@type":"WebSite","@id":"https:\/\/reginett.ee\/#website","url":"https:\/\/reginett.ee\/","name":"Reginett","description":"Parimad robotniidukid","potentialAction":[{"@type":"SearchAction","target":{"@type":"EntryPoint","urlTemplate":"https:\/\/reginett.ee\/?s={search_term_string}"},"query-input":{"@type":"PropertyValueSpecification","valueRequired":true,"valueName":"search_term_string"}}],"inLanguage":"ru-RU"}]}},"brands":[],"_links":{"self":[{"href":"https:\/\/reginett.ee\/ru\/wp-json\/wp\/v2\/product\/50878","targetHints":{"allow":["GET"]}}],"collection":[{"href":"https:\/\/reginett.ee\/ru\/wp-json\/wp\/v2\/product"}],"about":[{"href":"https:\/\/reginett.ee\/ru\/wp-json\/wp\/v2\/types\/product"}],"replies":[{"embeddable":true,"href":"https:\/\/reginett.ee\/ru\/wp-json\/wp\/v2\/comments?post=50878"}],"wp:featuredmedia":[{"embeddable":true,"href":"https:\/\/reginett.ee\/ru\/wp-json\/wp\/v2\/media\/50877"}],"wp:attachment":[{"href":"https:\/\/reginett.ee\/ru\/wp-json\/wp\/v2\/media?parent=50878"}],"wp:term":[{"taxonomy":"pwb-brand","embeddable":true,"href":"https:\/\/reginett.ee\/ru\/wp-json\/wp\/v2\/pwb-brand?post=50878"},{"taxonomy":"product_brand","embeddable":true,"href":"https:\/\/reginett.ee\/ru\/wp-json\/wp\/v2\/product_brand?post=50878"},{"taxonomy":"product_cat","embeddable":true,"href":"https:\/\/reginett.ee\/ru\/wp-json\/wp\/v2\/product_cat?post=50878"},{"taxonomy":"product_tag","embeddable":true,"href":"https:\/\/reginett.ee\/ru\/wp-json\/wp\/v2\/product_tag?post=50878"}],"curies":[{"name":"wp","href":"https:\/\/api.w.org\/{rel}","templated":true}]}}