{"id":50876,"date":"2020-04-18T12:50:55","date_gmt":"2020-04-18T09:50:55","guid":{"rendered":"https:\/\/reginett.ee\/?post_type=product&#038;p=50876"},"modified":"2022-05-15T15:21:04","modified_gmt":"2022-05-15T12:21:04","slug":"laadimisjaama-kate","status":"publish","type":"product","link":"https:\/\/reginett.ee\/ru\/toode\/laadimisjaama-kate\/","title":{"rendered":"Laadimisjaama kate"},"content":{"rendered":"<p>Husqvarna Automower\u00ae on m\u00f5eldud t\u00f6\u00f6tamiseks v\u00e4ga erinevates ilmastikutingimustes. Kaitsmaks tema elegantset v\u00e4lisviimistlust otsese p\u00e4ikesevalguse ning vihma eest laadimise ajal, oleme v\u00e4lja t\u00f6\u00f6tanud v\u00e4ga funktsionaalse laadimisjaama katte. \u00dclest\u00f5stetav kate v\u00f5imaldab mugava ligip\u00e4\u00e4su niiduki klaviatuurile laadimise ajal. Ligip\u00e4\u00e4s \u00fchendusjuhtmetele katte tagaosas.<\/p>\n<p>Sobib 400- ja 500- seeria Husqvarna robotniidukitele.<\/p>\n","protected":false},"excerpt":{"rendered":"<p>Husqvarna Automower\u00ae on m\u00f5eldud t\u00f6\u00f6tamiseks v\u00e4ga erinevates ilmastikutingimustes. Kaitsmaks tema elegantset v\u00e4lisviimistlust otsese p\u00e4ikesevalguse ning vihma eest laadimise ajal, oleme v\u00e4lja t\u00f6\u00f6tanud v\u00e4ga funktsionaalse laadimisjaama katte. \u00dclest\u00f5stetav kate v\u00f5imaldab mugava ligip\u00e4\u00e4su niiduki klaviatuurile laadimise ajal. Ligip\u00e4\u00e4s \u00fchendusjuhtmetele katte tagaosas.<br \/>\nSobib 400- ja 500- seeria Husqvarna robotniidukitele.<\/p>\n","protected":false},"featured_media":50877,"comment_status":"open","ping_status":"closed","template":"","meta":{"_acf_changed":false,"_et_pb_use_builder":"","_et_pb_old_content":"","_et_gb_content_width":"","inline_featured_image":false},"pwb-brand":[],"product_brand":[],"product_cat":[37,19,120],"product_tag":[80,44],"class_list":{"0":"post-50876","1":"product","2":"type-product","3":"status-publish","4":"has-post-thumbnail","6":"product_cat-husqvarna","7":"product_cat-robotniidukid","8":"product_cat-robotniidukite-lisatarvikud","9":"product_tag-laadimisjaama-kate","10":"product_tag-robotniiduk","11":"product_shipping_class-rasked-asjad","13":"first","14":"instock","15":"shipping-taxable","16":"purchasable","17":"product-type-simple"},"acf":[],"yoast_head":"<!-- This site is optimized with the Yoast SEO plugin v26.6 - https:\/\/yoast.com\/wordpress\/plugins\/seo\/ -->\n<title>Laadimisjaama kate - Reginett<\/title>\n<meta name=\"robots\" content=\"index, follow, max-snippet:-1, max-image-preview:large, max-video-preview:-1\" \/>\n<link rel=\"canonical\" href=\"https:\/\/reginett.ee\/toode\/laadimisjaama-kate\/\" \/>\n<meta property=\"og:locale\" content=\"ru_RU\" \/>\n<meta property=\"og:type\" content=\"article\" \/>\n<meta property=\"og:title\" content=\"Laadimisjaama kate - Reginett\" \/>\n<meta property=\"og:description\" content=\"Husqvarna Automower\u00ae on m\u00f5eldud t\u00f6\u00f6tamiseks v\u00e4ga erinevates ilmastikutingimustes. Kaitsmaks tema elegantset v\u00e4lisviimistlust otsese p\u00e4ikesevalguse ning vihma eest laadimise ajal, oleme v\u00e4lja t\u00f6\u00f6tanud v\u00e4ga funktsionaalse laadimisjaama katte. \u00dclest\u00f5stetav kate v\u00f5imaldab mugava ligip\u00e4\u00e4su niiduki klaviatuurile laadimise ajal. Ligip\u00e4\u00e4s \u00fchendusjuhtmetele katte tagaosas. Sobib 400- ja 500- seeria Husqvarna robotniidukitele.\" \/>\n<meta property=\"og:url\" content=\"https:\/\/reginett.ee\/toode\/laadimisjaama-kate\/\" \/>\n<meta property=\"og:site_name\" content=\"Reginett\" \/>\n<meta property=\"article:modified_time\" content=\"2022-05-15T12:21:04+00:00\" \/>\n<meta property=\"og:image\" content=\"https:\/\/reginett.ee\/wp-content\/uploads\/2020\/03\/Laadimisjaama-kate-scaled.jpg\" \/>\n\t<meta property=\"og:image:width\" content=\"2560\" \/>\n\t<meta property=\"og:image:height\" content=\"1999\" \/>\n\t<meta property=\"og:image:type\" content=\"image\/jpeg\" \/>\n<meta name=\"twitter:card\" content=\"summary_large_image\" \/>\n<script type=\"application\/ld+json\" class=\"yoast-schema-graph\">{\"@context\":\"https:\/\/schema.org\",\"@graph\":[{\"@type\":\"WebPage\",\"@id\":\"https:\/\/reginett.ee\/toode\/laadimisjaama-kate\/\",\"url\":\"https:\/\/reginett.ee\/toode\/laadimisjaama-kate\/\",\"name\":\"Laadimisjaama kate - Reginett\",\"isPartOf\":{\"@id\":\"https:\/\/reginett.ee\/#website\"},\"primaryImageOfPage\":{\"@id\":\"https:\/\/reginett.ee\/toode\/laadimisjaama-kate\/#primaryimage\"},\"image\":{\"@id\":\"https:\/\/reginett.ee\/toode\/laadimisjaama-kate\/#primaryimage\"},\"thumbnailUrl\":\"https:\/\/reginett.ee\/wp-content\/uploads\/2020\/03\/Laadimisjaama-kate-scaled.jpg\",\"datePublished\":\"2020-04-18T09:50:55+00:00\",\"dateModified\":\"2022-05-15T12:21:04+00:00\",\"breadcrumb\":{\"@id\":\"https:\/\/reginett.ee\/toode\/laadimisjaama-kate\/#breadcrumb\"},\"inLanguage\":\"ru-RU\",\"potentialAction\":[{\"@type\":\"ReadAction\",\"target\":[\"https:\/\/reginett.ee\/toode\/laadimisjaama-kate\/\"]}]},{\"@type\":\"ImageObject\",\"inLanguage\":\"ru-RU\",\"@id\":\"https:\/\/reginett.ee\/toode\/laadimisjaama-kate\/#primaryimage\",\"url\":\"https:\/\/reginett.ee\/wp-content\/uploads\/2020\/03\/Laadimisjaama-kate-scaled.jpg\",\"contentUrl\":\"https:\/\/reginett.ee\/wp-content\/uploads\/2020\/03\/Laadimisjaama-kate-scaled.jpg\",\"width\":2560,\"height\":1999,\"caption\":\"laadimisjaama kate\"},{\"@type\":\"BreadcrumbList\",\"@id\":\"https:\/\/reginett.ee\/toode\/laadimisjaama-kate\/#breadcrumb\",\"itemListElement\":[{\"@type\":\"ListItem\",\"position\":1,\"name\":\"Home\",\"item\":\"https:\/\/reginett.ee\/ru\/\"},{\"@type\":\"ListItem\",\"position\":2,\"name\":\"Tooted\",\"item\":\"https:\/\/reginett.ee\/tooted\/\"},{\"@type\":\"ListItem\",\"position\":3,\"name\":\"Laadimisjaama kate\"}]},{\"@type\":\"WebSite\",\"@id\":\"https:\/\/reginett.ee\/#website\",\"url\":\"https:\/\/reginett.ee\/\",\"name\":\"Reginett\",\"description\":\"Parimad robotniidukid\",\"potentialAction\":[{\"@type\":\"SearchAction\",\"target\":{\"@type\":\"EntryPoint\",\"urlTemplate\":\"https:\/\/reginett.ee\/?s={search_term_string}\"},\"query-input\":{\"@type\":\"PropertyValueSpecification\",\"valueRequired\":true,\"valueName\":\"search_term_string\"}}],\"inLanguage\":\"ru-RU\"}]}<\/script>\n<!-- \/ Yoast SEO plugin. -->","yoast_head_json":{"title":"Laadimisjaama kate - Reginett","robots":{"index":"index","follow":"follow","max-snippet":"max-snippet:-1","max-image-preview":"max-image-preview:large","max-video-preview":"max-video-preview:-1"},"canonical":"https:\/\/reginett.ee\/toode\/laadimisjaama-kate\/","og_locale":"ru_RU","og_type":"article","og_title":"Laadimisjaama kate - Reginett","og_description":"Husqvarna Automower\u00ae on m\u00f5eldud t\u00f6\u00f6tamiseks v\u00e4ga erinevates ilmastikutingimustes. Kaitsmaks tema elegantset v\u00e4lisviimistlust otsese p\u00e4ikesevalguse ning vihma eest laadimise ajal, oleme v\u00e4lja t\u00f6\u00f6tanud v\u00e4ga funktsionaalse laadimisjaama katte. \u00dclest\u00f5stetav kate v\u00f5imaldab mugava ligip\u00e4\u00e4su niiduki klaviatuurile laadimise ajal. Ligip\u00e4\u00e4s \u00fchendusjuhtmetele katte tagaosas. Sobib 400- ja 500- seeria Husqvarna robotniidukitele.","og_url":"https:\/\/reginett.ee\/toode\/laadimisjaama-kate\/","og_site_name":"Reginett","article_modified_time":"2022-05-15T12:21:04+00:00","og_image":[{"width":2560,"height":1999,"url":"https:\/\/reginett.ee\/wp-content\/uploads\/2020\/03\/Laadimisjaama-kate-scaled.jpg","type":"image\/jpeg"}],"twitter_card":"summary_large_image","schema":{"@context":"https:\/\/schema.org","@graph":[{"@type":"WebPage","@id":"https:\/\/reginett.ee\/toode\/laadimisjaama-kate\/","url":"https:\/\/reginett.ee\/toode\/laadimisjaama-kate\/","name":"Laadimisjaama kate - Reginett","isPartOf":{"@id":"https:\/\/reginett.ee\/#website"},"primaryImageOfPage":{"@id":"https:\/\/reginett.ee\/toode\/laadimisjaama-kate\/#primaryimage"},"image":{"@id":"https:\/\/reginett.ee\/toode\/laadimisjaama-kate\/#primaryimage"},"thumbnailUrl":"https:\/\/reginett.ee\/wp-content\/uploads\/2020\/03\/Laadimisjaama-kate-scaled.jpg","datePublished":"2020-04-18T09:50:55+00:00","dateModified":"2022-05-15T12:21:04+00:00","breadcrumb":{"@id":"https:\/\/reginett.ee\/toode\/laadimisjaama-kate\/#breadcrumb"},"inLanguage":"ru-RU","potentialAction":[{"@type":"ReadAction","target":["https:\/\/reginett.ee\/toode\/laadimisjaama-kate\/"]}]},{"@type":"ImageObject","inLanguage":"ru-RU","@id":"https:\/\/reginett.ee\/toode\/laadimisjaama-kate\/#primaryimage","url":"https:\/\/reginett.ee\/wp-content\/uploads\/2020\/03\/Laadimisjaama-kate-scaled.jpg","contentUrl":"https:\/\/reginett.ee\/wp-content\/uploads\/2020\/03\/Laadimisjaama-kate-scaled.jpg","width":2560,"height":1999,"caption":"laadimisjaama kate"},{"@type":"BreadcrumbList","@id":"https:\/\/reginett.ee\/toode\/laadimisjaama-kate\/#breadcrumb","itemListElement":[{"@type":"ListItem","position":1,"name":"Home","item":"https:\/\/reginett.ee\/ru\/"},{"@type":"ListItem","position":2,"name":"Tooted","item":"https:\/\/reginett.ee\/tooted\/"},{"@type":"ListItem","position":3,"name":"Laadimisjaama kate"}]},{"@type":"WebSite","@id":"https:\/\/reginett.ee\/#website","url":"https:\/\/reginett.ee\/","name":"Reginett","description":"Parimad robotniidukid","potentialAction":[{"@type":"SearchAction","target":{"@type":"EntryPoint","urlTemplate":"https:\/\/reginett.ee\/?s={search_term_string}"},"query-input":{"@type":"PropertyValueSpecification","valueRequired":true,"valueName":"search_term_string"}}],"inLanguage":"ru-RU"}]}},"brands":[],"_links":{"self":[{"href":"https:\/\/reginett.ee\/ru\/wp-json\/wp\/v2\/product\/50876","targetHints":{"allow":["GET"]}}],"collection":[{"href":"https:\/\/reginett.ee\/ru\/wp-json\/wp\/v2\/product"}],"about":[{"href":"https:\/\/reginett.ee\/ru\/wp-json\/wp\/v2\/types\/product"}],"replies":[{"embeddable":true,"href":"https:\/\/reginett.ee\/ru\/wp-json\/wp\/v2\/comments?post=50876"}],"wp:featuredmedia":[{"embeddable":true,"href":"https:\/\/reginett.ee\/ru\/wp-json\/wp\/v2\/media\/50877"}],"wp:attachment":[{"href":"https:\/\/reginett.ee\/ru\/wp-json\/wp\/v2\/media?parent=50876"}],"wp:term":[{"taxonomy":"pwb-brand","embeddable":true,"href":"https:\/\/reginett.ee\/ru\/wp-json\/wp\/v2\/pwb-brand?post=50876"},{"taxonomy":"product_brand","embeddable":true,"href":"https:\/\/reginett.ee\/ru\/wp-json\/wp\/v2\/product_brand?post=50876"},{"taxonomy":"product_cat","embeddable":true,"href":"https:\/\/reginett.ee\/ru\/wp-json\/wp\/v2\/product_cat?post=50876"},{"taxonomy":"product_tag","embeddable":true,"href":"https:\/\/reginett.ee\/ru\/wp-json\/wp\/v2\/product_tag?post=50876"}],"curies":[{"name":"wp","href":"https:\/\/api.w.org\/{rel}","templated":true}]}}