{"id":50859,"date":"2020-03-18T18:50:23","date_gmt":"2020-03-18T15:50:23","guid":{"rendered":"https:\/\/reginett.ee\/?post_type=product&#038;p=50859"},"modified":"2024-01-03T13:23:02","modified_gmt":"2024-01-03T10:23:02","slug":"akulaadija-husqvarna-qc500","status":"publish","type":"product","link":"https:\/\/reginett.ee\/ru\/toode\/akulaadija-husqvarna-qc500\/","title":{"rendered":"Akulaadija Husqvarna QC500"},"content":{"rendered":"<p>Husqvarna akulaadija QC500 on eelk\u00f5ige BLi300 akude ja seljakottakude kiireks laadimiseks. V\u00e4ljundv\u00f5imsus 500W aktiivse akude jahutusega, laeb akud t\u00e4is kuni 50% kiiremini, kui meie QC 330 laadija, v\u00e4hendades seisakuaega ja seel\u00e4bi t\u00f5stes tootlikkust.<\/p>\n","protected":false},"excerpt":{"rendered":"<p>Husqvarna akulaadija QC500 on eelk\u00f5ige BLi300 akude ja seljakottakude kiireks laadimiseks.<\/p>\n","protected":false},"featured_media":50860,"comment_status":"open","ping_status":"closed","template":"","meta":{"_acf_changed":false,"_et_pb_use_builder":"","_et_pb_old_content":"","_et_gb_content_width":"","inline_featured_image":false},"pwb-brand":[],"product_brand":[],"product_cat":[48,37],"product_tag":[73,75,74],"class_list":{"0":"post-50859","1":"product","2":"type-product","3":"status-publish","4":"has-post-thumbnail","6":"product_cat-akutooted","7":"product_cat-husqvarna","8":"product_tag-aku","9":"product_tag-akulaadija","10":"product_tag-akutooriistad","12":"first","13":"instock","14":"shipping-taxable","15":"purchasable","16":"product-type-simple"},"acf":[],"yoast_head":"<!-- This site is optimized with the Yoast SEO plugin v26.6 - https:\/\/yoast.com\/wordpress\/plugins\/seo\/ -->\n<title>Akulaadija Husqvarna QC500 - Reginett<\/title>\n<meta name=\"robots\" content=\"index, follow, max-snippet:-1, max-image-preview:large, max-video-preview:-1\" \/>\n<link rel=\"canonical\" href=\"https:\/\/reginett.ee\/toode\/akulaadija-husqvarna-qc500\/\" \/>\n<meta property=\"og:locale\" content=\"ru_RU\" \/>\n<meta property=\"og:type\" content=\"article\" \/>\n<meta property=\"og:title\" content=\"Akulaadija Husqvarna QC500 - Reginett\" \/>\n<meta property=\"og:description\" content=\"Husqvarna akulaadija QC500 on eelk\u00f5ige BLi300 akude ja seljakottakude kiireks laadimiseks.\" \/>\n<meta property=\"og:url\" content=\"https:\/\/reginett.ee\/toode\/akulaadija-husqvarna-qc500\/\" \/>\n<meta property=\"og:site_name\" content=\"Reginett\" \/>\n<meta property=\"article:modified_time\" content=\"2024-01-03T10:23:02+00:00\" \/>\n<meta property=\"og:image\" content=\"https:\/\/reginett.ee\/wp-content\/uploads\/2020\/03\/Husqvarna-QC500-scaled.jpg\" \/>\n\t<meta property=\"og:image:width\" content=\"2560\" \/>\n\t<meta property=\"og:image:height\" content=\"1513\" \/>\n\t<meta property=\"og:image:type\" content=\"image\/jpeg\" \/>\n<meta name=\"twitter:card\" content=\"summary_large_image\" \/>\n<script type=\"application\/ld+json\" class=\"yoast-schema-graph\">{\"@context\":\"https:\/\/schema.org\",\"@graph\":[{\"@type\":\"WebPage\",\"@id\":\"https:\/\/reginett.ee\/toode\/akulaadija-husqvarna-qc500\/\",\"url\":\"https:\/\/reginett.ee\/toode\/akulaadija-husqvarna-qc500\/\",\"name\":\"Akulaadija Husqvarna QC500 - Reginett\",\"isPartOf\":{\"@id\":\"https:\/\/reginett.ee\/#website\"},\"primaryImageOfPage\":{\"@id\":\"https:\/\/reginett.ee\/toode\/akulaadija-husqvarna-qc500\/#primaryimage\"},\"image\":{\"@id\":\"https:\/\/reginett.ee\/toode\/akulaadija-husqvarna-qc500\/#primaryimage\"},\"thumbnailUrl\":\"https:\/\/reginett.ee\/wp-content\/uploads\/2020\/03\/Husqvarna-QC500-scaled.jpg\",\"datePublished\":\"2020-03-18T15:50:23+00:00\",\"dateModified\":\"2024-01-03T10:23:02+00:00\",\"breadcrumb\":{\"@id\":\"https:\/\/reginett.ee\/toode\/akulaadija-husqvarna-qc500\/#breadcrumb\"},\"inLanguage\":\"ru-RU\",\"potentialAction\":[{\"@type\":\"ReadAction\",\"target\":[\"https:\/\/reginett.ee\/toode\/akulaadija-husqvarna-qc500\/\"]}]},{\"@type\":\"ImageObject\",\"inLanguage\":\"ru-RU\",\"@id\":\"https:\/\/reginett.ee\/toode\/akulaadija-husqvarna-qc500\/#primaryimage\",\"url\":\"https:\/\/reginett.ee\/wp-content\/uploads\/2020\/03\/Husqvarna-QC500-scaled.jpg\",\"contentUrl\":\"https:\/\/reginett.ee\/wp-content\/uploads\/2020\/03\/Husqvarna-QC500-scaled.jpg\",\"width\":2560,\"height\":1513,\"caption\":\"Husqvarna QC500\"},{\"@type\":\"BreadcrumbList\",\"@id\":\"https:\/\/reginett.ee\/toode\/akulaadija-husqvarna-qc500\/#breadcrumb\",\"itemListElement\":[{\"@type\":\"ListItem\",\"position\":1,\"name\":\"Home\",\"item\":\"https:\/\/reginett.ee\/ru\/\"},{\"@type\":\"ListItem\",\"position\":2,\"name\":\"Tooted\",\"item\":\"https:\/\/reginett.ee\/tooted\/\"},{\"@type\":\"ListItem\",\"position\":3,\"name\":\"Akulaadija Husqvarna QC500\"}]},{\"@type\":\"WebSite\",\"@id\":\"https:\/\/reginett.ee\/#website\",\"url\":\"https:\/\/reginett.ee\/\",\"name\":\"Reginett\",\"description\":\"Parimad robotniidukid\",\"potentialAction\":[{\"@type\":\"SearchAction\",\"target\":{\"@type\":\"EntryPoint\",\"urlTemplate\":\"https:\/\/reginett.ee\/?s={search_term_string}\"},\"query-input\":{\"@type\":\"PropertyValueSpecification\",\"valueRequired\":true,\"valueName\":\"search_term_string\"}}],\"inLanguage\":\"ru-RU\"}]}<\/script>\n<!-- \/ Yoast SEO plugin. -->","yoast_head_json":{"title":"Akulaadija Husqvarna QC500 - Reginett","robots":{"index":"index","follow":"follow","max-snippet":"max-snippet:-1","max-image-preview":"max-image-preview:large","max-video-preview":"max-video-preview:-1"},"canonical":"https:\/\/reginett.ee\/toode\/akulaadija-husqvarna-qc500\/","og_locale":"ru_RU","og_type":"article","og_title":"Akulaadija Husqvarna QC500 - Reginett","og_description":"Husqvarna akulaadija QC500 on eelk\u00f5ige BLi300 akude ja seljakottakude kiireks laadimiseks.","og_url":"https:\/\/reginett.ee\/toode\/akulaadija-husqvarna-qc500\/","og_site_name":"Reginett","article_modified_time":"2024-01-03T10:23:02+00:00","og_image":[{"width":2560,"height":1513,"url":"https:\/\/reginett.ee\/wp-content\/uploads\/2020\/03\/Husqvarna-QC500-scaled.jpg","type":"image\/jpeg"}],"twitter_card":"summary_large_image","schema":{"@context":"https:\/\/schema.org","@graph":[{"@type":"WebPage","@id":"https:\/\/reginett.ee\/toode\/akulaadija-husqvarna-qc500\/","url":"https:\/\/reginett.ee\/toode\/akulaadija-husqvarna-qc500\/","name":"Akulaadija Husqvarna QC500 - Reginett","isPartOf":{"@id":"https:\/\/reginett.ee\/#website"},"primaryImageOfPage":{"@id":"https:\/\/reginett.ee\/toode\/akulaadija-husqvarna-qc500\/#primaryimage"},"image":{"@id":"https:\/\/reginett.ee\/toode\/akulaadija-husqvarna-qc500\/#primaryimage"},"thumbnailUrl":"https:\/\/reginett.ee\/wp-content\/uploads\/2020\/03\/Husqvarna-QC500-scaled.jpg","datePublished":"2020-03-18T15:50:23+00:00","dateModified":"2024-01-03T10:23:02+00:00","breadcrumb":{"@id":"https:\/\/reginett.ee\/toode\/akulaadija-husqvarna-qc500\/#breadcrumb"},"inLanguage":"ru-RU","potentialAction":[{"@type":"ReadAction","target":["https:\/\/reginett.ee\/toode\/akulaadija-husqvarna-qc500\/"]}]},{"@type":"ImageObject","inLanguage":"ru-RU","@id":"https:\/\/reginett.ee\/toode\/akulaadija-husqvarna-qc500\/#primaryimage","url":"https:\/\/reginett.ee\/wp-content\/uploads\/2020\/03\/Husqvarna-QC500-scaled.jpg","contentUrl":"https:\/\/reginett.ee\/wp-content\/uploads\/2020\/03\/Husqvarna-QC500-scaled.jpg","width":2560,"height":1513,"caption":"Husqvarna QC500"},{"@type":"BreadcrumbList","@id":"https:\/\/reginett.ee\/toode\/akulaadija-husqvarna-qc500\/#breadcrumb","itemListElement":[{"@type":"ListItem","position":1,"name":"Home","item":"https:\/\/reginett.ee\/ru\/"},{"@type":"ListItem","position":2,"name":"Tooted","item":"https:\/\/reginett.ee\/tooted\/"},{"@type":"ListItem","position":3,"name":"Akulaadija Husqvarna QC500"}]},{"@type":"WebSite","@id":"https:\/\/reginett.ee\/#website","url":"https:\/\/reginett.ee\/","name":"Reginett","description":"Parimad robotniidukid","potentialAction":[{"@type":"SearchAction","target":{"@type":"EntryPoint","urlTemplate":"https:\/\/reginett.ee\/?s={search_term_string}"},"query-input":{"@type":"PropertyValueSpecification","valueRequired":true,"valueName":"search_term_string"}}],"inLanguage":"ru-RU"}]}},"brands":[],"_links":{"self":[{"href":"https:\/\/reginett.ee\/ru\/wp-json\/wp\/v2\/product\/50859","targetHints":{"allow":["GET"]}}],"collection":[{"href":"https:\/\/reginett.ee\/ru\/wp-json\/wp\/v2\/product"}],"about":[{"href":"https:\/\/reginett.ee\/ru\/wp-json\/wp\/v2\/types\/product"}],"replies":[{"embeddable":true,"href":"https:\/\/reginett.ee\/ru\/wp-json\/wp\/v2\/comments?post=50859"}],"wp:featuredmedia":[{"embeddable":true,"href":"https:\/\/reginett.ee\/ru\/wp-json\/wp\/v2\/media\/50860"}],"wp:attachment":[{"href":"https:\/\/reginett.ee\/ru\/wp-json\/wp\/v2\/media?parent=50859"}],"wp:term":[{"taxonomy":"pwb-brand","embeddable":true,"href":"https:\/\/reginett.ee\/ru\/wp-json\/wp\/v2\/pwb-brand?post=50859"},{"taxonomy":"product_brand","embeddable":true,"href":"https:\/\/reginett.ee\/ru\/wp-json\/wp\/v2\/product_brand?post=50859"},{"taxonomy":"product_cat","embeddable":true,"href":"https:\/\/reginett.ee\/ru\/wp-json\/wp\/v2\/product_cat?post=50859"},{"taxonomy":"product_tag","embeddable":true,"href":"https:\/\/reginett.ee\/ru\/wp-json\/wp\/v2\/product_tag?post=50859"}],"curies":[{"name":"wp","href":"https:\/\/api.w.org\/{rel}","templated":true}]}}