{"id":50854,"date":"2020-03-18T18:33:35","date_gmt":"2020-03-18T15:33:35","guid":{"rendered":"https:\/\/reginett.ee\/?post_type=product&#038;p=50854"},"modified":"2023-05-05T16:28:17","modified_gmt":"2023-05-05T13:28:17","slug":"aku-husqvarna-bli300-94-ah","status":"publish","type":"product","link":"https:\/\/reginett.ee\/ru\/toode\/aku-husqvarna-bli300-94-ah\/","title":{"rendered":"Aku Husqvarna BLi300 9,4 Ah"},"content":{"rendered":"<p>Eriti suure v\u00f5imsusega professionaalseks kasutuseks m\u00f5eldud aku. Pikendatud t\u00f6\u00f6ajaks ja kasutamiseks erinevates ilmastikutingimustes. Mugav v\u00f5imalus pikendada t\u00f6\u00f6aega ilma seljakottakusse investeerimata. Efektiivne jahutus ning nutikas nelja LED tulega aku laetuse taseme indikaator.<\/p>\n<p>Aku mahtuvus<br \/>\n<strong>9.4 Ah<\/strong><\/p>\n<p>Aku mark<br \/>\n<strong>Li-Ion<\/strong><\/p>\n<p>Aku pinge<br \/>\n<strong>36 V<\/strong><\/p>\n","protected":false},"excerpt":{"rendered":"<p>Eriti suure v\u00f5imsusega professionaalseks kasutuseks m\u00f5eldud aku. Pikendatud t\u00f6\u00f6ajaks ja kasutamiseks erinevates ilmastikutingimustes. Mugav v\u00f5imalus pikendada t\u00f6\u00f6aega ilma seljakottakusse investeerimata. Efektiivne jahutus ning nutikas nelja LED tulega aku laetuse taseme indikaator.<\/p>\n","protected":false},"featured_media":52838,"comment_status":"open","ping_status":"closed","template":"","meta":{"_acf_changed":false,"_et_pb_use_builder":"","_et_pb_old_content":"","_et_gb_content_width":"","inline_featured_image":false},"pwb-brand":[147],"product_brand":[],"product_cat":[48,37],"product_tag":[73,74],"class_list":{"0":"post-50854","1":"product","2":"type-product","3":"status-publish","4":"has-post-thumbnail","6":"pwb-brand-husqvarna","7":"product_cat-akutooted","8":"product_cat-husqvarna","9":"product_tag-aku","10":"product_tag-akutooriistad","12":"first","13":"instock","14":"shipping-taxable","15":"purchasable","16":"product-type-simple"},"acf":[],"yoast_head":"<!-- This site is optimized with the Yoast SEO plugin v26.6 - https:\/\/yoast.com\/wordpress\/plugins\/seo\/ -->\n<title>Aku Husqvarna BLi300 9,4 Ah<\/title>\n<meta name=\"robots\" content=\"index, follow, max-snippet:-1, max-image-preview:large, max-video-preview:-1\" \/>\n<link rel=\"canonical\" href=\"https:\/\/reginett.ee\/toode\/aku-husqvarna-bli300-94-ah\/\" \/>\n<meta property=\"og:locale\" content=\"ru_RU\" \/>\n<meta property=\"og:type\" content=\"article\" \/>\n<meta property=\"og:title\" content=\"Aku Husqvarna BLi300 9,4 Ah\" \/>\n<meta property=\"og:description\" content=\"Eriti suure v\u00f5imsusega professionaalseks kasutuseks m\u00f5eldud aku. Pikendatud t\u00f6\u00f6ajaks ja kasutamiseks erinevates ilmastikutingimustes. Mugav v\u00f5imalus pikendada t\u00f6\u00f6aega ilma seljakottakusse investeerimata. Efektiivne jahutus ning nutikas nelja LED tulega aku laetuse taseme indikaator.\" \/>\n<meta property=\"og:url\" content=\"https:\/\/reginett.ee\/toode\/aku-husqvarna-bli300-94-ah\/\" \/>\n<meta property=\"og:site_name\" content=\"Reginett\" \/>\n<meta property=\"article:modified_time\" content=\"2023-05-05T13:28:17+00:00\" \/>\n<meta property=\"og:image\" content=\"https:\/\/reginett.ee\/wp-content\/uploads\/2020\/03\/Husqvarna-Bli300.jpg\" \/>\n\t<meta property=\"og:image:width\" content=\"680\" \/>\n\t<meta property=\"og:image:height\" content=\"372\" \/>\n\t<meta property=\"og:image:type\" content=\"image\/jpeg\" \/>\n<meta name=\"twitter:card\" content=\"summary_large_image\" \/>\n<meta name=\"twitter:label1\" content=\"\u041f\u0440\u0438\u043c\u0435\u0440\u043d\u043e\u0435 \u0432\u0440\u0435\u043c\u044f \u0434\u043b\u044f \u0447\u0442\u0435\u043d\u0438\u044f\" \/>\n\t<meta name=\"twitter:data1\" content=\"1 \u043c\u0438\u043d\u0443\u0442\u0430\" \/>\n<script type=\"application\/ld+json\" class=\"yoast-schema-graph\">{\"@context\":\"https:\/\/schema.org\",\"@graph\":[{\"@type\":\"WebPage\",\"@id\":\"https:\/\/reginett.ee\/toode\/aku-husqvarna-bli300-94-ah\/\",\"url\":\"https:\/\/reginett.ee\/toode\/aku-husqvarna-bli300-94-ah\/\",\"name\":\"Aku Husqvarna BLi300 9,4 Ah\",\"isPartOf\":{\"@id\":\"https:\/\/reginett.ee\/#website\"},\"primaryImageOfPage\":{\"@id\":\"https:\/\/reginett.ee\/toode\/aku-husqvarna-bli300-94-ah\/#primaryimage\"},\"image\":{\"@id\":\"https:\/\/reginett.ee\/toode\/aku-husqvarna-bli300-94-ah\/#primaryimage\"},\"thumbnailUrl\":\"https:\/\/reginett.ee\/wp-content\/uploads\/2020\/03\/Husqvarna-Bli300.jpg\",\"datePublished\":\"2020-03-18T15:33:35+00:00\",\"dateModified\":\"2023-05-05T13:28:17+00:00\",\"breadcrumb\":{\"@id\":\"https:\/\/reginett.ee\/toode\/aku-husqvarna-bli300-94-ah\/#breadcrumb\"},\"inLanguage\":\"ru-RU\",\"potentialAction\":[{\"@type\":\"ReadAction\",\"target\":[\"https:\/\/reginett.ee\/toode\/aku-husqvarna-bli300-94-ah\/\"]}]},{\"@type\":\"ImageObject\",\"inLanguage\":\"ru-RU\",\"@id\":\"https:\/\/reginett.ee\/toode\/aku-husqvarna-bli300-94-ah\/#primaryimage\",\"url\":\"https:\/\/reginett.ee\/wp-content\/uploads\/2020\/03\/Husqvarna-Bli300.jpg\",\"contentUrl\":\"https:\/\/reginett.ee\/wp-content\/uploads\/2020\/03\/Husqvarna-Bli300.jpg\",\"width\":680,\"height\":372,\"caption\":\"Husqvarna Bli300\"},{\"@type\":\"BreadcrumbList\",\"@id\":\"https:\/\/reginett.ee\/toode\/aku-husqvarna-bli300-94-ah\/#breadcrumb\",\"itemListElement\":[{\"@type\":\"ListItem\",\"position\":1,\"name\":\"Home\",\"item\":\"https:\/\/reginett.ee\/ru\/\"},{\"@type\":\"ListItem\",\"position\":2,\"name\":\"Tooted\",\"item\":\"https:\/\/reginett.ee\/tooted\/\"},{\"@type\":\"ListItem\",\"position\":3,\"name\":\"Aku Husqvarna BLi300 9,4 Ah\"}]},{\"@type\":\"WebSite\",\"@id\":\"https:\/\/reginett.ee\/#website\",\"url\":\"https:\/\/reginett.ee\/\",\"name\":\"Reginett\",\"description\":\"Parimad robotniidukid\",\"potentialAction\":[{\"@type\":\"SearchAction\",\"target\":{\"@type\":\"EntryPoint\",\"urlTemplate\":\"https:\/\/reginett.ee\/?s={search_term_string}\"},\"query-input\":{\"@type\":\"PropertyValueSpecification\",\"valueRequired\":true,\"valueName\":\"search_term_string\"}}],\"inLanguage\":\"ru-RU\"}]}<\/script>\n<!-- \/ Yoast SEO plugin. -->","yoast_head_json":{"title":"Aku Husqvarna BLi300 9,4 Ah","robots":{"index":"index","follow":"follow","max-snippet":"max-snippet:-1","max-image-preview":"max-image-preview:large","max-video-preview":"max-video-preview:-1"},"canonical":"https:\/\/reginett.ee\/toode\/aku-husqvarna-bli300-94-ah\/","og_locale":"ru_RU","og_type":"article","og_title":"Aku Husqvarna BLi300 9,4 Ah","og_description":"Eriti suure v\u00f5imsusega professionaalseks kasutuseks m\u00f5eldud aku. Pikendatud t\u00f6\u00f6ajaks ja kasutamiseks erinevates ilmastikutingimustes. Mugav v\u00f5imalus pikendada t\u00f6\u00f6aega ilma seljakottakusse investeerimata. Efektiivne jahutus ning nutikas nelja LED tulega aku laetuse taseme indikaator.","og_url":"https:\/\/reginett.ee\/toode\/aku-husqvarna-bli300-94-ah\/","og_site_name":"Reginett","article_modified_time":"2023-05-05T13:28:17+00:00","og_image":[{"width":680,"height":372,"url":"https:\/\/reginett.ee\/wp-content\/uploads\/2020\/03\/Husqvarna-Bli300.jpg","type":"image\/jpeg"}],"twitter_card":"summary_large_image","twitter_misc":{"\u041f\u0440\u0438\u043c\u0435\u0440\u043d\u043e\u0435 \u0432\u0440\u0435\u043c\u044f \u0434\u043b\u044f \u0447\u0442\u0435\u043d\u0438\u044f":"1 \u043c\u0438\u043d\u0443\u0442\u0430"},"schema":{"@context":"https:\/\/schema.org","@graph":[{"@type":"WebPage","@id":"https:\/\/reginett.ee\/toode\/aku-husqvarna-bli300-94-ah\/","url":"https:\/\/reginett.ee\/toode\/aku-husqvarna-bli300-94-ah\/","name":"Aku Husqvarna BLi300 9,4 Ah","isPartOf":{"@id":"https:\/\/reginett.ee\/#website"},"primaryImageOfPage":{"@id":"https:\/\/reginett.ee\/toode\/aku-husqvarna-bli300-94-ah\/#primaryimage"},"image":{"@id":"https:\/\/reginett.ee\/toode\/aku-husqvarna-bli300-94-ah\/#primaryimage"},"thumbnailUrl":"https:\/\/reginett.ee\/wp-content\/uploads\/2020\/03\/Husqvarna-Bli300.jpg","datePublished":"2020-03-18T15:33:35+00:00","dateModified":"2023-05-05T13:28:17+00:00","breadcrumb":{"@id":"https:\/\/reginett.ee\/toode\/aku-husqvarna-bli300-94-ah\/#breadcrumb"},"inLanguage":"ru-RU","potentialAction":[{"@type":"ReadAction","target":["https:\/\/reginett.ee\/toode\/aku-husqvarna-bli300-94-ah\/"]}]},{"@type":"ImageObject","inLanguage":"ru-RU","@id":"https:\/\/reginett.ee\/toode\/aku-husqvarna-bli300-94-ah\/#primaryimage","url":"https:\/\/reginett.ee\/wp-content\/uploads\/2020\/03\/Husqvarna-Bli300.jpg","contentUrl":"https:\/\/reginett.ee\/wp-content\/uploads\/2020\/03\/Husqvarna-Bli300.jpg","width":680,"height":372,"caption":"Husqvarna Bli300"},{"@type":"BreadcrumbList","@id":"https:\/\/reginett.ee\/toode\/aku-husqvarna-bli300-94-ah\/#breadcrumb","itemListElement":[{"@type":"ListItem","position":1,"name":"Home","item":"https:\/\/reginett.ee\/ru\/"},{"@type":"ListItem","position":2,"name":"Tooted","item":"https:\/\/reginett.ee\/tooted\/"},{"@type":"ListItem","position":3,"name":"Aku Husqvarna BLi300 9,4 Ah"}]},{"@type":"WebSite","@id":"https:\/\/reginett.ee\/#website","url":"https:\/\/reginett.ee\/","name":"Reginett","description":"Parimad robotniidukid","potentialAction":[{"@type":"SearchAction","target":{"@type":"EntryPoint","urlTemplate":"https:\/\/reginett.ee\/?s={search_term_string}"},"query-input":{"@type":"PropertyValueSpecification","valueRequired":true,"valueName":"search_term_string"}}],"inLanguage":"ru-RU"}]}},"brands":[{"id":147,"name":"Husqvarna","slug":"husqvarna"}],"_links":{"self":[{"href":"https:\/\/reginett.ee\/ru\/wp-json\/wp\/v2\/product\/50854","targetHints":{"allow":["GET"]}}],"collection":[{"href":"https:\/\/reginett.ee\/ru\/wp-json\/wp\/v2\/product"}],"about":[{"href":"https:\/\/reginett.ee\/ru\/wp-json\/wp\/v2\/types\/product"}],"replies":[{"embeddable":true,"href":"https:\/\/reginett.ee\/ru\/wp-json\/wp\/v2\/comments?post=50854"}],"wp:featuredmedia":[{"embeddable":true,"href":"https:\/\/reginett.ee\/ru\/wp-json\/wp\/v2\/media\/52838"}],"wp:attachment":[{"href":"https:\/\/reginett.ee\/ru\/wp-json\/wp\/v2\/media?parent=50854"}],"wp:term":[{"taxonomy":"pwb-brand","embeddable":true,"href":"https:\/\/reginett.ee\/ru\/wp-json\/wp\/v2\/pwb-brand?post=50854"},{"taxonomy":"product_brand","embeddable":true,"href":"https:\/\/reginett.ee\/ru\/wp-json\/wp\/v2\/product_brand?post=50854"},{"taxonomy":"product_cat","embeddable":true,"href":"https:\/\/reginett.ee\/ru\/wp-json\/wp\/v2\/product_cat?post=50854"},{"taxonomy":"product_tag","embeddable":true,"href":"https:\/\/reginett.ee\/ru\/wp-json\/wp\/v2\/product_tag?post=50854"}],"curies":[{"name":"wp","href":"https:\/\/api.w.org\/{rel}","templated":true}]}}