{"id":50745,"date":"2026-01-14T08:35:01","date_gmt":"2026-01-14T05:35:01","guid":{"rendered":"https:\/\/reginett.ee\/?post_type=product&#038;p=50745"},"modified":"2026-01-15T18:48:35","modified_gmt":"2026-01-15T15:48:35","slug":"kettsaag-husqvarna-550xp-mark-ii","status":"publish","type":"product","link":"https:\/\/reginett.ee\/ru\/toode\/kettsaag-husqvarna-550xp-mark-ii\/","title":{"rendered":"Kettsaag Husqvarna 550XP Mark II"},"content":{"rendered":"<p>Husqvarna 550XP Mark II on j\u00f5uline ja lihtsasti k\u00e4sitsetav teise generatsiooni kettsaag, mis on ideaalne keerulisemateks langetamis- kui ka laasimist\u00f6\u00f6deks. Sale korpus ja palju innovaatilisi lahendusi teevad selle mudeli v\u00e4ga efektiivskeks ja vastupidavaks.<\/p>\n<h3>Lukustiga plaadimutrid<\/h3>\n<p>T\u00e4nu lukustiga plaadimutritele ei kao need \u00e4ra.<\/p>\n<h3>LowVib\u00ae<\/h3>\n<p>T\u00f5hus vibratsiooni-summutus takistab vibratsiooni levimist mootorist k\u00e4epidemetesse.<\/p>\n<h3>Reguleeritav \u00f5lipump<\/h3>\n<p>Seadistatav \u00f5lipump tagab keti \u00f5litamise vastavalt teie soovile.<\/p>\n<h3>Magneesiumsulamist karter<\/h3>\n<p>Tugeva ehitusega karter, mis peab vastu k\u00f5rgetele p\u00f6\u00f6retele intensiivses professionaalses kasutuses.<\/p>\n","protected":false},"excerpt":{"rendered":"<p>Husqvarna 550XP Mark II on j\u00f5uline ja lihtsasti k\u00e4sitsetav teise generatsiooni kettsaag, mis on ideaalne keerulisemateks langetamis- kui ka laasimist\u00f6\u00f6deks. Sale korpus ja palju innovaatilisi lahendusi teevad selle mudeli v\u00e4ga efektiivskeks ja vastupidavaks.<\/p>\n","protected":false},"featured_media":52801,"comment_status":"open","ping_status":"closed","template":"","meta":{"_acf_changed":false,"_et_pb_use_builder":"","_et_pb_old_content":"","_et_gb_content_width":"","inline_featured_image":false},"pwb-brand":[147],"product_brand":[],"product_cat":[134,37,42],"product_tag":[67,61,62,66],"class_list":{"0":"post-50745","1":"product","2":"type-product","3":"status-publish","4":"has-post-thumbnail","6":"pwb-brand-husqvarna","7":"product_cat-eripakkumised","8":"product_cat-husqvarna","9":"product_cat-kettsaed","10":"product_tag-husqvarna","11":"product_tag-kettsaag","12":"product_tag-mootorsaag","13":"product_tag-profisaag","15":"first","16":"instock","17":"sale","18":"shipping-taxable","19":"purchasable","20":"product-type-simple"},"acf":[],"yoast_head":"<!-- This site is optimized with the Yoast SEO plugin v26.6 - https:\/\/yoast.com\/wordpress\/plugins\/seo\/ -->\n<title>Kettsaag Husqvarna 550XP Mark II - Reginett<\/title>\n<meta name=\"robots\" content=\"index, follow, max-snippet:-1, max-image-preview:large, max-video-preview:-1\" \/>\n<link rel=\"canonical\" href=\"https:\/\/reginett.ee\/toode\/kettsaag-husqvarna-550xp-mark-ii\/\" \/>\n<meta property=\"og:locale\" content=\"ru_RU\" \/>\n<meta property=\"og:type\" content=\"article\" \/>\n<meta property=\"og:title\" content=\"Kettsaag Husqvarna 550XP Mark II - Reginett\" \/>\n<meta property=\"og:description\" content=\"Husqvarna 550XP Mark II on j\u00f5uline ja lihtsasti k\u00e4sitsetav teise generatsiooni kettsaag, mis on ideaalne keerulisemateks langetamis- kui ka laasimist\u00f6\u00f6deks. Sale korpus ja palju innovaatilisi lahendusi teevad selle mudeli v\u00e4ga efektiivskeks ja vastupidavaks.\" \/>\n<meta property=\"og:url\" content=\"https:\/\/reginett.ee\/toode\/kettsaag-husqvarna-550xp-mark-ii\/\" \/>\n<meta property=\"og:site_name\" content=\"Reginett\" \/>\n<meta property=\"article:modified_time\" content=\"2026-01-15T15:48:35+00:00\" \/>\n<meta property=\"og:image\" content=\"https:\/\/reginett.ee\/wp-content\/uploads\/2020\/03\/Husqvarna-550XP-Mark-II.jpg\" \/>\n\t<meta property=\"og:image:width\" content=\"680\" \/>\n\t<meta property=\"og:image:height\" content=\"372\" \/>\n\t<meta property=\"og:image:type\" content=\"image\/jpeg\" \/>\n<meta name=\"twitter:card\" content=\"summary_large_image\" \/>\n<script type=\"application\/ld+json\" class=\"yoast-schema-graph\">{\"@context\":\"https:\/\/schema.org\",\"@graph\":[{\"@type\":\"WebPage\",\"@id\":\"https:\/\/reginett.ee\/toode\/kettsaag-husqvarna-550xp-mark-ii\/\",\"url\":\"https:\/\/reginett.ee\/toode\/kettsaag-husqvarna-550xp-mark-ii\/\",\"name\":\"Kettsaag Husqvarna 550XP Mark II - Reginett\",\"isPartOf\":{\"@id\":\"https:\/\/reginett.ee\/#website\"},\"primaryImageOfPage\":{\"@id\":\"https:\/\/reginett.ee\/toode\/kettsaag-husqvarna-550xp-mark-ii\/#primaryimage\"},\"image\":{\"@id\":\"https:\/\/reginett.ee\/toode\/kettsaag-husqvarna-550xp-mark-ii\/#primaryimage\"},\"thumbnailUrl\":\"https:\/\/reginett.ee\/wp-content\/uploads\/2020\/03\/Husqvarna-550XP-Mark-II.jpg\",\"datePublished\":\"2026-01-14T05:35:01+00:00\",\"dateModified\":\"2026-01-15T15:48:35+00:00\",\"breadcrumb\":{\"@id\":\"https:\/\/reginett.ee\/toode\/kettsaag-husqvarna-550xp-mark-ii\/#breadcrumb\"},\"inLanguage\":\"ru-RU\",\"potentialAction\":[{\"@type\":\"ReadAction\",\"target\":[\"https:\/\/reginett.ee\/toode\/kettsaag-husqvarna-550xp-mark-ii\/\"]}]},{\"@type\":\"ImageObject\",\"inLanguage\":\"ru-RU\",\"@id\":\"https:\/\/reginett.ee\/toode\/kettsaag-husqvarna-550xp-mark-ii\/#primaryimage\",\"url\":\"https:\/\/reginett.ee\/wp-content\/uploads\/2020\/03\/Husqvarna-550XP-Mark-II.jpg\",\"contentUrl\":\"https:\/\/reginett.ee\/wp-content\/uploads\/2020\/03\/Husqvarna-550XP-Mark-II.jpg\",\"width\":680,\"height\":372,\"caption\":\"Husqvarna 550XP Mark II\"},{\"@type\":\"BreadcrumbList\",\"@id\":\"https:\/\/reginett.ee\/toode\/kettsaag-husqvarna-550xp-mark-ii\/#breadcrumb\",\"itemListElement\":[{\"@type\":\"ListItem\",\"position\":1,\"name\":\"Home\",\"item\":\"https:\/\/reginett.ee\/ru\/\"},{\"@type\":\"ListItem\",\"position\":2,\"name\":\"Tooted\",\"item\":\"https:\/\/reginett.ee\/tooted\/\"},{\"@type\":\"ListItem\",\"position\":3,\"name\":\"Kettsaag Husqvarna 550XP Mark II\"}]},{\"@type\":\"WebSite\",\"@id\":\"https:\/\/reginett.ee\/#website\",\"url\":\"https:\/\/reginett.ee\/\",\"name\":\"Reginett\",\"description\":\"Parimad robotniidukid\",\"potentialAction\":[{\"@type\":\"SearchAction\",\"target\":{\"@type\":\"EntryPoint\",\"urlTemplate\":\"https:\/\/reginett.ee\/?s={search_term_string}\"},\"query-input\":{\"@type\":\"PropertyValueSpecification\",\"valueRequired\":true,\"valueName\":\"search_term_string\"}}],\"inLanguage\":\"ru-RU\"}]}<\/script>\n<!-- \/ Yoast SEO plugin. -->","yoast_head_json":{"title":"Kettsaag Husqvarna 550XP Mark II - Reginett","robots":{"index":"index","follow":"follow","max-snippet":"max-snippet:-1","max-image-preview":"max-image-preview:large","max-video-preview":"max-video-preview:-1"},"canonical":"https:\/\/reginett.ee\/toode\/kettsaag-husqvarna-550xp-mark-ii\/","og_locale":"ru_RU","og_type":"article","og_title":"Kettsaag Husqvarna 550XP Mark II - Reginett","og_description":"Husqvarna 550XP Mark II on j\u00f5uline ja lihtsasti k\u00e4sitsetav teise generatsiooni kettsaag, mis on ideaalne keerulisemateks langetamis- kui ka laasimist\u00f6\u00f6deks. Sale korpus ja palju innovaatilisi lahendusi teevad selle mudeli v\u00e4ga efektiivskeks ja vastupidavaks.","og_url":"https:\/\/reginett.ee\/toode\/kettsaag-husqvarna-550xp-mark-ii\/","og_site_name":"Reginett","article_modified_time":"2026-01-15T15:48:35+00:00","og_image":[{"width":680,"height":372,"url":"https:\/\/reginett.ee\/wp-content\/uploads\/2020\/03\/Husqvarna-550XP-Mark-II.jpg","type":"image\/jpeg"}],"twitter_card":"summary_large_image","schema":{"@context":"https:\/\/schema.org","@graph":[{"@type":"WebPage","@id":"https:\/\/reginett.ee\/toode\/kettsaag-husqvarna-550xp-mark-ii\/","url":"https:\/\/reginett.ee\/toode\/kettsaag-husqvarna-550xp-mark-ii\/","name":"Kettsaag Husqvarna 550XP Mark II - Reginett","isPartOf":{"@id":"https:\/\/reginett.ee\/#website"},"primaryImageOfPage":{"@id":"https:\/\/reginett.ee\/toode\/kettsaag-husqvarna-550xp-mark-ii\/#primaryimage"},"image":{"@id":"https:\/\/reginett.ee\/toode\/kettsaag-husqvarna-550xp-mark-ii\/#primaryimage"},"thumbnailUrl":"https:\/\/reginett.ee\/wp-content\/uploads\/2020\/03\/Husqvarna-550XP-Mark-II.jpg","datePublished":"2026-01-14T05:35:01+00:00","dateModified":"2026-01-15T15:48:35+00:00","breadcrumb":{"@id":"https:\/\/reginett.ee\/toode\/kettsaag-husqvarna-550xp-mark-ii\/#breadcrumb"},"inLanguage":"ru-RU","potentialAction":[{"@type":"ReadAction","target":["https:\/\/reginett.ee\/toode\/kettsaag-husqvarna-550xp-mark-ii\/"]}]},{"@type":"ImageObject","inLanguage":"ru-RU","@id":"https:\/\/reginett.ee\/toode\/kettsaag-husqvarna-550xp-mark-ii\/#primaryimage","url":"https:\/\/reginett.ee\/wp-content\/uploads\/2020\/03\/Husqvarna-550XP-Mark-II.jpg","contentUrl":"https:\/\/reginett.ee\/wp-content\/uploads\/2020\/03\/Husqvarna-550XP-Mark-II.jpg","width":680,"height":372,"caption":"Husqvarna 550XP Mark II"},{"@type":"BreadcrumbList","@id":"https:\/\/reginett.ee\/toode\/kettsaag-husqvarna-550xp-mark-ii\/#breadcrumb","itemListElement":[{"@type":"ListItem","position":1,"name":"Home","item":"https:\/\/reginett.ee\/ru\/"},{"@type":"ListItem","position":2,"name":"Tooted","item":"https:\/\/reginett.ee\/tooted\/"},{"@type":"ListItem","position":3,"name":"Kettsaag Husqvarna 550XP Mark II"}]},{"@type":"WebSite","@id":"https:\/\/reginett.ee\/#website","url":"https:\/\/reginett.ee\/","name":"Reginett","description":"Parimad robotniidukid","potentialAction":[{"@type":"SearchAction","target":{"@type":"EntryPoint","urlTemplate":"https:\/\/reginett.ee\/?s={search_term_string}"},"query-input":{"@type":"PropertyValueSpecification","valueRequired":true,"valueName":"search_term_string"}}],"inLanguage":"ru-RU"}]}},"brands":[{"id":147,"name":"Husqvarna","slug":"husqvarna"}],"_links":{"self":[{"href":"https:\/\/reginett.ee\/ru\/wp-json\/wp\/v2\/product\/50745","targetHints":{"allow":["GET"]}}],"collection":[{"href":"https:\/\/reginett.ee\/ru\/wp-json\/wp\/v2\/product"}],"about":[{"href":"https:\/\/reginett.ee\/ru\/wp-json\/wp\/v2\/types\/product"}],"replies":[{"embeddable":true,"href":"https:\/\/reginett.ee\/ru\/wp-json\/wp\/v2\/comments?post=50745"}],"wp:featuredmedia":[{"embeddable":true,"href":"https:\/\/reginett.ee\/ru\/wp-json\/wp\/v2\/media\/52801"}],"wp:attachment":[{"href":"https:\/\/reginett.ee\/ru\/wp-json\/wp\/v2\/media?parent=50745"}],"wp:term":[{"taxonomy":"pwb-brand","embeddable":true,"href":"https:\/\/reginett.ee\/ru\/wp-json\/wp\/v2\/pwb-brand?post=50745"},{"taxonomy":"product_brand","embeddable":true,"href":"https:\/\/reginett.ee\/ru\/wp-json\/wp\/v2\/product_brand?post=50745"},{"taxonomy":"product_cat","embeddable":true,"href":"https:\/\/reginett.ee\/ru\/wp-json\/wp\/v2\/product_cat?post=50745"},{"taxonomy":"product_tag","embeddable":true,"href":"https:\/\/reginett.ee\/ru\/wp-json\/wp\/v2\/product_tag?post=50745"}],"curies":[{"name":"wp","href":"https:\/\/api.w.org\/{rel}","templated":true}]}}