{"id":50741,"date":"2024-12-05T10:06:07","date_gmt":"2024-12-05T07:06:07","guid":{"rendered":"https:\/\/reginett.ee\/?post_type=product&#038;p=50741"},"modified":"2025-07-03T14:25:18","modified_gmt":"2025-07-03T11:25:18","slug":"kettsaag-husqvarna-445-ii","status":"publish","type":"product","link":"https:\/\/reginett.ee\/ru\/toode\/kettsaag-husqvarna-445-ii\/","title":{"rendered":"Kettsaag Husqvarna 445 II"},"content":{"rendered":"<p>[et_pb_section fb_built=&#187;1&#8243; _builder_version=&#187;4.16&#8243; custom_padding=&#187;0px||||false|false&#187; da_disable_devices=&#187;off|off|off&#187; global_colors_info=&#187;{}&#187; da_is_popup=&#187;off&#187; da_exit_intent=&#187;off&#187; da_has_close=&#187;on&#187; da_alt_close=&#187;off&#187; da_dark_close=&#187;off&#187; da_not_modal=&#187;on&#187; da_is_singular=&#187;off&#187; da_with_loader=&#187;off&#187; da_has_shadow=&#187;on&#187;][et_pb_row _builder_version=&#187;4.16&#8243; background_size=&#187;initial&#187; background_position=&#187;top_left&#187; background_repeat=&#187;repeat&#187; width=&#187;100%&#187; custom_padding=&#187;0px||0px||false|false&#187; global_colors_info=&#187;{}&#187;][et_pb_column type=&#187;4_4&#8243; _builder_version=&#187;4.16&#8243; custom_padding=&#187;|||&#187; global_colors_info=&#187;{}&#187; custom_padding__hover=&#187;|||&#187;][et_pb_wc_breadcrumb _builder_version=&#187;4.16&#8243; global_colors_info=&#187;{}&#187;][\/et_pb_wc_breadcrumb][et_pb_wc_cart_notice _builder_version=&#187;4.16&#8243; global_colors_info=&#187;{}&#187;][\/et_pb_wc_cart_notice][\/et_pb_column][\/et_pb_row][et_pb_row column_structure=&#187;1_2,1_2&#8243; _builder_version=&#187;4.16&#8243; background_size=&#187;initial&#187; background_position=&#187;top_left&#187; background_repeat=&#187;repeat&#187; width=&#187;100%&#187; custom_padding=&#187;0px||||false|false&#187; global_colors_info=&#187;{}&#187;][et_pb_column type=&#187;1_2&#8243; _builder_version=&#187;4.16&#8243; custom_padding=&#187;|||&#187; global_colors_info=&#187;{}&#187; custom_padding__hover=&#187;|||&#187;][et_pb_wc_images _builder_version=&#187;4.16&#8243; global_colors_info=&#187;{}&#187;][\/et_pb_wc_images][\/et_pb_column][et_pb_column type=&#187;1_2&#8243; _builder_version=&#187;4.16&#8243; custom_padding=&#187;|||&#187; global_colors_info=&#187;{}&#187; custom_padding__hover=&#187;|||&#187;][et_pb_wc_title _builder_version=&#187;4.16&#8243; global_colors_info=&#187;{}&#187;][\/et_pb_wc_title][et_pb_wc_rating _builder_version=&#187;4.16&#8243; global_colors_info=&#187;{}&#187;][\/et_pb_wc_rating][et_pb_wc_price _builder_version=&#187;4.16&#8243; global_colors_info=&#187;{}&#187;][\/et_pb_wc_price][et_pb_wc_description _builder_version=&#187;4.16&#8243; global_colors_info=&#187;{}&#187;][\/et_pb_wc_description][et_pb_wc_add_to_cart _builder_version=&#187;4.16&#8243; global_colors_info=&#187;{}&#187;][\/et_pb_wc_add_to_cart][et_pb_wc_meta _builder_version=&#187;4.16&#8243; global_colors_info=&#187;{}&#187;][\/et_pb_wc_meta][\/et_pb_column][\/et_pb_row][et_pb_row _builder_version=&#187;4.16&#8243; background_size=&#187;initial&#187; background_position=&#187;top_left&#187; background_repeat=&#187;repeat&#187; width=&#187;100%&#187; global_colors_info=&#187;{}&#187;][et_pb_column type=&#187;4_4&#8243; _builder_version=&#187;4.16&#8243; custom_padding=&#187;|||&#187; global_colors_info=&#187;{}&#187; custom_padding__hover=&#187;|||&#187;][et_pb_wc_tabs _builder_version=&#187;4.16&#8243; global_colors_info=&#187;{}&#187;]\t\t\t\t\t[\/et_pb_wc_tabs][et_pb_wc_upsells _builder_version=&#187;4.16&#8243; global_colors_info=&#187;{}&#187;][\/et_pb_wc_upsells][et_pb_wc_related_products _builder_version=&#187;4.16&#8243; global_colors_info=&#187;{}&#187;][\/et_pb_wc_related_products][\/et_pb_column][\/et_pb_row][\/et_pb_section]<\/p>\n","protected":false},"excerpt":{"rendered":"<p>Husqvarna 445 II on v\u00f5imas teise generatsiooni universaalne kettsaag neile, kes hindavad sae professionaalseid omadusi. Kergem k\u00e4ivitus ja lihtsalt avatavad paagikorgid. X-Torq\u00ae mootor t\u00e4hendab madalamat k\u00fctusekulu ja v\u00e4hem heitgaase. Automaatne seiskamisl\u00fcliti ja n\u00e4htav k\u00fctusetase h\u00f5lbustavad sae k\u00e4sitsemist. Smart Start\u00ae ja k\u00fctusepumba olemasolu tagab alati lihtsa k\u00e4ivitumise. Varustatud uue X-CUT saeketiga.<\/p>\n","protected":false},"featured_media":58295,"comment_status":"open","ping_status":"closed","template":"","meta":{"_acf_changed":false,"_et_pb_use_builder":"on","_et_pb_old_content":"<blockquote>Kettsaag Husqvarna 445 II on v\u00f5imas teise generatsiooni universaalne kettsaag neile, kes hindavad sae professionaalseid omadusi. Kergem k\u00e4ivitus ja lihtsalt avatavad paagikorgid. Husqvarna kettsae X-Torq\u00ae mootor t\u00e4hendab madalamat k\u00fctusekulu ja v\u00e4hem heitgaase.\r\n\r\nAutomaatne seiskamisl\u00fcliti ja n\u00e4htav k\u00fctusetase h\u00f5lbustavad Husqvarna 445 II mootorsae k\u00e4sitsemist. Smart Start\u00ae ja k\u00fctusepumba olemasolu tagab alati lihtsa k\u00e4ivitumise. See Husqvarna kettsaag on varustatud uue vastupidava 13\" 1.3mm X-CUT saeketiga. Husqvarna 445 II on efektiivne ja soodne kettsaag, mis sobib nii koduste t\u00f6\u00f6de kui ka t\u00f5sisemaks metsat\u00f6\u00f6de jaoks.<\/blockquote>\r\n<h3>Air Injection<\/h3>\r\n\u00d5hu eelpuhastus. T\u00e4nu tsentrifugaalsele \u00f5hupuhastusele vajab Husqvarna sae filter harvem puhastamist.\r\n<h3>Lihtsalt avatav paagikork<\/h3>\r\nHusqvarna 445 II kettsael on lihtsalt avatav paagikork, mis h\u00f5lbustab k\u00fctuse lisamist.\r\n<h3>Kerge k\u00e4ivitamine<\/h3>\r\nHusqvarna 445 II mootorsaag on kombineeritud k\u00e4ivitus\/stoppl\u00fcliti ja k\u00fctusepump tagab Husqvarna mootorsae kerge k\u00e4ivitamise.\r\n<h3>Kiirkinnitusega \u00f5hufilter<\/h3>\r\nLihtsustab mootorsael \u00f5hufiltri vahetamist ja puhastamist.","_et_gb_content_width":"","inline_featured_image":false},"pwb-brand":[147],"product_brand":[],"product_cat":[37,42],"product_tag":[216,61,62,65],"class_list":{"0":"post-50741","1":"product","2":"type-product","3":"status-publish","4":"has-post-thumbnail","6":"pwb-brand-husqvarna","7":"product_cat-husqvarna","8":"product_cat-kettsaed","9":"product_tag-husqvarna-saag","10":"product_tag-kettsaag","11":"product_tag-mootorsaag","12":"product_tag-universaalsaag","14":"first","15":"instock","16":"shipping-taxable","17":"purchasable","18":"product-type-simple"},"acf":[],"yoast_head":"<!-- This site is optimized with the Yoast SEO plugin v26.6 - https:\/\/yoast.com\/wordpress\/plugins\/seo\/ -->\n<title>Kettsaag Husqvarna 445 II. Husqvarna mootorsaed Reginetist<\/title>\n<meta name=\"description\" content=\"Saag Husqvarna 445 II on v\u00f5imas teise generatsiooni universaalne kettsaag neile, kes hindavad sae professionaalseid omadusi. Kergem k\u00e4ivitu\" \/>\n<meta name=\"robots\" content=\"index, follow, max-snippet:-1, max-image-preview:large, max-video-preview:-1\" \/>\n<link rel=\"canonical\" href=\"https:\/\/reginett.ee\/toode\/kettsaag-husqvarna-445-ii\/\" \/>\n<meta property=\"og:locale\" content=\"ru_RU\" \/>\n<meta property=\"og:type\" content=\"article\" \/>\n<meta property=\"og:title\" content=\"Kettsaag Husqvarna 445 II. Husqvarna mootorsaed Reginetist\" \/>\n<meta property=\"og:description\" content=\"Saag Husqvarna 445 II on v\u00f5imas teise generatsiooni universaalne kettsaag neile, kes hindavad sae professionaalseid omadusi. Kergem k\u00e4ivitu\" \/>\n<meta property=\"og:url\" content=\"https:\/\/reginett.ee\/toode\/kettsaag-husqvarna-445-ii\/\" \/>\n<meta property=\"og:site_name\" content=\"Reginett\" \/>\n<meta property=\"article:modified_time\" content=\"2025-07-03T11:25:18+00:00\" \/>\n<meta property=\"og:image\" content=\"https:\/\/reginett.ee\/wp-content\/uploads\/2022\/05\/Saag-Husqvarna-445-II-2022.jpg\" \/>\n\t<meta property=\"og:image:width\" content=\"680\" \/>\n\t<meta property=\"og:image:height\" content=\"372\" \/>\n\t<meta property=\"og:image:type\" content=\"image\/jpeg\" \/>\n<meta name=\"twitter:card\" content=\"summary_large_image\" \/>\n<meta name=\"twitter:label1\" content=\"\u041f\u0440\u0438\u043c\u0435\u0440\u043d\u043e\u0435 \u0432\u0440\u0435\u043c\u044f \u0434\u043b\u044f \u0447\u0442\u0435\u043d\u0438\u044f\" \/>\n\t<meta name=\"twitter:data1\" content=\"1 \u043c\u0438\u043d\u0443\u0442\u0430\" \/>\n<script type=\"application\/ld+json\" class=\"yoast-schema-graph\">{\"@context\":\"https:\/\/schema.org\",\"@graph\":[{\"@type\":\"WebPage\",\"@id\":\"https:\/\/reginett.ee\/toode\/kettsaag-husqvarna-445-ii\/\",\"url\":\"https:\/\/reginett.ee\/toode\/kettsaag-husqvarna-445-ii\/\",\"name\":\"Kettsaag Husqvarna 445 II. Husqvarna mootorsaed Reginetist\",\"isPartOf\":{\"@id\":\"https:\/\/reginett.ee\/#website\"},\"primaryImageOfPage\":{\"@id\":\"https:\/\/reginett.ee\/toode\/kettsaag-husqvarna-445-ii\/#primaryimage\"},\"image\":{\"@id\":\"https:\/\/reginett.ee\/toode\/kettsaag-husqvarna-445-ii\/#primaryimage\"},\"thumbnailUrl\":\"https:\/\/reginett.ee\/wp-content\/uploads\/2022\/05\/Saag-Husqvarna-445-II-2022.jpg\",\"datePublished\":\"2024-12-05T07:06:07+00:00\",\"dateModified\":\"2025-07-03T11:25:18+00:00\",\"description\":\"Saag Husqvarna 445 II on v\u00f5imas teise generatsiooni universaalne kettsaag neile, kes hindavad sae professionaalseid omadusi. Kergem k\u00e4ivitu\",\"breadcrumb\":{\"@id\":\"https:\/\/reginett.ee\/toode\/kettsaag-husqvarna-445-ii\/#breadcrumb\"},\"inLanguage\":\"ru-RU\",\"potentialAction\":[{\"@type\":\"ReadAction\",\"target\":[\"https:\/\/reginett.ee\/toode\/kettsaag-husqvarna-445-ii\/\"]}]},{\"@type\":\"ImageObject\",\"inLanguage\":\"ru-RU\",\"@id\":\"https:\/\/reginett.ee\/toode\/kettsaag-husqvarna-445-ii\/#primaryimage\",\"url\":\"https:\/\/reginett.ee\/wp-content\/uploads\/2022\/05\/Saag-Husqvarna-445-II-2022.jpg\",\"contentUrl\":\"https:\/\/reginett.ee\/wp-content\/uploads\/2022\/05\/Saag-Husqvarna-445-II-2022.jpg\",\"width\":680,\"height\":372,\"caption\":\"Saag H 445 II\"},{\"@type\":\"BreadcrumbList\",\"@id\":\"https:\/\/reginett.ee\/toode\/kettsaag-husqvarna-445-ii\/#breadcrumb\",\"itemListElement\":[{\"@type\":\"ListItem\",\"position\":1,\"name\":\"Home\",\"item\":\"https:\/\/reginett.ee\/ru\/\"},{\"@type\":\"ListItem\",\"position\":2,\"name\":\"Tooted\",\"item\":\"https:\/\/reginett.ee\/tooted\/\"},{\"@type\":\"ListItem\",\"position\":3,\"name\":\"Kettsaag Husqvarna 445 II\"}]},{\"@type\":\"WebSite\",\"@id\":\"https:\/\/reginett.ee\/#website\",\"url\":\"https:\/\/reginett.ee\/\",\"name\":\"Reginett\",\"description\":\"Parimad robotniidukid\",\"potentialAction\":[{\"@type\":\"SearchAction\",\"target\":{\"@type\":\"EntryPoint\",\"urlTemplate\":\"https:\/\/reginett.ee\/?s={search_term_string}\"},\"query-input\":{\"@type\":\"PropertyValueSpecification\",\"valueRequired\":true,\"valueName\":\"search_term_string\"}}],\"inLanguage\":\"ru-RU\"}]}<\/script>\n<!-- \/ Yoast SEO plugin. -->","yoast_head_json":{"title":"Kettsaag Husqvarna 445 II. Husqvarna mootorsaed Reginetist","description":"Saag Husqvarna 445 II on v\u00f5imas teise generatsiooni universaalne kettsaag neile, kes hindavad sae professionaalseid omadusi. Kergem k\u00e4ivitu","robots":{"index":"index","follow":"follow","max-snippet":"max-snippet:-1","max-image-preview":"max-image-preview:large","max-video-preview":"max-video-preview:-1"},"canonical":"https:\/\/reginett.ee\/toode\/kettsaag-husqvarna-445-ii\/","og_locale":"ru_RU","og_type":"article","og_title":"Kettsaag Husqvarna 445 II. Husqvarna mootorsaed Reginetist","og_description":"Saag Husqvarna 445 II on v\u00f5imas teise generatsiooni universaalne kettsaag neile, kes hindavad sae professionaalseid omadusi. Kergem k\u00e4ivitu","og_url":"https:\/\/reginett.ee\/toode\/kettsaag-husqvarna-445-ii\/","og_site_name":"Reginett","article_modified_time":"2025-07-03T11:25:18+00:00","og_image":[{"width":680,"height":372,"url":"https:\/\/reginett.ee\/wp-content\/uploads\/2022\/05\/Saag-Husqvarna-445-II-2022.jpg","type":"image\/jpeg"}],"twitter_card":"summary_large_image","twitter_misc":{"\u041f\u0440\u0438\u043c\u0435\u0440\u043d\u043e\u0435 \u0432\u0440\u0435\u043c\u044f \u0434\u043b\u044f \u0447\u0442\u0435\u043d\u0438\u044f":"1 \u043c\u0438\u043d\u0443\u0442\u0430"},"schema":{"@context":"https:\/\/schema.org","@graph":[{"@type":"WebPage","@id":"https:\/\/reginett.ee\/toode\/kettsaag-husqvarna-445-ii\/","url":"https:\/\/reginett.ee\/toode\/kettsaag-husqvarna-445-ii\/","name":"Kettsaag Husqvarna 445 II. Husqvarna mootorsaed Reginetist","isPartOf":{"@id":"https:\/\/reginett.ee\/#website"},"primaryImageOfPage":{"@id":"https:\/\/reginett.ee\/toode\/kettsaag-husqvarna-445-ii\/#primaryimage"},"image":{"@id":"https:\/\/reginett.ee\/toode\/kettsaag-husqvarna-445-ii\/#primaryimage"},"thumbnailUrl":"https:\/\/reginett.ee\/wp-content\/uploads\/2022\/05\/Saag-Husqvarna-445-II-2022.jpg","datePublished":"2024-12-05T07:06:07+00:00","dateModified":"2025-07-03T11:25:18+00:00","description":"Saag Husqvarna 445 II on v\u00f5imas teise generatsiooni universaalne kettsaag neile, kes hindavad sae professionaalseid omadusi. Kergem k\u00e4ivitu","breadcrumb":{"@id":"https:\/\/reginett.ee\/toode\/kettsaag-husqvarna-445-ii\/#breadcrumb"},"inLanguage":"ru-RU","potentialAction":[{"@type":"ReadAction","target":["https:\/\/reginett.ee\/toode\/kettsaag-husqvarna-445-ii\/"]}]},{"@type":"ImageObject","inLanguage":"ru-RU","@id":"https:\/\/reginett.ee\/toode\/kettsaag-husqvarna-445-ii\/#primaryimage","url":"https:\/\/reginett.ee\/wp-content\/uploads\/2022\/05\/Saag-Husqvarna-445-II-2022.jpg","contentUrl":"https:\/\/reginett.ee\/wp-content\/uploads\/2022\/05\/Saag-Husqvarna-445-II-2022.jpg","width":680,"height":372,"caption":"Saag H 445 II"},{"@type":"BreadcrumbList","@id":"https:\/\/reginett.ee\/toode\/kettsaag-husqvarna-445-ii\/#breadcrumb","itemListElement":[{"@type":"ListItem","position":1,"name":"Home","item":"https:\/\/reginett.ee\/ru\/"},{"@type":"ListItem","position":2,"name":"Tooted","item":"https:\/\/reginett.ee\/tooted\/"},{"@type":"ListItem","position":3,"name":"Kettsaag Husqvarna 445 II"}]},{"@type":"WebSite","@id":"https:\/\/reginett.ee\/#website","url":"https:\/\/reginett.ee\/","name":"Reginett","description":"Parimad robotniidukid","potentialAction":[{"@type":"SearchAction","target":{"@type":"EntryPoint","urlTemplate":"https:\/\/reginett.ee\/?s={search_term_string}"},"query-input":{"@type":"PropertyValueSpecification","valueRequired":true,"valueName":"search_term_string"}}],"inLanguage":"ru-RU"}]}},"brands":[{"id":147,"name":"Husqvarna","slug":"husqvarna"}],"_links":{"self":[{"href":"https:\/\/reginett.ee\/ru\/wp-json\/wp\/v2\/product\/50741","targetHints":{"allow":["GET"]}}],"collection":[{"href":"https:\/\/reginett.ee\/ru\/wp-json\/wp\/v2\/product"}],"about":[{"href":"https:\/\/reginett.ee\/ru\/wp-json\/wp\/v2\/types\/product"}],"replies":[{"embeddable":true,"href":"https:\/\/reginett.ee\/ru\/wp-json\/wp\/v2\/comments?post=50741"}],"wp:featuredmedia":[{"embeddable":true,"href":"https:\/\/reginett.ee\/ru\/wp-json\/wp\/v2\/media\/58295"}],"wp:attachment":[{"href":"https:\/\/reginett.ee\/ru\/wp-json\/wp\/v2\/media?parent=50741"}],"wp:term":[{"taxonomy":"pwb-brand","embeddable":true,"href":"https:\/\/reginett.ee\/ru\/wp-json\/wp\/v2\/pwb-brand?post=50741"},{"taxonomy":"product_brand","embeddable":true,"href":"https:\/\/reginett.ee\/ru\/wp-json\/wp\/v2\/product_brand?post=50741"},{"taxonomy":"product_cat","embeddable":true,"href":"https:\/\/reginett.ee\/ru\/wp-json\/wp\/v2\/product_cat?post=50741"},{"taxonomy":"product_tag","embeddable":true,"href":"https:\/\/reginett.ee\/ru\/wp-json\/wp\/v2\/product_tag?post=50741"}],"curies":[{"name":"wp","href":"https:\/\/api.w.org\/{rel}","templated":true}]}}