{"id":50729,"date":"2025-03-16T18:23:51","date_gmt":"2025-03-16T15:23:51","guid":{"rendered":"https:\/\/reginett.ee\/?post_type=product&#038;p=50729"},"modified":"2025-04-19T08:42:29","modified_gmt":"2025-04-19T05:42:29","slug":"kettsaag-husqvarna-130","status":"publish","type":"product","link":"https:\/\/reginett.ee\/ru\/toode\/kettsaag-husqvarna-130\/","title":{"rendered":"Kettsaag Husqvarna 130"},"content":{"rendered":"<p>Husqvarna 130 on suurep\u00e4rane saag kodumajapidamisse. Lihtne kasutada, kerge k\u00e4ivitada. Piisavalt v\u00f5imas, et j\u00e4rgata k\u00fcttepuid v\u00f5i teha koduses aias v\u00e4iksemaid langetust\u00f6id.<\/p>\n<h3>Inertsiga rakenduv ketipidur<\/h3>\n<p>T\u00f5hus, intertsi toimel rakenduv ketipidur<\/p>\n<h3>Kombineeritud \u00f5huklapp\/seiskamisl\u00fcliti<\/h3>\n<p>Kombineeritud \u00f5huklapp\/seiskamisl\u00fcliti kergeks k\u00e4ivitamiseks, v\u00e4hendab ohtu mootori \u00fcleujutamiseks.<\/p>\n<h3>LowVib\u00ae<\/h3>\n<p>T\u00f5hus vibratsiooni-summutus takistab vibratsiooni levimist mootorist k\u00e4epidemetesse.<\/p>\n<h3>K\u00fctusepump<\/h3>\n<p>K\u00fctusepump kergemaks k\u00e4ivitamiseks<\/p>\n","protected":false},"excerpt":{"rendered":"<p>Husqvarna 130 on suurep\u00e4rane saag kodumajapidamisse. Lihtne kasutada, kerge k\u00e4ivitada. Piisavalt v\u00f5imas, et j\u00e4rgata k\u00fcttepuid v\u00f5i teha koduses aias v\u00e4iksemaid langetust\u00f6id.<\/p>\n<p>&nbsp;<\/p>\n","protected":false},"featured_media":50733,"comment_status":"open","ping_status":"closed","template":"","meta":{"_acf_changed":false,"_et_pb_use_builder":"off","_et_pb_old_content":"Husqvarna 130 on suurep\u00e4rane saag kodumajapidamisse. Lihtne kasutada, kerge k\u00e4ivitada. Piisavalt v\u00f5imas, et j\u00e4rgata k\u00fcttepuid v\u00f5i teha koduses aias v\u00e4iksemaid langetust\u00f6id.\r\n<h3>Inertsiga rakenduv ketipidur<\/h3>\r\nT\u00f5hus, intertsi toimel rakenduv ketipidur\r\n<h3>Kombineeritud \u00f5huklapp\/seiskamisl\u00fcliti<\/h3>\r\nKombineeritud \u00f5huklapp\/seiskamisl\u00fcliti kergeks k\u00e4ivitamiseks, v\u00e4hendab ohtu mootori \u00fcleujutamiseks.\r\n<h3>LowVib\u00ae<\/h3>\r\nT\u00f5hus vibratsiooni-summutus takistab vibratsiooni levimist mootorist k\u00e4epidemetesse.\r\n<h3>K\u00fctusepump<\/h3>\r\nK\u00fctusepump kergemaks k\u00e4ivitamiseks\r\n\r\n\u00a0","_et_gb_content_width":"","inline_featured_image":false},"pwb-brand":[],"product_brand":[],"product_cat":[37,42],"product_tag":[61,62],"class_list":{"0":"post-50729","1":"product","2":"type-product","3":"status-publish","4":"has-post-thumbnail","6":"product_cat-husqvarna","7":"product_cat-kettsaed","8":"product_tag-kettsaag","9":"product_tag-mootorsaag","11":"first","12":"instock","13":"shipping-taxable","14":"purchasable","15":"product-type-simple"},"acf":[],"yoast_head":"<!-- This site is optimized with the Yoast SEO plugin v26.6 - https:\/\/yoast.com\/wordpress\/plugins\/seo\/ -->\n<title>Kettsaag Husqvarna 130. Parimad Husqvarna mootorsaed Reginett<\/title>\n<meta name=\"description\" content=\"Husqvarna 130 on suurep\u00e4rane saag kodumajapidamisse. Lihtne kasutada, kerge k\u00e4ivitada. Piisavalt v\u00f5imas, et j\u00e4rgata k\u00fcttepuid\" \/>\n<meta name=\"robots\" content=\"index, follow, max-snippet:-1, max-image-preview:large, max-video-preview:-1\" \/>\n<link rel=\"canonical\" href=\"https:\/\/reginett.ee\/toode\/kettsaag-husqvarna-130\/\" \/>\n<meta property=\"og:locale\" content=\"ru_RU\" \/>\n<meta property=\"og:type\" content=\"article\" \/>\n<meta property=\"og:title\" content=\"Kettsaag Husqvarna 130. Parimad Husqvarna mootorsaed Reginett\" \/>\n<meta property=\"og:description\" content=\"Husqvarna 130 on suurep\u00e4rane saag kodumajapidamisse. Lihtne kasutada, kerge k\u00e4ivitada. Piisavalt v\u00f5imas, et j\u00e4rgata k\u00fcttepuid\" \/>\n<meta property=\"og:url\" content=\"https:\/\/reginett.ee\/toode\/kettsaag-husqvarna-130\/\" \/>\n<meta property=\"og:site_name\" content=\"Reginett\" \/>\n<meta property=\"article:modified_time\" content=\"2025-04-19T05:42:29+00:00\" \/>\n<meta property=\"og:image\" content=\"https:\/\/reginett.ee\/wp-content\/uploads\/2020\/03\/Husqvarna-130.png\" \/>\n\t<meta property=\"og:image:width\" content=\"460\" \/>\n\t<meta property=\"og:image:height\" content=\"262\" \/>\n\t<meta property=\"og:image:type\" content=\"image\/png\" \/>\n<meta name=\"twitter:card\" content=\"summary_large_image\" \/>\n<meta name=\"twitter:label1\" content=\"\u041f\u0440\u0438\u043c\u0435\u0440\u043d\u043e\u0435 \u0432\u0440\u0435\u043c\u044f \u0434\u043b\u044f \u0447\u0442\u0435\u043d\u0438\u044f\" \/>\n\t<meta name=\"twitter:data1\" content=\"1 \u043c\u0438\u043d\u0443\u0442\u0430\" \/>\n<script type=\"application\/ld+json\" class=\"yoast-schema-graph\">{\"@context\":\"https:\/\/schema.org\",\"@graph\":[{\"@type\":\"WebPage\",\"@id\":\"https:\/\/reginett.ee\/toode\/kettsaag-husqvarna-130\/\",\"url\":\"https:\/\/reginett.ee\/toode\/kettsaag-husqvarna-130\/\",\"name\":\"Kettsaag Husqvarna 130. Parimad Husqvarna mootorsaed Reginett\",\"isPartOf\":{\"@id\":\"https:\/\/reginett.ee\/#website\"},\"primaryImageOfPage\":{\"@id\":\"https:\/\/reginett.ee\/toode\/kettsaag-husqvarna-130\/#primaryimage\"},\"image\":{\"@id\":\"https:\/\/reginett.ee\/toode\/kettsaag-husqvarna-130\/#primaryimage\"},\"thumbnailUrl\":\"https:\/\/reginett.ee\/wp-content\/uploads\/2020\/03\/Husqvarna-130.png\",\"datePublished\":\"2025-03-16T15:23:51+00:00\",\"dateModified\":\"2025-04-19T05:42:29+00:00\",\"description\":\"Husqvarna 130 on suurep\u00e4rane saag kodumajapidamisse. Lihtne kasutada, kerge k\u00e4ivitada. Piisavalt v\u00f5imas, et j\u00e4rgata k\u00fcttepuid\",\"breadcrumb\":{\"@id\":\"https:\/\/reginett.ee\/toode\/kettsaag-husqvarna-130\/#breadcrumb\"},\"inLanguage\":\"ru-RU\",\"potentialAction\":[{\"@type\":\"ReadAction\",\"target\":[\"https:\/\/reginett.ee\/toode\/kettsaag-husqvarna-130\/\"]}]},{\"@type\":\"ImageObject\",\"inLanguage\":\"ru-RU\",\"@id\":\"https:\/\/reginett.ee\/toode\/kettsaag-husqvarna-130\/#primaryimage\",\"url\":\"https:\/\/reginett.ee\/wp-content\/uploads\/2020\/03\/Husqvarna-130.png\",\"contentUrl\":\"https:\/\/reginett.ee\/wp-content\/uploads\/2020\/03\/Husqvarna-130.png\",\"width\":460,\"height\":262,\"caption\":\"Husqvarna 130\"},{\"@type\":\"BreadcrumbList\",\"@id\":\"https:\/\/reginett.ee\/toode\/kettsaag-husqvarna-130\/#breadcrumb\",\"itemListElement\":[{\"@type\":\"ListItem\",\"position\":1,\"name\":\"Home\",\"item\":\"https:\/\/reginett.ee\/ru\/\"},{\"@type\":\"ListItem\",\"position\":2,\"name\":\"Tooted\",\"item\":\"https:\/\/reginett.ee\/tooted\/\"},{\"@type\":\"ListItem\",\"position\":3,\"name\":\"Kettsaag Husqvarna 130\"}]},{\"@type\":\"WebSite\",\"@id\":\"https:\/\/reginett.ee\/#website\",\"url\":\"https:\/\/reginett.ee\/\",\"name\":\"Reginett\",\"description\":\"Parimad robotniidukid\",\"potentialAction\":[{\"@type\":\"SearchAction\",\"target\":{\"@type\":\"EntryPoint\",\"urlTemplate\":\"https:\/\/reginett.ee\/?s={search_term_string}\"},\"query-input\":{\"@type\":\"PropertyValueSpecification\",\"valueRequired\":true,\"valueName\":\"search_term_string\"}}],\"inLanguage\":\"ru-RU\"}]}<\/script>\n<!-- \/ Yoast SEO plugin. -->","yoast_head_json":{"title":"Kettsaag Husqvarna 130. Parimad Husqvarna mootorsaed Reginett","description":"Husqvarna 130 on suurep\u00e4rane saag kodumajapidamisse. Lihtne kasutada, kerge k\u00e4ivitada. Piisavalt v\u00f5imas, et j\u00e4rgata k\u00fcttepuid","robots":{"index":"index","follow":"follow","max-snippet":"max-snippet:-1","max-image-preview":"max-image-preview:large","max-video-preview":"max-video-preview:-1"},"canonical":"https:\/\/reginett.ee\/toode\/kettsaag-husqvarna-130\/","og_locale":"ru_RU","og_type":"article","og_title":"Kettsaag Husqvarna 130. Parimad Husqvarna mootorsaed Reginett","og_description":"Husqvarna 130 on suurep\u00e4rane saag kodumajapidamisse. Lihtne kasutada, kerge k\u00e4ivitada. Piisavalt v\u00f5imas, et j\u00e4rgata k\u00fcttepuid","og_url":"https:\/\/reginett.ee\/toode\/kettsaag-husqvarna-130\/","og_site_name":"Reginett","article_modified_time":"2025-04-19T05:42:29+00:00","og_image":[{"width":460,"height":262,"url":"https:\/\/reginett.ee\/wp-content\/uploads\/2020\/03\/Husqvarna-130.png","type":"image\/png"}],"twitter_card":"summary_large_image","twitter_misc":{"\u041f\u0440\u0438\u043c\u0435\u0440\u043d\u043e\u0435 \u0432\u0440\u0435\u043c\u044f \u0434\u043b\u044f \u0447\u0442\u0435\u043d\u0438\u044f":"1 \u043c\u0438\u043d\u0443\u0442\u0430"},"schema":{"@context":"https:\/\/schema.org","@graph":[{"@type":"WebPage","@id":"https:\/\/reginett.ee\/toode\/kettsaag-husqvarna-130\/","url":"https:\/\/reginett.ee\/toode\/kettsaag-husqvarna-130\/","name":"Kettsaag Husqvarna 130. Parimad Husqvarna mootorsaed Reginett","isPartOf":{"@id":"https:\/\/reginett.ee\/#website"},"primaryImageOfPage":{"@id":"https:\/\/reginett.ee\/toode\/kettsaag-husqvarna-130\/#primaryimage"},"image":{"@id":"https:\/\/reginett.ee\/toode\/kettsaag-husqvarna-130\/#primaryimage"},"thumbnailUrl":"https:\/\/reginett.ee\/wp-content\/uploads\/2020\/03\/Husqvarna-130.png","datePublished":"2025-03-16T15:23:51+00:00","dateModified":"2025-04-19T05:42:29+00:00","description":"Husqvarna 130 on suurep\u00e4rane saag kodumajapidamisse. Lihtne kasutada, kerge k\u00e4ivitada. Piisavalt v\u00f5imas, et j\u00e4rgata k\u00fcttepuid","breadcrumb":{"@id":"https:\/\/reginett.ee\/toode\/kettsaag-husqvarna-130\/#breadcrumb"},"inLanguage":"ru-RU","potentialAction":[{"@type":"ReadAction","target":["https:\/\/reginett.ee\/toode\/kettsaag-husqvarna-130\/"]}]},{"@type":"ImageObject","inLanguage":"ru-RU","@id":"https:\/\/reginett.ee\/toode\/kettsaag-husqvarna-130\/#primaryimage","url":"https:\/\/reginett.ee\/wp-content\/uploads\/2020\/03\/Husqvarna-130.png","contentUrl":"https:\/\/reginett.ee\/wp-content\/uploads\/2020\/03\/Husqvarna-130.png","width":460,"height":262,"caption":"Husqvarna 130"},{"@type":"BreadcrumbList","@id":"https:\/\/reginett.ee\/toode\/kettsaag-husqvarna-130\/#breadcrumb","itemListElement":[{"@type":"ListItem","position":1,"name":"Home","item":"https:\/\/reginett.ee\/ru\/"},{"@type":"ListItem","position":2,"name":"Tooted","item":"https:\/\/reginett.ee\/tooted\/"},{"@type":"ListItem","position":3,"name":"Kettsaag Husqvarna 130"}]},{"@type":"WebSite","@id":"https:\/\/reginett.ee\/#website","url":"https:\/\/reginett.ee\/","name":"Reginett","description":"Parimad robotniidukid","potentialAction":[{"@type":"SearchAction","target":{"@type":"EntryPoint","urlTemplate":"https:\/\/reginett.ee\/?s={search_term_string}"},"query-input":{"@type":"PropertyValueSpecification","valueRequired":true,"valueName":"search_term_string"}}],"inLanguage":"ru-RU"}]}},"brands":[],"_links":{"self":[{"href":"https:\/\/reginett.ee\/ru\/wp-json\/wp\/v2\/product\/50729","targetHints":{"allow":["GET"]}}],"collection":[{"href":"https:\/\/reginett.ee\/ru\/wp-json\/wp\/v2\/product"}],"about":[{"href":"https:\/\/reginett.ee\/ru\/wp-json\/wp\/v2\/types\/product"}],"replies":[{"embeddable":true,"href":"https:\/\/reginett.ee\/ru\/wp-json\/wp\/v2\/comments?post=50729"}],"wp:featuredmedia":[{"embeddable":true,"href":"https:\/\/reginett.ee\/ru\/wp-json\/wp\/v2\/media\/50733"}],"wp:attachment":[{"href":"https:\/\/reginett.ee\/ru\/wp-json\/wp\/v2\/media?parent=50729"}],"wp:term":[{"taxonomy":"pwb-brand","embeddable":true,"href":"https:\/\/reginett.ee\/ru\/wp-json\/wp\/v2\/pwb-brand?post=50729"},{"taxonomy":"product_brand","embeddable":true,"href":"https:\/\/reginett.ee\/ru\/wp-json\/wp\/v2\/product_brand?post=50729"},{"taxonomy":"product_cat","embeddable":true,"href":"https:\/\/reginett.ee\/ru\/wp-json\/wp\/v2\/product_cat?post=50729"},{"taxonomy":"product_tag","embeddable":true,"href":"https:\/\/reginett.ee\/ru\/wp-json\/wp\/v2\/product_tag?post=50729"}],"curies":[{"name":"wp","href":"https:\/\/api.w.org\/{rel}","templated":true}]}}