{"id":50712,"date":"2020-03-15T10:51:22","date_gmt":"2020-03-15T07:51:22","guid":{"rendered":"https:\/\/reginett.ee\/?post_type=product&#038;p=50712"},"modified":"2024-01-11T17:31:47","modified_gmt":"2024-01-11T14:31:47","slug":"seguoli-husqvarna-ls","status":"publish","type":"product","link":"https:\/\/reginett.ee\/ru\/toode\/seguoli-husqvarna-ls\/","title":{"rendered":"Segu\u00f5li Husqvarna LS+"},"content":{"rendered":"<p>Husqvarna Low Smoke+ \u00f5li koosneb mineraal- ja s\u00fcnteetilise \u00f5li segust. \u00d5li tekitab v\u00e4ga v\u00e4he suitsu ning on v\u00e4ga heade m\u00e4\u00e4rdeomadustega suurel koormusel t\u00f6\u00f6tavate mootoriosade, n\u00e4iteks \u00fchendusvardalaagri jaoks. Sobib k\u00f5ige paremini kett- ja puhastussaagidele, mille silindrimaht on kuni 55 cm3.<\/p>\n<p>\u00d5li tekitab v\u00e4ga v\u00e4he suitsu, mis on eriti t\u00e4htis siis, kui seda kasutatakse toodetes, millega tuleb t\u00f6\u00f6tada tiheda hoonestusega piirkondades. Samuti v\u00e4hendab see mootori temperatuuri, pikendades nii mootori eluiga. Husqvarna Low Smoke + \u00f5lis kasutatav koostis annab kolvile v\u00e4ga hea kaitse nii ebakvaliteetsest k\u00fctusest kui ka s\u00fcsinikust tingitud kinnij\u00e4\u00e4mise eest.<\/p>\n","protected":false},"excerpt":{"rendered":"<p>Husqvarna Low Smoke+ \u00f5li koosneb mineraal- ja s\u00fcnteetilise \u00f5li segust. \u00d5li tekitab v\u00e4ga v\u00e4he suitsu ning on v\u00e4ga heade m\u00e4\u00e4rdeomadustega suurel koormusel t\u00f6\u00f6tavate mootoriosade, n\u00e4iteks \u00fchendusvardalaagri jaoks.<\/p>\n","protected":false},"featured_media":52772,"comment_status":"open","ping_status":"closed","template":"","meta":{"_acf_changed":false,"_et_pb_use_builder":"","_et_pb_old_content":"","_et_gb_content_width":"","inline_featured_image":false},"pwb-brand":[],"product_brand":[],"product_cat":[37,27],"product_tag":[64,63],"class_list":{"0":"post-50712","1":"product","2":"type-product","3":"status-publish","4":"has-post-thumbnail","6":"product_cat-husqvarna","7":"product_cat-tooriistad-ja-tarvikud","8":"product_tag-maarded","9":"product_tag-seguoli","11":"first","12":"instock","13":"sale","14":"shipping-taxable","15":"purchasable","16":"product-type-simple"},"acf":[],"yoast_head":"<!-- This site is optimized with the Yoast SEO plugin v26.6 - https:\/\/yoast.com\/wordpress\/plugins\/seo\/ -->\n<title>Segu\u00f5li Husqvarna LS+. Husqvarna \u00f5lid Reginetist<\/title>\n<meta name=\"robots\" content=\"index, follow, max-snippet:-1, max-image-preview:large, max-video-preview:-1\" \/>\n<link rel=\"canonical\" href=\"https:\/\/reginett.ee\/toode\/seguoli-husqvarna-ls\/\" \/>\n<meta property=\"og:locale\" content=\"ru_RU\" \/>\n<meta property=\"og:type\" content=\"article\" \/>\n<meta property=\"og:title\" content=\"Segu\u00f5li Husqvarna LS+. Husqvarna \u00f5lid Reginetist\" \/>\n<meta property=\"og:description\" content=\"Husqvarna Low Smoke+ \u00f5li koosneb mineraal- ja s\u00fcnteetilise \u00f5li segust. \u00d5li tekitab v\u00e4ga v\u00e4he suitsu ning on v\u00e4ga heade m\u00e4\u00e4rdeomadustega suurel koormusel t\u00f6\u00f6tavate mootoriosade, n\u00e4iteks \u00fchendusvardalaagri jaoks.\" \/>\n<meta property=\"og:url\" content=\"https:\/\/reginett.ee\/toode\/seguoli-husqvarna-ls\/\" \/>\n<meta property=\"og:site_name\" content=\"Reginett\" \/>\n<meta property=\"article:modified_time\" content=\"2024-01-11T14:31:47+00:00\" \/>\n<meta property=\"og:image\" content=\"https:\/\/reginett.ee\/wp-content\/uploads\/2020\/03\/seguoli-Husqvarna.jpg\" \/>\n\t<meta property=\"og:image:width\" content=\"680\" \/>\n\t<meta property=\"og:image:height\" content=\"372\" \/>\n\t<meta property=\"og:image:type\" content=\"image\/jpeg\" \/>\n<meta name=\"twitter:card\" content=\"summary_large_image\" \/>\n<meta name=\"twitter:label1\" content=\"\u041f\u0440\u0438\u043c\u0435\u0440\u043d\u043e\u0435 \u0432\u0440\u0435\u043c\u044f \u0434\u043b\u044f \u0447\u0442\u0435\u043d\u0438\u044f\" \/>\n\t<meta name=\"twitter:data1\" content=\"1 \u043c\u0438\u043d\u0443\u0442\u0430\" \/>\n<script type=\"application\/ld+json\" class=\"yoast-schema-graph\">{\"@context\":\"https:\/\/schema.org\",\"@graph\":[{\"@type\":\"WebPage\",\"@id\":\"https:\/\/reginett.ee\/toode\/seguoli-husqvarna-ls\/\",\"url\":\"https:\/\/reginett.ee\/toode\/seguoli-husqvarna-ls\/\",\"name\":\"Segu\u00f5li Husqvarna LS+. Husqvarna \u00f5lid Reginetist\",\"isPartOf\":{\"@id\":\"https:\/\/reginett.ee\/#website\"},\"primaryImageOfPage\":{\"@id\":\"https:\/\/reginett.ee\/toode\/seguoli-husqvarna-ls\/#primaryimage\"},\"image\":{\"@id\":\"https:\/\/reginett.ee\/toode\/seguoli-husqvarna-ls\/#primaryimage\"},\"thumbnailUrl\":\"https:\/\/reginett.ee\/wp-content\/uploads\/2020\/03\/seguoli-Husqvarna.jpg\",\"datePublished\":\"2020-03-15T07:51:22+00:00\",\"dateModified\":\"2024-01-11T14:31:47+00:00\",\"breadcrumb\":{\"@id\":\"https:\/\/reginett.ee\/toode\/seguoli-husqvarna-ls\/#breadcrumb\"},\"inLanguage\":\"ru-RU\",\"potentialAction\":[{\"@type\":\"ReadAction\",\"target\":[\"https:\/\/reginett.ee\/toode\/seguoli-husqvarna-ls\/\"]}]},{\"@type\":\"ImageObject\",\"inLanguage\":\"ru-RU\",\"@id\":\"https:\/\/reginett.ee\/toode\/seguoli-husqvarna-ls\/#primaryimage\",\"url\":\"https:\/\/reginett.ee\/wp-content\/uploads\/2020\/03\/seguoli-Husqvarna.jpg\",\"contentUrl\":\"https:\/\/reginett.ee\/wp-content\/uploads\/2020\/03\/seguoli-Husqvarna.jpg\",\"width\":680,\"height\":372,\"caption\":\"segu\u00f5li Husqvarna\"},{\"@type\":\"BreadcrumbList\",\"@id\":\"https:\/\/reginett.ee\/toode\/seguoli-husqvarna-ls\/#breadcrumb\",\"itemListElement\":[{\"@type\":\"ListItem\",\"position\":1,\"name\":\"Home\",\"item\":\"https:\/\/reginett.ee\/ru\/\"},{\"@type\":\"ListItem\",\"position\":2,\"name\":\"Tooted\",\"item\":\"https:\/\/reginett.ee\/tooted\/\"},{\"@type\":\"ListItem\",\"position\":3,\"name\":\"Segu\u00f5li Husqvarna LS+\"}]},{\"@type\":\"WebSite\",\"@id\":\"https:\/\/reginett.ee\/#website\",\"url\":\"https:\/\/reginett.ee\/\",\"name\":\"Reginett\",\"description\":\"Parimad robotniidukid\",\"potentialAction\":[{\"@type\":\"SearchAction\",\"target\":{\"@type\":\"EntryPoint\",\"urlTemplate\":\"https:\/\/reginett.ee\/?s={search_term_string}\"},\"query-input\":{\"@type\":\"PropertyValueSpecification\",\"valueRequired\":true,\"valueName\":\"search_term_string\"}}],\"inLanguage\":\"ru-RU\"}]}<\/script>\n<!-- \/ Yoast SEO plugin. -->","yoast_head_json":{"title":"Segu\u00f5li Husqvarna LS+. Husqvarna \u00f5lid Reginetist","robots":{"index":"index","follow":"follow","max-snippet":"max-snippet:-1","max-image-preview":"max-image-preview:large","max-video-preview":"max-video-preview:-1"},"canonical":"https:\/\/reginett.ee\/toode\/seguoli-husqvarna-ls\/","og_locale":"ru_RU","og_type":"article","og_title":"Segu\u00f5li Husqvarna LS+. Husqvarna \u00f5lid Reginetist","og_description":"Husqvarna Low Smoke+ \u00f5li koosneb mineraal- ja s\u00fcnteetilise \u00f5li segust. \u00d5li tekitab v\u00e4ga v\u00e4he suitsu ning on v\u00e4ga heade m\u00e4\u00e4rdeomadustega suurel koormusel t\u00f6\u00f6tavate mootoriosade, n\u00e4iteks \u00fchendusvardalaagri jaoks.","og_url":"https:\/\/reginett.ee\/toode\/seguoli-husqvarna-ls\/","og_site_name":"Reginett","article_modified_time":"2024-01-11T14:31:47+00:00","og_image":[{"width":680,"height":372,"url":"https:\/\/reginett.ee\/wp-content\/uploads\/2020\/03\/seguoli-Husqvarna.jpg","type":"image\/jpeg"}],"twitter_card":"summary_large_image","twitter_misc":{"\u041f\u0440\u0438\u043c\u0435\u0440\u043d\u043e\u0435 \u0432\u0440\u0435\u043c\u044f \u0434\u043b\u044f \u0447\u0442\u0435\u043d\u0438\u044f":"1 \u043c\u0438\u043d\u0443\u0442\u0430"},"schema":{"@context":"https:\/\/schema.org","@graph":[{"@type":"WebPage","@id":"https:\/\/reginett.ee\/toode\/seguoli-husqvarna-ls\/","url":"https:\/\/reginett.ee\/toode\/seguoli-husqvarna-ls\/","name":"Segu\u00f5li Husqvarna LS+. Husqvarna \u00f5lid Reginetist","isPartOf":{"@id":"https:\/\/reginett.ee\/#website"},"primaryImageOfPage":{"@id":"https:\/\/reginett.ee\/toode\/seguoli-husqvarna-ls\/#primaryimage"},"image":{"@id":"https:\/\/reginett.ee\/toode\/seguoli-husqvarna-ls\/#primaryimage"},"thumbnailUrl":"https:\/\/reginett.ee\/wp-content\/uploads\/2020\/03\/seguoli-Husqvarna.jpg","datePublished":"2020-03-15T07:51:22+00:00","dateModified":"2024-01-11T14:31:47+00:00","breadcrumb":{"@id":"https:\/\/reginett.ee\/toode\/seguoli-husqvarna-ls\/#breadcrumb"},"inLanguage":"ru-RU","potentialAction":[{"@type":"ReadAction","target":["https:\/\/reginett.ee\/toode\/seguoli-husqvarna-ls\/"]}]},{"@type":"ImageObject","inLanguage":"ru-RU","@id":"https:\/\/reginett.ee\/toode\/seguoli-husqvarna-ls\/#primaryimage","url":"https:\/\/reginett.ee\/wp-content\/uploads\/2020\/03\/seguoli-Husqvarna.jpg","contentUrl":"https:\/\/reginett.ee\/wp-content\/uploads\/2020\/03\/seguoli-Husqvarna.jpg","width":680,"height":372,"caption":"segu\u00f5li Husqvarna"},{"@type":"BreadcrumbList","@id":"https:\/\/reginett.ee\/toode\/seguoli-husqvarna-ls\/#breadcrumb","itemListElement":[{"@type":"ListItem","position":1,"name":"Home","item":"https:\/\/reginett.ee\/ru\/"},{"@type":"ListItem","position":2,"name":"Tooted","item":"https:\/\/reginett.ee\/tooted\/"},{"@type":"ListItem","position":3,"name":"Segu\u00f5li Husqvarna LS+"}]},{"@type":"WebSite","@id":"https:\/\/reginett.ee\/#website","url":"https:\/\/reginett.ee\/","name":"Reginett","description":"Parimad robotniidukid","potentialAction":[{"@type":"SearchAction","target":{"@type":"EntryPoint","urlTemplate":"https:\/\/reginett.ee\/?s={search_term_string}"},"query-input":{"@type":"PropertyValueSpecification","valueRequired":true,"valueName":"search_term_string"}}],"inLanguage":"ru-RU"}]}},"brands":[],"_links":{"self":[{"href":"https:\/\/reginett.ee\/ru\/wp-json\/wp\/v2\/product\/50712","targetHints":{"allow":["GET"]}}],"collection":[{"href":"https:\/\/reginett.ee\/ru\/wp-json\/wp\/v2\/product"}],"about":[{"href":"https:\/\/reginett.ee\/ru\/wp-json\/wp\/v2\/types\/product"}],"replies":[{"embeddable":true,"href":"https:\/\/reginett.ee\/ru\/wp-json\/wp\/v2\/comments?post=50712"}],"wp:featuredmedia":[{"embeddable":true,"href":"https:\/\/reginett.ee\/ru\/wp-json\/wp\/v2\/media\/52772"}],"wp:attachment":[{"href":"https:\/\/reginett.ee\/ru\/wp-json\/wp\/v2\/media?parent=50712"}],"wp:term":[{"taxonomy":"pwb-brand","embeddable":true,"href":"https:\/\/reginett.ee\/ru\/wp-json\/wp\/v2\/pwb-brand?post=50712"},{"taxonomy":"product_brand","embeddable":true,"href":"https:\/\/reginett.ee\/ru\/wp-json\/wp\/v2\/product_brand?post=50712"},{"taxonomy":"product_cat","embeddable":true,"href":"https:\/\/reginett.ee\/ru\/wp-json\/wp\/v2\/product_cat?post=50712"},{"taxonomy":"product_tag","embeddable":true,"href":"https:\/\/reginett.ee\/ru\/wp-json\/wp\/v2\/product_tag?post=50712"}],"curies":[{"name":"wp","href":"https:\/\/api.w.org\/{rel}","templated":true}]}}