{"id":25322,"date":"2025-10-31T17:02:47","date_gmt":"2025-10-31T14:02:47","guid":{"rendered":"https:\/\/reginett.ee\/?post_type=product&#038;p=25322"},"modified":"2025-11-06T14:51:35","modified_gmt":"2025-11-06T11:51:35","slug":"robotniiduk-husqvarna-automower-450x","status":"publish","type":"product","link":"https:\/\/reginett.ee\/ru\/toode\/robotniiduk-husqvarna-automower-450x\/","title":{"rendered":"Robotniiduk Husqvarna Automower\u00ae 450X"},"content":{"rendered":"<p>Husqvarna Automower\u00ae 450x on nutikaim ja parim robotniiduk turul, mis on m\u00f5eldud suurematele,<strong>\u00a0kuni 5000 m2<\/strong>\u00a0(+\/- 20%) aladele. Masin on suuteline navigeerima keerukatel aladel, kitsastes l\u00e4bik\u00e4ikudes ning\u00a0<strong>kuni 45 % kallakutel<\/strong>.<\/p>\n<p>Varustatud nutikate lahendustega nagu ilmastikutaimer, mis reguleerib mururoboti niiduaega vastavalt muru kasvule ning kohtl\u00f5ikus, t\u00e4nu millele saavad niidetud ka k\u00f5rgema rohuga alad.<\/p>\n<p><strong>T\u00e4nu kolmele juhtkaablile leiab masin laadimisjaama igas olukorras ning tagab oma t\u00f6\u00f6ga suurep\u00e4raselt niidetud ja terve murupinna.<\/strong><\/p>\n<h3 class=\"h4 description-headline\">T\u00f6\u00f6kindlus<\/h3>\n<div class=\"description-text-wrapper\"><span class=\"description-text\">Husqvarna eesm\u00e4rgiks on Automoweri n\u00e4ol pakkuda k\u00f5rgeimat kvaliteeti, vastupidavust ning l\u00f5iketulemust.<\/span><\/div>\n<div class=\"description-text-wrapper\">\n<h3 class=\"h4 description-headline\">Suurep\u00e4rane niitmistulemus<\/h3>\n<div class=\"description-text-wrapper\"><span class=\"description-text\">Husqvarna Automower\u00ae 450X niidab juhusliku mustri j\u00e4rgi, saavutades nii ilusa vaibasarnase tulemuse. \u017diletiteri meenutavad terad l\u00f5ikavad igast suunast, murulibled j\u00e4\u00e4vad l\u00fchemad, mis omakorda t\u00e4hendab paremat v\u00e4etist ja samblavaba muru.<\/span><\/div>\n<div class=\"description-text-wrapper\">\n<h3 class=\"h4 description-headline\">GPS s\u00fcsteem<\/h3>\n<div class=\"description-text-wrapper\"><span class=\"description-text\">T\u00e4nu sisseehitatud GPS s\u00fcsteemile kaardistab Husqvarna Automower\u00ae 450x sinu aia tagamaks parima niidutulemuse..<\/span><\/div>\n<div class=\"description-text-wrapper\">\n<h3 class=\"h4 description-headline\">Takistuse tuvastamine distantsilt<\/h3>\n<div class=\"description-text-wrapper\"><span class=\"description-text\">Sensorid tunnetavad \u00e4ra teel oleva takistuse, aeglustavad niiduki enne takistuse vastu p\u00f5rkumist.<\/span><\/div>\n<div class=\"description-text-wrapper\"><\/div>\n<div class=\"description-text-wrapper\">\n<h3>Automower\u00ae Connect<\/h3>\n<p>Automower\u00ae Connect annab teile t\u00e4ieliku kontrolli robotniiduki \u00fcle l\u00e4bi nutitelefoni. Saate anda k\u00e4ivitamis-, peatumis- ja parkimisk\u00e4ske, reguleerida seadeid, teateid vastu v\u00f5tta ning varguse korral k\u00f5ikjalt niiduki asukohta j\u00e4litada.<\/p>\n<\/div>\n<div class=\"description-text-wrapper\">\n<h3>Varguse vastane kaitse\/ PIN kood<\/h3>\n<p>V\u00f5imalik seadistada erinevaid turvatasemeid. Kui niiduk t\u00f5stetakse \u00fcles, siis k\u00e4ivitub alarm, mida on v\u00f5imalik deaktiveerida ainult unikaalse PIN koodi abil.<\/p>\n<\/div>\n<div class=\"description-text-wrapper\">\n<h3>Murukasvu sensor<\/h3>\n<p>Niiduk kohandab oma t\u00f6\u00f6aega vastavalt murukasvule, see t\u00e4hendab seda, et kiirel kasvuperioodil niidab niiduk maksimaalsel v\u00f5imsusel. Kuiva ja p\u00e4ikesepaistelise ilmaga v\u00e4hendab niiduk v\u00f5imsust ning niidab harvem.<\/p>\n<h3>S\u00f5bralik naabrusele<\/h3>\n<p><span class=\"color-black\">Nii madala kui 58 dB(A) m\u00fcratasemega Automower\u00ae robotniiduk v\u00f5ib lihtsalt aias t\u00f6\u00f6tada ilma teid v\u00f5i teie naabreid h\u00e4irimata.<\/span><\/p>\n<div id=\"MainContentPlaceHolder_BaseContentPlaceHolder_pmaineditorial1_4_HeadLine_divCustomParam\" class=\"c-fnd-headline\">\n<div id=\"MainContentPlaceHolder_BaseContentPlaceHolder_pmaineditorial1_4_HeadLine_headlinePanel\">\n<h3 class=\"content-block-headline\">Keerukad murupinnad \u2013 t\u00e4iuslik tulemus<\/h3>\n<\/div>\n<\/div>\n<div>Lihtne ja usaldusv\u00e4\u00e4rne Husqvarna Automower\u00ae robotniiduk tagab t\u00e4iusliku l\u00f5iketulemuse ka keerukatel murupindadel. Ta on v\u00f5imeline navigeerima keerukatel aladel ja kitsastes l\u00e4bik\u00e4ikudes, tuleb edukalt toime ebatasastel pindadel ja kallakutel, tagades teile t\u00e4iusliku murupinna minimaalse pingutusega.<\/div>\n<div>Olgu pealegi keerukas<span class=\"color-black\">Ta on v\u00f5imeline navigeerima keerukatel aladel ja kitsastes l\u00e4bik\u00e4ikudes ning tuleb edukalt toime ka ebatasastel pindadel.<\/span><\/div>\n<\/div>\n<\/div>\n<\/div>\n<\/div>\n","protected":false},"excerpt":{"rendered":"<p>Husqvarna Automower\u00ae 450x on nutikaim turul, mis on m\u00f5eldud suurematele,<strong>\u00a0kuni 5000 m2<\/strong>\u00a0(+\/- 20%) aladele. Masin on suuteline navigeerima keerukatel aladel, kitsastes l\u00e4bik\u00e4ikudes ning\u00a0<strong>kuni 45 % kallakutel<\/strong>.<\/p>\n<p>Varustatud nutikate lahendustega nagu ilmastikutaimer, mis reguleerib mururoboti niiduaega vastavalt muru kasvule ning kohtl\u00f5ikus, t\u00e4nu millele saavad niidetud ka k\u00f5rgema rohuga alad.<\/p>\n<p><strong>T\u00e4nu kolmele juhtkaablile leiab masin laadimisjaama igas olukorras ning tagab oma t\u00f6\u00f6ga suurep\u00e4raselt niidetud ja terve murupinna.<\/strong><\/p>\n","protected":false},"featured_media":25323,"comment_status":"open","ping_status":"closed","template":"","meta":{"_acf_changed":false,"_et_pb_use_builder":"","_et_pb_old_content":"","_et_gb_content_width":"","inline_featured_image":false},"pwb-brand":[147],"product_brand":[],"product_cat":[134,37,19],"product_tag":[46,44],"class_list":{"0":"post-25322","1":"product","2":"type-product","3":"status-publish","4":"has-post-thumbnail","6":"pwb-brand-husqvarna","7":"product_cat-eripakkumised","8":"product_cat-husqvarna","9":"product_cat-robotniidukid","10":"product_tag-automower","11":"product_tag-robotniiduk","12":"product_shipping_class-rasked-asjad","14":"first","15":"instock","16":"sale","17":"shipping-taxable","18":"purchasable","19":"product-type-simple"},"acf":[],"yoast_head":"<!-- This site is optimized with the Yoast SEO plugin v26.6 - https:\/\/yoast.com\/wordpress\/plugins\/seo\/ -->\n<title>Husqvarna Automower\u00ae 450X. Parimad robotniidukid Reginett<\/title>\n<meta name=\"description\" content=\"Husqvarna Automower\u00ae 450x on nutikaim ja parim robotniiduk turul, mis on m\u00f5eldud suurematele,\u00a0kuni 5000 m2\u00a0(+\/- 20%) aladele.\" \/>\n<meta name=\"robots\" content=\"index, follow, max-snippet:-1, max-image-preview:large, max-video-preview:-1\" \/>\n<link rel=\"canonical\" href=\"https:\/\/reginett.ee\/toode\/robotniiduk-husqvarna-automower-450x\/\" \/>\n<meta property=\"og:locale\" content=\"ru_RU\" \/>\n<meta property=\"og:type\" content=\"article\" \/>\n<meta property=\"og:title\" content=\"Husqvarna Automower\u00ae 450X. Parimad robotniidukid Reginett\" \/>\n<meta property=\"og:description\" content=\"Husqvarna Automower\u00ae 450x on nutikaim ja parim robotniiduk turul, mis on m\u00f5eldud suurematele,\u00a0kuni 5000 m2\u00a0(+\/- 20%) aladele.\" \/>\n<meta property=\"og:url\" content=\"https:\/\/reginett.ee\/toode\/robotniiduk-husqvarna-automower-450x\/\" \/>\n<meta property=\"og:site_name\" content=\"Reginett\" \/>\n<meta property=\"article:modified_time\" content=\"2025-11-06T11:51:35+00:00\" \/>\n<meta property=\"og:image\" content=\"https:\/\/reginett.ee\/wp-content\/uploads\/2020\/02\/Automower-450X-scaled.jpg\" \/>\n\t<meta property=\"og:image:width\" content=\"2560\" \/>\n\t<meta property=\"og:image:height\" content=\"1356\" \/>\n\t<meta property=\"og:image:type\" content=\"image\/jpeg\" \/>\n<meta name=\"twitter:card\" content=\"summary_large_image\" \/>\n<meta name=\"twitter:label1\" content=\"\u041f\u0440\u0438\u043c\u0435\u0440\u043d\u043e\u0435 \u0432\u0440\u0435\u043c\u044f \u0434\u043b\u044f \u0447\u0442\u0435\u043d\u0438\u044f\" \/>\n\t<meta name=\"twitter:data1\" content=\"2 \u043c\u0438\u043d\u0443\u0442\u044b\" \/>\n<script type=\"application\/ld+json\" class=\"yoast-schema-graph\">{\"@context\":\"https:\/\/schema.org\",\"@graph\":[{\"@type\":\"WebPage\",\"@id\":\"https:\/\/reginett.ee\/toode\/robotniiduk-husqvarna-automower-450x\/\",\"url\":\"https:\/\/reginett.ee\/toode\/robotniiduk-husqvarna-automower-450x\/\",\"name\":\"Husqvarna Automower\u00ae 450X. Parimad robotniidukid Reginett\",\"isPartOf\":{\"@id\":\"https:\/\/reginett.ee\/#website\"},\"primaryImageOfPage\":{\"@id\":\"https:\/\/reginett.ee\/toode\/robotniiduk-husqvarna-automower-450x\/#primaryimage\"},\"image\":{\"@id\":\"https:\/\/reginett.ee\/toode\/robotniiduk-husqvarna-automower-450x\/#primaryimage\"},\"thumbnailUrl\":\"https:\/\/reginett.ee\/wp-content\/uploads\/2020\/02\/Automower-450X-scaled.jpg\",\"datePublished\":\"2025-10-31T14:02:47+00:00\",\"dateModified\":\"2025-11-06T11:51:35+00:00\",\"description\":\"Husqvarna Automower\u00ae 450x on nutikaim ja parim robotniiduk turul, mis on m\u00f5eldud suurematele,\u00a0kuni 5000 m2\u00a0(+\/- 20%) aladele.\",\"breadcrumb\":{\"@id\":\"https:\/\/reginett.ee\/toode\/robotniiduk-husqvarna-automower-450x\/#breadcrumb\"},\"inLanguage\":\"ru-RU\",\"potentialAction\":[{\"@type\":\"ReadAction\",\"target\":[\"https:\/\/reginett.ee\/toode\/robotniiduk-husqvarna-automower-450x\/\"]}]},{\"@type\":\"ImageObject\",\"inLanguage\":\"ru-RU\",\"@id\":\"https:\/\/reginett.ee\/toode\/robotniiduk-husqvarna-automower-450x\/#primaryimage\",\"url\":\"https:\/\/reginett.ee\/wp-content\/uploads\/2020\/02\/Automower-450X-scaled.jpg\",\"contentUrl\":\"https:\/\/reginett.ee\/wp-content\/uploads\/2020\/02\/Automower-450X-scaled.jpg\",\"width\":2560,\"height\":1356,\"caption\":\"Automower\u00ae 450X\"},{\"@type\":\"BreadcrumbList\",\"@id\":\"https:\/\/reginett.ee\/toode\/robotniiduk-husqvarna-automower-450x\/#breadcrumb\",\"itemListElement\":[{\"@type\":\"ListItem\",\"position\":1,\"name\":\"Home\",\"item\":\"https:\/\/reginett.ee\/ru\/\"},{\"@type\":\"ListItem\",\"position\":2,\"name\":\"Tooted\",\"item\":\"https:\/\/reginett.ee\/tooted\/\"},{\"@type\":\"ListItem\",\"position\":3,\"name\":\"Robotniiduk Husqvarna Automower\u00ae 450X\"}]},{\"@type\":\"WebSite\",\"@id\":\"https:\/\/reginett.ee\/#website\",\"url\":\"https:\/\/reginett.ee\/\",\"name\":\"Reginett\",\"description\":\"Parimad robotniidukid\",\"potentialAction\":[{\"@type\":\"SearchAction\",\"target\":{\"@type\":\"EntryPoint\",\"urlTemplate\":\"https:\/\/reginett.ee\/?s={search_term_string}\"},\"query-input\":{\"@type\":\"PropertyValueSpecification\",\"valueRequired\":true,\"valueName\":\"search_term_string\"}}],\"inLanguage\":\"ru-RU\"}]}<\/script>\n<!-- \/ Yoast SEO plugin. -->","yoast_head_json":{"title":"Husqvarna Automower\u00ae 450X. Parimad robotniidukid Reginett","description":"Husqvarna Automower\u00ae 450x on nutikaim ja parim robotniiduk turul, mis on m\u00f5eldud suurematele,\u00a0kuni 5000 m2\u00a0(+\/- 20%) aladele.","robots":{"index":"index","follow":"follow","max-snippet":"max-snippet:-1","max-image-preview":"max-image-preview:large","max-video-preview":"max-video-preview:-1"},"canonical":"https:\/\/reginett.ee\/toode\/robotniiduk-husqvarna-automower-450x\/","og_locale":"ru_RU","og_type":"article","og_title":"Husqvarna Automower\u00ae 450X. Parimad robotniidukid Reginett","og_description":"Husqvarna Automower\u00ae 450x on nutikaim ja parim robotniiduk turul, mis on m\u00f5eldud suurematele,\u00a0kuni 5000 m2\u00a0(+\/- 20%) aladele.","og_url":"https:\/\/reginett.ee\/toode\/robotniiduk-husqvarna-automower-450x\/","og_site_name":"Reginett","article_modified_time":"2025-11-06T11:51:35+00:00","og_image":[{"width":2560,"height":1356,"url":"https:\/\/reginett.ee\/wp-content\/uploads\/2020\/02\/Automower-450X-scaled.jpg","type":"image\/jpeg"}],"twitter_card":"summary_large_image","twitter_misc":{"\u041f\u0440\u0438\u043c\u0435\u0440\u043d\u043e\u0435 \u0432\u0440\u0435\u043c\u044f \u0434\u043b\u044f \u0447\u0442\u0435\u043d\u0438\u044f":"2 \u043c\u0438\u043d\u0443\u0442\u044b"},"schema":{"@context":"https:\/\/schema.org","@graph":[{"@type":"WebPage","@id":"https:\/\/reginett.ee\/toode\/robotniiduk-husqvarna-automower-450x\/","url":"https:\/\/reginett.ee\/toode\/robotniiduk-husqvarna-automower-450x\/","name":"Husqvarna Automower\u00ae 450X. Parimad robotniidukid Reginett","isPartOf":{"@id":"https:\/\/reginett.ee\/#website"},"primaryImageOfPage":{"@id":"https:\/\/reginett.ee\/toode\/robotniiduk-husqvarna-automower-450x\/#primaryimage"},"image":{"@id":"https:\/\/reginett.ee\/toode\/robotniiduk-husqvarna-automower-450x\/#primaryimage"},"thumbnailUrl":"https:\/\/reginett.ee\/wp-content\/uploads\/2020\/02\/Automower-450X-scaled.jpg","datePublished":"2025-10-31T14:02:47+00:00","dateModified":"2025-11-06T11:51:35+00:00","description":"Husqvarna Automower\u00ae 450x on nutikaim ja parim robotniiduk turul, mis on m\u00f5eldud suurematele,\u00a0kuni 5000 m2\u00a0(+\/- 20%) aladele.","breadcrumb":{"@id":"https:\/\/reginett.ee\/toode\/robotniiduk-husqvarna-automower-450x\/#breadcrumb"},"inLanguage":"ru-RU","potentialAction":[{"@type":"ReadAction","target":["https:\/\/reginett.ee\/toode\/robotniiduk-husqvarna-automower-450x\/"]}]},{"@type":"ImageObject","inLanguage":"ru-RU","@id":"https:\/\/reginett.ee\/toode\/robotniiduk-husqvarna-automower-450x\/#primaryimage","url":"https:\/\/reginett.ee\/wp-content\/uploads\/2020\/02\/Automower-450X-scaled.jpg","contentUrl":"https:\/\/reginett.ee\/wp-content\/uploads\/2020\/02\/Automower-450X-scaled.jpg","width":2560,"height":1356,"caption":"Automower\u00ae 450X"},{"@type":"BreadcrumbList","@id":"https:\/\/reginett.ee\/toode\/robotniiduk-husqvarna-automower-450x\/#breadcrumb","itemListElement":[{"@type":"ListItem","position":1,"name":"Home","item":"https:\/\/reginett.ee\/ru\/"},{"@type":"ListItem","position":2,"name":"Tooted","item":"https:\/\/reginett.ee\/tooted\/"},{"@type":"ListItem","position":3,"name":"Robotniiduk Husqvarna Automower\u00ae 450X"}]},{"@type":"WebSite","@id":"https:\/\/reginett.ee\/#website","url":"https:\/\/reginett.ee\/","name":"Reginett","description":"Parimad robotniidukid","potentialAction":[{"@type":"SearchAction","target":{"@type":"EntryPoint","urlTemplate":"https:\/\/reginett.ee\/?s={search_term_string}"},"query-input":{"@type":"PropertyValueSpecification","valueRequired":true,"valueName":"search_term_string"}}],"inLanguage":"ru-RU"}]}},"brands":[{"id":147,"name":"Husqvarna","slug":"husqvarna"}],"_links":{"self":[{"href":"https:\/\/reginett.ee\/ru\/wp-json\/wp\/v2\/product\/25322","targetHints":{"allow":["GET"]}}],"collection":[{"href":"https:\/\/reginett.ee\/ru\/wp-json\/wp\/v2\/product"}],"about":[{"href":"https:\/\/reginett.ee\/ru\/wp-json\/wp\/v2\/types\/product"}],"replies":[{"embeddable":true,"href":"https:\/\/reginett.ee\/ru\/wp-json\/wp\/v2\/comments?post=25322"}],"wp:featuredmedia":[{"embeddable":true,"href":"https:\/\/reginett.ee\/ru\/wp-json\/wp\/v2\/media\/25323"}],"wp:attachment":[{"href":"https:\/\/reginett.ee\/ru\/wp-json\/wp\/v2\/media?parent=25322"}],"wp:term":[{"taxonomy":"pwb-brand","embeddable":true,"href":"https:\/\/reginett.ee\/ru\/wp-json\/wp\/v2\/pwb-brand?post=25322"},{"taxonomy":"product_brand","embeddable":true,"href":"https:\/\/reginett.ee\/ru\/wp-json\/wp\/v2\/product_brand?post=25322"},{"taxonomy":"product_cat","embeddable":true,"href":"https:\/\/reginett.ee\/ru\/wp-json\/wp\/v2\/product_cat?post=25322"},{"taxonomy":"product_tag","embeddable":true,"href":"https:\/\/reginett.ee\/ru\/wp-json\/wp\/v2\/product_tag?post=25322"}],"curies":[{"name":"wp","href":"https:\/\/api.w.org\/{rel}","templated":true}]}}