{"id":25319,"date":"2021-03-12T17:03:19","date_gmt":"2021-03-12T14:03:19","guid":{"rendered":"https:\/\/reginett.ee\/?post_type=product&#038;p=25319"},"modified":"2025-03-06T13:56:44","modified_gmt":"2025-03-06T10:56:44","slug":"robotniiduk-husqvarna-automower-440","status":"publish","type":"product","link":"https:\/\/reginett.ee\/ru\/toode\/robotniiduk-husqvarna-automower-440\/","title":{"rendered":"Robotniiduk Husqvarna Automower\u00ae 440"},"content":{"rendered":"<p>Husqvarna Automower\u00ae 440 on suurematele,\u00a0<strong>kuni 4000 m2<\/strong>\u00a0aladele m\u00f5eldud robotniiduk. Masin on suuteline navigeerima keerukatel aladel, kitsastes l\u00e4bik\u00e4ikudes ning\u00a0<strong>kuni 45 % kallakutel.<\/strong><\/p>\n<p>Varustatud nutikate lahendustega nagu ilmastikutaimer, mis reguleerib niiduaega vastavalt muru kasvule ning kohtl\u00f5ikus, t\u00e4nu millele saavad niidetud ka k\u00f5rgema rohuga alad.<\/p>\n<p>T\u00e4nu\u00a0<strong>kahele juhtkaablile<\/strong>\u00a0leiab masin laadimisjaama igas olukorras ning tagab oma t\u00f6\u00f6ga suurep\u00e4raselt niidetud ja terve murupinna.<\/p>\n<p>Husqvarna Automower\u00ae, turuliider robotniidukite seas, on teie aias nutikas ja usaldusv\u00e4\u00e4rne partner. Ta niidab nii p\u00e4eval kui \u00f6\u00f6sel, nii vihma kui p\u00e4ikesega, tagades igap\u00e4evaselt ideaalselt niidetud muru ning j\u00e4ttes teile rohkem aega muude tegevuste jaoks.<\/p>\n<p>&nbsp;<\/p>\n<div id=\"MainContentPlaceHolder_BaseContentPlaceHolder_pmaineditorial1_4_HeadLine_divCustomParam\" class=\"c-fnd-headline\">\n<div id=\"MainContentPlaceHolder_BaseContentPlaceHolder_pmaineditorial1_4_HeadLine_headlinePanel\">\n<h3 class=\"content-block-headline\">Keerukad murupinnad \u2013 t\u00e4iuslik tulemus<\/h3>\n<\/div>\n<\/div>\n<div>Lihtne ja usaldusv\u00e4\u00e4rne Husqvarna Automower\u00ae robotniiduk tagab t\u00e4iusliku l\u00f5iketulemuse ka keerukatel murupindadel. Ta on v\u00f5imeline navigeerima keerukatel aladel ja kitsastes l\u00e4bik\u00e4ikudes, tuleb edukalt toime ebatasastel pindadel ja kallakutel, tagades teile t\u00e4iusliku murupinna minimaalse pingutusega.<\/div>\n<div><\/div>\n<div>\n<div id=\"MainContentPlaceHolder_BaseContentPlaceHolder_pmaineditorial1_5_HeadLine_divCustomParam\" class=\"c-fnd-headline\">\n<div id=\"MainContentPlaceHolder_BaseContentPlaceHolder_pmaineditorial1_5_HeadLine_headlinePanel\">\n<h3 class=\"content-block-headline\">Vaiksed \u00f6\u00f6d<\/h3>\n<\/div>\n<\/div>\n<div>Te \u00fcllatute, kui ruttu te unustate oma Husqvarna Automower\u00ae robotniiduki olemasolu. Vaevalt m\u00e4rkate teda, kui ta teie aias ringi veereb, tehes oma t\u00f6\u00f6d kiirelt, vaikselt ja efektiivselt. Ilma m\u00fcra ja segaduseta \u2014 lihtsalt suurep\u00e4rane muruplats.<\/div>\n<div>\n<div id=\"MainContentPlaceHolder_BaseContentPlaceHolder_pmaineditorial1_6_HeadLine_divCustomParam\" class=\"c-fnd-headline\">\n<div id=\"MainContentPlaceHolder_BaseContentPlaceHolder_pmaineditorial1_6_HeadLine_headlinePanel\">\n<h3 class=\"content-block-headline\">Robotniiduk tagab t\u00e4iusliku murupinna<\/h3>\n<\/div>\n<\/div>\n<div>Husqvarna Automower\u00ae niidab teie muru kui te puhkate. Ta t\u00f6\u00f6tab ka \u00f6\u00f6sel ja vihmasajus, tagades t\u00e4iusliku tulemuse ka keerulistes aedades. Avastage parim v\u00f5imalus tagamaks ilusaim murupind.<\/div>\n<\/div>\n<\/div>\n","protected":false},"excerpt":{"rendered":"<p>Husqvarna Automower\u00ae 440 on suurematele,\u00a0<strong>kuni 4000 m2<\/strong>\u00a0aladele m\u00f5eldud robotniiduk. Masin on suuteline navigeerima keerukatel aladel, kitsastes l\u00e4bik\u00e4ikudes ning\u00a0<strong>kuni 45 % kallakutel.<\/strong><\/p>\n<p>Varustatud nutikate lahendustega nagu ilmastikutaimer, mis reguleerib niiduaega vastavalt muru kasvule ning kohtl\u00f5ikus, t\u00e4nu millele saavad niidetud ka k\u00f5rgema rohuga alad.<\/p>\n<p>T\u00e4nu\u00a0<strong>kahele juhtkaablile<\/strong>\u00a0leiab masin laadimisjaama igas olukorras ning tagab oma t\u00f6\u00f6ga suurep\u00e4raselt niidetud ja terve murupinna.<\/p>\n<p>&nbsp;<\/p>\n","protected":false},"featured_media":25320,"comment_status":"open","ping_status":"closed","template":"","meta":{"_acf_changed":false,"_et_pb_use_builder":"","_et_pb_old_content":"","_et_gb_content_width":"","inline_featured_image":false},"pwb-brand":[],"product_brand":[],"product_cat":[134,37,19],"product_tag":[46,44],"class_list":{"0":"post-25319","1":"product","2":"type-product","3":"status-publish","4":"has-post-thumbnail","6":"product_cat-eripakkumised","7":"product_cat-husqvarna","8":"product_cat-robotniidukid","9":"product_tag-automower","10":"product_tag-robotniiduk","11":"product_shipping_class-rasked-asjad","13":"first","14":"outofstock","15":"sale","16":"shipping-taxable","17":"purchasable","18":"product-type-simple"},"acf":[],"yoast_head":"<!-- This site is optimized with the Yoast SEO plugin v26.6 - https:\/\/yoast.com\/wordpress\/plugins\/seo\/ -->\n<title>Robotniiduk Husqvarna Automower\u00ae 440. Efektiivsed robotniidukid<\/title>\n<meta name=\"description\" content=\"Husqvarna Automower\u00ae 440 on suurematele,\u00a0kuni 4000 m2\u00a0aladele m\u00f5eldud robotniiduk. Masin on suuteline navigeerima keerukatel aladel\" \/>\n<meta name=\"robots\" content=\"index, follow, max-snippet:-1, max-image-preview:large, max-video-preview:-1\" \/>\n<link rel=\"canonical\" href=\"https:\/\/reginett.ee\/toode\/robotniiduk-husqvarna-automower-440\/\" \/>\n<meta property=\"og:locale\" content=\"ru_RU\" \/>\n<meta property=\"og:type\" content=\"article\" \/>\n<meta property=\"og:title\" content=\"Robotniiduk Husqvarna Automower\u00ae 440. Efektiivsed robotniidukid\" \/>\n<meta property=\"og:description\" content=\"Husqvarna Automower\u00ae 440 on suurematele,\u00a0kuni 4000 m2\u00a0aladele m\u00f5eldud robotniiduk. Masin on suuteline navigeerima keerukatel aladel\" \/>\n<meta property=\"og:url\" content=\"https:\/\/reginett.ee\/toode\/robotniiduk-husqvarna-automower-440\/\" \/>\n<meta property=\"og:site_name\" content=\"Reginett\" \/>\n<meta property=\"article:modified_time\" content=\"2025-03-06T10:56:44+00:00\" \/>\n<meta property=\"og:image\" content=\"https:\/\/reginett.ee\/wp-content\/uploads\/2020\/02\/Automower-440-scaled.jpg\" \/>\n\t<meta property=\"og:image:width\" content=\"2560\" \/>\n\t<meta property=\"og:image:height\" content=\"1447\" \/>\n\t<meta property=\"og:image:type\" content=\"image\/jpeg\" \/>\n<meta name=\"twitter:card\" content=\"summary_large_image\" \/>\n<meta name=\"twitter:label1\" content=\"\u041f\u0440\u0438\u043c\u0435\u0440\u043d\u043e\u0435 \u0432\u0440\u0435\u043c\u044f \u0434\u043b\u044f \u0447\u0442\u0435\u043d\u0438\u044f\" \/>\n\t<meta name=\"twitter:data1\" content=\"1 \u043c\u0438\u043d\u0443\u0442\u0430\" \/>\n<script type=\"application\/ld+json\" class=\"yoast-schema-graph\">{\"@context\":\"https:\/\/schema.org\",\"@graph\":[{\"@type\":\"WebPage\",\"@id\":\"https:\/\/reginett.ee\/toode\/robotniiduk-husqvarna-automower-440\/\",\"url\":\"https:\/\/reginett.ee\/toode\/robotniiduk-husqvarna-automower-440\/\",\"name\":\"Robotniiduk Husqvarna Automower\u00ae 440. Efektiivsed robotniidukid\",\"isPartOf\":{\"@id\":\"https:\/\/reginett.ee\/#website\"},\"primaryImageOfPage\":{\"@id\":\"https:\/\/reginett.ee\/toode\/robotniiduk-husqvarna-automower-440\/#primaryimage\"},\"image\":{\"@id\":\"https:\/\/reginett.ee\/toode\/robotniiduk-husqvarna-automower-440\/#primaryimage\"},\"thumbnailUrl\":\"https:\/\/reginett.ee\/wp-content\/uploads\/2020\/02\/Automower-440-scaled.jpg\",\"datePublished\":\"2021-03-12T14:03:19+00:00\",\"dateModified\":\"2025-03-06T10:56:44+00:00\",\"description\":\"Husqvarna Automower\u00ae 440 on suurematele,\u00a0kuni 4000 m2\u00a0aladele m\u00f5eldud robotniiduk. Masin on suuteline navigeerima keerukatel aladel\",\"breadcrumb\":{\"@id\":\"https:\/\/reginett.ee\/toode\/robotniiduk-husqvarna-automower-440\/#breadcrumb\"},\"inLanguage\":\"ru-RU\",\"potentialAction\":[{\"@type\":\"ReadAction\",\"target\":[\"https:\/\/reginett.ee\/toode\/robotniiduk-husqvarna-automower-440\/\"]}]},{\"@type\":\"ImageObject\",\"inLanguage\":\"ru-RU\",\"@id\":\"https:\/\/reginett.ee\/toode\/robotniiduk-husqvarna-automower-440\/#primaryimage\",\"url\":\"https:\/\/reginett.ee\/wp-content\/uploads\/2020\/02\/Automower-440-scaled.jpg\",\"contentUrl\":\"https:\/\/reginett.ee\/wp-content\/uploads\/2020\/02\/Automower-440-scaled.jpg\",\"width\":2560,\"height\":1447,\"caption\":\"Automower\u00ae 440\"},{\"@type\":\"BreadcrumbList\",\"@id\":\"https:\/\/reginett.ee\/toode\/robotniiduk-husqvarna-automower-440\/#breadcrumb\",\"itemListElement\":[{\"@type\":\"ListItem\",\"position\":1,\"name\":\"Home\",\"item\":\"https:\/\/reginett.ee\/ru\/\"},{\"@type\":\"ListItem\",\"position\":2,\"name\":\"Tooted\",\"item\":\"https:\/\/reginett.ee\/tooted\/\"},{\"@type\":\"ListItem\",\"position\":3,\"name\":\"Robotniiduk Husqvarna Automower\u00ae 440\"}]},{\"@type\":\"WebSite\",\"@id\":\"https:\/\/reginett.ee\/#website\",\"url\":\"https:\/\/reginett.ee\/\",\"name\":\"Reginett\",\"description\":\"Parimad robotniidukid\",\"potentialAction\":[{\"@type\":\"SearchAction\",\"target\":{\"@type\":\"EntryPoint\",\"urlTemplate\":\"https:\/\/reginett.ee\/?s={search_term_string}\"},\"query-input\":{\"@type\":\"PropertyValueSpecification\",\"valueRequired\":true,\"valueName\":\"search_term_string\"}}],\"inLanguage\":\"ru-RU\"}]}<\/script>\n<!-- \/ Yoast SEO plugin. -->","yoast_head_json":{"title":"Robotniiduk Husqvarna Automower\u00ae 440. Efektiivsed robotniidukid","description":"Husqvarna Automower\u00ae 440 on suurematele,\u00a0kuni 4000 m2\u00a0aladele m\u00f5eldud robotniiduk. Masin on suuteline navigeerima keerukatel aladel","robots":{"index":"index","follow":"follow","max-snippet":"max-snippet:-1","max-image-preview":"max-image-preview:large","max-video-preview":"max-video-preview:-1"},"canonical":"https:\/\/reginett.ee\/toode\/robotniiduk-husqvarna-automower-440\/","og_locale":"ru_RU","og_type":"article","og_title":"Robotniiduk Husqvarna Automower\u00ae 440. Efektiivsed robotniidukid","og_description":"Husqvarna Automower\u00ae 440 on suurematele,\u00a0kuni 4000 m2\u00a0aladele m\u00f5eldud robotniiduk. Masin on suuteline navigeerima keerukatel aladel","og_url":"https:\/\/reginett.ee\/toode\/robotniiduk-husqvarna-automower-440\/","og_site_name":"Reginett","article_modified_time":"2025-03-06T10:56:44+00:00","og_image":[{"width":2560,"height":1447,"url":"https:\/\/reginett.ee\/wp-content\/uploads\/2020\/02\/Automower-440-scaled.jpg","type":"image\/jpeg"}],"twitter_card":"summary_large_image","twitter_misc":{"\u041f\u0440\u0438\u043c\u0435\u0440\u043d\u043e\u0435 \u0432\u0440\u0435\u043c\u044f \u0434\u043b\u044f \u0447\u0442\u0435\u043d\u0438\u044f":"1 \u043c\u0438\u043d\u0443\u0442\u0430"},"schema":{"@context":"https:\/\/schema.org","@graph":[{"@type":"WebPage","@id":"https:\/\/reginett.ee\/toode\/robotniiduk-husqvarna-automower-440\/","url":"https:\/\/reginett.ee\/toode\/robotniiduk-husqvarna-automower-440\/","name":"Robotniiduk Husqvarna Automower\u00ae 440. Efektiivsed robotniidukid","isPartOf":{"@id":"https:\/\/reginett.ee\/#website"},"primaryImageOfPage":{"@id":"https:\/\/reginett.ee\/toode\/robotniiduk-husqvarna-automower-440\/#primaryimage"},"image":{"@id":"https:\/\/reginett.ee\/toode\/robotniiduk-husqvarna-automower-440\/#primaryimage"},"thumbnailUrl":"https:\/\/reginett.ee\/wp-content\/uploads\/2020\/02\/Automower-440-scaled.jpg","datePublished":"2021-03-12T14:03:19+00:00","dateModified":"2025-03-06T10:56:44+00:00","description":"Husqvarna Automower\u00ae 440 on suurematele,\u00a0kuni 4000 m2\u00a0aladele m\u00f5eldud robotniiduk. Masin on suuteline navigeerima keerukatel aladel","breadcrumb":{"@id":"https:\/\/reginett.ee\/toode\/robotniiduk-husqvarna-automower-440\/#breadcrumb"},"inLanguage":"ru-RU","potentialAction":[{"@type":"ReadAction","target":["https:\/\/reginett.ee\/toode\/robotniiduk-husqvarna-automower-440\/"]}]},{"@type":"ImageObject","inLanguage":"ru-RU","@id":"https:\/\/reginett.ee\/toode\/robotniiduk-husqvarna-automower-440\/#primaryimage","url":"https:\/\/reginett.ee\/wp-content\/uploads\/2020\/02\/Automower-440-scaled.jpg","contentUrl":"https:\/\/reginett.ee\/wp-content\/uploads\/2020\/02\/Automower-440-scaled.jpg","width":2560,"height":1447,"caption":"Automower\u00ae 440"},{"@type":"BreadcrumbList","@id":"https:\/\/reginett.ee\/toode\/robotniiduk-husqvarna-automower-440\/#breadcrumb","itemListElement":[{"@type":"ListItem","position":1,"name":"Home","item":"https:\/\/reginett.ee\/ru\/"},{"@type":"ListItem","position":2,"name":"Tooted","item":"https:\/\/reginett.ee\/tooted\/"},{"@type":"ListItem","position":3,"name":"Robotniiduk Husqvarna Automower\u00ae 440"}]},{"@type":"WebSite","@id":"https:\/\/reginett.ee\/#website","url":"https:\/\/reginett.ee\/","name":"Reginett","description":"Parimad robotniidukid","potentialAction":[{"@type":"SearchAction","target":{"@type":"EntryPoint","urlTemplate":"https:\/\/reginett.ee\/?s={search_term_string}"},"query-input":{"@type":"PropertyValueSpecification","valueRequired":true,"valueName":"search_term_string"}}],"inLanguage":"ru-RU"}]}},"brands":[],"_links":{"self":[{"href":"https:\/\/reginett.ee\/ru\/wp-json\/wp\/v2\/product\/25319","targetHints":{"allow":["GET"]}}],"collection":[{"href":"https:\/\/reginett.ee\/ru\/wp-json\/wp\/v2\/product"}],"about":[{"href":"https:\/\/reginett.ee\/ru\/wp-json\/wp\/v2\/types\/product"}],"replies":[{"embeddable":true,"href":"https:\/\/reginett.ee\/ru\/wp-json\/wp\/v2\/comments?post=25319"}],"wp:featuredmedia":[{"embeddable":true,"href":"https:\/\/reginett.ee\/ru\/wp-json\/wp\/v2\/media\/25320"}],"wp:attachment":[{"href":"https:\/\/reginett.ee\/ru\/wp-json\/wp\/v2\/media?parent=25319"}],"wp:term":[{"taxonomy":"pwb-brand","embeddable":true,"href":"https:\/\/reginett.ee\/ru\/wp-json\/wp\/v2\/pwb-brand?post=25319"},{"taxonomy":"product_brand","embeddable":true,"href":"https:\/\/reginett.ee\/ru\/wp-json\/wp\/v2\/product_brand?post=25319"},{"taxonomy":"product_cat","embeddable":true,"href":"https:\/\/reginett.ee\/ru\/wp-json\/wp\/v2\/product_cat?post=25319"},{"taxonomy":"product_tag","embeddable":true,"href":"https:\/\/reginett.ee\/ru\/wp-json\/wp\/v2\/product_tag?post=25319"}],"curies":[{"name":"wp","href":"https:\/\/api.w.org\/{rel}","templated":true}]}}