{"id":25141,"date":"2020-02-25T09:55:46","date_gmt":"2020-02-25T09:55:46","guid":{"rendered":"https:\/\/reginett.ee\/?post_type=product&#038;p=25141"},"modified":"2024-01-15T16:20:31","modified_gmt":"2024-01-15T13:20:31","slug":"saekaitsega-nahksaapad-technical-24-m-s","status":"publish","type":"product","link":"https:\/\/reginett.ee\/ru\/toode\/saekaitsega-nahksaapad-technical-24-m-s\/","title":{"rendered":"Saekaitsega nahksaapad Technical 24 m\/s"},"content":{"rendered":"<p>Saekaitsega nahksaapad Technical 24 m\/s &#8212; uuendatud kannakonstruktsioon, stabiilsem pealis ja pehmem sisu parandab mugavust ning uus tald nakkub k\u00fclma k\u00e4es paremini. Valmistatud Sympatex\u00ae materjalist, mis on 100% veekindel ja \u00f5hku l\u00e4bi laskev kvaliteetmaterjal. Saapal on pahkluu, kanna ja pealise \u00fcmber lisapolsterdus, mis parandab kaitset ja mugavust, ning terasest ninaosa. Saapa alumine osa alates tallast on tugevdatud t\u00e4iendavalt kummiga.<\/p>\n<div class=\"\">\n<div class=\"col-xs-12 \">\n<div class=\"row\">\n<ul class=\"list-unstyled col-xs-12 product-properties\">\n<li class=\"row\">\n<div class=\"col-xs-8 col-md-6 no-padding\">\n<div class=\"product-icon-holder\"><i class=\"c-icon hq-icon hq-icon-placeholder hq-icon-x1 \" title=\"\"><\/i> Saekaitse<\/div>\n<\/div>\n<div class=\"col-xs-4 col-md-6\"><strong> Jah <\/strong><\/div>\n<\/li>\n<li class=\"row\">\n<div class=\"col-xs-8 col-md-6 no-padding\">\n<div class=\"product-icon-holder\"><i class=\"c-icon hq-icon hq-icon-placeholder hq-icon-x1 \" title=\"\"><\/i> Vastab EN standarditele<\/div>\n<\/div>\n<div class=\"col-xs-4 col-md-6\"><strong> ISO 20344, 20345, 1329 &amp; 17249 <\/strong><\/div>\n<\/li>\n<li class=\"row\">\n<div class=\"col-xs-8 col-md-6 no-padding\">\n<div class=\"product-icon-holder\"><i class=\"c-icon hq-icon hq-icon-placeholder hq-icon-x1 \" title=\"\"><\/i> Klass<\/div>\n<\/div>\n<div class=\"col-xs-4 col-md-6\"><strong> Klass 2 (24 m\/s) <\/strong><\/div>\n<\/li>\n<li class=\"row\">\n<div class=\"col-xs-8 col-md-6 no-padding\">\n<div class=\"product-icon-holder\"><i class=\"c-icon hq-icon hq-icon-placeholder hq-icon-x1 \" title=\"\"><\/i> Terasest varbaots<\/div>\n<\/div>\n<div class=\"col-xs-4 col-md-6\"><strong> Jah <\/strong><\/div>\n<div class=\"col-sm-3 description\">\n<h3 class=\"h4 description-headline\">Pehme sisu<\/h3>\n<div class=\"description-text-wrapper\"><span class=\"description-text\">Pehmem kannaosa ja sisu mugavuse tagamiseks pikkadel t\u00f6\u00f6p\u00e4evadel. <\/span><\/div>\n<div>\n<div class=\"col-sm-3 description\">\n<h3 class=\"h4 description-headline\">Haarduvus<\/h3>\n<div class=\"description-text-wrapper\"><span class=\"description-text\">Parema haarduvusega pehmem tald v\u00e4ltimaks libisemist k\u00fclmades tingimustes. <\/span><\/div>\n<div><\/div>\n<\/div>\n<\/div>\n<\/div>\n<\/li>\n<\/ul>\n<\/div>\n<\/div>\n<\/div>\n","protected":false},"excerpt":{"rendered":"<p>Uuendatud kannakonstruktsioon, stabiilsem pealis ja pehmem sisu parandab mugavust ning uus tald nakkub k\u00fclma k\u00e4es paremini. Valmistatud Sympatex\u00ae materjalist, mis on 100% veekindel ja \u00f5hku l\u00e4bi laskev kvaliteetmaterjal. Saapal on pahkluu, kanna ja pealise \u00fcmber lisapolsterdus, mis parandab kaitset ja mugavust, ning terasest ninaosa. Saapa alumine osa alates tallast on tugevdatud t\u00e4iendavalt kummiga.<\/p>\n","protected":false},"featured_media":25142,"comment_status":"open","ping_status":"closed","template":"","meta":{"_acf_changed":false,"_et_pb_use_builder":"","_et_pb_old_content":"","_et_gb_content_width":"","inline_featured_image":false},"pwb-brand":[147],"product_brand":[],"product_cat":[37,32],"product_tag":[178,124,253,179],"class_list":{"0":"post-25141","1":"product","2":"type-product","3":"status-publish","4":"has-post-thumbnail","6":"pwb-brand-husqvarna","7":"product_cat-husqvarna","8":"product_cat-riided-ja-kaitsevahendid","9":"product_tag-kaitsesaapad","10":"product_tag-kaitsevarustus","11":"product_tag-metsatoosaapad","12":"product_tag-toosaapad","14":"first","15":"instock","16":"shipping-taxable","17":"purchasable","18":"product-type-variable"},"acf":[],"yoast_head":"<!-- This site is optimized with the Yoast SEO plugin v26.6 - https:\/\/yoast.com\/wordpress\/plugins\/seo\/ -->\n<title>Saekaitsega nahksaapad Technical 24 m\/s. Kaitsevarustus Reginetist<\/title>\n<meta name=\"description\" content=\"Saekaitsega nahksaapad Technical 24 m\/suuendatud kannakonstruktsioon, stabiilsem pealis ja pehmem sisu parandab mugavust\" \/>\n<meta name=\"robots\" content=\"index, follow, max-snippet:-1, max-image-preview:large, max-video-preview:-1\" \/>\n<link rel=\"canonical\" href=\"https:\/\/reginett.ee\/toode\/saekaitsega-nahksaapad-technical-24-m-s\/\" \/>\n<meta property=\"og:locale\" content=\"ru_RU\" \/>\n<meta property=\"og:type\" content=\"article\" \/>\n<meta property=\"og:title\" content=\"Saekaitsega nahksaapad Technical 24 m\/s. Kaitsevarustus Reginetist\" \/>\n<meta property=\"og:description\" content=\"Saekaitsega nahksaapad Technical 24 m\/suuendatud kannakonstruktsioon, stabiilsem pealis ja pehmem sisu parandab mugavust\" \/>\n<meta property=\"og:url\" content=\"https:\/\/reginett.ee\/toode\/saekaitsega-nahksaapad-technical-24-m-s\/\" \/>\n<meta property=\"og:site_name\" content=\"Reginett\" \/>\n<meta property=\"article:modified_time\" content=\"2024-01-15T13:20:31+00:00\" \/>\n<meta property=\"og:image\" content=\"https:\/\/reginett.ee\/wp-content\/uploads\/2020\/02\/Saekaitsega-nahksaapad.jpg\" \/>\n\t<meta property=\"og:image:width\" content=\"995\" \/>\n\t<meta property=\"og:image:height\" content=\"538\" \/>\n\t<meta property=\"og:image:type\" content=\"image\/jpeg\" \/>\n<meta name=\"twitter:card\" content=\"summary_large_image\" \/>\n<meta name=\"twitter:label1\" content=\"\u041f\u0440\u0438\u043c\u0435\u0440\u043d\u043e\u0435 \u0432\u0440\u0435\u043c\u044f \u0434\u043b\u044f \u0447\u0442\u0435\u043d\u0438\u044f\" \/>\n\t<meta name=\"twitter:data1\" content=\"1 \u043c\u0438\u043d\u0443\u0442\u0430\" \/>\n<script type=\"application\/ld+json\" class=\"yoast-schema-graph\">{\"@context\":\"https:\/\/schema.org\",\"@graph\":[{\"@type\":\"WebPage\",\"@id\":\"https:\/\/reginett.ee\/toode\/saekaitsega-nahksaapad-technical-24-m-s\/\",\"url\":\"https:\/\/reginett.ee\/toode\/saekaitsega-nahksaapad-technical-24-m-s\/\",\"name\":\"Saekaitsega nahksaapad Technical 24 m\/s. Kaitsevarustus Reginetist\",\"isPartOf\":{\"@id\":\"https:\/\/reginett.ee\/#website\"},\"primaryImageOfPage\":{\"@id\":\"https:\/\/reginett.ee\/toode\/saekaitsega-nahksaapad-technical-24-m-s\/#primaryimage\"},\"image\":{\"@id\":\"https:\/\/reginett.ee\/toode\/saekaitsega-nahksaapad-technical-24-m-s\/#primaryimage\"},\"thumbnailUrl\":\"https:\/\/reginett.ee\/wp-content\/uploads\/2020\/02\/Saekaitsega-nahksaapad.jpg\",\"datePublished\":\"2020-02-25T09:55:46+00:00\",\"dateModified\":\"2024-01-15T13:20:31+00:00\",\"description\":\"Saekaitsega nahksaapad Technical 24 m\/suuendatud kannakonstruktsioon, stabiilsem pealis ja pehmem sisu parandab mugavust\",\"breadcrumb\":{\"@id\":\"https:\/\/reginett.ee\/toode\/saekaitsega-nahksaapad-technical-24-m-s\/#breadcrumb\"},\"inLanguage\":\"ru-RU\",\"potentialAction\":[{\"@type\":\"ReadAction\",\"target\":[\"https:\/\/reginett.ee\/toode\/saekaitsega-nahksaapad-technical-24-m-s\/\"]}]},{\"@type\":\"ImageObject\",\"inLanguage\":\"ru-RU\",\"@id\":\"https:\/\/reginett.ee\/toode\/saekaitsega-nahksaapad-technical-24-m-s\/#primaryimage\",\"url\":\"https:\/\/reginett.ee\/wp-content\/uploads\/2020\/02\/Saekaitsega-nahksaapad.jpg\",\"contentUrl\":\"https:\/\/reginett.ee\/wp-content\/uploads\/2020\/02\/Saekaitsega-nahksaapad.jpg\",\"width\":995,\"height\":538},{\"@type\":\"BreadcrumbList\",\"@id\":\"https:\/\/reginett.ee\/toode\/saekaitsega-nahksaapad-technical-24-m-s\/#breadcrumb\",\"itemListElement\":[{\"@type\":\"ListItem\",\"position\":1,\"name\":\"Home\",\"item\":\"https:\/\/reginett.ee\/ru\/\"},{\"@type\":\"ListItem\",\"position\":2,\"name\":\"Tooted\",\"item\":\"https:\/\/reginett.ee\/tooted\/\"},{\"@type\":\"ListItem\",\"position\":3,\"name\":\"Saekaitsega nahksaapad Technical 24 m\/s\"}]},{\"@type\":\"WebSite\",\"@id\":\"https:\/\/reginett.ee\/#website\",\"url\":\"https:\/\/reginett.ee\/\",\"name\":\"Reginett\",\"description\":\"Parimad robotniidukid\",\"potentialAction\":[{\"@type\":\"SearchAction\",\"target\":{\"@type\":\"EntryPoint\",\"urlTemplate\":\"https:\/\/reginett.ee\/?s={search_term_string}\"},\"query-input\":{\"@type\":\"PropertyValueSpecification\",\"valueRequired\":true,\"valueName\":\"search_term_string\"}}],\"inLanguage\":\"ru-RU\"}]}<\/script>\n<!-- \/ Yoast SEO plugin. -->","yoast_head_json":{"title":"Saekaitsega nahksaapad Technical 24 m\/s. Kaitsevarustus Reginetist","description":"Saekaitsega nahksaapad Technical 24 m\/suuendatud kannakonstruktsioon, stabiilsem pealis ja pehmem sisu parandab mugavust","robots":{"index":"index","follow":"follow","max-snippet":"max-snippet:-1","max-image-preview":"max-image-preview:large","max-video-preview":"max-video-preview:-1"},"canonical":"https:\/\/reginett.ee\/toode\/saekaitsega-nahksaapad-technical-24-m-s\/","og_locale":"ru_RU","og_type":"article","og_title":"Saekaitsega nahksaapad Technical 24 m\/s. Kaitsevarustus Reginetist","og_description":"Saekaitsega nahksaapad Technical 24 m\/suuendatud kannakonstruktsioon, stabiilsem pealis ja pehmem sisu parandab mugavust","og_url":"https:\/\/reginett.ee\/toode\/saekaitsega-nahksaapad-technical-24-m-s\/","og_site_name":"Reginett","article_modified_time":"2024-01-15T13:20:31+00:00","og_image":[{"width":995,"height":538,"url":"https:\/\/reginett.ee\/wp-content\/uploads\/2020\/02\/Saekaitsega-nahksaapad.jpg","type":"image\/jpeg"}],"twitter_card":"summary_large_image","twitter_misc":{"\u041f\u0440\u0438\u043c\u0435\u0440\u043d\u043e\u0435 \u0432\u0440\u0435\u043c\u044f \u0434\u043b\u044f \u0447\u0442\u0435\u043d\u0438\u044f":"1 \u043c\u0438\u043d\u0443\u0442\u0430"},"schema":{"@context":"https:\/\/schema.org","@graph":[{"@type":"WebPage","@id":"https:\/\/reginett.ee\/toode\/saekaitsega-nahksaapad-technical-24-m-s\/","url":"https:\/\/reginett.ee\/toode\/saekaitsega-nahksaapad-technical-24-m-s\/","name":"Saekaitsega nahksaapad Technical 24 m\/s. Kaitsevarustus Reginetist","isPartOf":{"@id":"https:\/\/reginett.ee\/#website"},"primaryImageOfPage":{"@id":"https:\/\/reginett.ee\/toode\/saekaitsega-nahksaapad-technical-24-m-s\/#primaryimage"},"image":{"@id":"https:\/\/reginett.ee\/toode\/saekaitsega-nahksaapad-technical-24-m-s\/#primaryimage"},"thumbnailUrl":"https:\/\/reginett.ee\/wp-content\/uploads\/2020\/02\/Saekaitsega-nahksaapad.jpg","datePublished":"2020-02-25T09:55:46+00:00","dateModified":"2024-01-15T13:20:31+00:00","description":"Saekaitsega nahksaapad Technical 24 m\/suuendatud kannakonstruktsioon, stabiilsem pealis ja pehmem sisu parandab mugavust","breadcrumb":{"@id":"https:\/\/reginett.ee\/toode\/saekaitsega-nahksaapad-technical-24-m-s\/#breadcrumb"},"inLanguage":"ru-RU","potentialAction":[{"@type":"ReadAction","target":["https:\/\/reginett.ee\/toode\/saekaitsega-nahksaapad-technical-24-m-s\/"]}]},{"@type":"ImageObject","inLanguage":"ru-RU","@id":"https:\/\/reginett.ee\/toode\/saekaitsega-nahksaapad-technical-24-m-s\/#primaryimage","url":"https:\/\/reginett.ee\/wp-content\/uploads\/2020\/02\/Saekaitsega-nahksaapad.jpg","contentUrl":"https:\/\/reginett.ee\/wp-content\/uploads\/2020\/02\/Saekaitsega-nahksaapad.jpg","width":995,"height":538},{"@type":"BreadcrumbList","@id":"https:\/\/reginett.ee\/toode\/saekaitsega-nahksaapad-technical-24-m-s\/#breadcrumb","itemListElement":[{"@type":"ListItem","position":1,"name":"Home","item":"https:\/\/reginett.ee\/ru\/"},{"@type":"ListItem","position":2,"name":"Tooted","item":"https:\/\/reginett.ee\/tooted\/"},{"@type":"ListItem","position":3,"name":"Saekaitsega nahksaapad Technical 24 m\/s"}]},{"@type":"WebSite","@id":"https:\/\/reginett.ee\/#website","url":"https:\/\/reginett.ee\/","name":"Reginett","description":"Parimad robotniidukid","potentialAction":[{"@type":"SearchAction","target":{"@type":"EntryPoint","urlTemplate":"https:\/\/reginett.ee\/?s={search_term_string}"},"query-input":{"@type":"PropertyValueSpecification","valueRequired":true,"valueName":"search_term_string"}}],"inLanguage":"ru-RU"}]}},"brands":[{"id":147,"name":"Husqvarna","slug":"husqvarna"}],"_links":{"self":[{"href":"https:\/\/reginett.ee\/ru\/wp-json\/wp\/v2\/product\/25141","targetHints":{"allow":["GET"]}}],"collection":[{"href":"https:\/\/reginett.ee\/ru\/wp-json\/wp\/v2\/product"}],"about":[{"href":"https:\/\/reginett.ee\/ru\/wp-json\/wp\/v2\/types\/product"}],"replies":[{"embeddable":true,"href":"https:\/\/reginett.ee\/ru\/wp-json\/wp\/v2\/comments?post=25141"}],"wp:featuredmedia":[{"embeddable":true,"href":"https:\/\/reginett.ee\/ru\/wp-json\/wp\/v2\/media\/25142"}],"wp:attachment":[{"href":"https:\/\/reginett.ee\/ru\/wp-json\/wp\/v2\/media?parent=25141"}],"wp:term":[{"taxonomy":"pwb-brand","embeddable":true,"href":"https:\/\/reginett.ee\/ru\/wp-json\/wp\/v2\/pwb-brand?post=25141"},{"taxonomy":"product_brand","embeddable":true,"href":"https:\/\/reginett.ee\/ru\/wp-json\/wp\/v2\/product_brand?post=25141"},{"taxonomy":"product_cat","embeddable":true,"href":"https:\/\/reginett.ee\/ru\/wp-json\/wp\/v2\/product_cat?post=25141"},{"taxonomy":"product_tag","embeddable":true,"href":"https:\/\/reginett.ee\/ru\/wp-json\/wp\/v2\/product_tag?post=25141"}],"curies":[{"name":"wp","href":"https:\/\/api.w.org\/{rel}","templated":true}]}}