{"id":24686,"date":"2026-03-19T23:03:22","date_gmt":"2026-03-19T20:03:22","guid":{"rendered":"https:\/\/reginett.ee\/?post_type=product&#038;p=24686"},"modified":"2026-03-20T16:40:15","modified_gmt":"2026-03-20T13:40:15","slug":"husqvarna-wdc-325l","status":"publish","type":"product","link":"https:\/\/reginett.ee\/ru\/toode\/husqvarna-wdc-325l\/","title":{"rendered":"Husqvarna WDC 325L"},"content":{"rendered":"<h2>Husqvarna WDC 325L<\/h2>\n<p>Husqvarna WDC 325L- tolmuimeja, mis on m\u00f5eldud nii kuiva tolmu kui ka vedelike imemiseks. Vastupidav mootor ja pestav PET filter tagavad toote vastupidavuse. Igap\u00e4evast kasutusmugavust lisavad nutikad lahendused nagu imemiskiiruse reguleerimisv\u00f5imalus, t\u00f6\u00f6riista \u00fchenduse adapter, suur konteiner koos t\u00f5stesangaga ning pikk toru. Vastab tolmuklassile L.<\/p>\n<h2 class=\"h4 description-headline\">Pestav PET-filtrikassett<\/h2>\n<div class=\"description-text-wrapper\"><span class=\"description-text\">Filter on t\u00f6\u00f6tatud v\u00e4lja eriti pika t\u00f6\u00f6ea tagamiseks, mis v\u00e4hendab teie hoolduskulusid. Filtril on k\u00f5rge filtreerimist\u00f5husus ja sama filtrit saab kasutada nii m\u00e4rgade kui ka kuivade t\u00f6\u00f6de jaoks.<\/span><\/div>\n<div>\n<h3 class=\"h4 description-headline\">Start\/ stop funktsiooniga voolu v\u00e4ljav\u00f5te<\/h3>\n<div class=\"description-text-wrapper desc-cut\"><span class=\"description-text\">Automaatselt aktiveeruv start\/ stop funktsioon, kui seade on \u00fchendatud. Masin l\u00fclitub v\u00e4lja 5 sekundit peale v\u00e4ljal\u00fclitusnupule vajutamist, et tagada kogu tolmu j\u00f5udmine torudest kogumiskotti.<\/span><\/div>\n<div>\n<h3 class=\"h4 description-headline\">Muudetav imemisv\u00f5imsus ja sujuv k\u00e4ivitus<\/h3>\n<div class=\"description-text-wrapper desc-cut\"><span class=\"description-text\">Imemisv\u00f5imsust on vastavalt kasutatavale otsikule v\u00f5imalik muuta. Samas saate k\u00e4 v\u00e4hendada m\u00fcrataset, kasutades madalamat imemisv\u00f5imsust. Sujuv start v\u00e4hendab voolu k\u00f5ikumist k\u00e4ivitamisel.<\/span><\/div>\n<div>\n<h3 class=\"h4 description-headline\">Konteineri t\u00f5stesang<\/h3>\n<div class=\"description-text-wrapper\"><span class=\"description-text\">T\u00e4nu konteineri t\u00f5stesangale on mugav mahutit t\u00fchjendada \u2013 lihtsalt \u00fchenda lahti pealiskaas.<\/span><\/div>\n<\/div>\n<\/div>\n<\/div>\n","protected":false},"excerpt":{"rendered":"<p>Husqvarna WDC 325L- tolmuimeja, mis on m\u00f5eldud nii kuiva tolmu kui ka vedelike imemiseks. Vastupidav mootor ja pestav PET filter tagavad toote vastupidavuse. Igap\u00e4evast kasutusmugavust lisavad nutikad lahendused nagu imemiskiiruse reguleerimisv\u00f5imalus, t\u00f6\u00f6riista \u00fchenduse adapter, suur konteiner koos t\u00f5stesangaga ning pikk toru. Vastab tolmuklassile L.<\/p>\n","protected":false},"featured_media":52834,"comment_status":"open","ping_status":"closed","template":"","meta":{"_acf_changed":false,"_et_pb_use_builder":"","_et_pb_old_content":"","_et_gb_content_width":"","inline_featured_image":false},"pwb-brand":[147],"product_brand":[],"product_cat":[134,37,28],"product_tag":[112],"class_list":{"0":"post-24686","1":"product","2":"type-product","3":"status-publish","4":"has-post-thumbnail","6":"pwb-brand-husqvarna","7":"product_cat-eripakkumised","8":"product_cat-husqvarna","9":"product_cat-puhastustehnika","10":"product_tag-tolmuimeja","11":"product_shipping_class-rasked-asjad","13":"first","14":"instock","15":"sale","16":"shipping-taxable","17":"purchasable","18":"product-type-simple"},"acf":[],"yoast_head":"<!-- This site is optimized with the Yoast SEO plugin v26.6 - https:\/\/yoast.com\/wordpress\/plugins\/seo\/ -->\n<title>Husqvarna WDC 325L - Reginett<\/title>\n<meta name=\"robots\" content=\"index, follow, max-snippet:-1, max-image-preview:large, max-video-preview:-1\" \/>\n<link rel=\"canonical\" href=\"https:\/\/reginett.ee\/toode\/husqvarna-wdc-325l\/\" \/>\n<meta property=\"og:locale\" content=\"ru_RU\" \/>\n<meta property=\"og:type\" content=\"article\" \/>\n<meta property=\"og:title\" content=\"Husqvarna WDC 325L - Reginett\" \/>\n<meta property=\"og:description\" content=\"Husqvarna WDC 325L- tolmuimeja, mis on m\u00f5eldud nii kuiva tolmu kui ka vedelike imemiseks. Vastupidav mootor ja pestav PET filter tagavad toote vastupidavuse. Igap\u00e4evast kasutusmugavust lisavad nutikad lahendused nagu imemiskiiruse reguleerimisv\u00f5imalus, t\u00f6\u00f6riista \u00fchenduse adapter, suur konteiner koos t\u00f5stesangaga ning pikk toru. Vastab tolmuklassile L.\" \/>\n<meta property=\"og:url\" content=\"https:\/\/reginett.ee\/toode\/husqvarna-wdc-325l\/\" \/>\n<meta property=\"og:site_name\" content=\"Reginett\" \/>\n<meta property=\"article:modified_time\" content=\"2026-03-20T13:40:15+00:00\" \/>\n<meta property=\"og:image\" content=\"https:\/\/reginett.ee\/wp-content\/uploads\/2020\/01\/H410-1552.jpg\" \/>\n\t<meta property=\"og:image:width\" content=\"680\" \/>\n\t<meta property=\"og:image:height\" content=\"372\" \/>\n\t<meta property=\"og:image:type\" content=\"image\/jpeg\" \/>\n<meta name=\"twitter:card\" content=\"summary_large_image\" \/>\n<meta name=\"twitter:label1\" content=\"\u041f\u0440\u0438\u043c\u0435\u0440\u043d\u043e\u0435 \u0432\u0440\u0435\u043c\u044f \u0434\u043b\u044f \u0447\u0442\u0435\u043d\u0438\u044f\" \/>\n\t<meta name=\"twitter:data1\" content=\"1 \u043c\u0438\u043d\u0443\u0442\u0430\" \/>\n<script type=\"application\/ld+json\" class=\"yoast-schema-graph\">{\"@context\":\"https:\/\/schema.org\",\"@graph\":[{\"@type\":\"WebPage\",\"@id\":\"https:\/\/reginett.ee\/toode\/husqvarna-wdc-325l\/\",\"url\":\"https:\/\/reginett.ee\/toode\/husqvarna-wdc-325l\/\",\"name\":\"Husqvarna WDC 325L - Reginett\",\"isPartOf\":{\"@id\":\"https:\/\/reginett.ee\/#website\"},\"primaryImageOfPage\":{\"@id\":\"https:\/\/reginett.ee\/toode\/husqvarna-wdc-325l\/#primaryimage\"},\"image\":{\"@id\":\"https:\/\/reginett.ee\/toode\/husqvarna-wdc-325l\/#primaryimage\"},\"thumbnailUrl\":\"https:\/\/reginett.ee\/wp-content\/uploads\/2020\/01\/H410-1552.jpg\",\"datePublished\":\"2026-03-19T20:03:22+00:00\",\"dateModified\":\"2026-03-20T13:40:15+00:00\",\"breadcrumb\":{\"@id\":\"https:\/\/reginett.ee\/toode\/husqvarna-wdc-325l\/#breadcrumb\"},\"inLanguage\":\"ru-RU\",\"potentialAction\":[{\"@type\":\"ReadAction\",\"target\":[\"https:\/\/reginett.ee\/toode\/husqvarna-wdc-325l\/\"]}]},{\"@type\":\"ImageObject\",\"inLanguage\":\"ru-RU\",\"@id\":\"https:\/\/reginett.ee\/toode\/husqvarna-wdc-325l\/#primaryimage\",\"url\":\"https:\/\/reginett.ee\/wp-content\/uploads\/2020\/01\/H410-1552.jpg\",\"contentUrl\":\"https:\/\/reginett.ee\/wp-content\/uploads\/2020\/01\/H410-1552.jpg\",\"width\":680,\"height\":372,\"caption\":\"H410-1552\"},{\"@type\":\"BreadcrumbList\",\"@id\":\"https:\/\/reginett.ee\/toode\/husqvarna-wdc-325l\/#breadcrumb\",\"itemListElement\":[{\"@type\":\"ListItem\",\"position\":1,\"name\":\"Home\",\"item\":\"https:\/\/reginett.ee\/ru\/\"},{\"@type\":\"ListItem\",\"position\":2,\"name\":\"Tooted\",\"item\":\"https:\/\/reginett.ee\/tooted\/\"},{\"@type\":\"ListItem\",\"position\":3,\"name\":\"Husqvarna WDC 325L\"}]},{\"@type\":\"WebSite\",\"@id\":\"https:\/\/reginett.ee\/#website\",\"url\":\"https:\/\/reginett.ee\/\",\"name\":\"Reginett\",\"description\":\"Parimad robotniidukid\",\"potentialAction\":[{\"@type\":\"SearchAction\",\"target\":{\"@type\":\"EntryPoint\",\"urlTemplate\":\"https:\/\/reginett.ee\/?s={search_term_string}\"},\"query-input\":{\"@type\":\"PropertyValueSpecification\",\"valueRequired\":true,\"valueName\":\"search_term_string\"}}],\"inLanguage\":\"ru-RU\"}]}<\/script>\n<!-- \/ Yoast SEO plugin. -->","yoast_head_json":{"title":"Husqvarna WDC 325L - Reginett","robots":{"index":"index","follow":"follow","max-snippet":"max-snippet:-1","max-image-preview":"max-image-preview:large","max-video-preview":"max-video-preview:-1"},"canonical":"https:\/\/reginett.ee\/toode\/husqvarna-wdc-325l\/","og_locale":"ru_RU","og_type":"article","og_title":"Husqvarna WDC 325L - Reginett","og_description":"Husqvarna WDC 325L- tolmuimeja, mis on m\u00f5eldud nii kuiva tolmu kui ka vedelike imemiseks. Vastupidav mootor ja pestav PET filter tagavad toote vastupidavuse. Igap\u00e4evast kasutusmugavust lisavad nutikad lahendused nagu imemiskiiruse reguleerimisv\u00f5imalus, t\u00f6\u00f6riista \u00fchenduse adapter, suur konteiner koos t\u00f5stesangaga ning pikk toru. Vastab tolmuklassile L.","og_url":"https:\/\/reginett.ee\/toode\/husqvarna-wdc-325l\/","og_site_name":"Reginett","article_modified_time":"2026-03-20T13:40:15+00:00","og_image":[{"width":680,"height":372,"url":"https:\/\/reginett.ee\/wp-content\/uploads\/2020\/01\/H410-1552.jpg","type":"image\/jpeg"}],"twitter_card":"summary_large_image","twitter_misc":{"\u041f\u0440\u0438\u043c\u0435\u0440\u043d\u043e\u0435 \u0432\u0440\u0435\u043c\u044f \u0434\u043b\u044f \u0447\u0442\u0435\u043d\u0438\u044f":"1 \u043c\u0438\u043d\u0443\u0442\u0430"},"schema":{"@context":"https:\/\/schema.org","@graph":[{"@type":"WebPage","@id":"https:\/\/reginett.ee\/toode\/husqvarna-wdc-325l\/","url":"https:\/\/reginett.ee\/toode\/husqvarna-wdc-325l\/","name":"Husqvarna WDC 325L - Reginett","isPartOf":{"@id":"https:\/\/reginett.ee\/#website"},"primaryImageOfPage":{"@id":"https:\/\/reginett.ee\/toode\/husqvarna-wdc-325l\/#primaryimage"},"image":{"@id":"https:\/\/reginett.ee\/toode\/husqvarna-wdc-325l\/#primaryimage"},"thumbnailUrl":"https:\/\/reginett.ee\/wp-content\/uploads\/2020\/01\/H410-1552.jpg","datePublished":"2026-03-19T20:03:22+00:00","dateModified":"2026-03-20T13:40:15+00:00","breadcrumb":{"@id":"https:\/\/reginett.ee\/toode\/husqvarna-wdc-325l\/#breadcrumb"},"inLanguage":"ru-RU","potentialAction":[{"@type":"ReadAction","target":["https:\/\/reginett.ee\/toode\/husqvarna-wdc-325l\/"]}]},{"@type":"ImageObject","inLanguage":"ru-RU","@id":"https:\/\/reginett.ee\/toode\/husqvarna-wdc-325l\/#primaryimage","url":"https:\/\/reginett.ee\/wp-content\/uploads\/2020\/01\/H410-1552.jpg","contentUrl":"https:\/\/reginett.ee\/wp-content\/uploads\/2020\/01\/H410-1552.jpg","width":680,"height":372,"caption":"H410-1552"},{"@type":"BreadcrumbList","@id":"https:\/\/reginett.ee\/toode\/husqvarna-wdc-325l\/#breadcrumb","itemListElement":[{"@type":"ListItem","position":1,"name":"Home","item":"https:\/\/reginett.ee\/ru\/"},{"@type":"ListItem","position":2,"name":"Tooted","item":"https:\/\/reginett.ee\/tooted\/"},{"@type":"ListItem","position":3,"name":"Husqvarna WDC 325L"}]},{"@type":"WebSite","@id":"https:\/\/reginett.ee\/#website","url":"https:\/\/reginett.ee\/","name":"Reginett","description":"Parimad robotniidukid","potentialAction":[{"@type":"SearchAction","target":{"@type":"EntryPoint","urlTemplate":"https:\/\/reginett.ee\/?s={search_term_string}"},"query-input":{"@type":"PropertyValueSpecification","valueRequired":true,"valueName":"search_term_string"}}],"inLanguage":"ru-RU"}]}},"brands":[{"id":147,"name":"Husqvarna","slug":"husqvarna"}],"_links":{"self":[{"href":"https:\/\/reginett.ee\/ru\/wp-json\/wp\/v2\/product\/24686","targetHints":{"allow":["GET"]}}],"collection":[{"href":"https:\/\/reginett.ee\/ru\/wp-json\/wp\/v2\/product"}],"about":[{"href":"https:\/\/reginett.ee\/ru\/wp-json\/wp\/v2\/types\/product"}],"replies":[{"embeddable":true,"href":"https:\/\/reginett.ee\/ru\/wp-json\/wp\/v2\/comments?post=24686"}],"wp:featuredmedia":[{"embeddable":true,"href":"https:\/\/reginett.ee\/ru\/wp-json\/wp\/v2\/media\/52834"}],"wp:attachment":[{"href":"https:\/\/reginett.ee\/ru\/wp-json\/wp\/v2\/media?parent=24686"}],"wp:term":[{"taxonomy":"pwb-brand","embeddable":true,"href":"https:\/\/reginett.ee\/ru\/wp-json\/wp\/v2\/pwb-brand?post=24686"},{"taxonomy":"product_brand","embeddable":true,"href":"https:\/\/reginett.ee\/ru\/wp-json\/wp\/v2\/product_brand?post=24686"},{"taxonomy":"product_cat","embeddable":true,"href":"https:\/\/reginett.ee\/ru\/wp-json\/wp\/v2\/product_cat?post=24686"},{"taxonomy":"product_tag","embeddable":true,"href":"https:\/\/reginett.ee\/ru\/wp-json\/wp\/v2\/product_tag?post=24686"}],"curies":[{"name":"wp","href":"https:\/\/api.w.org\/{rel}","templated":true}]}}