{"id":24680,"date":"2021-11-29T10:56:15","date_gmt":"2021-11-29T07:56:15","guid":{"rendered":"https:\/\/reginett.ee\/?post_type=product&#038;p=24680"},"modified":"2022-11-17T14:31:13","modified_gmt":"2022-11-17T11:31:13","slug":"lumelabidasvalge","status":"publish","type":"product","link":"https:\/\/reginett.ee\/ru\/toode\/lumelabidasvalge\/","title":{"rendered":"Lumelabidas Fiskars valge"},"content":{"rendered":"<p>Lumelabidas Fiskars on Ideaalne lumest puhastamiseks kitsamatel aladel, terrassil v\u00f5i auto \u00fcmbruses. Tugevdatud pol\u00fcprop\u00fcleenist labidaosa. Patenteeritud disain suurendab labida j\u00e4ikust ning parandab vastupidavust. Lihtne ja mugav kasutada t\u00e4nu kergekaalulisele alumiiniumist varrele ning soojale mittelibisevale varrele. Labida laius 350 mm.<\/p>\n<p><strong>Elegantne valge v\u00e4rvus!<\/strong><\/p>\n<p>&nbsp;<\/p>\n<ul>\n<li>Plastikuga kaetud alumiiniumist vars<\/li>\n<li>Plastikust laba, mille alumine \u00e4\u00e4r on tugevdatud alumiiniust servaga<\/li>\n<li>Uue kujuga k\u00fchvel<\/li>\n<li>Pikkus: 1310 mm<\/li>\n<li>Laius: 350 mm<\/li>\n<li>Kaal: 1050 g<\/li>\n<\/ul>\n<div class=\"ssba-classic-2 ssba ssbp-wrap left ssbp--theme-6\"><\/div>\n","protected":false},"excerpt":{"rendered":"<p>Fiskars lumelabidas on Ideaalne lumest puhastamiseks kitsamatel aladel, terrassil v\u00f5i auto \u00fcmbruses. Tugevdatud pol\u00fcprop\u00fcleenist labidaosa. Patenteeritud disain suurendab labida j\u00e4ikust ning parandab vastupidavust. Lihtne ja mugav kasutada t\u00e4nu kergekaalulisele alumiiniumist varrele ning soojale mittelibisevale varrele. Labida laius 350 mm.<\/p>\n<div class=\"ssba-classic-2 ssba ssbp-wrap left ssbp--theme-6\"><\/div>\n","protected":false},"featured_media":56815,"comment_status":"open","ping_status":"closed","template":"","meta":{"_acf_changed":false,"_et_pb_use_builder":"","_et_pb_old_content":"","_et_gb_content_width":"","inline_featured_image":false},"pwb-brand":[346],"product_brand":[],"product_cat":[480,27],"product_tag":[],"class_list":{"0":"post-24680","1":"product","2":"type-product","3":"status-publish","4":"has-post-thumbnail","6":"pwb-brand-fiskars","7":"product_cat-aiatoo","8":"product_cat-tooriistad-ja-tarvikud","9":"product_shipping_class-rasked-asjad","11":"first","12":"instock","13":"sale","14":"shipping-taxable","15":"purchasable","16":"product-type-simple"},"acf":[],"yoast_head":"<!-- This site is optimized with the Yoast SEO plugin v26.6 - https:\/\/yoast.com\/wordpress\/plugins\/seo\/ -->\n<title>Lumelabidas Fiskars. Fiskars t\u00f6\u00f6riistad Reginetist<\/title>\n<meta name=\"description\" content=\"Lumelabidas Fiskars on Ideaalne lumest puhastamiseks kitsamatel aladel, terrassil v\u00f5i auto \u00fcmbruses. Tugevdatud pol\u00fcprop\u00fcleenist labidaosa.\" \/>\n<meta name=\"robots\" content=\"index, follow, max-snippet:-1, max-image-preview:large, max-video-preview:-1\" \/>\n<link rel=\"canonical\" href=\"https:\/\/reginett.ee\/toode\/lumelabidasvalge\/\" \/>\n<meta property=\"og:locale\" content=\"ru_RU\" \/>\n<meta property=\"og:type\" content=\"article\" \/>\n<meta property=\"og:title\" content=\"Lumelabidas Fiskars. Fiskars t\u00f6\u00f6riistad Reginetist\" \/>\n<meta property=\"og:description\" content=\"Lumelabidas Fiskars on Ideaalne lumest puhastamiseks kitsamatel aladel, terrassil v\u00f5i auto \u00fcmbruses. Tugevdatud pol\u00fcprop\u00fcleenist labidaosa.\" \/>\n<meta property=\"og:url\" content=\"https:\/\/reginett.ee\/toode\/lumelabidasvalge\/\" \/>\n<meta property=\"og:site_name\" content=\"Reginett\" \/>\n<meta property=\"article:modified_time\" content=\"2022-11-17T11:31:13+00:00\" \/>\n<meta property=\"og:image\" content=\"https:\/\/reginett.ee\/wp-content\/uploads\/2020\/01\/141013_Valge-lumelabida_2.jpg\" \/>\n\t<meta property=\"og:image:width\" content=\"1920\" \/>\n\t<meta property=\"og:image:height\" content=\"1920\" \/>\n\t<meta property=\"og:image:type\" content=\"image\/jpeg\" \/>\n<meta name=\"twitter:card\" content=\"summary_large_image\" \/>\n<meta name=\"twitter:label1\" content=\"\u041f\u0440\u0438\u043c\u0435\u0440\u043d\u043e\u0435 \u0432\u0440\u0435\u043c\u044f \u0434\u043b\u044f \u0447\u0442\u0435\u043d\u0438\u044f\" \/>\n\t<meta name=\"twitter:data1\" content=\"1 \u043c\u0438\u043d\u0443\u0442\u0430\" \/>\n<script type=\"application\/ld+json\" class=\"yoast-schema-graph\">{\"@context\":\"https:\/\/schema.org\",\"@graph\":[{\"@type\":\"WebPage\",\"@id\":\"https:\/\/reginett.ee\/toode\/lumelabidasvalge\/\",\"url\":\"https:\/\/reginett.ee\/toode\/lumelabidasvalge\/\",\"name\":\"Lumelabidas Fiskars. Fiskars t\u00f6\u00f6riistad Reginetist\",\"isPartOf\":{\"@id\":\"https:\/\/reginett.ee\/#website\"},\"primaryImageOfPage\":{\"@id\":\"https:\/\/reginett.ee\/toode\/lumelabidasvalge\/#primaryimage\"},\"image\":{\"@id\":\"https:\/\/reginett.ee\/toode\/lumelabidasvalge\/#primaryimage\"},\"thumbnailUrl\":\"https:\/\/reginett.ee\/wp-content\/uploads\/2020\/01\/141013_Valge-lumelabida_2.jpg\",\"datePublished\":\"2021-11-29T07:56:15+00:00\",\"dateModified\":\"2022-11-17T11:31:13+00:00\",\"description\":\"Lumelabidas Fiskars on Ideaalne lumest puhastamiseks kitsamatel aladel, terrassil v\u00f5i auto \u00fcmbruses. Tugevdatud pol\u00fcprop\u00fcleenist labidaosa.\",\"breadcrumb\":{\"@id\":\"https:\/\/reginett.ee\/toode\/lumelabidasvalge\/#breadcrumb\"},\"inLanguage\":\"ru-RU\",\"potentialAction\":[{\"@type\":\"ReadAction\",\"target\":[\"https:\/\/reginett.ee\/toode\/lumelabidasvalge\/\"]}]},{\"@type\":\"ImageObject\",\"inLanguage\":\"ru-RU\",\"@id\":\"https:\/\/reginett.ee\/toode\/lumelabidasvalge\/#primaryimage\",\"url\":\"https:\/\/reginett.ee\/wp-content\/uploads\/2020\/01\/141013_Valge-lumelabida_2.jpg\",\"contentUrl\":\"https:\/\/reginett.ee\/wp-content\/uploads\/2020\/01\/141013_Valge-lumelabida_2.jpg\",\"width\":1920,\"height\":1920,\"caption\":\"Lumelabidas Fiskars valge\"},{\"@type\":\"BreadcrumbList\",\"@id\":\"https:\/\/reginett.ee\/toode\/lumelabidasvalge\/#breadcrumb\",\"itemListElement\":[{\"@type\":\"ListItem\",\"position\":1,\"name\":\"Home\",\"item\":\"https:\/\/reginett.ee\/ru\/\"},{\"@type\":\"ListItem\",\"position\":2,\"name\":\"Tooted\",\"item\":\"https:\/\/reginett.ee\/tooted\/\"},{\"@type\":\"ListItem\",\"position\":3,\"name\":\"Lumelabidas Fiskars valge\"}]},{\"@type\":\"WebSite\",\"@id\":\"https:\/\/reginett.ee\/#website\",\"url\":\"https:\/\/reginett.ee\/\",\"name\":\"Reginett\",\"description\":\"Parimad robotniidukid\",\"potentialAction\":[{\"@type\":\"SearchAction\",\"target\":{\"@type\":\"EntryPoint\",\"urlTemplate\":\"https:\/\/reginett.ee\/?s={search_term_string}\"},\"query-input\":{\"@type\":\"PropertyValueSpecification\",\"valueRequired\":true,\"valueName\":\"search_term_string\"}}],\"inLanguage\":\"ru-RU\"}]}<\/script>\n<!-- \/ Yoast SEO plugin. -->","yoast_head_json":{"title":"Lumelabidas Fiskars. Fiskars t\u00f6\u00f6riistad Reginetist","description":"Lumelabidas Fiskars on Ideaalne lumest puhastamiseks kitsamatel aladel, terrassil v\u00f5i auto \u00fcmbruses. Tugevdatud pol\u00fcprop\u00fcleenist labidaosa.","robots":{"index":"index","follow":"follow","max-snippet":"max-snippet:-1","max-image-preview":"max-image-preview:large","max-video-preview":"max-video-preview:-1"},"canonical":"https:\/\/reginett.ee\/toode\/lumelabidasvalge\/","og_locale":"ru_RU","og_type":"article","og_title":"Lumelabidas Fiskars. Fiskars t\u00f6\u00f6riistad Reginetist","og_description":"Lumelabidas Fiskars on Ideaalne lumest puhastamiseks kitsamatel aladel, terrassil v\u00f5i auto \u00fcmbruses. Tugevdatud pol\u00fcprop\u00fcleenist labidaosa.","og_url":"https:\/\/reginett.ee\/toode\/lumelabidasvalge\/","og_site_name":"Reginett","article_modified_time":"2022-11-17T11:31:13+00:00","og_image":[{"width":1920,"height":1920,"url":"https:\/\/reginett.ee\/wp-content\/uploads\/2020\/01\/141013_Valge-lumelabida_2.jpg","type":"image\/jpeg"}],"twitter_card":"summary_large_image","twitter_misc":{"\u041f\u0440\u0438\u043c\u0435\u0440\u043d\u043e\u0435 \u0432\u0440\u0435\u043c\u044f \u0434\u043b\u044f \u0447\u0442\u0435\u043d\u0438\u044f":"1 \u043c\u0438\u043d\u0443\u0442\u0430"},"schema":{"@context":"https:\/\/schema.org","@graph":[{"@type":"WebPage","@id":"https:\/\/reginett.ee\/toode\/lumelabidasvalge\/","url":"https:\/\/reginett.ee\/toode\/lumelabidasvalge\/","name":"Lumelabidas Fiskars. Fiskars t\u00f6\u00f6riistad Reginetist","isPartOf":{"@id":"https:\/\/reginett.ee\/#website"},"primaryImageOfPage":{"@id":"https:\/\/reginett.ee\/toode\/lumelabidasvalge\/#primaryimage"},"image":{"@id":"https:\/\/reginett.ee\/toode\/lumelabidasvalge\/#primaryimage"},"thumbnailUrl":"https:\/\/reginett.ee\/wp-content\/uploads\/2020\/01\/141013_Valge-lumelabida_2.jpg","datePublished":"2021-11-29T07:56:15+00:00","dateModified":"2022-11-17T11:31:13+00:00","description":"Lumelabidas Fiskars on Ideaalne lumest puhastamiseks kitsamatel aladel, terrassil v\u00f5i auto \u00fcmbruses. Tugevdatud pol\u00fcprop\u00fcleenist labidaosa.","breadcrumb":{"@id":"https:\/\/reginett.ee\/toode\/lumelabidasvalge\/#breadcrumb"},"inLanguage":"ru-RU","potentialAction":[{"@type":"ReadAction","target":["https:\/\/reginett.ee\/toode\/lumelabidasvalge\/"]}]},{"@type":"ImageObject","inLanguage":"ru-RU","@id":"https:\/\/reginett.ee\/toode\/lumelabidasvalge\/#primaryimage","url":"https:\/\/reginett.ee\/wp-content\/uploads\/2020\/01\/141013_Valge-lumelabida_2.jpg","contentUrl":"https:\/\/reginett.ee\/wp-content\/uploads\/2020\/01\/141013_Valge-lumelabida_2.jpg","width":1920,"height":1920,"caption":"Lumelabidas Fiskars valge"},{"@type":"BreadcrumbList","@id":"https:\/\/reginett.ee\/toode\/lumelabidasvalge\/#breadcrumb","itemListElement":[{"@type":"ListItem","position":1,"name":"Home","item":"https:\/\/reginett.ee\/ru\/"},{"@type":"ListItem","position":2,"name":"Tooted","item":"https:\/\/reginett.ee\/tooted\/"},{"@type":"ListItem","position":3,"name":"Lumelabidas Fiskars valge"}]},{"@type":"WebSite","@id":"https:\/\/reginett.ee\/#website","url":"https:\/\/reginett.ee\/","name":"Reginett","description":"Parimad robotniidukid","potentialAction":[{"@type":"SearchAction","target":{"@type":"EntryPoint","urlTemplate":"https:\/\/reginett.ee\/?s={search_term_string}"},"query-input":{"@type":"PropertyValueSpecification","valueRequired":true,"valueName":"search_term_string"}}],"inLanguage":"ru-RU"}]}},"brands":[{"id":346,"name":"Fiskars","slug":"fiskars"}],"_links":{"self":[{"href":"https:\/\/reginett.ee\/ru\/wp-json\/wp\/v2\/product\/24680","targetHints":{"allow":["GET"]}}],"collection":[{"href":"https:\/\/reginett.ee\/ru\/wp-json\/wp\/v2\/product"}],"about":[{"href":"https:\/\/reginett.ee\/ru\/wp-json\/wp\/v2\/types\/product"}],"replies":[{"embeddable":true,"href":"https:\/\/reginett.ee\/ru\/wp-json\/wp\/v2\/comments?post=24680"}],"wp:featuredmedia":[{"embeddable":true,"href":"https:\/\/reginett.ee\/ru\/wp-json\/wp\/v2\/media\/56815"}],"wp:attachment":[{"href":"https:\/\/reginett.ee\/ru\/wp-json\/wp\/v2\/media?parent=24680"}],"wp:term":[{"taxonomy":"pwb-brand","embeddable":true,"href":"https:\/\/reginett.ee\/ru\/wp-json\/wp\/v2\/pwb-brand?post=24680"},{"taxonomy":"product_brand","embeddable":true,"href":"https:\/\/reginett.ee\/ru\/wp-json\/wp\/v2\/product_brand?post=24680"},{"taxonomy":"product_cat","embeddable":true,"href":"https:\/\/reginett.ee\/ru\/wp-json\/wp\/v2\/product_cat?post=24680"},{"taxonomy":"product_tag","embeddable":true,"href":"https:\/\/reginett.ee\/ru\/wp-json\/wp\/v2\/product_tag?post=24680"}],"curies":[{"name":"wp","href":"https:\/\/api.w.org\/{rel}","templated":true}]}}