{"id":24678,"date":"2020-01-21T22:53:50","date_gmt":"2020-01-21T22:53:50","guid":{"rendered":"https:\/\/reginett.ee\/?post_type=product&#038;p=24678"},"modified":"2024-01-15T17:51:17","modified_gmt":"2024-01-15T14:51:17","slug":"husqvarna-k535i","status":"publish","type":"product","link":"https:\/\/reginett.ee\/ru\/toode\/husqvarna-k535i\/","title":{"rendered":"Akuga ketasl\u00f5ikur Husqvarna K535i"},"content":{"rendered":"<p>Husqvarna K535i on kerge kaalu, madala vibratsioonitaseme ja kasutajas\u00f5braliku ergonoomikaga akutoitel ketasl\u00f5ikur. T\u00e4nu suurep\u00e4rasele v\u00f5imsuse ja massi suhtele on seade mitmek\u00fclgseks abivahendiks nii taimede kui objektidega seotud kergematel maastikukujundust\u00f6\u00f6del ning sobib ideaalselt kiireks ja t\u00f5husaks l\u00f5ikamiseks. Sobib betoonist aiaplaatide, graniidi ning katuse- ja p\u00f5randaplaatide l\u00f5ikamiseks. K 535i on kohaldatav nii m\u00e4rg- kui kuivl\u00f5ikuseks. Saab kasutada Husqvarna BLi200\/300 akudega.<\/p>\n<p>Kingituseks kaasas ketas!<\/p>\n<h3>\u00dche aku s\u00fcsteem<\/h3>\n<p>Aku saab probleemideta ja t\u00f6\u00f6d katkestamata t\u00f5sta \u00fchest seadmest teise.<\/p>\n<h3>H\u00f5lpsalt k\u00e4sitsetav<\/h3>\n<p>Sale disain ja kerge kaal muudavad seadme t\u00f5stmise, juhtimise ja k\u00e4sitsemise t\u00f6\u00f6tamise ajal h\u00f5lpsaks ning lisades sellele erakordselt madalad vibratsioonin\u00e4itajad, saame ideaalse t\u00f6\u00f6riista kergemate betoonit\u00f6\u00f6de jaoks..<\/p>\n<h3>Loogiline klahvistik<\/h3>\n<p>Laitmatu juhitavuse tagamiseks on loogiliselt toimiv klahvistik varustatud kiirk\u00e4skudega ja t\u00f6\u00f6aega maksimeeriva funktsiooniga SavETM<\/p>\n<p>https:\/\/www.husqvarnacp.com\/ee\/seadmed\/akuseeria\/k-535i\/967795901\/<\/p>\n","protected":false},"excerpt":{"rendered":"<p>Husqvarna K 535i on kerge kaalu, madala vibratsioonitaseme ja kasutajas\u00f5braliku ergonoomikaga akutoitel ketasl\u00f5ikur. T\u00e4nu suurep\u00e4rasele v\u00f5imsuse ja massi suhtele on seade mitmek\u00fclgseks abivahendiks nii taimede kui objektidega seotud kergematel maastikukujundust\u00f6\u00f6del ning sobib ideaalselt kiireks ja t\u00f5husaks l\u00f5ikamiseks. Sobib betoonist aiaplaatide, graniidi ning katuse- ja p\u00f5randaplaatide l\u00f5ikamiseks. K 535i on kohaldatav nii m\u00e4rg- kui kuivl\u00f5ikuseks. Saab kasutada Husqvarna BLi200\/300 akudega.<\/p>\n","protected":false},"featured_media":25356,"comment_status":"open","ping_status":"closed","template":"","meta":{"_acf_changed":false,"_et_pb_use_builder":"","_et_pb_old_content":"","_et_gb_content_width":"","inline_featured_image":false},"pwb-brand":[],"product_brand":[],"product_cat":[479,48,37],"product_tag":[74,88],"class_list":{"0":"post-24678","1":"product","2":"type-product","3":"status-publish","4":"has-post-thumbnail","6":"product_cat-ehitustehnika","7":"product_cat-akutooted","8":"product_cat-husqvarna","9":"product_tag-akutooriistad","10":"product_tag-ketsloikur","11":"product_shipping_class-rasked-asjad","13":"first","14":"instock","15":"shipping-taxable","16":"purchasable","17":"product-type-simple"},"acf":[],"yoast_head":"<!-- This site is optimized with the Yoast SEO plugin v26.6 - https:\/\/yoast.com\/wordpress\/plugins\/seo\/ -->\n<title>Akuga ketasl\u00f5ikur Husqvarna K535i. Husqvarna akuseeria<\/title>\n<meta name=\"description\" content=\"Husqvarna K 535i on kerge kaalu, madala vibratsioonitaseme ja kasutajas\u00f5braliku ergonoomikaga akutoitel ketasl\u00f5ikur. T\u00e4nu suurep\u00e4rasele\" \/>\n<meta name=\"robots\" content=\"index, follow, max-snippet:-1, max-image-preview:large, max-video-preview:-1\" \/>\n<link rel=\"canonical\" href=\"https:\/\/reginett.ee\/toode\/husqvarna-k535i\/\" \/>\n<meta property=\"og:locale\" content=\"ru_RU\" \/>\n<meta property=\"og:type\" content=\"article\" \/>\n<meta property=\"og:title\" content=\"Akuga ketasl\u00f5ikur Husqvarna K535i. Husqvarna akuseeria\" \/>\n<meta property=\"og:description\" content=\"Husqvarna K 535i on kerge kaalu, madala vibratsioonitaseme ja kasutajas\u00f5braliku ergonoomikaga akutoitel ketasl\u00f5ikur. T\u00e4nu suurep\u00e4rasele\" \/>\n<meta property=\"og:url\" content=\"https:\/\/reginett.ee\/toode\/husqvarna-k535i\/\" \/>\n<meta property=\"og:site_name\" content=\"Reginett\" \/>\n<meta property=\"article:modified_time\" content=\"2024-01-15T14:51:17+00:00\" \/>\n<meta property=\"og:image\" content=\"https:\/\/reginett.ee\/wp-content\/uploads\/2020\/01\/Husqvarna-K535i.jpg\" \/>\n\t<meta property=\"og:image:width\" content=\"680\" \/>\n\t<meta property=\"og:image:height\" content=\"372\" \/>\n\t<meta property=\"og:image:type\" content=\"image\/jpeg\" \/>\n<meta name=\"twitter:card\" content=\"summary_large_image\" \/>\n<meta name=\"twitter:label1\" content=\"\u041f\u0440\u0438\u043c\u0435\u0440\u043d\u043e\u0435 \u0432\u0440\u0435\u043c\u044f \u0434\u043b\u044f \u0447\u0442\u0435\u043d\u0438\u044f\" \/>\n\t<meta name=\"twitter:data1\" content=\"1 \u043c\u0438\u043d\u0443\u0442\u0430\" \/>\n<script type=\"application\/ld+json\" class=\"yoast-schema-graph\">{\"@context\":\"https:\/\/schema.org\",\"@graph\":[{\"@type\":\"WebPage\",\"@id\":\"https:\/\/reginett.ee\/toode\/husqvarna-k535i\/\",\"url\":\"https:\/\/reginett.ee\/toode\/husqvarna-k535i\/\",\"name\":\"Akuga ketasl\u00f5ikur Husqvarna K535i. Husqvarna akuseeria\",\"isPartOf\":{\"@id\":\"https:\/\/reginett.ee\/#website\"},\"primaryImageOfPage\":{\"@id\":\"https:\/\/reginett.ee\/toode\/husqvarna-k535i\/#primaryimage\"},\"image\":{\"@id\":\"https:\/\/reginett.ee\/toode\/husqvarna-k535i\/#primaryimage\"},\"thumbnailUrl\":\"https:\/\/reginett.ee\/wp-content\/uploads\/2020\/01\/Husqvarna-K535i.jpg\",\"datePublished\":\"2020-01-21T22:53:50+00:00\",\"dateModified\":\"2024-01-15T14:51:17+00:00\",\"description\":\"Husqvarna K 535i on kerge kaalu, madala vibratsioonitaseme ja kasutajas\u00f5braliku ergonoomikaga akutoitel ketasl\u00f5ikur. T\u00e4nu suurep\u00e4rasele\",\"breadcrumb\":{\"@id\":\"https:\/\/reginett.ee\/toode\/husqvarna-k535i\/#breadcrumb\"},\"inLanguage\":\"ru-RU\",\"potentialAction\":[{\"@type\":\"ReadAction\",\"target\":[\"https:\/\/reginett.ee\/toode\/husqvarna-k535i\/\"]}]},{\"@type\":\"ImageObject\",\"inLanguage\":\"ru-RU\",\"@id\":\"https:\/\/reginett.ee\/toode\/husqvarna-k535i\/#primaryimage\",\"url\":\"https:\/\/reginett.ee\/wp-content\/uploads\/2020\/01\/Husqvarna-K535i.jpg\",\"contentUrl\":\"https:\/\/reginett.ee\/wp-content\/uploads\/2020\/01\/Husqvarna-K535i.jpg\",\"width\":680,\"height\":372,\"caption\":\"Husqvarna K535i\"},{\"@type\":\"BreadcrumbList\",\"@id\":\"https:\/\/reginett.ee\/toode\/husqvarna-k535i\/#breadcrumb\",\"itemListElement\":[{\"@type\":\"ListItem\",\"position\":1,\"name\":\"Home\",\"item\":\"https:\/\/reginett.ee\/ru\/\"},{\"@type\":\"ListItem\",\"position\":2,\"name\":\"Tooted\",\"item\":\"https:\/\/reginett.ee\/tooted\/\"},{\"@type\":\"ListItem\",\"position\":3,\"name\":\"Akuga ketasl\u00f5ikur Husqvarna K535i\"}]},{\"@type\":\"WebSite\",\"@id\":\"https:\/\/reginett.ee\/#website\",\"url\":\"https:\/\/reginett.ee\/\",\"name\":\"Reginett\",\"description\":\"Parimad robotniidukid\",\"potentialAction\":[{\"@type\":\"SearchAction\",\"target\":{\"@type\":\"EntryPoint\",\"urlTemplate\":\"https:\/\/reginett.ee\/?s={search_term_string}\"},\"query-input\":{\"@type\":\"PropertyValueSpecification\",\"valueRequired\":true,\"valueName\":\"search_term_string\"}}],\"inLanguage\":\"ru-RU\"}]}<\/script>\n<!-- \/ Yoast SEO plugin. -->","yoast_head_json":{"title":"Akuga ketasl\u00f5ikur Husqvarna K535i. Husqvarna akuseeria","description":"Husqvarna K 535i on kerge kaalu, madala vibratsioonitaseme ja kasutajas\u00f5braliku ergonoomikaga akutoitel ketasl\u00f5ikur. T\u00e4nu suurep\u00e4rasele","robots":{"index":"index","follow":"follow","max-snippet":"max-snippet:-1","max-image-preview":"max-image-preview:large","max-video-preview":"max-video-preview:-1"},"canonical":"https:\/\/reginett.ee\/toode\/husqvarna-k535i\/","og_locale":"ru_RU","og_type":"article","og_title":"Akuga ketasl\u00f5ikur Husqvarna K535i. Husqvarna akuseeria","og_description":"Husqvarna K 535i on kerge kaalu, madala vibratsioonitaseme ja kasutajas\u00f5braliku ergonoomikaga akutoitel ketasl\u00f5ikur. T\u00e4nu suurep\u00e4rasele","og_url":"https:\/\/reginett.ee\/toode\/husqvarna-k535i\/","og_site_name":"Reginett","article_modified_time":"2024-01-15T14:51:17+00:00","og_image":[{"width":680,"height":372,"url":"https:\/\/reginett.ee\/wp-content\/uploads\/2020\/01\/Husqvarna-K535i.jpg","type":"image\/jpeg"}],"twitter_card":"summary_large_image","twitter_misc":{"\u041f\u0440\u0438\u043c\u0435\u0440\u043d\u043e\u0435 \u0432\u0440\u0435\u043c\u044f \u0434\u043b\u044f \u0447\u0442\u0435\u043d\u0438\u044f":"1 \u043c\u0438\u043d\u0443\u0442\u0430"},"schema":{"@context":"https:\/\/schema.org","@graph":[{"@type":"WebPage","@id":"https:\/\/reginett.ee\/toode\/husqvarna-k535i\/","url":"https:\/\/reginett.ee\/toode\/husqvarna-k535i\/","name":"Akuga ketasl\u00f5ikur Husqvarna K535i. Husqvarna akuseeria","isPartOf":{"@id":"https:\/\/reginett.ee\/#website"},"primaryImageOfPage":{"@id":"https:\/\/reginett.ee\/toode\/husqvarna-k535i\/#primaryimage"},"image":{"@id":"https:\/\/reginett.ee\/toode\/husqvarna-k535i\/#primaryimage"},"thumbnailUrl":"https:\/\/reginett.ee\/wp-content\/uploads\/2020\/01\/Husqvarna-K535i.jpg","datePublished":"2020-01-21T22:53:50+00:00","dateModified":"2024-01-15T14:51:17+00:00","description":"Husqvarna K 535i on kerge kaalu, madala vibratsioonitaseme ja kasutajas\u00f5braliku ergonoomikaga akutoitel ketasl\u00f5ikur. T\u00e4nu suurep\u00e4rasele","breadcrumb":{"@id":"https:\/\/reginett.ee\/toode\/husqvarna-k535i\/#breadcrumb"},"inLanguage":"ru-RU","potentialAction":[{"@type":"ReadAction","target":["https:\/\/reginett.ee\/toode\/husqvarna-k535i\/"]}]},{"@type":"ImageObject","inLanguage":"ru-RU","@id":"https:\/\/reginett.ee\/toode\/husqvarna-k535i\/#primaryimage","url":"https:\/\/reginett.ee\/wp-content\/uploads\/2020\/01\/Husqvarna-K535i.jpg","contentUrl":"https:\/\/reginett.ee\/wp-content\/uploads\/2020\/01\/Husqvarna-K535i.jpg","width":680,"height":372,"caption":"Husqvarna K535i"},{"@type":"BreadcrumbList","@id":"https:\/\/reginett.ee\/toode\/husqvarna-k535i\/#breadcrumb","itemListElement":[{"@type":"ListItem","position":1,"name":"Home","item":"https:\/\/reginett.ee\/ru\/"},{"@type":"ListItem","position":2,"name":"Tooted","item":"https:\/\/reginett.ee\/tooted\/"},{"@type":"ListItem","position":3,"name":"Akuga ketasl\u00f5ikur Husqvarna K535i"}]},{"@type":"WebSite","@id":"https:\/\/reginett.ee\/#website","url":"https:\/\/reginett.ee\/","name":"Reginett","description":"Parimad robotniidukid","potentialAction":[{"@type":"SearchAction","target":{"@type":"EntryPoint","urlTemplate":"https:\/\/reginett.ee\/?s={search_term_string}"},"query-input":{"@type":"PropertyValueSpecification","valueRequired":true,"valueName":"search_term_string"}}],"inLanguage":"ru-RU"}]}},"brands":[],"_links":{"self":[{"href":"https:\/\/reginett.ee\/ru\/wp-json\/wp\/v2\/product\/24678","targetHints":{"allow":["GET"]}}],"collection":[{"href":"https:\/\/reginett.ee\/ru\/wp-json\/wp\/v2\/product"}],"about":[{"href":"https:\/\/reginett.ee\/ru\/wp-json\/wp\/v2\/types\/product"}],"replies":[{"embeddable":true,"href":"https:\/\/reginett.ee\/ru\/wp-json\/wp\/v2\/comments?post=24678"}],"wp:featuredmedia":[{"embeddable":true,"href":"https:\/\/reginett.ee\/ru\/wp-json\/wp\/v2\/media\/25356"}],"wp:attachment":[{"href":"https:\/\/reginett.ee\/ru\/wp-json\/wp\/v2\/media?parent=24678"}],"wp:term":[{"taxonomy":"pwb-brand","embeddable":true,"href":"https:\/\/reginett.ee\/ru\/wp-json\/wp\/v2\/pwb-brand?post=24678"},{"taxonomy":"product_brand","embeddable":true,"href":"https:\/\/reginett.ee\/ru\/wp-json\/wp\/v2\/product_brand?post=24678"},{"taxonomy":"product_cat","embeddable":true,"href":"https:\/\/reginett.ee\/ru\/wp-json\/wp\/v2\/product_cat?post=24678"},{"taxonomy":"product_tag","embeddable":true,"href":"https:\/\/reginett.ee\/ru\/wp-json\/wp\/v2\/product_tag?post=24678"}],"curies":[{"name":"wp","href":"https:\/\/api.w.org\/{rel}","templated":true}]}}