{"id":24667,"date":"2020-11-10T22:37:07","date_gmt":"2020-11-10T19:37:07","guid":{"rendered":"https:\/\/reginett.ee\/?post_type=product&#038;p=24667"},"modified":"2022-02-14T17:49:43","modified_gmt":"2022-02-14T14:49:43","slug":"husqvarna-lb246pi","status":"publish","type":"product","link":"https:\/\/reginett.ee\/ru\/toode\/husqvarna-lb246pi\/","title":{"rendered":"Muruniiduk Husqvarna LB246PI"},"content":{"rendered":"<h2><strong>Omadused<\/strong><\/h2>\n<p>LB 246PI on suurep\u00e4rase mult\u0161imisj\u00f5udlusega ja lihtsasti k\u00e4ivitatav l\u00fckatav niiduk. Kerge komposiitmaterjalist korpus ja ergonoomiline k\u00e4epide tagavad parima man\u00f6\u00f6verdamisv\u00f5ime ning t\u00e4iustatud mult\u0161imistera l\u00f5ikab muru peenikesteks ja v\u00e4ikesteks libledeks, mis lagunevad kiiresti ega vaja kokkukogumist Nii v\u00e4heneb ka v\u00e4etamise vajadus \u2013 muru v\u00e4etab end ise. InStart v\u00f5imaldab lihtsat k\u00e4ivitamist ja seiskamist.<\/p>\n<h3 class=\"h4 description-headline\">INSTART\u2122<\/h3>\n<div class=\"description-text-wrapper\"><span class=\"description-text\">K\u00e4ivitab muruniiduki hoovast t\u00f5mbamisega ja seiskab mootori hoovast lahtilaskmisega. K\u00f5ige mugavam viis muruniiduki k\u00e4ivitamiseks.<\/span><\/div>\n<div>\n<h3 class=\"h4 description-headline\">Tsentraalne k\u00f5rguse reguleerimine<\/h3>\n<div class=\"description-text-wrapper\"><span class=\"description-text\">Kiire ja lihtne niiduk\u00f5rguse reguleerimine \u00fchest hoovast.<\/span><\/div>\n<div>\n<h3 class=\"h4 description-headline\">Lihtsalt seadistatava k\u00e4epideme k\u00f5rgus<\/h3>\n<div class=\"description-text-wrapper\"><span class=\"description-text\">Lihtsalt seadistatav k\u00e4epideme k\u00f5rgus kahe erineva astme vahel.<\/span><\/div>\n<div>\n<div class=\"col-sm-3 description\">\n<h3 class=\"h4 description-headline\">Ergonoomiline k\u00e4epide<\/h3>\n<div class=\"description-text-wrapper\"><span class=\"description-text\">Ergonoomiline nurga all olev k\u00e4epide koos veo-ja pidurihoovaga teeb kasutamise mugavaks.<\/span><\/div>\n<div><\/div>\n<\/div>\n<div class=\"col-sm-3 image\"><\/div>\n<\/div>\n<\/div>\n<\/div>\n<div class=\"ssba-classic-2 ssba ssbp-wrap left ssbp--theme-6\"><\/div>\n","protected":false},"excerpt":{"rendered":"<p>LB 246PI on suurep\u00e4rase mult\u0161imisj\u00f5udlusega ja lihtsasti k\u00e4ivitatav l\u00fckatav niiduk. Kerge komposiitmaterjalist korpus ja ergonoomiline k\u00e4epide tagavad parima man\u00f6\u00f6verdamisv\u00f5ime ning t\u00e4iustatud mult\u0161imistera l\u00f5ikab muru peenikesteks ja v\u00e4ikesteks libledeks, mis lagunevad kiiresti ega vaja kokkukogumist Nii v\u00e4heneb ka v\u00e4etamise vajadus \u2013 muru v\u00e4etab end ise. InStart v\u00f5imaldab lihtsat k\u00e4ivitamist ja seiskamist.<\/p>\n","protected":false},"featured_media":52581,"comment_status":"open","ping_status":"closed","template":"","meta":{"_acf_changed":false,"_et_pb_use_builder":"","_et_pb_old_content":"","_et_gb_content_width":"","inline_featured_image":false},"pwb-brand":[147],"product_brand":[],"product_cat":[37,25],"product_tag":[],"class_list":{"0":"post-24667","1":"product","2":"type-product","3":"status-publish","4":"has-post-thumbnail","6":"pwb-brand-husqvarna","7":"product_cat-husqvarna","8":"product_cat-muruniidukid","9":"product_shipping_class-rasked-asjad","11":"first","12":"outofstock","13":"shipping-taxable","14":"purchasable","15":"product-type-simple"},"acf":[],"yoast_head":"<!-- This site is optimized with the Yoast SEO plugin v26.6 - https:\/\/yoast.com\/wordpress\/plugins\/seo\/ -->\n<title>Muruniiduk Husqvarna LB246PI - Reginett<\/title>\n<meta name=\"robots\" content=\"index, follow, max-snippet:-1, max-image-preview:large, max-video-preview:-1\" \/>\n<link rel=\"canonical\" href=\"https:\/\/reginett.ee\/toode\/husqvarna-lb246pi\/\" \/>\n<meta property=\"og:locale\" content=\"ru_RU\" \/>\n<meta property=\"og:type\" content=\"article\" \/>\n<meta property=\"og:title\" content=\"Muruniiduk Husqvarna LB246PI - Reginett\" \/>\n<meta property=\"og:description\" content=\"LB 246PI on suurep\u00e4rase mult\u0161imisj\u00f5udlusega ja lihtsasti k\u00e4ivitatav l\u00fckatav niiduk. Kerge komposiitmaterjalist korpus ja ergonoomiline k\u00e4epide tagavad parima man\u00f6\u00f6verdamisv\u00f5ime ning t\u00e4iustatud mult\u0161imistera l\u00f5ikab muru peenikesteks ja v\u00e4ikesteks libledeks, mis lagunevad kiiresti ega vaja kokkukogumist Nii v\u00e4heneb ka v\u00e4etamise vajadus \u2013 muru v\u00e4etab end ise. InStart v\u00f5imaldab lihtsat k\u00e4ivitamist ja seiskamist.\" \/>\n<meta property=\"og:url\" content=\"https:\/\/reginett.ee\/toode\/husqvarna-lb246pi\/\" \/>\n<meta property=\"og:site_name\" content=\"Reginett\" \/>\n<meta property=\"article:modified_time\" content=\"2022-02-14T14:49:43+00:00\" \/>\n<meta property=\"og:image\" content=\"https:\/\/reginett.ee\/wp-content\/uploads\/2020\/03\/rsz_husqvarna-lb246pi.jpg\" \/>\n\t<meta property=\"og:image:width\" content=\"510\" \/>\n\t<meta property=\"og:image:height\" content=\"279\" \/>\n\t<meta property=\"og:image:type\" content=\"image\/jpeg\" \/>\n<meta name=\"twitter:card\" content=\"summary_large_image\" \/>\n<meta name=\"twitter:label1\" content=\"\u041f\u0440\u0438\u043c\u0435\u0440\u043d\u043e\u0435 \u0432\u0440\u0435\u043c\u044f \u0434\u043b\u044f \u0447\u0442\u0435\u043d\u0438\u044f\" \/>\n\t<meta name=\"twitter:data1\" content=\"1 \u043c\u0438\u043d\u0443\u0442\u0430\" \/>\n<script type=\"application\/ld+json\" class=\"yoast-schema-graph\">{\"@context\":\"https:\/\/schema.org\",\"@graph\":[{\"@type\":\"WebPage\",\"@id\":\"https:\/\/reginett.ee\/toode\/husqvarna-lb246pi\/\",\"url\":\"https:\/\/reginett.ee\/toode\/husqvarna-lb246pi\/\",\"name\":\"Muruniiduk Husqvarna LB246PI - Reginett\",\"isPartOf\":{\"@id\":\"https:\/\/reginett.ee\/#website\"},\"primaryImageOfPage\":{\"@id\":\"https:\/\/reginett.ee\/toode\/husqvarna-lb246pi\/#primaryimage\"},\"image\":{\"@id\":\"https:\/\/reginett.ee\/toode\/husqvarna-lb246pi\/#primaryimage\"},\"thumbnailUrl\":\"https:\/\/reginett.ee\/wp-content\/uploads\/2020\/03\/rsz_husqvarna-lb246pi.jpg\",\"datePublished\":\"2020-11-10T19:37:07+00:00\",\"dateModified\":\"2022-02-14T14:49:43+00:00\",\"breadcrumb\":{\"@id\":\"https:\/\/reginett.ee\/toode\/husqvarna-lb246pi\/#breadcrumb\"},\"inLanguage\":\"ru-RU\",\"potentialAction\":[{\"@type\":\"ReadAction\",\"target\":[\"https:\/\/reginett.ee\/toode\/husqvarna-lb246pi\/\"]}]},{\"@type\":\"ImageObject\",\"inLanguage\":\"ru-RU\",\"@id\":\"https:\/\/reginett.ee\/toode\/husqvarna-lb246pi\/#primaryimage\",\"url\":\"https:\/\/reginett.ee\/wp-content\/uploads\/2020\/03\/rsz_husqvarna-lb246pi.jpg\",\"contentUrl\":\"https:\/\/reginett.ee\/wp-content\/uploads\/2020\/03\/rsz_husqvarna-lb246pi.jpg\",\"width\":510,\"height\":279},{\"@type\":\"BreadcrumbList\",\"@id\":\"https:\/\/reginett.ee\/toode\/husqvarna-lb246pi\/#breadcrumb\",\"itemListElement\":[{\"@type\":\"ListItem\",\"position\":1,\"name\":\"Home\",\"item\":\"https:\/\/reginett.ee\/ru\/\"},{\"@type\":\"ListItem\",\"position\":2,\"name\":\"Tooted\",\"item\":\"https:\/\/reginett.ee\/tooted\/\"},{\"@type\":\"ListItem\",\"position\":3,\"name\":\"Muruniiduk Husqvarna LB246PI\"}]},{\"@type\":\"WebSite\",\"@id\":\"https:\/\/reginett.ee\/#website\",\"url\":\"https:\/\/reginett.ee\/\",\"name\":\"Reginett\",\"description\":\"Parimad robotniidukid\",\"potentialAction\":[{\"@type\":\"SearchAction\",\"target\":{\"@type\":\"EntryPoint\",\"urlTemplate\":\"https:\/\/reginett.ee\/?s={search_term_string}\"},\"query-input\":{\"@type\":\"PropertyValueSpecification\",\"valueRequired\":true,\"valueName\":\"search_term_string\"}}],\"inLanguage\":\"ru-RU\"}]}<\/script>\n<!-- \/ Yoast SEO plugin. -->","yoast_head_json":{"title":"Muruniiduk Husqvarna LB246PI - Reginett","robots":{"index":"index","follow":"follow","max-snippet":"max-snippet:-1","max-image-preview":"max-image-preview:large","max-video-preview":"max-video-preview:-1"},"canonical":"https:\/\/reginett.ee\/toode\/husqvarna-lb246pi\/","og_locale":"ru_RU","og_type":"article","og_title":"Muruniiduk Husqvarna LB246PI - Reginett","og_description":"LB 246PI on suurep\u00e4rase mult\u0161imisj\u00f5udlusega ja lihtsasti k\u00e4ivitatav l\u00fckatav niiduk. Kerge komposiitmaterjalist korpus ja ergonoomiline k\u00e4epide tagavad parima man\u00f6\u00f6verdamisv\u00f5ime ning t\u00e4iustatud mult\u0161imistera l\u00f5ikab muru peenikesteks ja v\u00e4ikesteks libledeks, mis lagunevad kiiresti ega vaja kokkukogumist Nii v\u00e4heneb ka v\u00e4etamise vajadus \u2013 muru v\u00e4etab end ise. InStart v\u00f5imaldab lihtsat k\u00e4ivitamist ja seiskamist.","og_url":"https:\/\/reginett.ee\/toode\/husqvarna-lb246pi\/","og_site_name":"Reginett","article_modified_time":"2022-02-14T14:49:43+00:00","og_image":[{"width":510,"height":279,"url":"https:\/\/reginett.ee\/wp-content\/uploads\/2020\/03\/rsz_husqvarna-lb246pi.jpg","type":"image\/jpeg"}],"twitter_card":"summary_large_image","twitter_misc":{"\u041f\u0440\u0438\u043c\u0435\u0440\u043d\u043e\u0435 \u0432\u0440\u0435\u043c\u044f \u0434\u043b\u044f \u0447\u0442\u0435\u043d\u0438\u044f":"1 \u043c\u0438\u043d\u0443\u0442\u0430"},"schema":{"@context":"https:\/\/schema.org","@graph":[{"@type":"WebPage","@id":"https:\/\/reginett.ee\/toode\/husqvarna-lb246pi\/","url":"https:\/\/reginett.ee\/toode\/husqvarna-lb246pi\/","name":"Muruniiduk Husqvarna LB246PI - Reginett","isPartOf":{"@id":"https:\/\/reginett.ee\/#website"},"primaryImageOfPage":{"@id":"https:\/\/reginett.ee\/toode\/husqvarna-lb246pi\/#primaryimage"},"image":{"@id":"https:\/\/reginett.ee\/toode\/husqvarna-lb246pi\/#primaryimage"},"thumbnailUrl":"https:\/\/reginett.ee\/wp-content\/uploads\/2020\/03\/rsz_husqvarna-lb246pi.jpg","datePublished":"2020-11-10T19:37:07+00:00","dateModified":"2022-02-14T14:49:43+00:00","breadcrumb":{"@id":"https:\/\/reginett.ee\/toode\/husqvarna-lb246pi\/#breadcrumb"},"inLanguage":"ru-RU","potentialAction":[{"@type":"ReadAction","target":["https:\/\/reginett.ee\/toode\/husqvarna-lb246pi\/"]}]},{"@type":"ImageObject","inLanguage":"ru-RU","@id":"https:\/\/reginett.ee\/toode\/husqvarna-lb246pi\/#primaryimage","url":"https:\/\/reginett.ee\/wp-content\/uploads\/2020\/03\/rsz_husqvarna-lb246pi.jpg","contentUrl":"https:\/\/reginett.ee\/wp-content\/uploads\/2020\/03\/rsz_husqvarna-lb246pi.jpg","width":510,"height":279},{"@type":"BreadcrumbList","@id":"https:\/\/reginett.ee\/toode\/husqvarna-lb246pi\/#breadcrumb","itemListElement":[{"@type":"ListItem","position":1,"name":"Home","item":"https:\/\/reginett.ee\/ru\/"},{"@type":"ListItem","position":2,"name":"Tooted","item":"https:\/\/reginett.ee\/tooted\/"},{"@type":"ListItem","position":3,"name":"Muruniiduk Husqvarna LB246PI"}]},{"@type":"WebSite","@id":"https:\/\/reginett.ee\/#website","url":"https:\/\/reginett.ee\/","name":"Reginett","description":"Parimad robotniidukid","potentialAction":[{"@type":"SearchAction","target":{"@type":"EntryPoint","urlTemplate":"https:\/\/reginett.ee\/?s={search_term_string}"},"query-input":{"@type":"PropertyValueSpecification","valueRequired":true,"valueName":"search_term_string"}}],"inLanguage":"ru-RU"}]}},"brands":[{"id":147,"name":"Husqvarna","slug":"husqvarna"}],"_links":{"self":[{"href":"https:\/\/reginett.ee\/ru\/wp-json\/wp\/v2\/product\/24667","targetHints":{"allow":["GET"]}}],"collection":[{"href":"https:\/\/reginett.ee\/ru\/wp-json\/wp\/v2\/product"}],"about":[{"href":"https:\/\/reginett.ee\/ru\/wp-json\/wp\/v2\/types\/product"}],"replies":[{"embeddable":true,"href":"https:\/\/reginett.ee\/ru\/wp-json\/wp\/v2\/comments?post=24667"}],"wp:featuredmedia":[{"embeddable":true,"href":"https:\/\/reginett.ee\/ru\/wp-json\/wp\/v2\/media\/52581"}],"wp:attachment":[{"href":"https:\/\/reginett.ee\/ru\/wp-json\/wp\/v2\/media?parent=24667"}],"wp:term":[{"taxonomy":"pwb-brand","embeddable":true,"href":"https:\/\/reginett.ee\/ru\/wp-json\/wp\/v2\/pwb-brand?post=24667"},{"taxonomy":"product_brand","embeddable":true,"href":"https:\/\/reginett.ee\/ru\/wp-json\/wp\/v2\/product_brand?post=24667"},{"taxonomy":"product_cat","embeddable":true,"href":"https:\/\/reginett.ee\/ru\/wp-json\/wp\/v2\/product_cat?post=24667"},{"taxonomy":"product_tag","embeddable":true,"href":"https:\/\/reginett.ee\/ru\/wp-json\/wp\/v2\/product_tag?post=24667"}],"curies":[{"name":"wp","href":"https:\/\/api.w.org\/{rel}","templated":true}]}}